{"id":1985,"date":"2020-03-09T15:57:03","date_gmt":"2020-03-09T15:57:03","guid":{"rendered":"https:\/\/www.powermepronto.com\/?page_id=1985"},"modified":"2022-12-21T05:07:19","modified_gmt":"2022-12-21T11:07:19","slug":"hursts-cheapest-no-deposit-power-company-with-no-contract","status":"publish","type":"page","link":"https:\/\/powermepronto.com\/es\/hursts-cheapest-no-deposit-power-company-with-no-contract\/","title":{"rendered":"La compa\u00f1\u00eda de energ\u00eda sin dep\u00f3sito m\u00e1s barata de Hurst sin contrato"},"content":{"rendered":"<p><img loading=\"lazy\" decoding=\"async\" src=\"https:\/\/www.powermepronto.com\/wp-content\/uploads\/2018\/07\/bigstock-Cf-Dollar-2863411-300x203.jpg\" alt=\"\" width=\"300\" height=\"203\" class=\"alignright size-medium wp-image-801\" srcset=\"https:\/\/powermepronto.com\/wp-content\/uploads\/2018\/07\/bigstock-Cf-Dollar-2863411-300x203.jpg 300w, https:\/\/powermepronto.com\/wp-content\/uploads\/2018\/07\/bigstock-Cf-Dollar-2863411-768x520.jpg 768w, https:\/\/powermepronto.com\/wp-content\/uploads\/2018\/07\/bigstock-Cf-Dollar-2863411.jpg 1000w\" sizes=\"auto, (max-width: 300px) 100vw, 300px\" \/>\u00bfCansado de todos los juegos que las compa\u00f1\u00edas el\u00e9ctricas de Texas juegan con sus contratos?<\/p>\n<p>Ocultan todo tipo de tarifas ocultas all\u00ed. Entonces, ese bajo precio que te citan por adelantado de repente aumenta a un precio absurdamente alto.<\/p>\n<p>Pensaste que pagar\u00edas solo 2-3 centavos por kWh. Pero despu\u00e9s de agregar todas las tarifas, su tarifa realmente explota a 20 &#8211; 23 centavos por kWh.<\/p>\n<p>\u00a1Esto, cuando el tejano promedio paga alrededor de 11 centavos por kWh!<\/p>\n<p>Con Pronto Power, usted paga las tarifas m\u00e1s baratas en Texas &#8230; \u00a1y puede ahorrar un 20% m\u00e1s!<\/p>\n<p>\u00a1No es broma! Si otras compa\u00f1\u00edas el\u00e9ctricas de Texas se han aprovechado de usted, e incluso si tiene un cr\u00e9dito pobre o no tiene ning\u00fan cr\u00e9dito, \u00a1e incluso si no tiene una identificaci\u00f3n v\u00e1lida de los EE. UU., No podemos esperar para ayudarlo!<\/p>\n<p>Con Pronto Power, nunca firmas un contrato. No pagas ning\u00fan anticipo. Y si tiene problemas para pagar, \u00a1simplemente llame a nuestro equipo de servicio al cliente que no puede esperar para ayudarlo a superar incluso la crisis financiera m\u00e1s dif\u00edcil de su vida!<\/p>\n<p>En otras palabras, no tienes absolutamente ning\u00fan riesgo.<\/p>\n<p>Luego, agregue m\u00e1s fondos mensualmente, semanalmente o incluso diariamente si es necesario. Mientras tenga solo un centavo en su cuenta para la 1 PM cada d\u00eda, su electricidad permanecer\u00e1 encendida.<\/p>\n<p>Y recibe un mensaje de texto o correo electr\u00f3nico diario (su elecci\u00f3n) a las 7 a.m. que le recuerda exactamente qu\u00e9 fondos tiene en su cuenta.<\/p>\n<h2>\u00bfC\u00f3mo puede ahorrar un 20% adicional?<\/h2>\n<p>Obtener la electricidad m\u00e1s barata sin dep\u00f3sito en Texas sin contrato, sin tarifas ocultas y sin problemas puede parecer un buen negocio.<\/p>\n<p>Y puede ahorrar un 20% en esas tarifas baratas.<\/p>\n<p>Simplemente use nuestra herramienta de monitoreo de uso de electricidad en l\u00ednea que le dice exactamente c\u00f3mo est\u00e1 utilizando la electricidad en este momento.<\/p>\n<p>Aprenda c\u00f3mo usa la electricidad con el tiempo y haga cambios en su comportamiento. Luego, observe c\u00f3mo cae su factura de electricidad.<\/p>\n<p>Muchos de nuestros clientes ahorran f\u00e1cilmente un 20% de descuento en el prepago el\u00e9ctrico m\u00e1s barato en Texas &#8230; \u00a1y algunos a\u00fan m\u00e1s!<\/p>\n<h2>\u00danase a Pronto Power de forma gratuita hoy para obtener las tarifas m\u00e1s baratas sin complicaciones, sin pago inicial y sin contrato<\/h2>\n<p>\u00a1La electricidad no es m\u00e1s barata ni m\u00e1s conveniente!<\/p>\n<p>Entonces, llame a Pronto Power hoy al <span class=\"affiliatecode\">844.621.2852<\/span> para unirse de forma gratuita dentro de una hora si su hogar tiene un medidor inteligente.<\/p>","protected":false},"excerpt":{"rendered":"<p>\u00bfCansado de todos los juegos que las compa\u00f1\u00edas el\u00e9ctricas de Texas juegan con sus contratos? Ocultan todo tipo de tarifas ocultas all\u00ed. Entonces, ese bajo precio que te citan por adelantado de repente aumenta a un precio absurdamente alto. Pensaste que pagar\u00edas solo 2-3 centavos por kWh. Pero despu\u00e9s de agregar todas las tarifas, su &hellip; <a href=\"https:\/\/powermepronto.com\/es\/hursts-cheapest-no-deposit-power-company-with-no-contract\/\" class=\"more-link\">Continue reading <span class=\"screen-reader-text\">La compa\u00f1\u00eda de energ\u00eda sin dep\u00f3sito m\u00e1s barata de Hurst sin contrato<\/span><\/a><\/p>\n","protected":false},"author":1,"featured_media":0,"parent":0,"menu_order":0,"comment_status":"closed","ping_status":"closed","template":"","meta":{"_acf_changed":false,"_glsr_average":0,"_glsr_ranking":0,"_glsr_reviews":0,"footnotes":"","_links_to":"","_links_to_target":""},"class_list":["post-1985","page","type-page","status-publish","hentry"],"acf":[],"yoast_head":"<!-- This site is optimized with the Yoast SEO plugin v27.4 - https:\/\/yoast.com\/product\/yoast-seo-wordpress\/ -->\n<title>La compa\u00f1\u00eda de energ\u00eda sin dep\u00f3sito m\u00e1s barata de Hurst sin contrato - Pronto Power<\/title>\n<meta name=\"description\" content=\"[:en]You can\u2019t beat our prepaid electric prices. No contract. No hidden fees. No deposit. No hassles. No joke. Call 844.621.2852 to join Pronto Power free today! [:es]No puede superar nuestros precios de prepago de electricidad. Sin contrato. Sin cuotas escondidas. No hay dep\u00f3sito. Sin problemas No es broma. \u00a1Llame al 844.621.2852 para unirse a Pronto Power gratis hoy![:]\" \/>\n<meta name=\"robots\" content=\"index, follow, max-snippet:-1, max-image-preview:large, max-video-preview:-1\" \/>\n<link rel=\"canonical\" href=\"https:\/\/powermepronto.com\/hursts-cheapest-no-deposit-power-company-with-no-contract\/\" \/>\n<meta property=\"og:locale\" content=\"es_ES\" \/>\n<meta property=\"og:type\" content=\"article\" \/>\n<meta property=\"og:title\" content=\"[:en]Hurst\u2019s Cheapest No-Deposit Power Company with No Contract [:es]La compa\u00f1\u00eda de energ\u00eda sin dep\u00f3sito m\u00e1s barata de Hurst sin contrato[:] - Pronto Power\" \/>\n<meta property=\"og:description\" content=\"[:en]You can\u2019t beat our prepaid electric prices. No contract. No hidden fees. No deposit. No hassles. No joke. Call 844.621.2852 to join Pronto Power free today! [:es]No puede superar nuestros precios de prepago de electricidad. Sin contrato. Sin cuotas escondidas. No hay dep\u00f3sito. Sin problemas No es broma. \u00a1Llame al 844.621.2852 para unirse a Pronto Power gratis hoy![:]\" \/>\n<meta property=\"og:url\" content=\"https:\/\/powermepronto.com\/hursts-cheapest-no-deposit-power-company-with-no-contract\/\" \/>\n<meta property=\"og:site_name\" content=\"Pronto Power\" \/>\n<meta property=\"article:modified_time\" content=\"2022-12-21T11:07:19+00:00\" \/>\n<meta property=\"og:image\" content=\"https:\/\/www.powermepronto.com\/wp-content\/uploads\/2018\/07\/bigstock-Cf-Dollar-2863411-300x203.jpg\" \/>\n<meta name=\"twitter:card\" content=\"summary_large_image\" \/>\n<meta name=\"twitter:label1\" content=\"Tiempo de lectura\" \/>\n\t<meta name=\"twitter:data1\" content=\"4 minutos\" \/>\n<script type=\"application\/ld+json\" class=\"yoast-schema-graph\">{\"@context\":\"https:\\\/\\\/schema.org\",\"@graph\":[{\"@type\":\"WebPage\",\"@id\":\"https:\\\/\\\/powermepronto.com\\\/hursts-cheapest-no-deposit-power-company-with-no-contract\\\/\",\"url\":\"https:\\\/\\\/powermepronto.com\\\/hursts-cheapest-no-deposit-power-company-with-no-contract\\\/\",\"name\":\"[:en]Hurst\u2019s Cheapest No-Deposit Power Company with No Contract [:es]La compa\u00f1\u00eda de energ\u00eda sin dep\u00f3sito m\u00e1s barata de Hurst sin contrato[:] - Pronto Power\",\"isPartOf\":{\"@id\":\"https:\\\/\\\/powermepronto.com\\\/en\\\/#website\"},\"primaryImageOfPage\":{\"@id\":\"https:\\\/\\\/powermepronto.com\\\/hursts-cheapest-no-deposit-power-company-with-no-contract\\\/#primaryimage\"},\"image\":{\"@id\":\"https:\\\/\\\/powermepronto.com\\\/hursts-cheapest-no-deposit-power-company-with-no-contract\\\/#primaryimage\"},\"thumbnailUrl\":\"https:\\\/\\\/www.powermepronto.com\\\/wp-content\\\/uploads\\\/2018\\\/07\\\/bigstock-Cf-Dollar-2863411-300x203.jpg\",\"datePublished\":\"2020-03-09T15:57:03+00:00\",\"dateModified\":\"2022-12-21T11:07:19+00:00\",\"description\":\"[:en]You can\u2019t beat our prepaid electric prices. No contract. No hidden fees. No deposit. No hassles. No joke. Call 844.621.2852 to join Pronto Power free today! [:es]No puede superar nuestros precios de prepago de electricidad. Sin contrato. Sin cuotas escondidas. No hay dep\u00f3sito. Sin problemas No es broma. \u00a1Llame al 844.621.2852 para unirse a Pronto Power gratis hoy![:]\",\"breadcrumb\":{\"@id\":\"https:\\\/\\\/powermepronto.com\\\/hursts-cheapest-no-deposit-power-company-with-no-contract\\\/#breadcrumb\"},\"inLanguage\":\"es\",\"potentialAction\":[{\"@type\":\"ReadAction\",\"target\":[\"https:\\\/\\\/powermepronto.com\\\/hursts-cheapest-no-deposit-power-company-with-no-contract\\\/\"]}]},{\"@type\":\"ImageObject\",\"inLanguage\":\"es\",\"@id\":\"https:\\\/\\\/powermepronto.com\\\/hursts-cheapest-no-deposit-power-company-with-no-contract\\\/#primaryimage\",\"url\":\"https:\\\/\\\/www.powermepronto.com\\\/wp-content\\\/uploads\\\/2018\\\/07\\\/bigstock-Cf-Dollar-2863411-300x203.jpg\",\"contentUrl\":\"https:\\\/\\\/www.powermepronto.com\\\/wp-content\\\/uploads\\\/2018\\\/07\\\/bigstock-Cf-Dollar-2863411-300x203.jpg\"},{\"@type\":\"BreadcrumbList\",\"@id\":\"https:\\\/\\\/powermepronto.com\\\/hursts-cheapest-no-deposit-power-company-with-no-contract\\\/#breadcrumb\",\"itemListElement\":[{\"@type\":\"ListItem\",\"position\":1,\"name\":\"Home\",\"item\":\"https:\\\/\\\/powermepronto.com\\\/en\\\/\"},{\"@type\":\"ListItem\",\"position\":2,\"name\":\"Hurst\u2019s Cheapest No-Deposit Power Company with No Contract\"}]},{\"@type\":\"WebSite\",\"@id\":\"https:\\\/\\\/powermepronto.com\\\/en\\\/#website\",\"url\":\"https:\\\/\\\/powermepronto.com\\\/en\\\/\",\"name\":\"Pronto Power\",\"description\":\"\",\"potentialAction\":[{\"@type\":\"SearchAction\",\"target\":{\"@type\":\"EntryPoint\",\"urlTemplate\":\"https:\\\/\\\/powermepronto.com\\\/en\\\/?s={search_term_string}\"},\"query-input\":{\"@type\":\"PropertyValueSpecification\",\"valueRequired\":true,\"valueName\":\"search_term_string\"}}],\"inLanguage\":\"es\"}]}<\/script>\n<!-- \/ Yoast SEO plugin. -->","yoast_head_json":{"title":"[:en]Hurst\u2019s Cheapest No-Deposit Power Company with No Contract [:es]La compa\u00f1\u00eda de energ\u00eda sin dep\u00f3sito m\u00e1s barata de Hurst sin contrato[:] - Pronto Power","description":"[:en]You can\u2019t beat our prepaid electric prices. No contract. No hidden fees. No deposit. No hassles. No joke. Call 844.621.2852 to join Pronto Power free today! [:es]No puede superar nuestros precios de prepago de electricidad. Sin contrato. Sin cuotas escondidas. No hay dep\u00f3sito. Sin problemas No es broma. \u00a1Llame al 844.621.2852 para unirse a Pronto Power gratis hoy![:]","robots":{"index":"index","follow":"follow","max-snippet":"max-snippet:-1","max-image-preview":"max-image-preview:large","max-video-preview":"max-video-preview:-1"},"canonical":"https:\/\/powermepronto.com\/hursts-cheapest-no-deposit-power-company-with-no-contract\/","og_locale":"es_ES","og_type":"article","og_title":"[:en]Hurst\u2019s Cheapest No-Deposit Power Company with No Contract [:es]La compa\u00f1\u00eda de energ\u00eda sin dep\u00f3sito m\u00e1s barata de Hurst sin contrato[:] - Pronto Power","og_description":"[:en]You can\u2019t beat our prepaid electric prices. No contract. No hidden fees. No deposit. No hassles. No joke. Call 844.621.2852 to join Pronto Power free today! [:es]No puede superar nuestros precios de prepago de electricidad. Sin contrato. Sin cuotas escondidas. No hay dep\u00f3sito. Sin problemas No es broma. \u00a1Llame al 844.621.2852 para unirse a Pronto Power gratis hoy![:]","og_url":"https:\/\/powermepronto.com\/hursts-cheapest-no-deposit-power-company-with-no-contract\/","og_site_name":"Pronto Power","article_modified_time":"2022-12-21T11:07:19+00:00","og_image":[{"url":"https:\/\/www.powermepronto.com\/wp-content\/uploads\/2018\/07\/bigstock-Cf-Dollar-2863411-300x203.jpg","type":"","width":"","height":""}],"twitter_card":"summary_large_image","twitter_misc":{"Tiempo de lectura":"4 minutos"},"schema":{"@context":"https:\/\/schema.org","@graph":[{"@type":"WebPage","@id":"https:\/\/powermepronto.com\/hursts-cheapest-no-deposit-power-company-with-no-contract\/","url":"https:\/\/powermepronto.com\/hursts-cheapest-no-deposit-power-company-with-no-contract\/","name":"[:en]Hurst\u2019s Cheapest No-Deposit Power Company with No Contract [:es]La compa\u00f1\u00eda de energ\u00eda sin dep\u00f3sito m\u00e1s barata de Hurst sin contrato[:] - Pronto Power","isPartOf":{"@id":"https:\/\/powermepronto.com\/en\/#website"},"primaryImageOfPage":{"@id":"https:\/\/powermepronto.com\/hursts-cheapest-no-deposit-power-company-with-no-contract\/#primaryimage"},"image":{"@id":"https:\/\/powermepronto.com\/hursts-cheapest-no-deposit-power-company-with-no-contract\/#primaryimage"},"thumbnailUrl":"https:\/\/www.powermepronto.com\/wp-content\/uploads\/2018\/07\/bigstock-Cf-Dollar-2863411-300x203.jpg","datePublished":"2020-03-09T15:57:03+00:00","dateModified":"2022-12-21T11:07:19+00:00","description":"[:en]You can\u2019t beat our prepaid electric prices. No contract. No hidden fees. No deposit. No hassles. No joke. Call 844.621.2852 to join Pronto Power free today! [:es]No puede superar nuestros precios de prepago de electricidad. Sin contrato. Sin cuotas escondidas. No hay dep\u00f3sito. Sin problemas No es broma. \u00a1Llame al 844.621.2852 para unirse a Pronto Power gratis hoy![:]","breadcrumb":{"@id":"https:\/\/powermepronto.com\/hursts-cheapest-no-deposit-power-company-with-no-contract\/#breadcrumb"},"inLanguage":"es","potentialAction":[{"@type":"ReadAction","target":["https:\/\/powermepronto.com\/hursts-cheapest-no-deposit-power-company-with-no-contract\/"]}]},{"@type":"ImageObject","inLanguage":"es","@id":"https:\/\/powermepronto.com\/hursts-cheapest-no-deposit-power-company-with-no-contract\/#primaryimage","url":"https:\/\/www.powermepronto.com\/wp-content\/uploads\/2018\/07\/bigstock-Cf-Dollar-2863411-300x203.jpg","contentUrl":"https:\/\/www.powermepronto.com\/wp-content\/uploads\/2018\/07\/bigstock-Cf-Dollar-2863411-300x203.jpg"},{"@type":"BreadcrumbList","@id":"https:\/\/powermepronto.com\/hursts-cheapest-no-deposit-power-company-with-no-contract\/#breadcrumb","itemListElement":[{"@type":"ListItem","position":1,"name":"Home","item":"https:\/\/powermepronto.com\/en\/"},{"@type":"ListItem","position":2,"name":"Hurst\u2019s Cheapest No-Deposit Power Company with No Contract"}]},{"@type":"WebSite","@id":"https:\/\/powermepronto.com\/en\/#website","url":"https:\/\/powermepronto.com\/en\/","name":"Pronto Power","description":"","potentialAction":[{"@type":"SearchAction","target":{"@type":"EntryPoint","urlTemplate":"https:\/\/powermepronto.com\/en\/?s={search_term_string}"},"query-input":{"@type":"PropertyValueSpecification","valueRequired":true,"valueName":"search_term_string"}}],"inLanguage":"es"}]}},"_links":{"self":[{"href":"https:\/\/powermepronto.com\/es\/wp-json\/wp\/v2\/pages\/1985","targetHints":{"allow":["GET"]}}],"collection":[{"href":"https:\/\/powermepronto.com\/es\/wp-json\/wp\/v2\/pages"}],"about":[{"href":"https:\/\/powermepronto.com\/es\/wp-json\/wp\/v2\/types\/page"}],"author":[{"embeddable":true,"href":"https:\/\/powermepronto.com\/es\/wp-json\/wp\/v2\/users\/1"}],"replies":[{"embeddable":true,"href":"https:\/\/powermepronto.com\/es\/wp-json\/wp\/v2\/comments?post=1985"}],"version-history":[{"count":4,"href":"https:\/\/powermepronto.com\/es\/wp-json\/wp\/v2\/pages\/1985\/revisions"}],"predecessor-version":[{"id":3535,"href":"https:\/\/powermepronto.com\/es\/wp-json\/wp\/v2\/pages\/1985\/revisions\/3535"}],"wp:attachment":[{"href":"https:\/\/powermepronto.com\/es\/wp-json\/wp\/v2\/media?parent=1985"}],"curies":[{"name":"wp","href":"https:\/\/api.w.org\/{rel}","templated":true}]}}