{"id":1978,"date":"2020-03-09T15:36:53","date_gmt":"2020-03-09T15:36:53","guid":{"rendered":"https:\/\/www.powermepronto.com\/?page_id=1978"},"modified":"2020-04-07T15:50:57","modified_gmt":"2020-04-07T15:50:57","slug":"haltom-citys-cheapest-no-deposit-power-company","status":"publish","type":"page","link":"https:\/\/powermepronto.com\/es\/haltom-citys-cheapest-no-deposit-power-company\/","title":{"rendered":"La compa\u00f1\u00eda de energ\u00eda sin dep\u00f3sito m\u00e1s barata de Haltom City"},"content":{"rendered":"<p><img loading=\"lazy\" decoding=\"async\" class=\"alignright size-medium wp-image-1056\" src=\"https:\/\/www.powermepronto.com\/wp-content\/uploads\/2018\/10\/bigstock-Hand-holding-digital-tablet-an-221146828-300x199.jpg\" alt=\"\" width=\"300\" height=\"199\" srcset=\"https:\/\/powermepronto.com\/wp-content\/uploads\/2018\/10\/bigstock-Hand-holding-digital-tablet-an-221146828-300x199.jpg 300w, https:\/\/powermepronto.com\/wp-content\/uploads\/2018\/10\/bigstock-Hand-holding-digital-tablet-an-221146828-768x510.jpg 768w, https:\/\/powermepronto.com\/wp-content\/uploads\/2018\/10\/bigstock-Hand-holding-digital-tablet-an-221146828.jpg 1000w\" sizes=\"auto, (max-width: 300px) 100vw, 300px\" \/>Es electricidad prepaga. Y es lo m\u00e1s barato que puedes conseguir en Haltom City.<\/p>\n<p>\u00bfSuena bien?<\/p>\n<p>Espera &#8230; hay m\u00e1s.<\/p>\n<p>Cuando elige Pronto Power, no tiene que firmar un contrato que no comprende. Nunca pagas tarifas ocultas. No tiene que pagar un dep\u00f3sito. Y no hay problemas de ning\u00fan tipo.<\/p>\n<p>Adem\u00e1s, est\u00e1 garantizado para calificar porque no tiene que pasar por una verificaci\u00f3n de cr\u00e9dito o una verificaci\u00f3n de identificaci\u00f3n.<\/p>\n<p>\u00a1Y el servicio al cliente no puede esperar para hacerte feliz!<\/p>\n<p>Entonces, obtienes las tarifas prepagas m\u00e1s baratas de todas las compa\u00f1\u00edas el\u00e9ctricas en Haltom City. Y no tiene ning\u00fan riesgo porque no firma un contrato, no tiene un dep\u00f3sito y nunca paga tarifas ocultas.<\/p>\n<p>Y s\u00ed, realmente es as\u00ed. Porque si no lo hacemos, puede irse en cualquier momento y por cualquier motivo (incluso si no es nuestra culpa).<\/p>\n<h2>\u00bfC\u00f3mo puede Pronto Power ofrecer la energ\u00eda sin dep\u00f3sito m\u00e1s barata y un gran servicio sin contrato?<\/h2>\n<p>Muchas compa\u00f1\u00edas el\u00e9ctricas tienen un modelo de negocio a corto plazo y con ganancias ahora. Aumentan las tarifas o tienen tarifas ocultas, e incluso crean nuevas para agregar a sus resultados.<\/p>\n<p>Te atrapan en un contrato. Te orde\u00f1an por todo lo que vales. Y luego se mueven y obtienen nuevos clientes cuando te vas.<\/p>\n<p>En Pronto Power, le brindamos un excelente servicio desde el principio para que se quede con nosotros a largo plazo. Eso significa que no necesitamos crear tarifas ocultas para obtener ganancias. Ahorramos dinero al no agitar clientes.<\/p>\n<p>Y esos ahorros pasan directamente a usted.<\/p>\n<h2>Adem\u00e1s, puede ahorrar un 20% adicional frente a otras compa\u00f1\u00edas el\u00e9ctricas de Texas<\/h2>\n<p>Ya obtienes las tarifas m\u00e1s baratas. Y puedes ahorrar un 20% m\u00e1s. Cuando se une a Pronto Power, obtiene acceso a una herramienta de monitoreo de uso de energ\u00eda en l\u00ednea.<\/p>\n<p>Le muestra exactamente c\u00f3mo usa la electricidad en este momento. Apague su televisor y vea c\u00f3mo su consumo de energ\u00eda disminuye en este instante.<\/p>\n<p>Nuestros clientes usan esto para aprender c\u00f3mo usan la electricidad y cambian su comportamiento. Muchos ahorran 20% en su electricidad. Y algunos &#8230; \u00a1incluso m\u00e1s!<\/p>\n<p>Usted tambi\u00e9n puede.<\/p>\n<p>Para obtener el prepago el\u00e9ctrico m\u00e1s barato en Haltom City con un gran servicio y sin contrato ni tarifas ocultas, \u00a1\u00fanase a Pronto Power gratis llamando al <span class=\"affiliatecode\">844.621.2852<\/span> hoy!<\/p>","protected":false},"excerpt":{"rendered":"<p>Es electricidad prepaga. Y es lo m\u00e1s barato que puedes conseguir en Haltom City. \u00bfSuena bien? Espera &#8230; hay m\u00e1s. Cuando elige Pronto Power, no tiene que firmar un contrato que no comprende. Nunca pagas tarifas ocultas. No tiene que pagar un dep\u00f3sito. Y no hay problemas de ning\u00fan tipo. Adem\u00e1s, est\u00e1 garantizado para calificar &hellip; <a href=\"https:\/\/powermepronto.com\/es\/haltom-citys-cheapest-no-deposit-power-company\/\" class=\"more-link\">Continue reading <span class=\"screen-reader-text\">La compa\u00f1\u00eda de energ\u00eda sin dep\u00f3sito m\u00e1s barata de Haltom City<\/span><\/a><\/p>\n","protected":false},"author":1,"featured_media":0,"parent":0,"menu_order":0,"comment_status":"closed","ping_status":"closed","template":"","meta":{"_acf_changed":false,"_glsr_average":0,"_glsr_ranking":0,"_glsr_reviews":0,"footnotes":"","_links_to":"","_links_to_target":""},"class_list":["post-1978","page","type-page","status-publish","hentry"],"acf":[],"yoast_head":"<!-- This site is optimized with the Yoast SEO plugin v27.4 - https:\/\/yoast.com\/product\/yoast-seo-wordpress\/ -->\n<title>La compa\u00f1\u00eda de energ\u00eda sin dep\u00f3sito m\u00e1s barata de Haltom City - Pronto Power<\/title>\n<meta name=\"description\" content=\"You can\u2019t beat our prepaid electric prices. No contract. No hidden fees. No deposit. No hassles. No joke. Call 844.621.2852 to join Pronto Power free today!\" \/>\n<meta name=\"robots\" content=\"index, follow, max-snippet:-1, max-image-preview:large, max-video-preview:-1\" \/>\n<link rel=\"canonical\" href=\"https:\/\/powermepronto.com\/en\/haltom-citys-cheapest-no-deposit-power-company\/\" \/>\n<meta property=\"og:locale\" content=\"es_ES\" \/>\n<meta property=\"og:type\" content=\"article\" \/>\n<meta property=\"og:title\" content=\"[:en]Haltom City\u2019s Cheapest No-Deposit Power Company[:es]La compa\u00f1\u00eda de energ\u00eda sin dep\u00f3sito m\u00e1s barata de Haltom City[:] - Pronto Power\" \/>\n<meta property=\"og:description\" content=\"You can\u2019t beat our prepaid electric prices. No contract. No hidden fees. No deposit. No hassles. No joke. Call 844.621.2852 to join Pronto Power free today!\" \/>\n<meta property=\"og:url\" content=\"https:\/\/powermepronto.com\/en\/haltom-citys-cheapest-no-deposit-power-company\/\" \/>\n<meta property=\"og:site_name\" content=\"Pronto Power\" \/>\n<meta property=\"article:modified_time\" content=\"2020-04-07T15:50:57+00:00\" \/>\n<meta property=\"og:image\" content=\"https:\/\/www.powermepronto.com\/wp-content\/uploads\/2018\/10\/bigstock-Hand-holding-digital-tablet-an-221146828-300x199.jpg\" \/>\n<meta name=\"twitter:card\" content=\"summary_large_image\" \/>\n<meta name=\"twitter:label1\" content=\"Tiempo de lectura\" \/>\n\t<meta name=\"twitter:data1\" content=\"4 minutos\" \/>\n<script type=\"application\/ld+json\" class=\"yoast-schema-graph\">{\"@context\":\"https:\\\/\\\/schema.org\",\"@graph\":[{\"@type\":\"WebPage\",\"@id\":\"https:\\\/\\\/powermepronto.com\\\/en\\\/haltom-citys-cheapest-no-deposit-power-company\\\/\",\"url\":\"https:\\\/\\\/powermepronto.com\\\/en\\\/haltom-citys-cheapest-no-deposit-power-company\\\/\",\"name\":\"[:en]Haltom City\u2019s Cheapest No-Deposit Power Company[:es]La compa\u00f1\u00eda de energ\u00eda sin dep\u00f3sito m\u00e1s barata de Haltom City[:] - Pronto Power\",\"isPartOf\":{\"@id\":\"https:\\\/\\\/powermepronto.com\\\/en\\\/#website\"},\"primaryImageOfPage\":{\"@id\":\"https:\\\/\\\/powermepronto.com\\\/en\\\/haltom-citys-cheapest-no-deposit-power-company\\\/#primaryimage\"},\"image\":{\"@id\":\"https:\\\/\\\/powermepronto.com\\\/en\\\/haltom-citys-cheapest-no-deposit-power-company\\\/#primaryimage\"},\"thumbnailUrl\":\"https:\\\/\\\/www.powermepronto.com\\\/wp-content\\\/uploads\\\/2018\\\/10\\\/bigstock-Hand-holding-digital-tablet-an-221146828-300x199.jpg\",\"datePublished\":\"2020-03-09T15:36:53+00:00\",\"dateModified\":\"2020-04-07T15:50:57+00:00\",\"description\":\"You can\u2019t beat our prepaid electric prices. No contract. No hidden fees. No deposit. No hassles. No joke. Call 844.621.2852 to join Pronto Power free today!\",\"breadcrumb\":{\"@id\":\"https:\\\/\\\/powermepronto.com\\\/en\\\/haltom-citys-cheapest-no-deposit-power-company\\\/#breadcrumb\"},\"inLanguage\":\"es\",\"potentialAction\":[{\"@type\":\"ReadAction\",\"target\":[\"https:\\\/\\\/powermepronto.com\\\/en\\\/haltom-citys-cheapest-no-deposit-power-company\\\/\"]}]},{\"@type\":\"ImageObject\",\"inLanguage\":\"es\",\"@id\":\"https:\\\/\\\/powermepronto.com\\\/en\\\/haltom-citys-cheapest-no-deposit-power-company\\\/#primaryimage\",\"url\":\"https:\\\/\\\/www.powermepronto.com\\\/wp-content\\\/uploads\\\/2018\\\/10\\\/bigstock-Hand-holding-digital-tablet-an-221146828-300x199.jpg\",\"contentUrl\":\"https:\\\/\\\/www.powermepronto.com\\\/wp-content\\\/uploads\\\/2018\\\/10\\\/bigstock-Hand-holding-digital-tablet-an-221146828-300x199.jpg\"},{\"@type\":\"BreadcrumbList\",\"@id\":\"https:\\\/\\\/powermepronto.com\\\/en\\\/haltom-citys-cheapest-no-deposit-power-company\\\/#breadcrumb\",\"itemListElement\":[{\"@type\":\"ListItem\",\"position\":1,\"name\":\"Home\",\"item\":\"https:\\\/\\\/powermepronto.com\\\/en\\\/\"},{\"@type\":\"ListItem\",\"position\":2,\"name\":\"Haltom City\u2019s Cheapest No-Deposit Power Company\"}]},{\"@type\":\"WebSite\",\"@id\":\"https:\\\/\\\/powermepronto.com\\\/en\\\/#website\",\"url\":\"https:\\\/\\\/powermepronto.com\\\/en\\\/\",\"name\":\"Pronto Power\",\"description\":\"\",\"potentialAction\":[{\"@type\":\"SearchAction\",\"target\":{\"@type\":\"EntryPoint\",\"urlTemplate\":\"https:\\\/\\\/powermepronto.com\\\/en\\\/?s={search_term_string}\"},\"query-input\":{\"@type\":\"PropertyValueSpecification\",\"valueRequired\":true,\"valueName\":\"search_term_string\"}}],\"inLanguage\":\"es\"}]}<\/script>\n<!-- \/ Yoast SEO plugin. -->","yoast_head_json":{"title":"[:en]Haltom City\u2019s Cheapest No-Deposit Power Company[:es]La compa\u00f1\u00eda de energ\u00eda sin dep\u00f3sito m\u00e1s barata de Haltom City[:] - Pronto Power","description":"You can\u2019t beat our prepaid electric prices. No contract. No hidden fees. No deposit. No hassles. No joke. Call 844.621.2852 to join Pronto Power free today!","robots":{"index":"index","follow":"follow","max-snippet":"max-snippet:-1","max-image-preview":"max-image-preview:large","max-video-preview":"max-video-preview:-1"},"canonical":"https:\/\/powermepronto.com\/en\/haltom-citys-cheapest-no-deposit-power-company\/","og_locale":"es_ES","og_type":"article","og_title":"[:en]Haltom City\u2019s Cheapest No-Deposit Power Company[:es]La compa\u00f1\u00eda de energ\u00eda sin dep\u00f3sito m\u00e1s barata de Haltom City[:] - Pronto Power","og_description":"You can\u2019t beat our prepaid electric prices. No contract. No hidden fees. No deposit. No hassles. No joke. Call 844.621.2852 to join Pronto Power free today!","og_url":"https:\/\/powermepronto.com\/en\/haltom-citys-cheapest-no-deposit-power-company\/","og_site_name":"Pronto Power","article_modified_time":"2020-04-07T15:50:57+00:00","og_image":[{"url":"https:\/\/www.powermepronto.com\/wp-content\/uploads\/2018\/10\/bigstock-Hand-holding-digital-tablet-an-221146828-300x199.jpg","type":"","width":"","height":""}],"twitter_card":"summary_large_image","twitter_misc":{"Tiempo de lectura":"4 minutos"},"schema":{"@context":"https:\/\/schema.org","@graph":[{"@type":"WebPage","@id":"https:\/\/powermepronto.com\/en\/haltom-citys-cheapest-no-deposit-power-company\/","url":"https:\/\/powermepronto.com\/en\/haltom-citys-cheapest-no-deposit-power-company\/","name":"[:en]Haltom City\u2019s Cheapest No-Deposit Power Company[:es]La compa\u00f1\u00eda de energ\u00eda sin dep\u00f3sito m\u00e1s barata de Haltom City[:] - Pronto Power","isPartOf":{"@id":"https:\/\/powermepronto.com\/en\/#website"},"primaryImageOfPage":{"@id":"https:\/\/powermepronto.com\/en\/haltom-citys-cheapest-no-deposit-power-company\/#primaryimage"},"image":{"@id":"https:\/\/powermepronto.com\/en\/haltom-citys-cheapest-no-deposit-power-company\/#primaryimage"},"thumbnailUrl":"https:\/\/www.powermepronto.com\/wp-content\/uploads\/2018\/10\/bigstock-Hand-holding-digital-tablet-an-221146828-300x199.jpg","datePublished":"2020-03-09T15:36:53+00:00","dateModified":"2020-04-07T15:50:57+00:00","description":"You can\u2019t beat our prepaid electric prices. No contract. No hidden fees. No deposit. No hassles. No joke. Call 844.621.2852 to join Pronto Power free today!","breadcrumb":{"@id":"https:\/\/powermepronto.com\/en\/haltom-citys-cheapest-no-deposit-power-company\/#breadcrumb"},"inLanguage":"es","potentialAction":[{"@type":"ReadAction","target":["https:\/\/powermepronto.com\/en\/haltom-citys-cheapest-no-deposit-power-company\/"]}]},{"@type":"ImageObject","inLanguage":"es","@id":"https:\/\/powermepronto.com\/en\/haltom-citys-cheapest-no-deposit-power-company\/#primaryimage","url":"https:\/\/www.powermepronto.com\/wp-content\/uploads\/2018\/10\/bigstock-Hand-holding-digital-tablet-an-221146828-300x199.jpg","contentUrl":"https:\/\/www.powermepronto.com\/wp-content\/uploads\/2018\/10\/bigstock-Hand-holding-digital-tablet-an-221146828-300x199.jpg"},{"@type":"BreadcrumbList","@id":"https:\/\/powermepronto.com\/en\/haltom-citys-cheapest-no-deposit-power-company\/#breadcrumb","itemListElement":[{"@type":"ListItem","position":1,"name":"Home","item":"https:\/\/powermepronto.com\/en\/"},{"@type":"ListItem","position":2,"name":"Haltom City\u2019s Cheapest No-Deposit Power Company"}]},{"@type":"WebSite","@id":"https:\/\/powermepronto.com\/en\/#website","url":"https:\/\/powermepronto.com\/en\/","name":"Pronto Power","description":"","potentialAction":[{"@type":"SearchAction","target":{"@type":"EntryPoint","urlTemplate":"https:\/\/powermepronto.com\/en\/?s={search_term_string}"},"query-input":{"@type":"PropertyValueSpecification","valueRequired":true,"valueName":"search_term_string"}}],"inLanguage":"es"}]}},"_links":{"self":[{"href":"https:\/\/powermepronto.com\/es\/wp-json\/wp\/v2\/pages\/1978","targetHints":{"allow":["GET"]}}],"collection":[{"href":"https:\/\/powermepronto.com\/es\/wp-json\/wp\/v2\/pages"}],"about":[{"href":"https:\/\/powermepronto.com\/es\/wp-json\/wp\/v2\/types\/page"}],"author":[{"embeddable":true,"href":"https:\/\/powermepronto.com\/es\/wp-json\/wp\/v2\/users\/1"}],"replies":[{"embeddable":true,"href":"https:\/\/powermepronto.com\/es\/wp-json\/wp\/v2\/comments?post=1978"}],"version-history":[{"count":3,"href":"https:\/\/powermepronto.com\/es\/wp-json\/wp\/v2\/pages\/1978\/revisions"}],"predecessor-version":[{"id":2031,"href":"https:\/\/powermepronto.com\/es\/wp-json\/wp\/v2\/pages\/1978\/revisions\/2031"}],"wp:attachment":[{"href":"https:\/\/powermepronto.com\/es\/wp-json\/wp\/v2\/media?parent=1978"}],"curies":[{"name":"wp","href":"https:\/\/api.w.org\/{rel}","templated":true}]}}