{"id":1908,"date":"2020-01-23T14:04:13","date_gmt":"2020-01-23T14:04:13","guid":{"rendered":"http:\/\/www.powermepronto.com\/?page_id=1908"},"modified":"2020-03-03T13:05:53","modified_gmt":"2020-03-03T13:05:53","slug":"save-10-now-with-the-cheapest-electric-company-in-fort-worth","status":"publish","type":"page","link":"https:\/\/powermepronto.com\/es\/save-10-now-with-the-cheapest-electric-company-in-fort-worth\/","title":{"rendered":"Ahorre 10% ahora con la compa\u00f1\u00eda el\u00e9ctrica m\u00e1s barata en Fort Worth"},"content":{"rendered":"<p><\/p>\n<p>The Washington Post informa que usted ahorra un 10% adicional al cambiar a electricidad prepaga.<\/p>\n<p>\u00bfPor qu\u00e9?<\/p>\n<p>Porque conoce el costo de su electricidad cuando la paga.<\/p>\n<p>Con Pronto Power, puede ahorrar f\u00e1cilmente un 20% adicional, o incluso m\u00e1s.<\/p>\n<p>No solo obtienes las tarifas el\u00e9ctricas de prepago m\u00e1s baratas, no solo en Fort Worth, sino en todo Texas, sino que tambi\u00e9n obtienes acceso a una herramienta de software que muestra c\u00f3mo usas la electricidad en este momento.<\/p>\n<p>Muchos de nuestros clientes ven esta herramienta con frecuencia para comprender su propio comportamiento. \u00a1Luego cambian su comportamiento y obtienen ahorros adicionales!<\/p>\n<p>La cantidad que ahorre s\u00f3lo est\u00e1 limitada por las elecciones que haga.<\/p>\n<h2>\u00a1Pero espera! Eso no es todo. \u00a1Usted obtiene mucho m\u00e1s con Pronto Power!<\/h2>\n<p>Los ahorros adicionales que obtenga podr\u00edan ser suficientes para que cambie a Pronto Power.<\/p>\n<p>Pero en realidad obtienes mucho m\u00e1s cuando te unes:<\/p>\n<ul>\n<li>Sin cuotas escondidas<\/li>\n<li>Sin dep\u00f3sito<\/li>\n<li>Sin problemas<\/li>\n<li>Sin contrato<\/li>\n<li>Sin verificaci\u00f3n de cr\u00e9dito<\/li>\n<li>Sin identificaci\u00f3n<\/li>\n<\/ul>\n<p>\u00a1Adem\u00e1s, tiene acceso a un equipo de servicio al cliente que realmente disfruta de su trabajo y no puede esperar para ayudarlo!<\/p>\n<h2>\u00bfPor qu\u00e9 Pronto Power ofrece esto cuando la mayor\u00eda de las compa\u00f1\u00edas el\u00e9ctricas de Texas no lo hacen?<\/h2>\n<p>Bueno, es el camino hacia el \u00e9xito empresarial. Obtiene lo que desea: el poder sin dep\u00f3sito m\u00e1s barato. Y obtenemos lo que queremos: clientes consistentes que desean quedarse.<\/p>\n<p>Es un ganar-ganar. Y ah\u00ed es cuando las empresas estadounidenses est\u00e1n en su mejor momento.<\/p>\n<p>Entonces, es por eso que no experimentas muchas de las molestias molestas que haces con otras compa\u00f1\u00edas el\u00e9ctricas baratas: tarifas ocultas, enormes dep\u00f3sitos iniciales, tener que pagar el servicio al cliente para recibir tu pago y todo tipo de otras molestias.<\/p>\n<p>Con Pronto Power, es simple y directo: el poder sin dep\u00f3sito m\u00e1s barato sin tarifas ocultas.<\/p>\n<p>Cons\u00edguelo dentro de una hora si su hogar tiene un medidor inteligente llamando al <span class=\"affiliatecode\">844.621.2852<\/span> ahora.<\/p>","protected":false},"excerpt":{"rendered":"<p>The Washington Post informa que usted ahorra un 10% adicional al cambiar a electricidad prepaga. \u00bfPor qu\u00e9? Porque conoce el costo de su electricidad cuando la paga. Con Pronto Power, puede ahorrar f\u00e1cilmente un 20% adicional, o incluso m\u00e1s. No solo obtienes las tarifas el\u00e9ctricas de prepago m\u00e1s baratas, no solo en Fort Worth, sino &hellip; <a href=\"https:\/\/powermepronto.com\/es\/save-10-now-with-the-cheapest-electric-company-in-fort-worth\/\" class=\"more-link\">Continue reading <span class=\"screen-reader-text\">Ahorre 10% ahora con la compa\u00f1\u00eda el\u00e9ctrica m\u00e1s barata en Fort Worth<\/span><\/a><\/p>\n","protected":false},"author":1,"featured_media":0,"parent":0,"menu_order":0,"comment_status":"closed","ping_status":"closed","template":"","meta":{"_acf_changed":false,"_glsr_average":0,"_glsr_ranking":0,"_glsr_reviews":0,"footnotes":"","_links_to":"","_links_to_target":""},"class_list":["post-1908","page","type-page","status-publish","hentry"],"acf":[],"yoast_head":"<!-- This site is optimized with the Yoast SEO plugin v27.4 - https:\/\/yoast.com\/product\/yoast-seo-wordpress\/ -->\n<title>Ahorre 10% ahora con la compa\u00f1\u00eda el\u00e9ctrica m\u00e1s barata en Fort Worth - Pronto Power<\/title>\n<meta name=\"description\" content=\"\u00a1No hay electricidad prepaga en Fort Worth que sea m\u00e1s barata que la de Pronto Power! Sin contrato. Sin cuotas escondidas. No hay dep\u00f3sito. Sin problemas No es broma. \u00a1Llame al 844.621.2852 para unirse gratis hoy!\" \/>\n<meta name=\"robots\" content=\"index, follow, max-snippet:-1, max-image-preview:large, max-video-preview:-1\" \/>\n<link rel=\"canonical\" href=\"https:\/\/powermepronto.com\/es\/save-10-now-with-the-cheapest-electric-company-in-fort-worth\/\" \/>\n<meta property=\"og:locale\" content=\"es_ES\" \/>\n<meta property=\"og:type\" content=\"article\" \/>\n<meta property=\"og:title\" content=\"[:en]Save 10% Now with the Cheapest Electric Company in Fort Worth[:es]Ahorre 10% ahora con la compa\u00f1\u00eda el\u00e9ctrica m\u00e1s barata en Fort Worth[:] - Pronto Power\" \/>\n<meta property=\"og:description\" content=\"\u00a1No hay electricidad prepaga en Fort Worth que sea m\u00e1s barata que la de Pronto Power! Sin contrato. Sin cuotas escondidas. No hay dep\u00f3sito. Sin problemas No es broma. \u00a1Llame al 844.621.2852 para unirse gratis hoy!\" \/>\n<meta property=\"og:url\" content=\"https:\/\/powermepronto.com\/es\/save-10-now-with-the-cheapest-electric-company-in-fort-worth\/\" \/>\n<meta property=\"og:site_name\" content=\"Pronto Power\" \/>\n<meta property=\"article:modified_time\" content=\"2020-03-03T13:05:53+00:00\" \/>\n<meta name=\"twitter:card\" content=\"summary_large_image\" \/>\n<meta name=\"twitter:label1\" content=\"Tiempo de lectura\" \/>\n\t<meta name=\"twitter:data1\" content=\"3 minutos\" \/>\n<script type=\"application\/ld+json\" class=\"yoast-schema-graph\">{\"@context\":\"https:\\\/\\\/schema.org\",\"@graph\":[{\"@type\":\"WebPage\",\"@id\":\"https:\\\/\\\/powermepronto.com\\\/es\\\/save-10-now-with-the-cheapest-electric-company-in-fort-worth\\\/\",\"url\":\"https:\\\/\\\/powermepronto.com\\\/es\\\/save-10-now-with-the-cheapest-electric-company-in-fort-worth\\\/\",\"name\":\"[:en]Save 10% Now with the Cheapest Electric Company in Fort Worth[:es]Ahorre 10% ahora con la compa\u00f1\u00eda el\u00e9ctrica m\u00e1s barata en Fort Worth[:] - Pronto Power\",\"isPartOf\":{\"@id\":\"https:\\\/\\\/powermepronto.com\\\/en\\\/#website\"},\"datePublished\":\"2020-01-23T14:04:13+00:00\",\"dateModified\":\"2020-03-03T13:05:53+00:00\",\"description\":\"\u00a1No hay electricidad prepaga en Fort Worth que sea m\u00e1s barata que la de Pronto Power! Sin contrato. Sin cuotas escondidas. No hay dep\u00f3sito. Sin problemas No es broma. \u00a1Llame al 844.621.2852 para unirse gratis hoy!\",\"breadcrumb\":{\"@id\":\"https:\\\/\\\/powermepronto.com\\\/es\\\/save-10-now-with-the-cheapest-electric-company-in-fort-worth\\\/#breadcrumb\"},\"inLanguage\":\"es\",\"potentialAction\":[{\"@type\":\"ReadAction\",\"target\":[\"https:\\\/\\\/powermepronto.com\\\/es\\\/save-10-now-with-the-cheapest-electric-company-in-fort-worth\\\/\"]}]},{\"@type\":\"BreadcrumbList\",\"@id\":\"https:\\\/\\\/powermepronto.com\\\/es\\\/save-10-now-with-the-cheapest-electric-company-in-fort-worth\\\/#breadcrumb\",\"itemListElement\":[{\"@type\":\"ListItem\",\"position\":1,\"name\":\"Home\",\"item\":\"https:\\\/\\\/powermepronto.com\\\/en\\\/\"},{\"@type\":\"ListItem\",\"position\":2,\"name\":\"Ahorre 10% ahora con la compa\u00f1\u00eda el\u00e9ctrica m\u00e1s barata en Fort Worth\"}]},{\"@type\":\"WebSite\",\"@id\":\"https:\\\/\\\/powermepronto.com\\\/en\\\/#website\",\"url\":\"https:\\\/\\\/powermepronto.com\\\/en\\\/\",\"name\":\"Pronto Power\",\"description\":\"\",\"potentialAction\":[{\"@type\":\"SearchAction\",\"target\":{\"@type\":\"EntryPoint\",\"urlTemplate\":\"https:\\\/\\\/powermepronto.com\\\/en\\\/?s={search_term_string}\"},\"query-input\":{\"@type\":\"PropertyValueSpecification\",\"valueRequired\":true,\"valueName\":\"search_term_string\"}}],\"inLanguage\":\"es\"}]}<\/script>\n<!-- \/ Yoast SEO plugin. -->","yoast_head_json":{"title":"[:en]Save 10% Now with the Cheapest Electric Company in Fort Worth[:es]Ahorre 10% ahora con la compa\u00f1\u00eda el\u00e9ctrica m\u00e1s barata en Fort Worth[:] - Pronto Power","description":"\u00a1No hay electricidad prepaga en Fort Worth que sea m\u00e1s barata que la de Pronto Power! Sin contrato. Sin cuotas escondidas. No hay dep\u00f3sito. Sin problemas No es broma. \u00a1Llame al 844.621.2852 para unirse gratis hoy!","robots":{"index":"index","follow":"follow","max-snippet":"max-snippet:-1","max-image-preview":"max-image-preview:large","max-video-preview":"max-video-preview:-1"},"canonical":"https:\/\/powermepronto.com\/es\/save-10-now-with-the-cheapest-electric-company-in-fort-worth\/","og_locale":"es_ES","og_type":"article","og_title":"[:en]Save 10% Now with the Cheapest Electric Company in Fort Worth[:es]Ahorre 10% ahora con la compa\u00f1\u00eda el\u00e9ctrica m\u00e1s barata en Fort Worth[:] - Pronto Power","og_description":"\u00a1No hay electricidad prepaga en Fort Worth que sea m\u00e1s barata que la de Pronto Power! Sin contrato. Sin cuotas escondidas. No hay dep\u00f3sito. Sin problemas No es broma. \u00a1Llame al 844.621.2852 para unirse gratis hoy!","og_url":"https:\/\/powermepronto.com\/es\/save-10-now-with-the-cheapest-electric-company-in-fort-worth\/","og_site_name":"Pronto Power","article_modified_time":"2020-03-03T13:05:53+00:00","twitter_card":"summary_large_image","twitter_misc":{"Tiempo de lectura":"3 minutos"},"schema":{"@context":"https:\/\/schema.org","@graph":[{"@type":"WebPage","@id":"https:\/\/powermepronto.com\/es\/save-10-now-with-the-cheapest-electric-company-in-fort-worth\/","url":"https:\/\/powermepronto.com\/es\/save-10-now-with-the-cheapest-electric-company-in-fort-worth\/","name":"[:en]Save 10% Now with the Cheapest Electric Company in Fort Worth[:es]Ahorre 10% ahora con la compa\u00f1\u00eda el\u00e9ctrica m\u00e1s barata en Fort Worth[:] - Pronto Power","isPartOf":{"@id":"https:\/\/powermepronto.com\/en\/#website"},"datePublished":"2020-01-23T14:04:13+00:00","dateModified":"2020-03-03T13:05:53+00:00","description":"\u00a1No hay electricidad prepaga en Fort Worth que sea m\u00e1s barata que la de Pronto Power! Sin contrato. Sin cuotas escondidas. No hay dep\u00f3sito. Sin problemas No es broma. \u00a1Llame al 844.621.2852 para unirse gratis hoy!","breadcrumb":{"@id":"https:\/\/powermepronto.com\/es\/save-10-now-with-the-cheapest-electric-company-in-fort-worth\/#breadcrumb"},"inLanguage":"es","potentialAction":[{"@type":"ReadAction","target":["https:\/\/powermepronto.com\/es\/save-10-now-with-the-cheapest-electric-company-in-fort-worth\/"]}]},{"@type":"BreadcrumbList","@id":"https:\/\/powermepronto.com\/es\/save-10-now-with-the-cheapest-electric-company-in-fort-worth\/#breadcrumb","itemListElement":[{"@type":"ListItem","position":1,"name":"Home","item":"https:\/\/powermepronto.com\/en\/"},{"@type":"ListItem","position":2,"name":"Ahorre 10% ahora con la compa\u00f1\u00eda el\u00e9ctrica m\u00e1s barata en Fort Worth"}]},{"@type":"WebSite","@id":"https:\/\/powermepronto.com\/en\/#website","url":"https:\/\/powermepronto.com\/en\/","name":"Pronto Power","description":"","potentialAction":[{"@type":"SearchAction","target":{"@type":"EntryPoint","urlTemplate":"https:\/\/powermepronto.com\/en\/?s={search_term_string}"},"query-input":{"@type":"PropertyValueSpecification","valueRequired":true,"valueName":"search_term_string"}}],"inLanguage":"es"}]}},"_links":{"self":[{"href":"https:\/\/powermepronto.com\/es\/wp-json\/wp\/v2\/pages\/1908","targetHints":{"allow":["GET"]}}],"collection":[{"href":"https:\/\/powermepronto.com\/es\/wp-json\/wp\/v2\/pages"}],"about":[{"href":"https:\/\/powermepronto.com\/es\/wp-json\/wp\/v2\/types\/page"}],"author":[{"embeddable":true,"href":"https:\/\/powermepronto.com\/es\/wp-json\/wp\/v2\/users\/1"}],"replies":[{"embeddable":true,"href":"https:\/\/powermepronto.com\/es\/wp-json\/wp\/v2\/comments?post=1908"}],"version-history":[{"count":4,"href":"https:\/\/powermepronto.com\/es\/wp-json\/wp\/v2\/pages\/1908\/revisions"}],"predecessor-version":[{"id":1954,"href":"https:\/\/powermepronto.com\/es\/wp-json\/wp\/v2\/pages\/1908\/revisions\/1954"}],"wp:attachment":[{"href":"https:\/\/powermepronto.com\/es\/wp-json\/wp\/v2\/media?parent=1908"}],"curies":[{"name":"wp","href":"https:\/\/api.w.org\/{rel}","templated":true}]}}