{"id":1901,"date":"2020-01-23T13:32:50","date_gmt":"2020-01-23T13:32:50","guid":{"rendered":"http:\/\/www.powermepronto.com\/?page_id=1901"},"modified":"2020-03-03T13:27:04","modified_gmt":"2020-03-03T13:27:04","slug":"grapevines-cheapest-no-deposit-power-company-with-no-contract","status":"publish","type":"page","link":"https:\/\/powermepronto.com\/es\/grapevines-cheapest-no-deposit-power-company-with-no-contract\/","title":{"rendered":"La compa\u00f1\u00eda de energ\u00eda sin dep\u00f3sito m\u00e1s barata de Grapevine sin contrato"},"content":{"rendered":"<p>Cuando firmas un contrato &#8230; \u00bfc\u00f3mo te sientes?<\/p>\n<p>\u00bfEst\u00e1s lleno de miedo y ansiedad porque no tienes idea de c\u00f3mo te tratar\u00e1 la compa\u00f1\u00eda despu\u00e9s de que firmes?<\/p>\n<p>Los contratos no siempre son malos. Cuando se usan correctamente, protegen a ambas partes en caso de un malentendido.<\/p>\n<p>Pero muchas compa\u00f1\u00edas el\u00e9ctricas de Texas los usan como trampas. No pueden esperar para que firmes.<\/p>\n<p>Cargan sus contratos con todo tipo de letra peque\u00f1a que no puede ver. Llenan su contrato con tarifas ocultas.<\/p>\n<p>Y cuando tiene una pregunta o un problema despu\u00e9s de unirse, simplemente dicen: \u00abEl contrato que firm\u00f3 dice &#8230;\u00bb<\/p>\n<p>Entonces realmente usan su contrato para atraparte y tomar tu dinero.<\/p>\n<h2>\u00a1En Pronto Power, nunca firma un contrato!<\/h2>\n<p>Cuando elige Pronto Power, no tiene que preocuparse por firmar contratos &#8230; \u00a1porque nunca los usamos!<\/p>\n<p>As\u00ed de seguros estamos de que te encantar\u00e1 Pronto Power. Hablando de eso &#8230; \u00bfpor qu\u00e9 elegir\u00edas unirte a Pronto Power de todos modos?<\/p>\n<p>Bueno, tienes muchas buenas razones:<\/p>\n<ul>\n<li>Las tarifas el\u00e9ctricas de prepago m\u00e1s baratas en Grapevine<\/li>\n<li>Sin contrato<\/li>\n<li>Sin cuotas escondidas<\/li>\n<li>Sin problemas<\/li>\n<li>Sin verificaci\u00f3n de cr\u00e9dito<\/li>\n<li>Sin verificaci\u00f3n de identificaci\u00f3n<\/li>\n<li>Sin dep\u00f3sito<\/li>\n<li>Sin tarifa de conexi\u00f3n<\/li>\n<li>Sin tarifa de desconexi\u00f3n<\/li>\n<li>\u00a1Posibilidad de ahorrar un 20% adicional!<\/li>\n<\/ul>\n<p>&#8230;Si. Realmente somos la compa\u00f1\u00eda el\u00e9ctrica sin complicaciones. Y dado que no firma un contrato, eso significa que no tiene absolutamente ning\u00fan riesgo y puede cancelar en cualquier momento y por cualquier motivo.<\/p>\n<p>Adem\u00e1s, puede ahorrar un 20% adicional en comparaci\u00f3n con otras compa\u00f1\u00edas el\u00e9ctricas de Texas. Cuando se une a Pronto Power, obtiene acceso a una herramienta de software que muestra c\u00f3mo usa la electricidad.<\/p>\n<p>Luego simplemente lo miras con el tiempo y cambias tu comportamiento. Muchos de nuestros clientes ahorran un 20% (adem\u00e1s de las tarifas m\u00e1s baratas en Texas), y algunos a\u00fan m\u00e1s.<\/p>\n<p>Que esperas Ahorrar mucho dinero en efectivo en sus facturas de electricidad no es m\u00e1s f\u00e1cil ni m\u00e1s conveniente.<\/p>\n<p>\u00a1Simplemente llame al <span class=\"affiliatecode\">844.621.2852<\/span> para unirse gratis dentro de una hora (si su hogar tiene un medidor inteligente)!<\/p>","protected":false},"excerpt":{"rendered":"<p>Cuando firmas un contrato &#8230; \u00bfc\u00f3mo te sientes? \u00bfEst\u00e1s lleno de miedo y ansiedad porque no tienes idea de c\u00f3mo te tratar\u00e1 la compa\u00f1\u00eda despu\u00e9s de que firmes? Los contratos no siempre son malos. Cuando se usan correctamente, protegen a ambas partes en caso de un malentendido. Pero muchas compa\u00f1\u00edas el\u00e9ctricas de Texas los usan &hellip; <a href=\"https:\/\/powermepronto.com\/es\/grapevines-cheapest-no-deposit-power-company-with-no-contract\/\" class=\"more-link\">Continue reading <span class=\"screen-reader-text\">La compa\u00f1\u00eda de energ\u00eda sin dep\u00f3sito m\u00e1s barata de Grapevine sin contrato<\/span><\/a><\/p>\n","protected":false},"author":1,"featured_media":0,"parent":0,"menu_order":0,"comment_status":"closed","ping_status":"closed","template":"","meta":{"_acf_changed":false,"_glsr_average":0,"_glsr_ranking":0,"_glsr_reviews":0,"footnotes":"","_links_to":"","_links_to_target":""},"class_list":["post-1901","page","type-page","status-publish","hentry"],"acf":[],"yoast_head":"<!-- This site is optimized with the Yoast SEO plugin v27.4 - https:\/\/yoast.com\/product\/yoast-seo-wordpress\/ -->\n<title>La compa\u00f1\u00eda de energ\u00eda sin dep\u00f3sito m\u00e1s barata de Grapevine sin contrato - Pronto Power<\/title>\n<meta name=\"description\" content=\"No puede superar nuestros precios de prepago de electricidad. Sin contrato. Sin cuotas escondidas. No hay dep\u00f3sito. Sin problemas No es broma. \u00a1Llame al 844.621.2852 para unirse a Pronto Power gratis hoy!\" \/>\n<meta name=\"robots\" content=\"index, follow, max-snippet:-1, max-image-preview:large, max-video-preview:-1\" \/>\n<link rel=\"canonical\" href=\"https:\/\/powermepronto.com\/es\/grapevines-cheapest-no-deposit-power-company-with-no-contract\/\" \/>\n<meta property=\"og:locale\" content=\"es_ES\" \/>\n<meta property=\"og:type\" content=\"article\" \/>\n<meta property=\"og:title\" content=\"[:en]Grapevine\u2019s Cheapest No-Deposit Power Company with No Contract[:es]La compa\u00f1\u00eda de energ\u00eda sin dep\u00f3sito m\u00e1s barata de Grapevine sin contrato[:] - Pronto Power\" \/>\n<meta property=\"og:description\" content=\"No puede superar nuestros precios de prepago de electricidad. Sin contrato. Sin cuotas escondidas. No hay dep\u00f3sito. Sin problemas No es broma. \u00a1Llame al 844.621.2852 para unirse a Pronto Power gratis hoy!\" \/>\n<meta property=\"og:url\" content=\"https:\/\/powermepronto.com\/es\/grapevines-cheapest-no-deposit-power-company-with-no-contract\/\" \/>\n<meta property=\"og:site_name\" content=\"Pronto Power\" \/>\n<meta property=\"article:modified_time\" content=\"2020-03-03T13:27:04+00:00\" \/>\n<meta name=\"twitter:card\" content=\"summary_large_image\" \/>\n<meta name=\"twitter:label1\" content=\"Tiempo de lectura\" \/>\n\t<meta name=\"twitter:data1\" content=\"4 minutos\" \/>\n<script type=\"application\/ld+json\" class=\"yoast-schema-graph\">{\"@context\":\"https:\\\/\\\/schema.org\",\"@graph\":[{\"@type\":\"WebPage\",\"@id\":\"https:\\\/\\\/powermepronto.com\\\/es\\\/grapevines-cheapest-no-deposit-power-company-with-no-contract\\\/\",\"url\":\"https:\\\/\\\/powermepronto.com\\\/es\\\/grapevines-cheapest-no-deposit-power-company-with-no-contract\\\/\",\"name\":\"[:en]Grapevine\u2019s Cheapest No-Deposit Power Company with No Contract[:es]La compa\u00f1\u00eda de energ\u00eda sin dep\u00f3sito m\u00e1s barata de Grapevine sin contrato[:] - Pronto Power\",\"isPartOf\":{\"@id\":\"https:\\\/\\\/powermepronto.com\\\/en\\\/#website\"},\"datePublished\":\"2020-01-23T13:32:50+00:00\",\"dateModified\":\"2020-03-03T13:27:04+00:00\",\"description\":\"No puede superar nuestros precios de prepago de electricidad. Sin contrato. Sin cuotas escondidas. No hay dep\u00f3sito. Sin problemas No es broma. \u00a1Llame al 844.621.2852 para unirse a Pronto Power gratis hoy!\",\"breadcrumb\":{\"@id\":\"https:\\\/\\\/powermepronto.com\\\/es\\\/grapevines-cheapest-no-deposit-power-company-with-no-contract\\\/#breadcrumb\"},\"inLanguage\":\"es\",\"potentialAction\":[{\"@type\":\"ReadAction\",\"target\":[\"https:\\\/\\\/powermepronto.com\\\/es\\\/grapevines-cheapest-no-deposit-power-company-with-no-contract\\\/\"]}]},{\"@type\":\"BreadcrumbList\",\"@id\":\"https:\\\/\\\/powermepronto.com\\\/es\\\/grapevines-cheapest-no-deposit-power-company-with-no-contract\\\/#breadcrumb\",\"itemListElement\":[{\"@type\":\"ListItem\",\"position\":1,\"name\":\"Home\",\"item\":\"https:\\\/\\\/powermepronto.com\\\/en\\\/\"},{\"@type\":\"ListItem\",\"position\":2,\"name\":\"La compa\u00f1\u00eda de energ\u00eda sin dep\u00f3sito m\u00e1s barata de Grapevine sin contrato\"}]},{\"@type\":\"WebSite\",\"@id\":\"https:\\\/\\\/powermepronto.com\\\/en\\\/#website\",\"url\":\"https:\\\/\\\/powermepronto.com\\\/en\\\/\",\"name\":\"Pronto Power\",\"description\":\"\",\"potentialAction\":[{\"@type\":\"SearchAction\",\"target\":{\"@type\":\"EntryPoint\",\"urlTemplate\":\"https:\\\/\\\/powermepronto.com\\\/en\\\/?s={search_term_string}\"},\"query-input\":{\"@type\":\"PropertyValueSpecification\",\"valueRequired\":true,\"valueName\":\"search_term_string\"}}],\"inLanguage\":\"es\"}]}<\/script>\n<!-- \/ Yoast SEO plugin. -->","yoast_head_json":{"title":"[:en]Grapevine\u2019s Cheapest No-Deposit Power Company with No Contract[:es]La compa\u00f1\u00eda de energ\u00eda sin dep\u00f3sito m\u00e1s barata de Grapevine sin contrato[:] - Pronto Power","description":"No puede superar nuestros precios de prepago de electricidad. Sin contrato. Sin cuotas escondidas. No hay dep\u00f3sito. Sin problemas No es broma. \u00a1Llame al 844.621.2852 para unirse a Pronto Power gratis hoy!","robots":{"index":"index","follow":"follow","max-snippet":"max-snippet:-1","max-image-preview":"max-image-preview:large","max-video-preview":"max-video-preview:-1"},"canonical":"https:\/\/powermepronto.com\/es\/grapevines-cheapest-no-deposit-power-company-with-no-contract\/","og_locale":"es_ES","og_type":"article","og_title":"[:en]Grapevine\u2019s Cheapest No-Deposit Power Company with No Contract[:es]La compa\u00f1\u00eda de energ\u00eda sin dep\u00f3sito m\u00e1s barata de Grapevine sin contrato[:] - Pronto Power","og_description":"No puede superar nuestros precios de prepago de electricidad. Sin contrato. Sin cuotas escondidas. No hay dep\u00f3sito. Sin problemas No es broma. \u00a1Llame al 844.621.2852 para unirse a Pronto Power gratis hoy!","og_url":"https:\/\/powermepronto.com\/es\/grapevines-cheapest-no-deposit-power-company-with-no-contract\/","og_site_name":"Pronto Power","article_modified_time":"2020-03-03T13:27:04+00:00","twitter_card":"summary_large_image","twitter_misc":{"Tiempo de lectura":"4 minutos"},"schema":{"@context":"https:\/\/schema.org","@graph":[{"@type":"WebPage","@id":"https:\/\/powermepronto.com\/es\/grapevines-cheapest-no-deposit-power-company-with-no-contract\/","url":"https:\/\/powermepronto.com\/es\/grapevines-cheapest-no-deposit-power-company-with-no-contract\/","name":"[:en]Grapevine\u2019s Cheapest No-Deposit Power Company with No Contract[:es]La compa\u00f1\u00eda de energ\u00eda sin dep\u00f3sito m\u00e1s barata de Grapevine sin contrato[:] - Pronto Power","isPartOf":{"@id":"https:\/\/powermepronto.com\/en\/#website"},"datePublished":"2020-01-23T13:32:50+00:00","dateModified":"2020-03-03T13:27:04+00:00","description":"No puede superar nuestros precios de prepago de electricidad. Sin contrato. Sin cuotas escondidas. No hay dep\u00f3sito. Sin problemas No es broma. \u00a1Llame al 844.621.2852 para unirse a Pronto Power gratis hoy!","breadcrumb":{"@id":"https:\/\/powermepronto.com\/es\/grapevines-cheapest-no-deposit-power-company-with-no-contract\/#breadcrumb"},"inLanguage":"es","potentialAction":[{"@type":"ReadAction","target":["https:\/\/powermepronto.com\/es\/grapevines-cheapest-no-deposit-power-company-with-no-contract\/"]}]},{"@type":"BreadcrumbList","@id":"https:\/\/powermepronto.com\/es\/grapevines-cheapest-no-deposit-power-company-with-no-contract\/#breadcrumb","itemListElement":[{"@type":"ListItem","position":1,"name":"Home","item":"https:\/\/powermepronto.com\/en\/"},{"@type":"ListItem","position":2,"name":"La compa\u00f1\u00eda de energ\u00eda sin dep\u00f3sito m\u00e1s barata de Grapevine sin contrato"}]},{"@type":"WebSite","@id":"https:\/\/powermepronto.com\/en\/#website","url":"https:\/\/powermepronto.com\/en\/","name":"Pronto Power","description":"","potentialAction":[{"@type":"SearchAction","target":{"@type":"EntryPoint","urlTemplate":"https:\/\/powermepronto.com\/en\/?s={search_term_string}"},"query-input":{"@type":"PropertyValueSpecification","valueRequired":true,"valueName":"search_term_string"}}],"inLanguage":"es"}]}},"_links":{"self":[{"href":"https:\/\/powermepronto.com\/es\/wp-json\/wp\/v2\/pages\/1901","targetHints":{"allow":["GET"]}}],"collection":[{"href":"https:\/\/powermepronto.com\/es\/wp-json\/wp\/v2\/pages"}],"about":[{"href":"https:\/\/powermepronto.com\/es\/wp-json\/wp\/v2\/types\/page"}],"author":[{"embeddable":true,"href":"https:\/\/powermepronto.com\/es\/wp-json\/wp\/v2\/users\/1"}],"replies":[{"embeddable":true,"href":"https:\/\/powermepronto.com\/es\/wp-json\/wp\/v2\/comments?post=1901"}],"version-history":[{"count":4,"href":"https:\/\/powermepronto.com\/es\/wp-json\/wp\/v2\/pages\/1901\/revisions"}],"predecessor-version":[{"id":1960,"href":"https:\/\/powermepronto.com\/es\/wp-json\/wp\/v2\/pages\/1901\/revisions\/1960"}],"wp:attachment":[{"href":"https:\/\/powermepronto.com\/es\/wp-json\/wp\/v2\/media?parent=1901"}],"curies":[{"name":"wp","href":"https:\/\/api.w.org\/{rel}","templated":true}]}}