{"id":177,"date":"2017-09-06T13:20:38","date_gmt":"2017-09-06T13:20:38","guid":{"rendered":"\/?page_id=177"},"modified":"2022-12-09T10:28:38","modified_gmt":"2022-12-09T16:28:38","slug":"cheap-electricity-with-no-deposit-from-pronto-power","status":"publish","type":"page","link":"https:\/\/powermepronto.com\/es\/cheap-electricity-with-no-deposit-from-pronto-power\/","title":{"rendered":"Electricidad barata sin dep\u00f3sito de Pronto Power"},"content":{"rendered":"<p>Cuando eval\u00faa varias compa\u00f1\u00edas de luz en todo Texas, casi todas quieren un dep\u00f3sito inicial de al menos unos cien \u00f3 mas d\u00f3lares. Algunos quieren incluso m\u00e1s que eso.<\/p>\n<p>Si lo quieren como cliente, \u00bfpor qu\u00e9 ponen esa barrera? Te\u00f3ricamente es porque tienen que protegerse de los clientes que terminan sin pagar. Pero tambi\u00e9n podr\u00eda ser que solo quieren obtener un poco m\u00e1s de tu dinero.<\/p>\n<p>Tal vez todo lo que podr\u00eda salir mal econ\u00f3micamente tiene. Tal vez eres un estudiante universitario que acaba de mudarse solo por primera vez. Tal vez eres nuevo al pa\u00eds.<\/p>\n<p>La buena noticia es que no tienes que pagar un dep\u00f3sito con cada compa\u00f1\u00eda.<\/p>\n<h2>Recibe las tarifas m\u00e1s baratas de Luz en Texas<\/h2>\n<p>Al final, nadie es m\u00e1s barato que Pronto Power. Esa es otra raz\u00f3n por la cual la electricidad esta disponible a ti.<\/p>\n<p>Mientras que otras compa\u00f1\u00edas te hacen firmar un contrato, pagar un gran dep\u00f3sito y luego llena tu contrato con todo tipo de cargos ocultos, Pronto Power hace el de trabajo de obtener electricidad barata sea algo f\u00e1cil. Sin contratos. Sin cargos escondidos.<\/p>\n<p>Y si su casa ya tiene un medidor inteligente, hay un 99% de posibilidades de que podamos conectar tu luz en una hora.<\/p>\n<p>Simplemente llama hoy a Pronto Power al <span class=\"affiliatecode\">844.621.2852<\/span>.<\/p>","protected":false},"excerpt":{"rendered":"<p>Cuando eval\u00faa varias compa\u00f1\u00edas de luz en todo Texas, casi todas quieren un dep\u00f3sito inicial de al menos unos cien \u00f3 mas d\u00f3lares. Algunos quieren incluso m\u00e1s que eso. Si lo quieren como cliente, \u00bfpor qu\u00e9 ponen esa barrera? Te\u00f3ricamente es porque tienen que protegerse de los clientes que terminan sin pagar. Pero tambi\u00e9n podr\u00eda &hellip; <a href=\"https:\/\/powermepronto.com\/es\/cheap-electricity-with-no-deposit-from-pronto-power\/\" class=\"more-link\">Continue reading <span class=\"screen-reader-text\">Electricidad barata sin dep\u00f3sito de Pronto Power<\/span><\/a><\/p>\n","protected":false},"author":1,"featured_media":0,"parent":0,"menu_order":0,"comment_status":"closed","ping_status":"closed","template":"","meta":{"_acf_changed":false,"_glsr_average":0,"_glsr_ranking":0,"_glsr_reviews":0,"footnotes":"","_links_to":"","_links_to_target":""},"class_list":["post-177","page","type-page","status-publish","hentry"],"acf":[],"yoast_head":"<!-- This site is optimized with the Yoast SEO plugin v27.5 - https:\/\/yoast.com\/product\/yoast-seo-wordpress\/ -->\n<title>Cheap Electricity Dallas Fort Worth | No Deposit Electricity Houston<\/title>\n<meta name=\"description\" content=\"The Best Prepay Electricity Rates in Texas with No Deposit from Pronto Power. Call today for the Best Rates 1-844-621-2852.\" \/>\n<meta name=\"robots\" content=\"index, follow, max-snippet:-1, max-image-preview:large, max-video-preview:-1\" \/>\n<link rel=\"canonical\" href=\"https:\/\/powermepronto.com\/cheap-electricity-with-no-deposit-from-pronto-power\/\" \/>\n<meta property=\"og:locale\" content=\"es_ES\" \/>\n<meta property=\"og:type\" content=\"article\" \/>\n<meta property=\"og:title\" content=\"Cheap Electricity Dallas Fort Worth | No Deposit Electricity Houston\" \/>\n<meta property=\"og:description\" content=\"The Best Prepay Electricity Rates in Texas with No Deposit from Pronto Power. Call today for the Best Rates 1-844-621-2852.\" \/>\n<meta property=\"og:url\" content=\"https:\/\/powermepronto.com\/cheap-electricity-with-no-deposit-from-pronto-power\/\" \/>\n<meta property=\"og:site_name\" content=\"Pronto Power\" \/>\n<meta property=\"article:modified_time\" content=\"2022-12-09T16:28:38+00:00\" \/>\n<meta name=\"twitter:card\" content=\"summary_large_image\" \/>\n<meta name=\"twitter:label1\" content=\"Tiempo de lectura\" \/>\n\t<meta name=\"twitter:data1\" content=\"4 minutos\" \/>\n<script type=\"application\/ld+json\" class=\"yoast-schema-graph\">{\"@context\":\"https:\\\/\\\/schema.org\",\"@graph\":[{\"@type\":\"WebPage\",\"@id\":\"https:\\\/\\\/powermepronto.com\\\/cheap-electricity-with-no-deposit-from-pronto-power\\\/\",\"url\":\"https:\\\/\\\/powermepronto.com\\\/cheap-electricity-with-no-deposit-from-pronto-power\\\/\",\"name\":\"Cheap Electricity Dallas Fort Worth | No Deposit Electricity Houston\",\"isPartOf\":{\"@id\":\"https:\\\/\\\/powermepronto.com\\\/en\\\/#website\"},\"datePublished\":\"2017-09-06T13:20:38+00:00\",\"dateModified\":\"2022-12-09T16:28:38+00:00\",\"description\":\"The Best Prepay Electricity Rates in Texas with No Deposit from Pronto Power. Call today for the Best Rates 1-844-621-2852.\",\"breadcrumb\":{\"@id\":\"https:\\\/\\\/powermepronto.com\\\/cheap-electricity-with-no-deposit-from-pronto-power\\\/#breadcrumb\"},\"inLanguage\":\"es\",\"potentialAction\":[{\"@type\":\"ReadAction\",\"target\":[\"https:\\\/\\\/powermepronto.com\\\/cheap-electricity-with-no-deposit-from-pronto-power\\\/\"]}]},{\"@type\":\"BreadcrumbList\",\"@id\":\"https:\\\/\\\/powermepronto.com\\\/cheap-electricity-with-no-deposit-from-pronto-power\\\/#breadcrumb\",\"itemListElement\":[{\"@type\":\"ListItem\",\"position\":1,\"name\":\"Home\",\"item\":\"https:\\\/\\\/powermepronto.com\\\/en\\\/\"},{\"@type\":\"ListItem\",\"position\":2,\"name\":\"Cheap Electricity with No Deposit from Pronto Power\"}]},{\"@type\":\"WebSite\",\"@id\":\"https:\\\/\\\/powermepronto.com\\\/en\\\/#website\",\"url\":\"https:\\\/\\\/powermepronto.com\\\/en\\\/\",\"name\":\"Pronto Power\",\"description\":\"\",\"potentialAction\":[{\"@type\":\"SearchAction\",\"target\":{\"@type\":\"EntryPoint\",\"urlTemplate\":\"https:\\\/\\\/powermepronto.com\\\/en\\\/?s={search_term_string}\"},\"query-input\":{\"@type\":\"PropertyValueSpecification\",\"valueRequired\":true,\"valueName\":\"search_term_string\"}}],\"inLanguage\":\"es\"}]}<\/script>\n<!-- \/ Yoast SEO plugin. -->","yoast_head_json":{"title":"Cheap Electricity Dallas Fort Worth | No Deposit Electricity Houston","description":"The Best Prepay Electricity Rates in Texas with No Deposit from Pronto Power. Call today for the Best Rates 1-844-621-2852.","robots":{"index":"index","follow":"follow","max-snippet":"max-snippet:-1","max-image-preview":"max-image-preview:large","max-video-preview":"max-video-preview:-1"},"canonical":"https:\/\/powermepronto.com\/cheap-electricity-with-no-deposit-from-pronto-power\/","og_locale":"es_ES","og_type":"article","og_title":"Cheap Electricity Dallas Fort Worth | No Deposit Electricity Houston","og_description":"The Best Prepay Electricity Rates in Texas with No Deposit from Pronto Power. Call today for the Best Rates 1-844-621-2852.","og_url":"https:\/\/powermepronto.com\/cheap-electricity-with-no-deposit-from-pronto-power\/","og_site_name":"Pronto Power","article_modified_time":"2022-12-09T16:28:38+00:00","twitter_card":"summary_large_image","twitter_misc":{"Tiempo de lectura":"4 minutos"},"schema":{"@context":"https:\/\/schema.org","@graph":[{"@type":"WebPage","@id":"https:\/\/powermepronto.com\/cheap-electricity-with-no-deposit-from-pronto-power\/","url":"https:\/\/powermepronto.com\/cheap-electricity-with-no-deposit-from-pronto-power\/","name":"Cheap Electricity Dallas Fort Worth | No Deposit Electricity Houston","isPartOf":{"@id":"https:\/\/powermepronto.com\/en\/#website"},"datePublished":"2017-09-06T13:20:38+00:00","dateModified":"2022-12-09T16:28:38+00:00","description":"The Best Prepay Electricity Rates in Texas with No Deposit from Pronto Power. Call today for the Best Rates 1-844-621-2852.","breadcrumb":{"@id":"https:\/\/powermepronto.com\/cheap-electricity-with-no-deposit-from-pronto-power\/#breadcrumb"},"inLanguage":"es","potentialAction":[{"@type":"ReadAction","target":["https:\/\/powermepronto.com\/cheap-electricity-with-no-deposit-from-pronto-power\/"]}]},{"@type":"BreadcrumbList","@id":"https:\/\/powermepronto.com\/cheap-electricity-with-no-deposit-from-pronto-power\/#breadcrumb","itemListElement":[{"@type":"ListItem","position":1,"name":"Home","item":"https:\/\/powermepronto.com\/en\/"},{"@type":"ListItem","position":2,"name":"Cheap Electricity with No Deposit from Pronto Power"}]},{"@type":"WebSite","@id":"https:\/\/powermepronto.com\/en\/#website","url":"https:\/\/powermepronto.com\/en\/","name":"Pronto Power","description":"","potentialAction":[{"@type":"SearchAction","target":{"@type":"EntryPoint","urlTemplate":"https:\/\/powermepronto.com\/en\/?s={search_term_string}"},"query-input":{"@type":"PropertyValueSpecification","valueRequired":true,"valueName":"search_term_string"}}],"inLanguage":"es"}]}},"_links":{"self":[{"href":"https:\/\/powermepronto.com\/es\/wp-json\/wp\/v2\/pages\/177","targetHints":{"allow":["GET"]}}],"collection":[{"href":"https:\/\/powermepronto.com\/es\/wp-json\/wp\/v2\/pages"}],"about":[{"href":"https:\/\/powermepronto.com\/es\/wp-json\/wp\/v2\/types\/page"}],"author":[{"embeddable":true,"href":"https:\/\/powermepronto.com\/es\/wp-json\/wp\/v2\/users\/1"}],"replies":[{"embeddable":true,"href":"https:\/\/powermepronto.com\/es\/wp-json\/wp\/v2\/comments?post=177"}],"version-history":[{"count":5,"href":"https:\/\/powermepronto.com\/es\/wp-json\/wp\/v2\/pages\/177\/revisions"}],"predecessor-version":[{"id":3437,"href":"https:\/\/powermepronto.com\/es\/wp-json\/wp\/v2\/pages\/177\/revisions\/3437"}],"wp:attachment":[{"href":"https:\/\/powermepronto.com\/es\/wp-json\/wp\/v2\/media?parent=177"}],"curies":[{"name":"wp","href":"https:\/\/api.w.org\/{rel}","templated":true}]}}