{"id":1716,"date":"2019-10-27T22:54:28","date_gmt":"2019-10-27T22:54:28","guid":{"rendered":"http:\/\/www.powermepronto.com\/?page_id=1716"},"modified":"2022-12-21T03:55:39","modified_gmt":"2022-12-21T09:55:39","slug":"arlingtons-cheapest-no-deposit-electricity-with-great-service","status":"publish","type":"page","link":"https:\/\/powermepronto.com\/es\/arlingtons-cheapest-no-deposit-electricity-with-great-service\/","title":{"rendered":"La Electricidad Sin Dep\u00f3sito M\u00e1s Barata De Arlington Con Un Gran Servicio"},"content":{"rendered":"<p>\u00bfPara qui\u00e9n est\u00e1 trabajando tu representante de todos modos?<\/p>\n<p>\u00bfTe miran como un mont\u00f3n de signos de d\u00f3lar o realmente se preocupan por el servicio que brindan?<\/p>\n<p>\u00bfQuieren que firmes un contrato y te presionen para que lo firmes lo antes posible?<\/p>\n<p>Si es as\u00ed, debes salir de all\u00ed r\u00e1pidamente. Cualquier empresa que haga eso no puede esperar para que te unas a \u00e9l porque saben que se beneficiar\u00e1n de ti a lo grande.<\/p>\n<p>\u00a1No dejes que se aprovechen de ti!<\/p>\n<p>Pero con m\u00e1s de 250 opciones para representantes en Texas, cada una con sus propias ofertas y reclamos \u00fanicos, \u00bfcon qui\u00e9n deber\u00eda ir realmente?<\/p>\n<h2>Pronto Power: La Compa\u00f1\u00eda El\u00e9ctrica Prepaga M\u00e1s Barata Que No Requiere Un Contrato Y A\u00fan As\u00ed Le Brinda Un Gran Servicio<\/h2>\n<p>Simplemente no encontrar\u00e1 tarifas de prepago de electricidad m\u00e1s baratas en ning\u00fan otro lugar. Pronto Power cobra las tarifas prepagas m\u00e1s baratas posibles, y son m\u00e1s bajas de lo que puede encontrar en cualquier lugar de Arlington, e incluso en todo Texas.<\/p>\n<p>Adem\u00e1s, no tiene que firmar un contrato. Ah, y tampoco tenemos dep\u00f3sito. Y no hay una molesta verificaci\u00f3n de cr\u00e9dito o verificaci\u00f3n de identidad. Y con un buen historial de pagos una vez que se une, tambi\u00e9n puede calificar para la electricidad tradicional pospago.<\/p>\n<p>Y tambi\u00e9n tenemos planes de pago diferido disponibles para aquellos momentos en que sus finanzas personales se salgan de control de mala manera. Nuestro equipo de servicio al cliente est\u00e1 encantado de ayudar. As\u00ed que solo ll\u00e1menos.<\/p>\n<p>A diferencia de otras compa\u00f1\u00edas el\u00e9ctricas, lo ayudamos a mantener su electricidad encendida.<\/p>\n<h2>\u00danase Gratis Dentro de una Hora y Obtenga Electricidad Sin Dep\u00f3sito a la Tarifa M\u00e1s Barata<\/h2>\n<p>Si su hogar tiene un medidor inteligente, que el 99% tiene, puede conectarse dentro de una hora.<\/p>\n<p>Simplemente llame a Pronto Power al <span class=\"affiliatecode\">844.621.2852<\/span> para unirse gratis ahora.<\/p>","protected":false},"excerpt":{"rendered":"<p>\u00bfPara qui\u00e9n est\u00e1 trabajando tu representante de todos modos? \u00bfTe miran como un mont\u00f3n de signos de d\u00f3lar o realmente se preocupan por el servicio que brindan? \u00bfQuieren que firmes un contrato y te presionen para que lo firmes lo antes posible? Si es as\u00ed, debes salir de all\u00ed r\u00e1pidamente. Cualquier empresa que haga eso &hellip; <a href=\"https:\/\/powermepronto.com\/es\/arlingtons-cheapest-no-deposit-electricity-with-great-service\/\" class=\"more-link\">Continue reading <span class=\"screen-reader-text\">La Electricidad Sin Dep\u00f3sito M\u00e1s Barata De Arlington Con Un Gran Servicio<\/span><\/a><\/p>\n","protected":false},"author":1,"featured_media":0,"parent":0,"menu_order":0,"comment_status":"closed","ping_status":"closed","template":"","meta":{"_acf_changed":false,"_glsr_average":0,"_glsr_ranking":0,"_glsr_reviews":0,"footnotes":"","_links_to":"","_links_to_target":""},"class_list":["post-1716","page","type-page","status-publish","hentry"],"acf":[],"yoast_head":"<!-- This site is optimized with the Yoast SEO plugin v27.5 - https:\/\/yoast.com\/product\/yoast-seo-wordpress\/ -->\n<title>La Electricidad Sin Dep\u00f3sito M\u00e1s Barata De Arlington Con Un Gran Servicio - Pronto Power<\/title>\n<meta name=\"description\" content=\"[:en]Yep. The cheapest rates are yours at Pronto Power. And you also get great customer service too. No contract. No hidden fees. No deposit. Call 844.621.2852 [:es]S\u00ed. Las tarifas m\u00e1s baratas son suyas en Pronto Power. Y tambi\u00e9n obtienes un excelente servicio al cliente. Sin contrato. Sin cuotas escondidas. No hay dep\u00f3sito. Llama al 844.621.2852.[:]\" \/>\n<meta name=\"robots\" content=\"index, follow, max-snippet:-1, max-image-preview:large, max-video-preview:-1\" \/>\n<link rel=\"canonical\" href=\"https:\/\/powermepronto.com\/arlingtons-cheapest-no-deposit-electricity-with-great-service\/\" \/>\n<meta property=\"og:locale\" content=\"es_ES\" \/>\n<meta property=\"og:type\" content=\"article\" \/>\n<meta property=\"og:title\" content=\"[:en]Arlington\u2019s Cheapest No-Deposit Electricity with Great Service[:es]La Electricidad Sin Dep\u00f3sito M\u00e1s Barata De Arlington Con Un Gran Servicio[:] - Pronto Power\" \/>\n<meta property=\"og:description\" content=\"[:en]Yep. The cheapest rates are yours at Pronto Power. And you also get great customer service too. No contract. No hidden fees. No deposit. Call 844.621.2852 [:es]S\u00ed. Las tarifas m\u00e1s baratas son suyas en Pronto Power. Y tambi\u00e9n obtienes un excelente servicio al cliente. Sin contrato. Sin cuotas escondidas. No hay dep\u00f3sito. Llama al 844.621.2852.[:]\" \/>\n<meta property=\"og:url\" content=\"https:\/\/powermepronto.com\/arlingtons-cheapest-no-deposit-electricity-with-great-service\/\" \/>\n<meta property=\"og:site_name\" content=\"Pronto Power\" \/>\n<meta property=\"article:modified_time\" content=\"2022-12-21T09:55:39+00:00\" \/>\n<meta name=\"twitter:card\" content=\"summary_large_image\" \/>\n<meta name=\"twitter:label1\" content=\"Tiempo de lectura\" \/>\n\t<meta name=\"twitter:data1\" content=\"3 minutos\" \/>\n<script type=\"application\/ld+json\" class=\"yoast-schema-graph\">{\"@context\":\"https:\\\/\\\/schema.org\",\"@graph\":[{\"@type\":\"WebPage\",\"@id\":\"https:\\\/\\\/powermepronto.com\\\/arlingtons-cheapest-no-deposit-electricity-with-great-service\\\/\",\"url\":\"https:\\\/\\\/powermepronto.com\\\/arlingtons-cheapest-no-deposit-electricity-with-great-service\\\/\",\"name\":\"[:en]Arlington\u2019s Cheapest No-Deposit Electricity with Great Service[:es]La Electricidad Sin Dep\u00f3sito M\u00e1s Barata De Arlington Con Un Gran Servicio[:] - Pronto Power\",\"isPartOf\":{\"@id\":\"https:\\\/\\\/powermepronto.com\\\/en\\\/#website\"},\"datePublished\":\"2019-10-27T22:54:28+00:00\",\"dateModified\":\"2022-12-21T09:55:39+00:00\",\"description\":\"[:en]Yep. The cheapest rates are yours at Pronto Power. And you also get great customer service too. No contract. No hidden fees. No deposit. Call 844.621.2852 [:es]S\u00ed. Las tarifas m\u00e1s baratas son suyas en Pronto Power. Y tambi\u00e9n obtienes un excelente servicio al cliente. Sin contrato. Sin cuotas escondidas. No hay dep\u00f3sito. Llama al 844.621.2852.[:]\",\"breadcrumb\":{\"@id\":\"https:\\\/\\\/powermepronto.com\\\/arlingtons-cheapest-no-deposit-electricity-with-great-service\\\/#breadcrumb\"},\"inLanguage\":\"es\",\"potentialAction\":[{\"@type\":\"ReadAction\",\"target\":[\"https:\\\/\\\/powermepronto.com\\\/arlingtons-cheapest-no-deposit-electricity-with-great-service\\\/\"]}]},{\"@type\":\"BreadcrumbList\",\"@id\":\"https:\\\/\\\/powermepronto.com\\\/arlingtons-cheapest-no-deposit-electricity-with-great-service\\\/#breadcrumb\",\"itemListElement\":[{\"@type\":\"ListItem\",\"position\":1,\"name\":\"Home\",\"item\":\"https:\\\/\\\/powermepronto.com\\\/en\\\/\"},{\"@type\":\"ListItem\",\"position\":2,\"name\":\"Arlington\u2019s Cheapest No-Deposit Electricity with Great Service\"}]},{\"@type\":\"WebSite\",\"@id\":\"https:\\\/\\\/powermepronto.com\\\/en\\\/#website\",\"url\":\"https:\\\/\\\/powermepronto.com\\\/en\\\/\",\"name\":\"Pronto Power\",\"description\":\"\",\"potentialAction\":[{\"@type\":\"SearchAction\",\"target\":{\"@type\":\"EntryPoint\",\"urlTemplate\":\"https:\\\/\\\/powermepronto.com\\\/en\\\/?s={search_term_string}\"},\"query-input\":{\"@type\":\"PropertyValueSpecification\",\"valueRequired\":true,\"valueName\":\"search_term_string\"}}],\"inLanguage\":\"es\"}]}<\/script>\n<!-- \/ Yoast SEO plugin. -->","yoast_head_json":{"title":"[:en]Arlington\u2019s Cheapest No-Deposit Electricity with Great Service[:es]La Electricidad Sin Dep\u00f3sito M\u00e1s Barata De Arlington Con Un Gran Servicio[:] - Pronto Power","description":"[:en]Yep. The cheapest rates are yours at Pronto Power. And you also get great customer service too. No contract. No hidden fees. No deposit. Call 844.621.2852 [:es]S\u00ed. Las tarifas m\u00e1s baratas son suyas en Pronto Power. Y tambi\u00e9n obtienes un excelente servicio al cliente. Sin contrato. Sin cuotas escondidas. No hay dep\u00f3sito. Llama al 844.621.2852.[:]","robots":{"index":"index","follow":"follow","max-snippet":"max-snippet:-1","max-image-preview":"max-image-preview:large","max-video-preview":"max-video-preview:-1"},"canonical":"https:\/\/powermepronto.com\/arlingtons-cheapest-no-deposit-electricity-with-great-service\/","og_locale":"es_ES","og_type":"article","og_title":"[:en]Arlington\u2019s Cheapest No-Deposit Electricity with Great Service[:es]La Electricidad Sin Dep\u00f3sito M\u00e1s Barata De Arlington Con Un Gran Servicio[:] - Pronto Power","og_description":"[:en]Yep. The cheapest rates are yours at Pronto Power. And you also get great customer service too. No contract. No hidden fees. No deposit. Call 844.621.2852 [:es]S\u00ed. Las tarifas m\u00e1s baratas son suyas en Pronto Power. Y tambi\u00e9n obtienes un excelente servicio al cliente. Sin contrato. Sin cuotas escondidas. No hay dep\u00f3sito. Llama al 844.621.2852.[:]","og_url":"https:\/\/powermepronto.com\/arlingtons-cheapest-no-deposit-electricity-with-great-service\/","og_site_name":"Pronto Power","article_modified_time":"2022-12-21T09:55:39+00:00","twitter_card":"summary_large_image","twitter_misc":{"Tiempo de lectura":"3 minutos"},"schema":{"@context":"https:\/\/schema.org","@graph":[{"@type":"WebPage","@id":"https:\/\/powermepronto.com\/arlingtons-cheapest-no-deposit-electricity-with-great-service\/","url":"https:\/\/powermepronto.com\/arlingtons-cheapest-no-deposit-electricity-with-great-service\/","name":"[:en]Arlington\u2019s Cheapest No-Deposit Electricity with Great Service[:es]La Electricidad Sin Dep\u00f3sito M\u00e1s Barata De Arlington Con Un Gran Servicio[:] - Pronto Power","isPartOf":{"@id":"https:\/\/powermepronto.com\/en\/#website"},"datePublished":"2019-10-27T22:54:28+00:00","dateModified":"2022-12-21T09:55:39+00:00","description":"[:en]Yep. The cheapest rates are yours at Pronto Power. And you also get great customer service too. No contract. No hidden fees. No deposit. Call 844.621.2852 [:es]S\u00ed. Las tarifas m\u00e1s baratas son suyas en Pronto Power. Y tambi\u00e9n obtienes un excelente servicio al cliente. Sin contrato. Sin cuotas escondidas. No hay dep\u00f3sito. Llama al 844.621.2852.[:]","breadcrumb":{"@id":"https:\/\/powermepronto.com\/arlingtons-cheapest-no-deposit-electricity-with-great-service\/#breadcrumb"},"inLanguage":"es","potentialAction":[{"@type":"ReadAction","target":["https:\/\/powermepronto.com\/arlingtons-cheapest-no-deposit-electricity-with-great-service\/"]}]},{"@type":"BreadcrumbList","@id":"https:\/\/powermepronto.com\/arlingtons-cheapest-no-deposit-electricity-with-great-service\/#breadcrumb","itemListElement":[{"@type":"ListItem","position":1,"name":"Home","item":"https:\/\/powermepronto.com\/en\/"},{"@type":"ListItem","position":2,"name":"Arlington\u2019s Cheapest No-Deposit Electricity with Great Service"}]},{"@type":"WebSite","@id":"https:\/\/powermepronto.com\/en\/#website","url":"https:\/\/powermepronto.com\/en\/","name":"Pronto Power","description":"","potentialAction":[{"@type":"SearchAction","target":{"@type":"EntryPoint","urlTemplate":"https:\/\/powermepronto.com\/en\/?s={search_term_string}"},"query-input":{"@type":"PropertyValueSpecification","valueRequired":true,"valueName":"search_term_string"}}],"inLanguage":"es"}]}},"_links":{"self":[{"href":"https:\/\/powermepronto.com\/es\/wp-json\/wp\/v2\/pages\/1716","targetHints":{"allow":["GET"]}}],"collection":[{"href":"https:\/\/powermepronto.com\/es\/wp-json\/wp\/v2\/pages"}],"about":[{"href":"https:\/\/powermepronto.com\/es\/wp-json\/wp\/v2\/types\/page"}],"author":[{"embeddable":true,"href":"https:\/\/powermepronto.com\/es\/wp-json\/wp\/v2\/users\/1"}],"replies":[{"embeddable":true,"href":"https:\/\/powermepronto.com\/es\/wp-json\/wp\/v2\/comments?post=1716"}],"version-history":[{"count":4,"href":"https:\/\/powermepronto.com\/es\/wp-json\/wp\/v2\/pages\/1716\/revisions"}],"predecessor-version":[{"id":3471,"href":"https:\/\/powermepronto.com\/es\/wp-json\/wp\/v2\/pages\/1716\/revisions\/3471"}],"wp:attachment":[{"href":"https:\/\/powermepronto.com\/es\/wp-json\/wp\/v2\/media?parent=1716"}],"curies":[{"name":"wp","href":"https:\/\/api.w.org\/{rel}","templated":true}]}}