{"id":1652,"date":"2019-09-30T15:15:35","date_gmt":"2019-09-30T15:15:35","guid":{"rendered":"http:\/\/www.powermepronto.com\/?page_id=1652"},"modified":"2022-12-21T05:31:37","modified_gmt":"2022-12-21T11:31:37","slug":"the-cheapest-no-deposit-electric-in-roanoke-no-contract","status":"publish","type":"page","link":"https:\/\/powermepronto.com\/es\/the-cheapest-no-deposit-electric-in-roanoke-no-contract\/","title":{"rendered":"El m\u00e1s barato sin dep\u00f3sito el\u00e9ctrico en Roanoke &#8211; \u00a1Sin contrato!"},"content":{"rendered":"<p><img loading=\"lazy\" decoding=\"async\" src=\"http:\/\/www.powermepronto.com\/wp-content\/uploads\/2018\/07\/bigstock-Cf-Dollar-2863411-300x203.jpg\" alt=\"\" width=\"300\" height=\"203\" class=\"alignright size-medium wp-image-801\" srcset=\"https:\/\/powermepronto.com\/wp-content\/uploads\/2018\/07\/bigstock-Cf-Dollar-2863411-300x203.jpg 300w, https:\/\/powermepronto.com\/wp-content\/uploads\/2018\/07\/bigstock-Cf-Dollar-2863411-768x520.jpg 768w, https:\/\/powermepronto.com\/wp-content\/uploads\/2018\/07\/bigstock-Cf-Dollar-2863411.jpg 1000w\" sizes=\"auto, (max-width: 300px) 100vw, 300px\" \/>\u00bfEst\u00e1s harto y cansado de ser pisoteado por los REP y todos tus otros servicios que no pueden esperar para sacarte la mayor cantidad de dinero posible cada mes?<\/p>\n<p>Tarifas sorpresa. El servicio al cliente te transfiere en c\u00edrculos.<\/p>\n<p>&#8230;\u00a1A nadie le importa!<\/p>\n<p>Y si eres como la mayor\u00eda de las personas, ya te est\u00e1s arrancando el pelo de la cabeza.<\/p>\n<p>Esto est\u00e1 por encima de todo lo dem\u00e1s con lo que tiene que lidiar en la vida, como su jefe y su trabajo, el auto averiado y el mal comportamiento de sus hijos.<\/p>\n<h2>\u00a1La frustraci\u00f3n termina con Pronto Power! La compa\u00f1\u00eda el\u00e9ctrica m\u00e1s barata sin tarifas ocultas y sin contrato<\/h2>\n<p>S\u00ed. Pronto Power realmente funciona como se anuncia.<\/p>\n<p>Usted paga las tarifas el\u00e9ctricas de prepago m\u00e1s baratas en todo Texas. Nunca paga tarifas ocultas de ning\u00fan tipo.<\/p>\n<p>No firmas un contrato (por lo que no hay riesgo). E incluso puede ahorrar un 20% adicional en comparaci\u00f3n con el t\u00edpico tejano (descubra c\u00f3mo hacerlo en un momento).<\/p>\n<p>Cuando paga por adelantado, paga por adelantado como lo desee: mensual, semanal o incluso diario si es necesario. Siempre que tenga un saldo de cuenta positivo para la 1 PM, su electricidad permanecer\u00e1 encendida.<\/p>\n<p>Y si alguna vez tiene dificultades para pagar, simplemente comun\u00edquese con nuestro amable equipo de servicio al cliente. Les encanta hacer su trabajo y est\u00e1n felices de ayudarlo, \u00a1incluso en las situaciones financieras m\u00e1s dif\u00edciles!<\/p>\n<h2>C\u00f3mo ahorrar un 20% adicional frente a otras compa\u00f1\u00edas el\u00e9ctricas de Texas<\/h2>\n<p>Cuando se une a Pronto Power, obtiene acceso a una herramienta de monitoreo de uso de electricidad en l\u00ednea. Apague su sistema HVAC y observe c\u00f3mo su uso cae en picado al instante.<\/p>\n<p>Luego, use esta herramienta con el tiempo para comprender c\u00f3mo usted y su familia usan la electricidad. Cambia tu comportamiento para maximizar tus ahorros.<\/p>\n<p>\u00a1Y observe c\u00f3mo su factura cae un 20%, o incluso m\u00e1s!<\/p>\n<p>Qu\u00e9 esperas No hay absolutamente ning\u00fan riesgo de unirse a Pronto Power porque no firma un contrato y no paga ninguna tarifa de conexi\u00f3n o desconexi\u00f3n.<\/p>\n<p>Salga en cualquier momento y por cualquier motivo&#8230; \u00a1pero no querr\u00e1!<\/p>\n<p>Llame al <span class=\"affiliatecode\">844.621.2852<\/span> y obtenga acceso a la electricidad sin dep\u00f3sito m\u00e1s barata en Texas dentro de una hora si su hogar tiene un medidor inteligente.<\/p>","protected":false},"excerpt":{"rendered":"<p>\u00bfEst\u00e1s harto y cansado de ser pisoteado por los REP y todos tus otros servicios que no pueden esperar para sacarte la mayor cantidad de dinero posible cada mes? Tarifas sorpresa. El servicio al cliente te transfiere en c\u00edrculos. &#8230;\u00a1A nadie le importa! Y si eres como la mayor\u00eda de las personas, ya te est\u00e1s &hellip; <a href=\"https:\/\/powermepronto.com\/es\/the-cheapest-no-deposit-electric-in-roanoke-no-contract\/\" class=\"more-link\">Continue reading <span class=\"screen-reader-text\">El m\u00e1s barato sin dep\u00f3sito el\u00e9ctrico en Roanoke &#8211; \u00a1Sin contrato!<\/span><\/a><\/p>\n","protected":false},"author":1,"featured_media":0,"parent":0,"menu_order":0,"comment_status":"closed","ping_status":"closed","template":"","meta":{"_acf_changed":false,"_glsr_average":0,"_glsr_ranking":0,"_glsr_reviews":0,"footnotes":"","_links_to":"","_links_to_target":""},"class_list":["post-1652","page","type-page","status-publish","hentry"],"acf":[],"yoast_head":"<!-- This site is optimized with the Yoast SEO plugin v27.4 - https:\/\/yoast.com\/product\/yoast-seo-wordpress\/ -->\n<title>El m\u00e1s barato sin dep\u00f3sito el\u00e9ctrico en Roanoke - \u00a1Sin contrato! - Pronto Power<\/title>\n<meta name=\"description\" content=\"[:en]You better believe it. No deposit. No contract. No hidden fees. And the cheapest rates. Get it all with Pronto Power. Call 844.621.2852 to join free now.[:es]Es mejor que lo creas. No hay dep\u00f3sito. Sin contrato. Sin cuotas escondidas. Y las tarifas m\u00e1s baratas. Cons\u00edguelo todo con Pronto Power. Llama al 844.621.2852 para unirte gratis ahora.[:]\" \/>\n<meta name=\"robots\" content=\"index, follow, max-snippet:-1, max-image-preview:large, max-video-preview:-1\" \/>\n<link rel=\"canonical\" href=\"https:\/\/powermepronto.com\/the-cheapest-no-deposit-electric-in-roanoke-no-contract\/\" \/>\n<meta property=\"og:locale\" content=\"es_ES\" \/>\n<meta property=\"og:type\" content=\"article\" \/>\n<meta property=\"og:title\" content=\"[:en]The Cheapest No-Deposit Electric in Roanoke - No Contract![:es]El m\u00e1s barato sin dep\u00f3sito el\u00e9ctrico en Roanoke - \u00a1Sin contrato![:] - Pronto Power\" \/>\n<meta property=\"og:description\" content=\"[:en]You better believe it. No deposit. No contract. No hidden fees. And the cheapest rates. Get it all with Pronto Power. Call 844.621.2852 to join free now.[:es]Es mejor que lo creas. No hay dep\u00f3sito. Sin contrato. Sin cuotas escondidas. Y las tarifas m\u00e1s baratas. Cons\u00edguelo todo con Pronto Power. Llama al 844.621.2852 para unirte gratis ahora.[:]\" \/>\n<meta property=\"og:url\" content=\"https:\/\/powermepronto.com\/the-cheapest-no-deposit-electric-in-roanoke-no-contract\/\" \/>\n<meta property=\"og:site_name\" content=\"Pronto Power\" \/>\n<meta property=\"article:modified_time\" content=\"2022-12-21T11:31:37+00:00\" \/>\n<meta property=\"og:image\" content=\"http:\/\/www.powermepronto.com\/wp-content\/uploads\/2018\/07\/bigstock-Cf-Dollar-2863411-300x203.jpg\" \/>\n<meta name=\"twitter:card\" content=\"summary_large_image\" \/>\n<meta name=\"twitter:label1\" content=\"Tiempo de lectura\" \/>\n\t<meta name=\"twitter:data1\" content=\"4 minutos\" \/>\n<script type=\"application\/ld+json\" class=\"yoast-schema-graph\">{\"@context\":\"https:\\\/\\\/schema.org\",\"@graph\":[{\"@type\":\"WebPage\",\"@id\":\"https:\\\/\\\/powermepronto.com\\\/the-cheapest-no-deposit-electric-in-roanoke-no-contract\\\/\",\"url\":\"https:\\\/\\\/powermepronto.com\\\/the-cheapest-no-deposit-electric-in-roanoke-no-contract\\\/\",\"name\":\"[:en]The Cheapest No-Deposit Electric in Roanoke - No Contract![:es]El m\u00e1s barato sin dep\u00f3sito el\u00e9ctrico en Roanoke - \u00a1Sin contrato![:] - Pronto Power\",\"isPartOf\":{\"@id\":\"https:\\\/\\\/powermepronto.com\\\/en\\\/#website\"},\"primaryImageOfPage\":{\"@id\":\"https:\\\/\\\/powermepronto.com\\\/the-cheapest-no-deposit-electric-in-roanoke-no-contract\\\/#primaryimage\"},\"image\":{\"@id\":\"https:\\\/\\\/powermepronto.com\\\/the-cheapest-no-deposit-electric-in-roanoke-no-contract\\\/#primaryimage\"},\"thumbnailUrl\":\"http:\\\/\\\/www.powermepronto.com\\\/wp-content\\\/uploads\\\/2018\\\/07\\\/bigstock-Cf-Dollar-2863411-300x203.jpg\",\"datePublished\":\"2019-09-30T15:15:35+00:00\",\"dateModified\":\"2022-12-21T11:31:37+00:00\",\"description\":\"[:en]You better believe it. No deposit. No contract. No hidden fees. And the cheapest rates. Get it all with Pronto Power. Call 844.621.2852 to join free now.[:es]Es mejor que lo creas. No hay dep\u00f3sito. Sin contrato. Sin cuotas escondidas. Y las tarifas m\u00e1s baratas. Cons\u00edguelo todo con Pronto Power. Llama al 844.621.2852 para unirte gratis ahora.[:]\",\"breadcrumb\":{\"@id\":\"https:\\\/\\\/powermepronto.com\\\/the-cheapest-no-deposit-electric-in-roanoke-no-contract\\\/#breadcrumb\"},\"inLanguage\":\"es\",\"potentialAction\":[{\"@type\":\"ReadAction\",\"target\":[\"https:\\\/\\\/powermepronto.com\\\/the-cheapest-no-deposit-electric-in-roanoke-no-contract\\\/\"]}]},{\"@type\":\"ImageObject\",\"inLanguage\":\"es\",\"@id\":\"https:\\\/\\\/powermepronto.com\\\/the-cheapest-no-deposit-electric-in-roanoke-no-contract\\\/#primaryimage\",\"url\":\"http:\\\/\\\/www.powermepronto.com\\\/wp-content\\\/uploads\\\/2018\\\/07\\\/bigstock-Cf-Dollar-2863411-300x203.jpg\",\"contentUrl\":\"http:\\\/\\\/www.powermepronto.com\\\/wp-content\\\/uploads\\\/2018\\\/07\\\/bigstock-Cf-Dollar-2863411-300x203.jpg\"},{\"@type\":\"BreadcrumbList\",\"@id\":\"https:\\\/\\\/powermepronto.com\\\/the-cheapest-no-deposit-electric-in-roanoke-no-contract\\\/#breadcrumb\",\"itemListElement\":[{\"@type\":\"ListItem\",\"position\":1,\"name\":\"Home\",\"item\":\"https:\\\/\\\/powermepronto.com\\\/en\\\/\"},{\"@type\":\"ListItem\",\"position\":2,\"name\":\"The Cheapest No-Deposit Electric in Roanoke &#8211; No Contract!\"}]},{\"@type\":\"WebSite\",\"@id\":\"https:\\\/\\\/powermepronto.com\\\/en\\\/#website\",\"url\":\"https:\\\/\\\/powermepronto.com\\\/en\\\/\",\"name\":\"Pronto Power\",\"description\":\"\",\"potentialAction\":[{\"@type\":\"SearchAction\",\"target\":{\"@type\":\"EntryPoint\",\"urlTemplate\":\"https:\\\/\\\/powermepronto.com\\\/en\\\/?s={search_term_string}\"},\"query-input\":{\"@type\":\"PropertyValueSpecification\",\"valueRequired\":true,\"valueName\":\"search_term_string\"}}],\"inLanguage\":\"es\"}]}<\/script>\n<!-- \/ Yoast SEO plugin. -->","yoast_head_json":{"title":"[:en]The Cheapest No-Deposit Electric in Roanoke - No Contract![:es]El m\u00e1s barato sin dep\u00f3sito el\u00e9ctrico en Roanoke - \u00a1Sin contrato![:] - Pronto Power","description":"[:en]You better believe it. No deposit. No contract. No hidden fees. And the cheapest rates. Get it all with Pronto Power. Call 844.621.2852 to join free now.[:es]Es mejor que lo creas. No hay dep\u00f3sito. Sin contrato. Sin cuotas escondidas. Y las tarifas m\u00e1s baratas. Cons\u00edguelo todo con Pronto Power. Llama al 844.621.2852 para unirte gratis ahora.[:]","robots":{"index":"index","follow":"follow","max-snippet":"max-snippet:-1","max-image-preview":"max-image-preview:large","max-video-preview":"max-video-preview:-1"},"canonical":"https:\/\/powermepronto.com\/the-cheapest-no-deposit-electric-in-roanoke-no-contract\/","og_locale":"es_ES","og_type":"article","og_title":"[:en]The Cheapest No-Deposit Electric in Roanoke - No Contract![:es]El m\u00e1s barato sin dep\u00f3sito el\u00e9ctrico en Roanoke - \u00a1Sin contrato![:] - Pronto Power","og_description":"[:en]You better believe it. No deposit. No contract. No hidden fees. And the cheapest rates. Get it all with Pronto Power. Call 844.621.2852 to join free now.[:es]Es mejor que lo creas. No hay dep\u00f3sito. Sin contrato. Sin cuotas escondidas. Y las tarifas m\u00e1s baratas. Cons\u00edguelo todo con Pronto Power. Llama al 844.621.2852 para unirte gratis ahora.[:]","og_url":"https:\/\/powermepronto.com\/the-cheapest-no-deposit-electric-in-roanoke-no-contract\/","og_site_name":"Pronto Power","article_modified_time":"2022-12-21T11:31:37+00:00","og_image":[{"url":"http:\/\/www.powermepronto.com\/wp-content\/uploads\/2018\/07\/bigstock-Cf-Dollar-2863411-300x203.jpg","type":"","width":"","height":""}],"twitter_card":"summary_large_image","twitter_misc":{"Tiempo de lectura":"4 minutos"},"schema":{"@context":"https:\/\/schema.org","@graph":[{"@type":"WebPage","@id":"https:\/\/powermepronto.com\/the-cheapest-no-deposit-electric-in-roanoke-no-contract\/","url":"https:\/\/powermepronto.com\/the-cheapest-no-deposit-electric-in-roanoke-no-contract\/","name":"[:en]The Cheapest No-Deposit Electric in Roanoke - No Contract![:es]El m\u00e1s barato sin dep\u00f3sito el\u00e9ctrico en Roanoke - \u00a1Sin contrato![:] - Pronto Power","isPartOf":{"@id":"https:\/\/powermepronto.com\/en\/#website"},"primaryImageOfPage":{"@id":"https:\/\/powermepronto.com\/the-cheapest-no-deposit-electric-in-roanoke-no-contract\/#primaryimage"},"image":{"@id":"https:\/\/powermepronto.com\/the-cheapest-no-deposit-electric-in-roanoke-no-contract\/#primaryimage"},"thumbnailUrl":"http:\/\/www.powermepronto.com\/wp-content\/uploads\/2018\/07\/bigstock-Cf-Dollar-2863411-300x203.jpg","datePublished":"2019-09-30T15:15:35+00:00","dateModified":"2022-12-21T11:31:37+00:00","description":"[:en]You better believe it. No deposit. No contract. No hidden fees. And the cheapest rates. Get it all with Pronto Power. Call 844.621.2852 to join free now.[:es]Es mejor que lo creas. No hay dep\u00f3sito. Sin contrato. Sin cuotas escondidas. Y las tarifas m\u00e1s baratas. Cons\u00edguelo todo con Pronto Power. Llama al 844.621.2852 para unirte gratis ahora.[:]","breadcrumb":{"@id":"https:\/\/powermepronto.com\/the-cheapest-no-deposit-electric-in-roanoke-no-contract\/#breadcrumb"},"inLanguage":"es","potentialAction":[{"@type":"ReadAction","target":["https:\/\/powermepronto.com\/the-cheapest-no-deposit-electric-in-roanoke-no-contract\/"]}]},{"@type":"ImageObject","inLanguage":"es","@id":"https:\/\/powermepronto.com\/the-cheapest-no-deposit-electric-in-roanoke-no-contract\/#primaryimage","url":"http:\/\/www.powermepronto.com\/wp-content\/uploads\/2018\/07\/bigstock-Cf-Dollar-2863411-300x203.jpg","contentUrl":"http:\/\/www.powermepronto.com\/wp-content\/uploads\/2018\/07\/bigstock-Cf-Dollar-2863411-300x203.jpg"},{"@type":"BreadcrumbList","@id":"https:\/\/powermepronto.com\/the-cheapest-no-deposit-electric-in-roanoke-no-contract\/#breadcrumb","itemListElement":[{"@type":"ListItem","position":1,"name":"Home","item":"https:\/\/powermepronto.com\/en\/"},{"@type":"ListItem","position":2,"name":"The Cheapest No-Deposit Electric in Roanoke &#8211; No Contract!"}]},{"@type":"WebSite","@id":"https:\/\/powermepronto.com\/en\/#website","url":"https:\/\/powermepronto.com\/en\/","name":"Pronto Power","description":"","potentialAction":[{"@type":"SearchAction","target":{"@type":"EntryPoint","urlTemplate":"https:\/\/powermepronto.com\/en\/?s={search_term_string}"},"query-input":{"@type":"PropertyValueSpecification","valueRequired":true,"valueName":"search_term_string"}}],"inLanguage":"es"}]}},"_links":{"self":[{"href":"https:\/\/powermepronto.com\/es\/wp-json\/wp\/v2\/pages\/1652","targetHints":{"allow":["GET"]}}],"collection":[{"href":"https:\/\/powermepronto.com\/es\/wp-json\/wp\/v2\/pages"}],"about":[{"href":"https:\/\/powermepronto.com\/es\/wp-json\/wp\/v2\/types\/page"}],"author":[{"embeddable":true,"href":"https:\/\/powermepronto.com\/es\/wp-json\/wp\/v2\/users\/1"}],"replies":[{"embeddable":true,"href":"https:\/\/powermepronto.com\/es\/wp-json\/wp\/v2\/comments?post=1652"}],"version-history":[{"count":4,"href":"https:\/\/powermepronto.com\/es\/wp-json\/wp\/v2\/pages\/1652\/revisions"}],"predecessor-version":[{"id":3563,"href":"https:\/\/powermepronto.com\/es\/wp-json\/wp\/v2\/pages\/1652\/revisions\/3563"}],"wp:attachment":[{"href":"https:\/\/powermepronto.com\/es\/wp-json\/wp\/v2\/media?parent=1652"}],"curies":[{"name":"wp","href":"https:\/\/api.w.org\/{rel}","templated":true}]}}