{"id":1650,"date":"2019-09-30T15:13:02","date_gmt":"2019-09-30T15:13:02","guid":{"rendered":"http:\/\/www.powermepronto.com\/?page_id=1650"},"modified":"2019-10-09T19:02:41","modified_gmt":"2019-10-09T19:02:41","slug":"saginaw-no-deposit-power-company-with-the-cheapest-rates","status":"publish","type":"page","link":"https:\/\/powermepronto.com\/es\/saginaw-no-deposit-power-company-with-the-cheapest-rates\/","title":{"rendered":"Saginaw, compa\u00f1\u00eda de energ\u00eda sin dep\u00f3sito con las tarifas m\u00e1s baratas"},"content":{"rendered":"<p><img loading=\"lazy\" decoding=\"async\" src=\"http:\/\/www.powermepronto.com\/wp-content\/uploads\/2018\/10\/bigstock-144219044-300x200.jpg\" alt=\"\" width=\"300\" height=\"200\" class=\"alignright size-medium wp-image-1050\" srcset=\"https:\/\/powermepronto.com\/wp-content\/uploads\/2018\/10\/bigstock-144219044-300x200.jpg 300w, https:\/\/powermepronto.com\/wp-content\/uploads\/2018\/10\/bigstock-144219044-768x512.jpg 768w, https:\/\/powermepronto.com\/wp-content\/uploads\/2018\/10\/bigstock-144219044.jpg 1000w\" sizes=\"auto, (max-width: 300px) 100vw, 300px\" \/>\u00bfAlguna vez sinti\u00f3 que era solo un n\u00famero para su Representante?<\/p>\n<p>\u00bfComo si fuera otra estad\u00edstica que utilizan para extraer la mayor cantidad de dinero posible para que sus ejecutivos puedan maximizar la rentabilidad de la empresa y sus propios salarios?<\/p>\n<p>No estas solo.<\/p>\n<p>La desregulaci\u00f3n del mercado de electricidad de Texas ha llevado a una mezcla de buenos y malos.<\/p>\n<p>Algunas compa\u00f1\u00edas impulsan sus tarifas por las nubes con pr\u00e1cticas de facturaci\u00f3n enga\u00f1osas y tarifas ocultas.<\/p>\n<p>Pero algunos tambi\u00e9n te tratan bien:<\/p>\n<h2>Pronto Power le Ofrece las Tarifas Prepagas M\u00e1s Baratas, Sin Contrato ni Tarifas Ocultas<\/h2>\n<p>S\u00ed. Nuestro objetivo es darle un trato demasiado bueno para ser verdad.<\/p>\n<p>\u00bfPor qu\u00e9?<\/p>\n<p>No estamos interesados en atraer clientes. Es m\u00e1s saludable para nuestro negocio mantenerlo el mayor tiempo posible, e incluso durante toda su vida.<\/p>\n<p>Por eso, obtienes las tarifas prepagas m\u00e1s baratas. Y es por eso que no tiene una verificaci\u00f3n de cr\u00e9dito o identificaci\u00f3n. Y tambi\u00e9n es la raz\u00f3n por la que nunca firma un contrato ni paga tarifas ocultas, a diferencia de muchas otras compa\u00f1\u00edas el\u00e9ctricas de Texas.<\/p>\n<p>Como no firma un contrato ni paga tarifas ocultas, eso tambi\u00e9n significa que no tiene ning\u00fan riesgo. Y eso significa que puedes ir y venir por cualquier momento y por cualquier motivo.<\/p>\n<p>Tambi\u00e9n significa que tenemos que cumplir con las promesas hechas a usted.<\/p>\n<p>Entonces crea una situaci\u00f3n incre\u00edble de ganar-ganar, que es el ideal de los negocios estadounidenses, \u00bfverdad?<\/p>\n<h2>Adem\u00e1s, ahorre un 20% adicional frente a otras compa\u00f1\u00edas de energ\u00eda sin dep\u00f3sito<\/h2>\n<p>Cuando se une a Pronto Power, tiene la oportunidad de ahorrar un 20% adicional en su factura de servicios p\u00fablicos&#8230; \u00a1o incluso m\u00e1s!<\/p>\n<p>Obtendr\u00e1 acceso a nuestro software de monitoreo de uso de electricidad. Simplemente observe c\u00f3mo usted y su familia usan la electricidad con el tiempo y luego cambian su comportamiento.<\/p>\n<p>Tienes control total para ahorrar pr\u00e1cticamente todo lo que quieras.<\/p>\n<p>Y finalmente, nuestro equipo de servicio al cliente no puede esperar para ayudarlo si tiene problemas para pagar. Elaborar\u00e1n un plan de pago con usted para que su electricidad permanezca encendida.<\/p>\n<p>Entonces, \u00bfqu\u00e9 est\u00e1s esperando?<\/p>\n<p>\u00a1Puede obtener todo esto en una hora si llama a Pronto Power al <span class=\"affiliatecode\">844.621.2852<\/span> y se une gratis!<\/p>","protected":false},"excerpt":{"rendered":"<p>\u00bfAlguna vez sinti\u00f3 que era solo un n\u00famero para su Representante? \u00bfComo si fuera otra estad\u00edstica que utilizan para extraer la mayor cantidad de dinero posible para que sus ejecutivos puedan maximizar la rentabilidad de la empresa y sus propios salarios? No estas solo. La desregulaci\u00f3n del mercado de electricidad de Texas ha llevado a &hellip; <a href=\"https:\/\/powermepronto.com\/es\/saginaw-no-deposit-power-company-with-the-cheapest-rates\/\" class=\"more-link\">Continue reading <span class=\"screen-reader-text\">Saginaw, compa\u00f1\u00eda de energ\u00eda sin dep\u00f3sito con las tarifas m\u00e1s baratas<\/span><\/a><\/p>\n","protected":false},"author":1,"featured_media":0,"parent":0,"menu_order":0,"comment_status":"closed","ping_status":"closed","template":"","meta":{"_acf_changed":false,"_glsr_average":0,"_glsr_ranking":0,"_glsr_reviews":0,"footnotes":"","_links_to":"","_links_to_target":""},"class_list":["post-1650","page","type-page","status-publish","hentry"],"acf":[],"yoast_head":"<!-- This site is optimized with the Yoast SEO plugin v27.6 - https:\/\/yoast.com\/product\/yoast-seo-wordpress\/ -->\n<title>Saginaw, compa\u00f1\u00eda de energ\u00eda sin dep\u00f3sito con las tarifas m\u00e1s baratas - Pronto Power<\/title>\n<meta name=\"description\" content=\"Get the cheapest prepaid rates with Pronto Power. No contract. No hidden fees. And customer service who loves to help. Call 844.621.2852 to join free now.\" \/>\n<meta name=\"robots\" content=\"index, follow, max-snippet:-1, max-image-preview:large, max-video-preview:-1\" \/>\n<link rel=\"canonical\" href=\"https:\/\/powermepronto.com\/en\/saginaw-no-deposit-power-company-with-the-cheapest-rates\/\" \/>\n<meta property=\"og:locale\" content=\"es_ES\" \/>\n<meta property=\"og:type\" content=\"article\" \/>\n<meta property=\"og:title\" content=\"[:en]Saginaw No-Deposit Power Company with the Cheapest Rates[:es]Saginaw, compa\u00f1\u00eda de energ\u00eda sin dep\u00f3sito con las tarifas m\u00e1s baratas[:] - Pronto Power\" \/>\n<meta property=\"og:description\" content=\"Get the cheapest prepaid rates with Pronto Power. No contract. No hidden fees. And customer service who loves to help. Call 844.621.2852 to join free now.\" \/>\n<meta property=\"og:url\" content=\"https:\/\/powermepronto.com\/en\/saginaw-no-deposit-power-company-with-the-cheapest-rates\/\" \/>\n<meta property=\"og:site_name\" content=\"Pronto Power\" \/>\n<meta property=\"article:modified_time\" content=\"2019-10-09T19:02:41+00:00\" \/>\n<meta property=\"og:image\" content=\"http:\/\/www.powermepronto.com\/wp-content\/uploads\/2018\/10\/bigstock-144219044-300x200.jpg\" \/>\n<meta name=\"twitter:card\" content=\"summary_large_image\" \/>\n<meta name=\"twitter:label1\" content=\"Tiempo de lectura\" \/>\n\t<meta name=\"twitter:data1\" content=\"4 minutos\" \/>\n<script type=\"application\/ld+json\" class=\"yoast-schema-graph\">{\"@context\":\"https:\\\/\\\/schema.org\",\"@graph\":[{\"@type\":\"WebPage\",\"@id\":\"https:\\\/\\\/powermepronto.com\\\/en\\\/saginaw-no-deposit-power-company-with-the-cheapest-rates\\\/\",\"url\":\"https:\\\/\\\/powermepronto.com\\\/en\\\/saginaw-no-deposit-power-company-with-the-cheapest-rates\\\/\",\"name\":\"[:en]Saginaw No-Deposit Power Company with the Cheapest Rates[:es]Saginaw, compa\u00f1\u00eda de energ\u00eda sin dep\u00f3sito con las tarifas m\u00e1s baratas[:] - Pronto Power\",\"isPartOf\":{\"@id\":\"https:\\\/\\\/powermepronto.com\\\/en\\\/#website\"},\"primaryImageOfPage\":{\"@id\":\"https:\\\/\\\/powermepronto.com\\\/en\\\/saginaw-no-deposit-power-company-with-the-cheapest-rates\\\/#primaryimage\"},\"image\":{\"@id\":\"https:\\\/\\\/powermepronto.com\\\/en\\\/saginaw-no-deposit-power-company-with-the-cheapest-rates\\\/#primaryimage\"},\"thumbnailUrl\":\"http:\\\/\\\/www.powermepronto.com\\\/wp-content\\\/uploads\\\/2018\\\/10\\\/bigstock-144219044-300x200.jpg\",\"datePublished\":\"2019-09-30T15:13:02+00:00\",\"dateModified\":\"2019-10-09T19:02:41+00:00\",\"description\":\"Get the cheapest prepaid rates with Pronto Power. No contract. No hidden fees. And customer service who loves to help. Call 844.621.2852 to join free now.\",\"breadcrumb\":{\"@id\":\"https:\\\/\\\/powermepronto.com\\\/en\\\/saginaw-no-deposit-power-company-with-the-cheapest-rates\\\/#breadcrumb\"},\"inLanguage\":\"es\",\"potentialAction\":[{\"@type\":\"ReadAction\",\"target\":[\"https:\\\/\\\/powermepronto.com\\\/en\\\/saginaw-no-deposit-power-company-with-the-cheapest-rates\\\/\"]}]},{\"@type\":\"ImageObject\",\"inLanguage\":\"es\",\"@id\":\"https:\\\/\\\/powermepronto.com\\\/en\\\/saginaw-no-deposit-power-company-with-the-cheapest-rates\\\/#primaryimage\",\"url\":\"http:\\\/\\\/www.powermepronto.com\\\/wp-content\\\/uploads\\\/2018\\\/10\\\/bigstock-144219044-300x200.jpg\",\"contentUrl\":\"http:\\\/\\\/www.powermepronto.com\\\/wp-content\\\/uploads\\\/2018\\\/10\\\/bigstock-144219044-300x200.jpg\"},{\"@type\":\"BreadcrumbList\",\"@id\":\"https:\\\/\\\/powermepronto.com\\\/en\\\/saginaw-no-deposit-power-company-with-the-cheapest-rates\\\/#breadcrumb\",\"itemListElement\":[{\"@type\":\"ListItem\",\"position\":1,\"name\":\"Home\",\"item\":\"https:\\\/\\\/powermepronto.com\\\/en\\\/\"},{\"@type\":\"ListItem\",\"position\":2,\"name\":\"Saginaw No-Deposit Power Company with the Cheapest Rates\"}]},{\"@type\":\"WebSite\",\"@id\":\"https:\\\/\\\/powermepronto.com\\\/en\\\/#website\",\"url\":\"https:\\\/\\\/powermepronto.com\\\/en\\\/\",\"name\":\"Pronto Power\",\"description\":\"\",\"potentialAction\":[{\"@type\":\"SearchAction\",\"target\":{\"@type\":\"EntryPoint\",\"urlTemplate\":\"https:\\\/\\\/powermepronto.com\\\/en\\\/?s={search_term_string}\"},\"query-input\":{\"@type\":\"PropertyValueSpecification\",\"valueRequired\":true,\"valueName\":\"search_term_string\"}}],\"inLanguage\":\"es\"}]}<\/script>\n<!-- \/ Yoast SEO plugin. -->","yoast_head_json":{"title":"[:en]Saginaw No-Deposit Power Company with the Cheapest Rates[:es]Saginaw, compa\u00f1\u00eda de energ\u00eda sin dep\u00f3sito con las tarifas m\u00e1s baratas[:] - Pronto Power","description":"Get the cheapest prepaid rates with Pronto Power. No contract. No hidden fees. And customer service who loves to help. Call 844.621.2852 to join free now.","robots":{"index":"index","follow":"follow","max-snippet":"max-snippet:-1","max-image-preview":"max-image-preview:large","max-video-preview":"max-video-preview:-1"},"canonical":"https:\/\/powermepronto.com\/en\/saginaw-no-deposit-power-company-with-the-cheapest-rates\/","og_locale":"es_ES","og_type":"article","og_title":"[:en]Saginaw No-Deposit Power Company with the Cheapest Rates[:es]Saginaw, compa\u00f1\u00eda de energ\u00eda sin dep\u00f3sito con las tarifas m\u00e1s baratas[:] - Pronto Power","og_description":"Get the cheapest prepaid rates with Pronto Power. No contract. No hidden fees. And customer service who loves to help. Call 844.621.2852 to join free now.","og_url":"https:\/\/powermepronto.com\/en\/saginaw-no-deposit-power-company-with-the-cheapest-rates\/","og_site_name":"Pronto Power","article_modified_time":"2019-10-09T19:02:41+00:00","og_image":[{"url":"http:\/\/www.powermepronto.com\/wp-content\/uploads\/2018\/10\/bigstock-144219044-300x200.jpg","type":"","width":"","height":""}],"twitter_card":"summary_large_image","twitter_misc":{"Tiempo de lectura":"4 minutos"},"schema":{"@context":"https:\/\/schema.org","@graph":[{"@type":"WebPage","@id":"https:\/\/powermepronto.com\/en\/saginaw-no-deposit-power-company-with-the-cheapest-rates\/","url":"https:\/\/powermepronto.com\/en\/saginaw-no-deposit-power-company-with-the-cheapest-rates\/","name":"[:en]Saginaw No-Deposit Power Company with the Cheapest Rates[:es]Saginaw, compa\u00f1\u00eda de energ\u00eda sin dep\u00f3sito con las tarifas m\u00e1s baratas[:] - Pronto Power","isPartOf":{"@id":"https:\/\/powermepronto.com\/en\/#website"},"primaryImageOfPage":{"@id":"https:\/\/powermepronto.com\/en\/saginaw-no-deposit-power-company-with-the-cheapest-rates\/#primaryimage"},"image":{"@id":"https:\/\/powermepronto.com\/en\/saginaw-no-deposit-power-company-with-the-cheapest-rates\/#primaryimage"},"thumbnailUrl":"http:\/\/www.powermepronto.com\/wp-content\/uploads\/2018\/10\/bigstock-144219044-300x200.jpg","datePublished":"2019-09-30T15:13:02+00:00","dateModified":"2019-10-09T19:02:41+00:00","description":"Get the cheapest prepaid rates with Pronto Power. No contract. No hidden fees. And customer service who loves to help. Call 844.621.2852 to join free now.","breadcrumb":{"@id":"https:\/\/powermepronto.com\/en\/saginaw-no-deposit-power-company-with-the-cheapest-rates\/#breadcrumb"},"inLanguage":"es","potentialAction":[{"@type":"ReadAction","target":["https:\/\/powermepronto.com\/en\/saginaw-no-deposit-power-company-with-the-cheapest-rates\/"]}]},{"@type":"ImageObject","inLanguage":"es","@id":"https:\/\/powermepronto.com\/en\/saginaw-no-deposit-power-company-with-the-cheapest-rates\/#primaryimage","url":"http:\/\/www.powermepronto.com\/wp-content\/uploads\/2018\/10\/bigstock-144219044-300x200.jpg","contentUrl":"http:\/\/www.powermepronto.com\/wp-content\/uploads\/2018\/10\/bigstock-144219044-300x200.jpg"},{"@type":"BreadcrumbList","@id":"https:\/\/powermepronto.com\/en\/saginaw-no-deposit-power-company-with-the-cheapest-rates\/#breadcrumb","itemListElement":[{"@type":"ListItem","position":1,"name":"Home","item":"https:\/\/powermepronto.com\/en\/"},{"@type":"ListItem","position":2,"name":"Saginaw No-Deposit Power Company with the Cheapest Rates"}]},{"@type":"WebSite","@id":"https:\/\/powermepronto.com\/en\/#website","url":"https:\/\/powermepronto.com\/en\/","name":"Pronto Power","description":"","potentialAction":[{"@type":"SearchAction","target":{"@type":"EntryPoint","urlTemplate":"https:\/\/powermepronto.com\/en\/?s={search_term_string}"},"query-input":{"@type":"PropertyValueSpecification","valueRequired":true,"valueName":"search_term_string"}}],"inLanguage":"es"}]}},"_links":{"self":[{"href":"https:\/\/powermepronto.com\/es\/wp-json\/wp\/v2\/pages\/1650","targetHints":{"allow":["GET"]}}],"collection":[{"href":"https:\/\/powermepronto.com\/es\/wp-json\/wp\/v2\/pages"}],"about":[{"href":"https:\/\/powermepronto.com\/es\/wp-json\/wp\/v2\/types\/page"}],"author":[{"embeddable":true,"href":"https:\/\/powermepronto.com\/es\/wp-json\/wp\/v2\/users\/1"}],"replies":[{"embeddable":true,"href":"https:\/\/powermepronto.com\/es\/wp-json\/wp\/v2\/comments?post=1650"}],"version-history":[{"count":3,"href":"https:\/\/powermepronto.com\/es\/wp-json\/wp\/v2\/pages\/1650\/revisions"}],"predecessor-version":[{"id":1702,"href":"https:\/\/powermepronto.com\/es\/wp-json\/wp\/v2\/pages\/1650\/revisions\/1702"}],"wp:attachment":[{"href":"https:\/\/powermepronto.com\/es\/wp-json\/wp\/v2\/media?parent=1650"}],"curies":[{"name":"wp","href":"https:\/\/api.w.org\/{rel}","templated":true}]}}