{"id":1538,"date":"2019-08-04T22:24:22","date_gmt":"2019-08-04T22:24:22","guid":{"rendered":"http:\/\/www.powermepronto.com\/?page_id=1538"},"modified":"2019-09-02T22:39:35","modified_gmt":"2019-09-02T22:39:35","slug":"mesquite-no-deposit-power-company-no-risk-cancel-anytime","status":"publish","type":"page","link":"https:\/\/powermepronto.com\/es\/mesquite-no-deposit-power-company-no-risk-cancel-anytime\/","title":{"rendered":"Mesquite Compa\u00f1\u00eda sin dep\u00f3sito el\u00e9ctrico- Sin riesgo. Cancela  en cualquier momento."},"content":{"rendered":"<p>Has le\u00eddo bien el titular. No hay absolutamente ning\u00fan riesgo cuando elige Pronto Power. Y puede cancelar en cualquier momento y por cualquier motivo.<\/p>\n<p>Eso es porque no firmas un contrato. Y no pagas ninguna tarifa<\/p>\n<p>No hay dep\u00f3sito Sin tarifas de conexi\u00f3n. Sin tarifas de desconexi\u00f3n.<\/p>\n<p>Las tarifas de electricidad prepagas m\u00e1s baratas disponibles en Mesquite son simplemente suyas. Todo lo que tienes que hacer es actuar.<\/p>\n<p>Si lo piensa, eso nos obliga a ofrecerle un servicio incre\u00edble y cumplir con todas las promesas anteriores. Porque si no lo hacemos, puede ir a cualquier otro lugar que desee con solo una llamada.<\/p>\n<h2>\u00bfC\u00f3mo funciona Pronto Power?<\/h2>\n<p>A diferencia de otras compa\u00f1\u00edas el\u00e9ctricas en Texas, nuestro objetivo es mantenerlo como cliente a largo plazo.<\/p>\n<p>Eso significa que realmente obtienes las tarifas prepagas m\u00e1s baratas. Y no paga ninguna tarifa de ning\u00fan tipo, siempre que realice sus pagos a tiempo.<\/p>\n<p>Por cierto, pagar tambi\u00e9n es f\u00e1cil. Puedes pagar como quieras (mensual, semanal o incluso diario). Puede recibir notificaciones diarias por correo electr\u00f3nico o mensaje de texto (o ambos) a las 7 a.m. que le recuerdan el saldo de su cuenta<\/p>\n<p>De esa manera, sabr\u00e1 cu\u00e1ndo necesita agregar m\u00e1s fondos a su cuenta prepaga. Mientras mantenga el saldo de su cuenta positivo con un solo centavo, su electricidad permanecer\u00e1 encendida.<\/p>\n<p>\u00bfY qu\u00e9 pasa si tienes dificultades para pagar?<\/p>\n<p>No hay problema. Simplemente llame a nuestro amigable equipo de servicio al cliente. Los representantes est\u00e1n capacitados para ayudarlo a crear un plan de pago que lo ayude incluso a superar las peores dificultades financieras.<\/p>\n<h2>Adem\u00e1s, ahorre un 20% adicional<\/h2>\n<p>Ahora, esta parte es completamente suya. Cuando se une a Pronto Power, obtiene acceso a nuestra herramienta de monitoreo de uso de electricidad en tiempo real, que muestra los datos de su medidor inteligente.<\/p>\n<p>Apaga una luz y observa c\u00f3mo disminuye tu uso.<\/p>\n<p>Luego, estudie c\u00f3mo usa la electricidad y cambie su comportamiento. Muchos de nuestros clientes hacen esto para ahorrar un 20% m\u00e1s en sus facturas de electricidad.<\/p>\n<p>Mira, no encontrar\u00e1s una experiencia mejor que la que obtienes con Pronto Power.<\/p>\n<p>Llame al <span class=\"affiliatecode\">844.621.2852<\/span> para inscribirse gratis ahora y obtener acceso a las tarifas el\u00e9ctricas prepagas m\u00e1s baratas en una hora.<\/p>","protected":false},"excerpt":{"rendered":"<p>Has le\u00eddo bien el titular. No hay absolutamente ning\u00fan riesgo cuando elige Pronto Power. Y puede cancelar en cualquier momento y por cualquier motivo. Eso es porque no firmas un contrato. Y no pagas ninguna tarifa No hay dep\u00f3sito Sin tarifas de conexi\u00f3n. Sin tarifas de desconexi\u00f3n. Las tarifas de electricidad prepagas m\u00e1s baratas disponibles &hellip; <a href=\"https:\/\/powermepronto.com\/es\/mesquite-no-deposit-power-company-no-risk-cancel-anytime\/\" class=\"more-link\">Continue reading <span class=\"screen-reader-text\">Mesquite Compa\u00f1\u00eda sin dep\u00f3sito el\u00e9ctrico- Sin riesgo. Cancela  en cualquier momento.<\/span><\/a><\/p>\n","protected":false},"author":1,"featured_media":0,"parent":0,"menu_order":0,"comment_status":"closed","ping_status":"closed","template":"","meta":{"_acf_changed":false,"_glsr_average":0,"_glsr_ranking":0,"_glsr_reviews":0,"footnotes":"","_links_to":"","_links_to_target":""},"class_list":["post-1538","page","type-page","status-publish","hentry"],"acf":[],"yoast_head":"<!-- This site is optimized with the Yoast SEO plugin v27.4 - https:\/\/yoast.com\/product\/yoast-seo-wordpress\/ -->\n<title>Mesquite Compa\u00f1\u00eda sin dep\u00f3sito el\u00e9ctrico- Sin riesgo. Cancela en cualquier momento.<\/title>\n<meta name=\"description\" content=\"Sin dep\u00f3sito. Sin contrato. Sin cuotas escondidas. Sin riesgo. Cancele en cualquier momento y por cualquier motivo. Pero no querr\u00e1s hacerlo. Obt\u00e9n las tarifas m\u00e1s baratas. 844.621.2852\" \/>\n<meta name=\"robots\" content=\"index, follow, max-snippet:-1, max-image-preview:large, max-video-preview:-1\" \/>\n<link rel=\"canonical\" href=\"https:\/\/powermepronto.com\/es\/mesquite-no-deposit-power-company-no-risk-cancel-anytime\/\" \/>\n<meta property=\"og:locale\" content=\"es_ES\" \/>\n<meta property=\"og:type\" content=\"article\" \/>\n<meta property=\"og:title\" content=\"Mesquite Compa\u00f1\u00eda sin dep\u00f3sito el\u00e9ctrico- Sin riesgo. Cancela en cualquier momento.\" \/>\n<meta property=\"og:description\" content=\"Sin dep\u00f3sito. Sin contrato. Sin cuotas escondidas. Sin riesgo. Cancele en cualquier momento y por cualquier motivo. Pero no querr\u00e1s hacerlo. Obt\u00e9n las tarifas m\u00e1s baratas. 844.621.2852\" \/>\n<meta property=\"og:url\" content=\"https:\/\/powermepronto.com\/es\/mesquite-no-deposit-power-company-no-risk-cancel-anytime\/\" \/>\n<meta property=\"og:site_name\" content=\"Pronto Power\" \/>\n<meta property=\"article:modified_time\" content=\"2019-09-02T22:39:35+00:00\" \/>\n<meta name=\"twitter:card\" content=\"summary_large_image\" \/>\n<meta name=\"twitter:label1\" content=\"Tiempo de lectura\" \/>\n\t<meta name=\"twitter:data1\" content=\"4 minutos\" \/>\n<script type=\"application\/ld+json\" class=\"yoast-schema-graph\">{\"@context\":\"https:\\\/\\\/schema.org\",\"@graph\":[{\"@type\":\"WebPage\",\"@id\":\"https:\\\/\\\/powermepronto.com\\\/es\\\/mesquite-no-deposit-power-company-no-risk-cancel-anytime\\\/\",\"url\":\"https:\\\/\\\/powermepronto.com\\\/es\\\/mesquite-no-deposit-power-company-no-risk-cancel-anytime\\\/\",\"name\":\"Mesquite Compa\u00f1\u00eda sin dep\u00f3sito el\u00e9ctrico- Sin riesgo. Cancela en cualquier momento.\",\"isPartOf\":{\"@id\":\"https:\\\/\\\/powermepronto.com\\\/en\\\/#website\"},\"datePublished\":\"2019-08-04T22:24:22+00:00\",\"dateModified\":\"2019-09-02T22:39:35+00:00\",\"description\":\"Sin dep\u00f3sito. Sin contrato. Sin cuotas escondidas. Sin riesgo. Cancele en cualquier momento y por cualquier motivo. Pero no querr\u00e1s hacerlo. Obt\u00e9n las tarifas m\u00e1s baratas. 844.621.2852\",\"breadcrumb\":{\"@id\":\"https:\\\/\\\/powermepronto.com\\\/es\\\/mesquite-no-deposit-power-company-no-risk-cancel-anytime\\\/#breadcrumb\"},\"inLanguage\":\"es\",\"potentialAction\":[{\"@type\":\"ReadAction\",\"target\":[\"https:\\\/\\\/powermepronto.com\\\/es\\\/mesquite-no-deposit-power-company-no-risk-cancel-anytime\\\/\"]}]},{\"@type\":\"BreadcrumbList\",\"@id\":\"https:\\\/\\\/powermepronto.com\\\/es\\\/mesquite-no-deposit-power-company-no-risk-cancel-anytime\\\/#breadcrumb\",\"itemListElement\":[{\"@type\":\"ListItem\",\"position\":1,\"name\":\"Home\",\"item\":\"https:\\\/\\\/powermepronto.com\\\/en\\\/\"},{\"@type\":\"ListItem\",\"position\":2,\"name\":\"Mesquite Compa\u00f1\u00eda sin dep\u00f3sito el\u00e9ctrico- Sin riesgo. Cancela en cualquier momento.\"}]},{\"@type\":\"WebSite\",\"@id\":\"https:\\\/\\\/powermepronto.com\\\/en\\\/#website\",\"url\":\"https:\\\/\\\/powermepronto.com\\\/en\\\/\",\"name\":\"Pronto Power\",\"description\":\"\",\"potentialAction\":[{\"@type\":\"SearchAction\",\"target\":{\"@type\":\"EntryPoint\",\"urlTemplate\":\"https:\\\/\\\/powermepronto.com\\\/en\\\/?s={search_term_string}\"},\"query-input\":{\"@type\":\"PropertyValueSpecification\",\"valueRequired\":true,\"valueName\":\"search_term_string\"}}],\"inLanguage\":\"es\"}]}<\/script>\n<!-- \/ Yoast SEO plugin. -->","yoast_head_json":{"title":"Mesquite Compa\u00f1\u00eda sin dep\u00f3sito el\u00e9ctrico- Sin riesgo. Cancela en cualquier momento.","description":"Sin dep\u00f3sito. Sin contrato. Sin cuotas escondidas. Sin riesgo. Cancele en cualquier momento y por cualquier motivo. Pero no querr\u00e1s hacerlo. Obt\u00e9n las tarifas m\u00e1s baratas. 844.621.2852","robots":{"index":"index","follow":"follow","max-snippet":"max-snippet:-1","max-image-preview":"max-image-preview:large","max-video-preview":"max-video-preview:-1"},"canonical":"https:\/\/powermepronto.com\/es\/mesquite-no-deposit-power-company-no-risk-cancel-anytime\/","og_locale":"es_ES","og_type":"article","og_title":"Mesquite Compa\u00f1\u00eda sin dep\u00f3sito el\u00e9ctrico- Sin riesgo. Cancela en cualquier momento.","og_description":"Sin dep\u00f3sito. Sin contrato. Sin cuotas escondidas. Sin riesgo. Cancele en cualquier momento y por cualquier motivo. Pero no querr\u00e1s hacerlo. Obt\u00e9n las tarifas m\u00e1s baratas. 844.621.2852","og_url":"https:\/\/powermepronto.com\/es\/mesquite-no-deposit-power-company-no-risk-cancel-anytime\/","og_site_name":"Pronto Power","article_modified_time":"2019-09-02T22:39:35+00:00","twitter_card":"summary_large_image","twitter_misc":{"Tiempo de lectura":"4 minutos"},"schema":{"@context":"https:\/\/schema.org","@graph":[{"@type":"WebPage","@id":"https:\/\/powermepronto.com\/es\/mesquite-no-deposit-power-company-no-risk-cancel-anytime\/","url":"https:\/\/powermepronto.com\/es\/mesquite-no-deposit-power-company-no-risk-cancel-anytime\/","name":"Mesquite Compa\u00f1\u00eda sin dep\u00f3sito el\u00e9ctrico- Sin riesgo. Cancela en cualquier momento.","isPartOf":{"@id":"https:\/\/powermepronto.com\/en\/#website"},"datePublished":"2019-08-04T22:24:22+00:00","dateModified":"2019-09-02T22:39:35+00:00","description":"Sin dep\u00f3sito. Sin contrato. Sin cuotas escondidas. Sin riesgo. Cancele en cualquier momento y por cualquier motivo. Pero no querr\u00e1s hacerlo. Obt\u00e9n las tarifas m\u00e1s baratas. 844.621.2852","breadcrumb":{"@id":"https:\/\/powermepronto.com\/es\/mesquite-no-deposit-power-company-no-risk-cancel-anytime\/#breadcrumb"},"inLanguage":"es","potentialAction":[{"@type":"ReadAction","target":["https:\/\/powermepronto.com\/es\/mesquite-no-deposit-power-company-no-risk-cancel-anytime\/"]}]},{"@type":"BreadcrumbList","@id":"https:\/\/powermepronto.com\/es\/mesquite-no-deposit-power-company-no-risk-cancel-anytime\/#breadcrumb","itemListElement":[{"@type":"ListItem","position":1,"name":"Home","item":"https:\/\/powermepronto.com\/en\/"},{"@type":"ListItem","position":2,"name":"Mesquite Compa\u00f1\u00eda sin dep\u00f3sito el\u00e9ctrico- Sin riesgo. Cancela en cualquier momento."}]},{"@type":"WebSite","@id":"https:\/\/powermepronto.com\/en\/#website","url":"https:\/\/powermepronto.com\/en\/","name":"Pronto Power","description":"","potentialAction":[{"@type":"SearchAction","target":{"@type":"EntryPoint","urlTemplate":"https:\/\/powermepronto.com\/en\/?s={search_term_string}"},"query-input":{"@type":"PropertyValueSpecification","valueRequired":true,"valueName":"search_term_string"}}],"inLanguage":"es"}]}},"_links":{"self":[{"href":"https:\/\/powermepronto.com\/es\/wp-json\/wp\/v2\/pages\/1538","targetHints":{"allow":["GET"]}}],"collection":[{"href":"https:\/\/powermepronto.com\/es\/wp-json\/wp\/v2\/pages"}],"about":[{"href":"https:\/\/powermepronto.com\/es\/wp-json\/wp\/v2\/types\/page"}],"author":[{"embeddable":true,"href":"https:\/\/powermepronto.com\/es\/wp-json\/wp\/v2\/users\/1"}],"replies":[{"embeddable":true,"href":"https:\/\/powermepronto.com\/es\/wp-json\/wp\/v2\/comments?post=1538"}],"version-history":[{"count":3,"href":"https:\/\/powermepronto.com\/es\/wp-json\/wp\/v2\/pages\/1538\/revisions"}],"predecessor-version":[{"id":1620,"href":"https:\/\/powermepronto.com\/es\/wp-json\/wp\/v2\/pages\/1538\/revisions\/1620"}],"wp:attachment":[{"href":"https:\/\/powermepronto.com\/es\/wp-json\/wp\/v2\/media?parent=1538"}],"curies":[{"name":"wp","href":"https:\/\/api.w.org\/{rel}","templated":true}]}}