{"id":151,"date":"2017-08-16T19:35:56","date_gmt":"2017-08-16T19:35:56","guid":{"rendered":"\/?page_id=151"},"modified":"2022-12-21T04:01:35","modified_gmt":"2022-12-21T10:01:35","slug":"cheap-electricity-rates-for-everyone","status":"publish","type":"page","link":"https:\/\/powermepronto.com\/es\/cheap-electricity-rates-for-everyone\/","title":{"rendered":"Precios de electricidad baratos para todos"},"content":{"rendered":"<p>Para tener acceso a muchas cosas en esta sociedad, debes tener dinero. Para someterse a una cirug\u00eda, debe pagar por un seguro decente. Para tener una casa bonita, necesita un ingreso estable. Para tener un auto genial, debe obtener cierta cantidad de ingresos en su trabajo.<\/p>\n<p>No es broma. Ni una exageraci\u00f3n. No hay cargos ocultos para compensar nuestros precios de electricidad baratos.<\/p>\n<p>Sea que eres un estudiante universitario, una persona major, un inmigrante o simplemente estas en un lugar financiero realmente complicado. Todo eso y tu historial de cr\u00e9dito no importa ni un poco.<\/p>\n<p>No nos importa, nos gustar\u00eda ayudarte!<\/p>\n<h2>C\u00f3mo te proporciona Pronto Power Electricidad barata?<\/h2>\n<p>Al ser un consumidor inteligente, usted sabe que tiene que haber algo para nosotros. Porque, nada en la vida es realmente gratis.<\/p>\n<p>Eres inteligente en pensar eso. A cambio de precios de electricidad bajos para nuestros clientes en situaciones financieras dif\u00edciles, obtenemos m\u00e1s clientes que pagan. Eso hace crecer nuestro negocio, lo que nos hace felices. Y como tu tienes acceso a electricidad barata y servicio excelente sin cargos ocultos, estar\u00e1s feliz.<\/p>\n<p>Los dos ganamos!<\/p>\n<p>Lo hacemos usando pago-por-lo que-usas o \u00abelectricidad prepaga\u00bb, Como quieras llamarlo.<\/p>\n<p>Recibir\u00e1s notificaciones diarias sobre el uso y el saldo de tu cuenta, para que siempre sepas d\u00f3nde te encuentras. Incluso tienes acceso a monitoreo de electricidad en tiempo real para que sepas exactamente lo que est\u00e1s usando en un momento dado. As\u00ed puedes ajustar tu uso al instante para ver tus ahorros.<\/p>\n<p>\u00bfQu\u00e9 pasa si no puedes pagar? Supongamos que se comete un error y no obtiene tu cheque. O tu situaci\u00f3n financiera empeora repentinamente.<\/p>\n<p>No hay ning\u00fan problema. Simplemente ll\u00e1manos y estaremos encantados en ayudarte en ese momento dif\u00edcil.<\/p>\n<h2>Sin contratos &#8211; obt\u00e9n tu electricidad entre la hora!<\/h2>\n<p>Para colmo, no firmas un contrato!<\/p>\n<p>Eso quiere decir que puedes dejar Pronto Power a cualquier momento y por cualquier raz\u00f3n. Y significa que tenemos que cumplir nuestras promesas. As\u00ed que realmente no podemos tener esas tarifas ocultas&#8230; porque te puedes ir en cualquier momento si eso sucediera (lo cual no sucede).<\/p>\n<p>El 99% de las casas con un medidor inteligente se pueden conectar en una hora. Para obtener electricidad barata y sin problemas, elija Pronto Power.<\/p>\n<p>Simplemente llama al <span class=\"affiliatecode\">844.621.2852<\/span> hoy.<\/p>","protected":false},"excerpt":{"rendered":"<p>Para tener acceso a muchas cosas en esta sociedad, debes tener dinero. Para someterse a una cirug\u00eda, debe pagar por un seguro decente. Para tener una casa bonita, necesita un ingreso estable. Para tener un auto genial, debe obtener cierta cantidad de ingresos en su trabajo. No es broma. Ni una exageraci\u00f3n. No hay cargos &hellip; <a href=\"https:\/\/powermepronto.com\/es\/cheap-electricity-rates-for-everyone\/\" class=\"more-link\">Continue reading <span class=\"screen-reader-text\">Precios de electricidad baratos para todos<\/span><\/a><\/p>\n","protected":false},"author":1,"featured_media":0,"parent":0,"menu_order":0,"comment_status":"closed","ping_status":"closed","template":"","meta":{"_acf_changed":false,"_glsr_average":0,"_glsr_ranking":0,"_glsr_reviews":0,"footnotes":"","_links_to":"","_links_to_target":""},"class_list":["post-151","page","type-page","status-publish","hentry"],"acf":[],"yoast_head":"<!-- This site is optimized with the Yoast SEO plugin v27.4 - https:\/\/yoast.com\/product\/yoast-seo-wordpress\/ -->\n<title>Best Prepaid Electric Rates in Texas | Cheap Electric Rates Texas<\/title>\n<meta name=\"description\" content=\"Best Electric Prepaid Rates in Texas, featuring Power Within the Hour. Call Pronto today for Cheap Electricity: 1-844-621-2852.\" \/>\n<meta name=\"robots\" content=\"index, follow, max-snippet:-1, max-image-preview:large, max-video-preview:-1\" \/>\n<link rel=\"canonical\" href=\"https:\/\/powermepronto.com\/cheap-electricity-rates-for-everyone\/\" \/>\n<meta property=\"og:locale\" content=\"es_ES\" \/>\n<meta property=\"og:type\" content=\"article\" \/>\n<meta property=\"og:title\" content=\"Best Prepaid Electric Rates in Texas | Cheap Electric Rates Texas\" \/>\n<meta property=\"og:description\" content=\"Best Electric Prepaid Rates in Texas, featuring Power Within the Hour. Call Pronto today for Cheap Electricity: 1-844-621-2852.\" \/>\n<meta property=\"og:url\" content=\"https:\/\/powermepronto.com\/cheap-electricity-rates-for-everyone\/\" \/>\n<meta property=\"og:site_name\" content=\"Pronto Power\" \/>\n<meta property=\"article:modified_time\" content=\"2022-12-21T10:01:35+00:00\" \/>\n<meta name=\"twitter:card\" content=\"summary_large_image\" \/>\n<meta name=\"twitter:label1\" content=\"Tiempo de lectura\" \/>\n\t<meta name=\"twitter:data1\" content=\"4 minutos\" \/>\n<script type=\"application\/ld+json\" class=\"yoast-schema-graph\">{\"@context\":\"https:\\\/\\\/schema.org\",\"@graph\":[{\"@type\":\"WebPage\",\"@id\":\"https:\\\/\\\/powermepronto.com\\\/cheap-electricity-rates-for-everyone\\\/\",\"url\":\"https:\\\/\\\/powermepronto.com\\\/cheap-electricity-rates-for-everyone\\\/\",\"name\":\"Best Prepaid Electric Rates in Texas | Cheap Electric Rates Texas\",\"isPartOf\":{\"@id\":\"https:\\\/\\\/powermepronto.com\\\/en\\\/#website\"},\"datePublished\":\"2017-08-16T19:35:56+00:00\",\"dateModified\":\"2022-12-21T10:01:35+00:00\",\"description\":\"Best Electric Prepaid Rates in Texas, featuring Power Within the Hour. Call Pronto today for Cheap Electricity: 1-844-621-2852.\",\"breadcrumb\":{\"@id\":\"https:\\\/\\\/powermepronto.com\\\/cheap-electricity-rates-for-everyone\\\/#breadcrumb\"},\"inLanguage\":\"es\",\"potentialAction\":[{\"@type\":\"ReadAction\",\"target\":[\"https:\\\/\\\/powermepronto.com\\\/cheap-electricity-rates-for-everyone\\\/\"]}]},{\"@type\":\"BreadcrumbList\",\"@id\":\"https:\\\/\\\/powermepronto.com\\\/cheap-electricity-rates-for-everyone\\\/#breadcrumb\",\"itemListElement\":[{\"@type\":\"ListItem\",\"position\":1,\"name\":\"Home\",\"item\":\"https:\\\/\\\/powermepronto.com\\\/en\\\/\"},{\"@type\":\"ListItem\",\"position\":2,\"name\":\"Cheap Electricity Rates for Everyone\"}]},{\"@type\":\"WebSite\",\"@id\":\"https:\\\/\\\/powermepronto.com\\\/en\\\/#website\",\"url\":\"https:\\\/\\\/powermepronto.com\\\/en\\\/\",\"name\":\"Pronto Power\",\"description\":\"\",\"potentialAction\":[{\"@type\":\"SearchAction\",\"target\":{\"@type\":\"EntryPoint\",\"urlTemplate\":\"https:\\\/\\\/powermepronto.com\\\/en\\\/?s={search_term_string}\"},\"query-input\":{\"@type\":\"PropertyValueSpecification\",\"valueRequired\":true,\"valueName\":\"search_term_string\"}}],\"inLanguage\":\"es\"}]}<\/script>\n<!-- \/ Yoast SEO plugin. -->","yoast_head_json":{"title":"Best Prepaid Electric Rates in Texas | Cheap Electric Rates Texas","description":"Best Electric Prepaid Rates in Texas, featuring Power Within the Hour. Call Pronto today for Cheap Electricity: 1-844-621-2852.","robots":{"index":"index","follow":"follow","max-snippet":"max-snippet:-1","max-image-preview":"max-image-preview:large","max-video-preview":"max-video-preview:-1"},"canonical":"https:\/\/powermepronto.com\/cheap-electricity-rates-for-everyone\/","og_locale":"es_ES","og_type":"article","og_title":"Best Prepaid Electric Rates in Texas | Cheap Electric Rates Texas","og_description":"Best Electric Prepaid Rates in Texas, featuring Power Within the Hour. Call Pronto today for Cheap Electricity: 1-844-621-2852.","og_url":"https:\/\/powermepronto.com\/cheap-electricity-rates-for-everyone\/","og_site_name":"Pronto Power","article_modified_time":"2022-12-21T10:01:35+00:00","twitter_card":"summary_large_image","twitter_misc":{"Tiempo de lectura":"4 minutos"},"schema":{"@context":"https:\/\/schema.org","@graph":[{"@type":"WebPage","@id":"https:\/\/powermepronto.com\/cheap-electricity-rates-for-everyone\/","url":"https:\/\/powermepronto.com\/cheap-electricity-rates-for-everyone\/","name":"Best Prepaid Electric Rates in Texas | Cheap Electric Rates Texas","isPartOf":{"@id":"https:\/\/powermepronto.com\/en\/#website"},"datePublished":"2017-08-16T19:35:56+00:00","dateModified":"2022-12-21T10:01:35+00:00","description":"Best Electric Prepaid Rates in Texas, featuring Power Within the Hour. Call Pronto today for Cheap Electricity: 1-844-621-2852.","breadcrumb":{"@id":"https:\/\/powermepronto.com\/cheap-electricity-rates-for-everyone\/#breadcrumb"},"inLanguage":"es","potentialAction":[{"@type":"ReadAction","target":["https:\/\/powermepronto.com\/cheap-electricity-rates-for-everyone\/"]}]},{"@type":"BreadcrumbList","@id":"https:\/\/powermepronto.com\/cheap-electricity-rates-for-everyone\/#breadcrumb","itemListElement":[{"@type":"ListItem","position":1,"name":"Home","item":"https:\/\/powermepronto.com\/en\/"},{"@type":"ListItem","position":2,"name":"Cheap Electricity Rates for Everyone"}]},{"@type":"WebSite","@id":"https:\/\/powermepronto.com\/en\/#website","url":"https:\/\/powermepronto.com\/en\/","name":"Pronto Power","description":"","potentialAction":[{"@type":"SearchAction","target":{"@type":"EntryPoint","urlTemplate":"https:\/\/powermepronto.com\/en\/?s={search_term_string}"},"query-input":{"@type":"PropertyValueSpecification","valueRequired":true,"valueName":"search_term_string"}}],"inLanguage":"es"}]}},"_links":{"self":[{"href":"https:\/\/powermepronto.com\/es\/wp-json\/wp\/v2\/pages\/151","targetHints":{"allow":["GET"]}}],"collection":[{"href":"https:\/\/powermepronto.com\/es\/wp-json\/wp\/v2\/pages"}],"about":[{"href":"https:\/\/powermepronto.com\/es\/wp-json\/wp\/v2\/types\/page"}],"author":[{"embeddable":true,"href":"https:\/\/powermepronto.com\/es\/wp-json\/wp\/v2\/users\/1"}],"replies":[{"embeddable":true,"href":"https:\/\/powermepronto.com\/es\/wp-json\/wp\/v2\/comments?post=151"}],"version-history":[{"count":6,"href":"https:\/\/powermepronto.com\/es\/wp-json\/wp\/v2\/pages\/151\/revisions"}],"predecessor-version":[{"id":3478,"href":"https:\/\/powermepronto.com\/es\/wp-json\/wp\/v2\/pages\/151\/revisions\/3478"}],"wp:attachment":[{"href":"https:\/\/powermepronto.com\/es\/wp-json\/wp\/v2\/media?parent=151"}],"curies":[{"name":"wp","href":"https:\/\/api.w.org\/{rel}","templated":true}]}}