{"id":1500,"date":"2019-07-10T20:52:07","date_gmt":"2019-07-10T20:52:07","guid":{"rendered":"http:\/\/www.powermepronto.com\/?page_id=1500"},"modified":"2019-08-08T15:18:21","modified_gmt":"2019-08-08T15:18:21","slug":"no-deposit-electricity-for-hurst-residents","status":"publish","type":"page","link":"https:\/\/powermepronto.com\/es\/no-deposit-electricity-for-hurst-residents\/","title":{"rendered":"Electricidad sin dep\u00f3sito para residentes de Hurst"},"content":{"rendered":"<p>\u00bfPor qu\u00e9 tantas compa\u00f1\u00edas el\u00e9ctricas cobran un dep\u00f3sito inicial enorme?<\/p>\n<p>Casi parece que no quieren que seas su cliente.<\/p>\n<p>Eso, y luego cobran tarifas ocultas molestas una vez que firmas su contrato.<\/p>\n<p>Te sientes m\u00e1s como un prisionero atrapado en una relaci\u00f3n comercial en la que no tienes ning\u00fan deseo de estar.<\/p>\n<p>Bueno, ah\u00ed es donde Pronto Power viene al rescate. Con Pronto Power, no paga ning\u00fan dep\u00f3sito en absoluto.<\/p>\n<h2>\u00a1Pero eso no es todo! As\u00ed es como Pronto Power supera a todas las dem\u00e1s compa\u00f1\u00edas el\u00e9ctricas de Texas<\/h2>\n<p>Para empezar, obtienes las tarifas de electricidad prepagas m\u00e1s baratas no solo en Hurst, sino en todo Texas cuando te unes a Pronto Power.<\/p>\n<p>Y eso es solo el comienzo.<\/p>\n<p>Adem\u00e1s de esas tarifas baratas, tambi\u00e9n puede ahorrar otro 20%. Muchos clientes usan nuestro software en l\u00ednea (que recopila datos del medidor inteligente de su hogar) para estudiar c\u00f3mo usan la electricidad, cambian su comportamiento y luego obtienen a\u00fan m\u00e1s ahorros.<\/p>\n<p>\u00a1Pero a\u00fan hay m\u00e1s!<\/p>\n<p>No tiene que firmar un contrato. Eso significa que no est\u00e1s atrapado. Si decides que las cosas no son de tu agrado, por cualquier motivo, simplemente puedes irte.<\/p>\n<p>Y nuestro equipo de servicio al cliente no puede esperar para ayudarlo. Si tiene dificultades para pagar su factura de electricidad, por cualquier motivo, h\u00e1ganoslo saber. Nos complace ayudarlo a elaborar un plan de pago que lo ayude a superar los momentos financieros m\u00e1s dif\u00edciles.<\/p>\n<p>Tampoco tiene que lidiar con tarifas ocultas. Siempre. No hay tarifa de conexi\u00f3n o tarifa de desconexi\u00f3n. No hay un gran pago por exceder un cierto umbral de uso.<\/p>\n<p>Nada de ese tipo.<\/p>\n<p>Entonces, en lugar de preocuparse por su factura de electricidad y pelear con un representante de servicio al cliente a quien no le importa, simplemente rel\u00e1jese y disfrute de su aire fresco y grandes ahorros.<\/p>\n<h2>Incluso las compa\u00f1\u00edas el\u00e9ctricas m\u00e1s baratas no tienen ninguna posibilidad contra Pronto Power.<\/h2>\n<p>Cuando llamas para unirte a Pronto Power, puedes conectarte a la electricidad m\u00e1s barata en Hurst en una hora.<\/p>\n<p>Llama al <span class=\"affiliatecode\">844.621.2852<\/span> para unirte ahora.<\/p>","protected":false},"excerpt":{"rendered":"<p>\u00bfPor qu\u00e9 tantas compa\u00f1\u00edas el\u00e9ctricas cobran un dep\u00f3sito inicial enorme? Casi parece que no quieren que seas su cliente. Eso, y luego cobran tarifas ocultas molestas una vez que firmas su contrato. Te sientes m\u00e1s como un prisionero atrapado en una relaci\u00f3n comercial en la que no tienes ning\u00fan deseo de estar. Bueno, ah\u00ed es &hellip; <a href=\"https:\/\/powermepronto.com\/es\/no-deposit-electricity-for-hurst-residents\/\" class=\"more-link\">Continue reading <span class=\"screen-reader-text\">Electricidad sin dep\u00f3sito para residentes de Hurst<\/span><\/a><\/p>\n","protected":false},"author":1,"featured_media":0,"parent":0,"menu_order":0,"comment_status":"closed","ping_status":"closed","template":"","meta":{"_acf_changed":false,"_glsr_average":0,"_glsr_ranking":0,"_glsr_reviews":0,"footnotes":"","_links_to":"","_links_to_target":""},"class_list":["post-1500","page","type-page","status-publish","hentry"],"acf":[],"yoast_head":"<!-- This site is optimized with the Yoast SEO plugin v27.6 - https:\/\/yoast.com\/product\/yoast-seo-wordpress\/ -->\n<title>Electricidad sin dep\u00f3sito para residentes de Hurst - Pronto Power<\/title>\n<meta name=\"description\" content=\"You read that headline right. You don\u2019t pay an unaffordable up-front deposit with Pronto Power. And you get the cheapest prepaid rates. Call 844.621.2852 now.\" \/>\n<meta name=\"robots\" content=\"index, follow, max-snippet:-1, max-image-preview:large, max-video-preview:-1\" \/>\n<link rel=\"canonical\" href=\"https:\/\/powermepronto.com\/en\/no-deposit-electricity-for-hurst-residents\/\" \/>\n<meta property=\"og:locale\" content=\"es_ES\" \/>\n<meta property=\"og:type\" content=\"article\" \/>\n<meta property=\"og:title\" content=\"[:en]No-Deposit Electricity for Hurst Residents[:es]Electricidad sin dep\u00f3sito para residentes de Hurst[:] - Pronto Power\" \/>\n<meta property=\"og:description\" content=\"You read that headline right. You don\u2019t pay an unaffordable up-front deposit with Pronto Power. And you get the cheapest prepaid rates. Call 844.621.2852 now.\" \/>\n<meta property=\"og:url\" content=\"https:\/\/powermepronto.com\/en\/no-deposit-electricity-for-hurst-residents\/\" \/>\n<meta property=\"og:site_name\" content=\"Pronto Power\" \/>\n<meta property=\"article:modified_time\" content=\"2019-08-08T15:18:21+00:00\" \/>\n<meta name=\"twitter:card\" content=\"summary_large_image\" \/>\n<meta name=\"twitter:label1\" content=\"Tiempo de lectura\" \/>\n\t<meta name=\"twitter:data1\" content=\"4 minutos\" \/>\n<script type=\"application\/ld+json\" class=\"yoast-schema-graph\">{\"@context\":\"https:\\\/\\\/schema.org\",\"@graph\":[{\"@type\":\"WebPage\",\"@id\":\"https:\\\/\\\/powermepronto.com\\\/en\\\/no-deposit-electricity-for-hurst-residents\\\/\",\"url\":\"https:\\\/\\\/powermepronto.com\\\/en\\\/no-deposit-electricity-for-hurst-residents\\\/\",\"name\":\"[:en]No-Deposit Electricity for Hurst Residents[:es]Electricidad sin dep\u00f3sito para residentes de Hurst[:] - Pronto Power\",\"isPartOf\":{\"@id\":\"https:\\\/\\\/powermepronto.com\\\/en\\\/#website\"},\"datePublished\":\"2019-07-10T20:52:07+00:00\",\"dateModified\":\"2019-08-08T15:18:21+00:00\",\"description\":\"You read that headline right. You don\u2019t pay an unaffordable up-front deposit with Pronto Power. And you get the cheapest prepaid rates. Call 844.621.2852 now.\",\"breadcrumb\":{\"@id\":\"https:\\\/\\\/powermepronto.com\\\/en\\\/no-deposit-electricity-for-hurst-residents\\\/#breadcrumb\"},\"inLanguage\":\"es\",\"potentialAction\":[{\"@type\":\"ReadAction\",\"target\":[\"https:\\\/\\\/powermepronto.com\\\/en\\\/no-deposit-electricity-for-hurst-residents\\\/\"]}]},{\"@type\":\"BreadcrumbList\",\"@id\":\"https:\\\/\\\/powermepronto.com\\\/en\\\/no-deposit-electricity-for-hurst-residents\\\/#breadcrumb\",\"itemListElement\":[{\"@type\":\"ListItem\",\"position\":1,\"name\":\"Home\",\"item\":\"https:\\\/\\\/powermepronto.com\\\/en\\\/\"},{\"@type\":\"ListItem\",\"position\":2,\"name\":\"No-Deposit Electricity for Hurst Residents\"}]},{\"@type\":\"WebSite\",\"@id\":\"https:\\\/\\\/powermepronto.com\\\/en\\\/#website\",\"url\":\"https:\\\/\\\/powermepronto.com\\\/en\\\/\",\"name\":\"Pronto Power\",\"description\":\"\",\"potentialAction\":[{\"@type\":\"SearchAction\",\"target\":{\"@type\":\"EntryPoint\",\"urlTemplate\":\"https:\\\/\\\/powermepronto.com\\\/en\\\/?s={search_term_string}\"},\"query-input\":{\"@type\":\"PropertyValueSpecification\",\"valueRequired\":true,\"valueName\":\"search_term_string\"}}],\"inLanguage\":\"es\"}]}<\/script>\n<!-- \/ Yoast SEO plugin. -->","yoast_head_json":{"title":"[:en]No-Deposit Electricity for Hurst Residents[:es]Electricidad sin dep\u00f3sito para residentes de Hurst[:] - Pronto Power","description":"You read that headline right. You don\u2019t pay an unaffordable up-front deposit with Pronto Power. And you get the cheapest prepaid rates. Call 844.621.2852 now.","robots":{"index":"index","follow":"follow","max-snippet":"max-snippet:-1","max-image-preview":"max-image-preview:large","max-video-preview":"max-video-preview:-1"},"canonical":"https:\/\/powermepronto.com\/en\/no-deposit-electricity-for-hurst-residents\/","og_locale":"es_ES","og_type":"article","og_title":"[:en]No-Deposit Electricity for Hurst Residents[:es]Electricidad sin dep\u00f3sito para residentes de Hurst[:] - Pronto Power","og_description":"You read that headline right. You don\u2019t pay an unaffordable up-front deposit with Pronto Power. And you get the cheapest prepaid rates. Call 844.621.2852 now.","og_url":"https:\/\/powermepronto.com\/en\/no-deposit-electricity-for-hurst-residents\/","og_site_name":"Pronto Power","article_modified_time":"2019-08-08T15:18:21+00:00","twitter_card":"summary_large_image","twitter_misc":{"Tiempo de lectura":"4 minutos"},"schema":{"@context":"https:\/\/schema.org","@graph":[{"@type":"WebPage","@id":"https:\/\/powermepronto.com\/en\/no-deposit-electricity-for-hurst-residents\/","url":"https:\/\/powermepronto.com\/en\/no-deposit-electricity-for-hurst-residents\/","name":"[:en]No-Deposit Electricity for Hurst Residents[:es]Electricidad sin dep\u00f3sito para residentes de Hurst[:] - Pronto Power","isPartOf":{"@id":"https:\/\/powermepronto.com\/en\/#website"},"datePublished":"2019-07-10T20:52:07+00:00","dateModified":"2019-08-08T15:18:21+00:00","description":"You read that headline right. You don\u2019t pay an unaffordable up-front deposit with Pronto Power. And you get the cheapest prepaid rates. Call 844.621.2852 now.","breadcrumb":{"@id":"https:\/\/powermepronto.com\/en\/no-deposit-electricity-for-hurst-residents\/#breadcrumb"},"inLanguage":"es","potentialAction":[{"@type":"ReadAction","target":["https:\/\/powermepronto.com\/en\/no-deposit-electricity-for-hurst-residents\/"]}]},{"@type":"BreadcrumbList","@id":"https:\/\/powermepronto.com\/en\/no-deposit-electricity-for-hurst-residents\/#breadcrumb","itemListElement":[{"@type":"ListItem","position":1,"name":"Home","item":"https:\/\/powermepronto.com\/en\/"},{"@type":"ListItem","position":2,"name":"No-Deposit Electricity for Hurst Residents"}]},{"@type":"WebSite","@id":"https:\/\/powermepronto.com\/en\/#website","url":"https:\/\/powermepronto.com\/en\/","name":"Pronto Power","description":"","potentialAction":[{"@type":"SearchAction","target":{"@type":"EntryPoint","urlTemplate":"https:\/\/powermepronto.com\/en\/?s={search_term_string}"},"query-input":{"@type":"PropertyValueSpecification","valueRequired":true,"valueName":"search_term_string"}}],"inLanguage":"es"}]}},"_links":{"self":[{"href":"https:\/\/powermepronto.com\/es\/wp-json\/wp\/v2\/pages\/1500","targetHints":{"allow":["GET"]}}],"collection":[{"href":"https:\/\/powermepronto.com\/es\/wp-json\/wp\/v2\/pages"}],"about":[{"href":"https:\/\/powermepronto.com\/es\/wp-json\/wp\/v2\/types\/page"}],"author":[{"embeddable":true,"href":"https:\/\/powermepronto.com\/es\/wp-json\/wp\/v2\/users\/1"}],"replies":[{"embeddable":true,"href":"https:\/\/powermepronto.com\/es\/wp-json\/wp\/v2\/comments?post=1500"}],"version-history":[{"count":3,"href":"https:\/\/powermepronto.com\/es\/wp-json\/wp\/v2\/pages\/1500\/revisions"}],"predecessor-version":[{"id":1567,"href":"https:\/\/powermepronto.com\/es\/wp-json\/wp\/v2\/pages\/1500\/revisions\/1567"}],"wp:attachment":[{"href":"https:\/\/powermepronto.com\/es\/wp-json\/wp\/v2\/media?parent=1500"}],"curies":[{"name":"wp","href":"https:\/\/api.w.org\/{rel}","templated":true}]}}