{"id":1463,"date":"2019-06-11T19:43:41","date_gmt":"2019-06-11T19:43:41","guid":{"rendered":"http:\/\/www.powermepronto.com\/?page_id=1463"},"modified":"2022-12-21T04:56:50","modified_gmt":"2022-12-21T10:56:50","slug":"haltom-citys-cheapest-prepaid-no-deposit-electric-company","status":"publish","type":"page","link":"https:\/\/powermepronto.com\/es\/haltom-citys-cheapest-prepaid-no-deposit-electric-company\/","title":{"rendered":"La compa\u00f1\u00eda de electricidad sin dep\u00f3sito, m\u00e1s barata y sin dep\u00f3sitos de Haltom City"},"content":{"rendered":"<p>Parece que con cualquier cosa, siempre hay una trampa. Vamos, nunca lo consigues todo de una vez, \u00bfverdad? <\/p>\n<p>Si un \u00abtrato\u00bb suena demasiado bueno para ser verdad, lo es. Entonces, simplemente lo ignoras y caminas en otra direcci\u00f3n, \u00bfno es as\u00ed?<\/p>\n<p>Bueno, escuchen porque esto es un trato incre\u00edble. Y es uno sin ning\u00fan tipo de capturas de ning\u00fan tipo. <\/p>\n<p>\u00bfCual es el trato?<\/p>\n<p>Bueno, primero obtienes las tarifas el\u00e9ctricas prepagas m\u00e1s baratas de todo Haltom City. De hecho, obtiene las tarifas prepagas m\u00e1s baratas que cualquier compa\u00f1\u00eda el\u00e9ctrica en todas las ofertas de Texas.<\/p>\n<p>Ahora, ese es un buen negocio para comenzar, \u00bfno es as\u00ed?<\/p>\n<p>\u00a1Pero espera hay mas!<\/p>\n<p>En primer lugar, nunca tendr\u00e1 que pagar tarifas ocultas. Ninguno en absoluto. No hay tarifas de conexi\u00f3n, tarifas de desconexi\u00f3n, tarifas por recibir su pago por tel\u00e9fono o incluso un dep\u00f3sito inicial.<\/p>\n<p>Y no hay contrato. Eso significa que, a diferencia de lo que sucede con otras compa\u00f1\u00edas el\u00e9ctricas de Texas, no tiene absolutamente nada de qu\u00e9 preocuparse o recordar. Usted obtiene las tarifas m\u00e1s baratas &#8230; sin todas las molestias.<\/p>\n<p>Pero espera, \u00a1hay a\u00fan m\u00e1s!<\/p>\n<p>El servicio al cliente no puede esperar para ayudarlo si tiene problemas para pagar su factura de electricidad. Mira, todos pasan por momentos dif\u00edciles. Y estamos aqu\u00ed para ayudarlo a sobrevivir con su electricidad todo el tiempo. <\/p>\n<p>Pero espera, \u00a1hay a\u00fan m\u00e1s!<\/p>\n<p>Los clientes de Pronto Power ahorran un 20-25% adicional en comparaci\u00f3n con las otras compa\u00f1\u00edas el\u00e9ctricas baratas. Sin embargo, esta parte descansa directamente sobre tus hombros. <\/p>\n<p>Cuando se une a Pronto Power, obtiene acceso a una herramienta de monitoreo de electricidad en l\u00ednea. Ya que le muestra exactamente la cantidad de electricidad que consume en este momento, puede cambiar su comportamiento y comenzar a ahorrar de inmediato.<\/p>\n<p>Muchos de nuestros clientes utilizan esta herramienta para ahorrar un 20% adicional en sus facturas de electricidad.<\/p>\n<h2>Entonces, \u00bfCu\u00e1l Es La Trampa?<\/h2>\n<p>Despu\u00e9s de escuchar todo esto, debes preguntarte: \u00ab\u00bfCu\u00e1l es el problema? \u00a1Venga! Posiblemente no puede haber todo esto sin alg\u00fan tipo de gran captura \u00ab.<\/p>\n<p>Bueno, no hay ninguno. <\/p>\n<p>Y usted tiene que pagar por adelantado por su electricidad en el futuro. Pero recibe notificaciones y un equipo de servicio al cliente feliz de ayudarlo a mantener su electricidad encendida. <\/p>\n<p>Pero, es un trato justo, \u00bfverdad? <\/p>\n<p>Despu\u00e9s de todo, nunca pagas tarifas ocultas desagradables. No firmas un contrato. Tienes un equipo de servicio al cliente que no puede esperar para ayudarte. Y puede ahorrar un 20% adicional en comparaci\u00f3n con el cliente promedio de REP de Texas. <\/p>\n<p>Adem\u00e1s, puede obtener acceso a todo eso en una hora llamando a Pronto Power al <span class=\"affiliatecode\">844.621.2852<\/span> para inscribirse gratis ahora.<\/p>","protected":false},"excerpt":{"rendered":"<p>Parece que con cualquier cosa, siempre hay una trampa. Vamos, nunca lo consigues todo de una vez, \u00bfverdad? Si un \u00abtrato\u00bb suena demasiado bueno para ser verdad, lo es. Entonces, simplemente lo ignoras y caminas en otra direcci\u00f3n, \u00bfno es as\u00ed? Bueno, escuchen porque esto es un trato incre\u00edble. Y es uno sin ning\u00fan tipo &hellip; <a href=\"https:\/\/powermepronto.com\/es\/haltom-citys-cheapest-prepaid-no-deposit-electric-company\/\" class=\"more-link\">Continue reading <span class=\"screen-reader-text\">La compa\u00f1\u00eda de electricidad sin dep\u00f3sito, m\u00e1s barata y sin dep\u00f3sitos de Haltom City<\/span><\/a><\/p>\n","protected":false},"author":1,"featured_media":0,"parent":0,"menu_order":0,"comment_status":"closed","ping_status":"closed","template":"","meta":{"_acf_changed":false,"_glsr_average":0,"_glsr_ranking":0,"_glsr_reviews":0,"footnotes":"","_links_to":"","_links_to_target":""},"class_list":["post-1463","page","type-page","status-publish","hentry"],"acf":[],"yoast_head":"<!-- This site is optimized with the Yoast SEO plugin v27.4 - https:\/\/yoast.com\/product\/yoast-seo-wordpress\/ -->\n<title>La compa\u00f1\u00eda de electricidad sin dep\u00f3sito, m\u00e1s barata y sin dep\u00f3sitos de Haltom City - Pronto Power<\/title>\n<meta name=\"description\" content=\"[:en]Yep. Just the cheapest rates in Haltom City. And not a single hassle or \u201cgot-ya.\u201d Plus, no hidden fees. No joke! Oh...and no contract either, which makes our service risk-free. Call Pronto Power at 844.621.2852 to join free now.[:es]s\u00ed. Las tarifas m\u00e1s baratas en Haltom City. Y ni una sola molestia o &quot;got-ya&quot;. Adem\u00e1s, no hay cargos ocultos. \u00a1No es broma! Ah ... y sin contrato tampoco, lo que hace que nuestro servicio est\u00e9 libre de riesgos. Llame a Pronto Power al 844.621.2852 para unirse gratis ahora.[:]\" \/>\n<meta name=\"robots\" content=\"index, follow, max-snippet:-1, max-image-preview:large, max-video-preview:-1\" \/>\n<link rel=\"canonical\" href=\"https:\/\/powermepronto.com\/haltom-citys-cheapest-prepaid-no-deposit-electric-company\/\" \/>\n<meta property=\"og:locale\" content=\"es_ES\" \/>\n<meta property=\"og:type\" content=\"article\" \/>\n<meta property=\"og:title\" content=\"[:en]Haltom City\u2019s Cheapest Prepaid, No-Deposit Electric Company[:es]La compa\u00f1\u00eda de electricidad sin dep\u00f3sito, m\u00e1s barata y sin dep\u00f3sitos de Haltom City[:] - Pronto Power\" \/>\n<meta property=\"og:description\" content=\"[:en]Yep. Just the cheapest rates in Haltom City. And not a single hassle or \u201cgot-ya.\u201d Plus, no hidden fees. No joke! Oh...and no contract either, which makes our service risk-free. Call Pronto Power at 844.621.2852 to join free now.[:es]s\u00ed. Las tarifas m\u00e1s baratas en Haltom City. Y ni una sola molestia o &quot;got-ya&quot;. Adem\u00e1s, no hay cargos ocultos. \u00a1No es broma! Ah ... y sin contrato tampoco, lo que hace que nuestro servicio est\u00e9 libre de riesgos. Llame a Pronto Power al 844.621.2852 para unirse gratis ahora.[:]\" \/>\n<meta property=\"og:url\" content=\"https:\/\/powermepronto.com\/haltom-citys-cheapest-prepaid-no-deposit-electric-company\/\" \/>\n<meta property=\"og:site_name\" content=\"Pronto Power\" \/>\n<meta property=\"article:modified_time\" content=\"2022-12-21T10:56:50+00:00\" \/>\n<meta name=\"twitter:card\" content=\"summary_large_image\" \/>\n<meta name=\"twitter:label1\" content=\"Tiempo de lectura\" \/>\n\t<meta name=\"twitter:data1\" content=\"4 minutos\" \/>\n<script type=\"application\/ld+json\" class=\"yoast-schema-graph\">{\"@context\":\"https:\\\/\\\/schema.org\",\"@graph\":[{\"@type\":\"WebPage\",\"@id\":\"https:\\\/\\\/powermepronto.com\\\/haltom-citys-cheapest-prepaid-no-deposit-electric-company\\\/\",\"url\":\"https:\\\/\\\/powermepronto.com\\\/haltom-citys-cheapest-prepaid-no-deposit-electric-company\\\/\",\"name\":\"[:en]Haltom City\u2019s Cheapest Prepaid, No-Deposit Electric Company[:es]La compa\u00f1\u00eda de electricidad sin dep\u00f3sito, m\u00e1s barata y sin dep\u00f3sitos de Haltom City[:] - Pronto Power\",\"isPartOf\":{\"@id\":\"https:\\\/\\\/powermepronto.com\\\/en\\\/#website\"},\"datePublished\":\"2019-06-11T19:43:41+00:00\",\"dateModified\":\"2022-12-21T10:56:50+00:00\",\"description\":\"[:en]Yep. Just the cheapest rates in Haltom City. And not a single hassle or \u201cgot-ya.\u201d Plus, no hidden fees. No joke! Oh...and no contract either, which makes our service risk-free. Call Pronto Power at 844.621.2852 to join free now.[:es]s\u00ed. Las tarifas m\u00e1s baratas en Haltom City. Y ni una sola molestia o \\\"got-ya\\\". Adem\u00e1s, no hay cargos ocultos. \u00a1No es broma! Ah ... y sin contrato tampoco, lo que hace que nuestro servicio est\u00e9 libre de riesgos. Llame a Pronto Power al 844.621.2852 para unirse gratis ahora.[:]\",\"breadcrumb\":{\"@id\":\"https:\\\/\\\/powermepronto.com\\\/haltom-citys-cheapest-prepaid-no-deposit-electric-company\\\/#breadcrumb\"},\"inLanguage\":\"es\",\"potentialAction\":[{\"@type\":\"ReadAction\",\"target\":[\"https:\\\/\\\/powermepronto.com\\\/haltom-citys-cheapest-prepaid-no-deposit-electric-company\\\/\"]}]},{\"@type\":\"BreadcrumbList\",\"@id\":\"https:\\\/\\\/powermepronto.com\\\/haltom-citys-cheapest-prepaid-no-deposit-electric-company\\\/#breadcrumb\",\"itemListElement\":[{\"@type\":\"ListItem\",\"position\":1,\"name\":\"Home\",\"item\":\"https:\\\/\\\/powermepronto.com\\\/en\\\/\"},{\"@type\":\"ListItem\",\"position\":2,\"name\":\"Haltom City\u2019s Cheapest Prepaid, No-Deposit Electric Company\"}]},{\"@type\":\"WebSite\",\"@id\":\"https:\\\/\\\/powermepronto.com\\\/en\\\/#website\",\"url\":\"https:\\\/\\\/powermepronto.com\\\/en\\\/\",\"name\":\"Pronto Power\",\"description\":\"\",\"potentialAction\":[{\"@type\":\"SearchAction\",\"target\":{\"@type\":\"EntryPoint\",\"urlTemplate\":\"https:\\\/\\\/powermepronto.com\\\/en\\\/?s={search_term_string}\"},\"query-input\":{\"@type\":\"PropertyValueSpecification\",\"valueRequired\":true,\"valueName\":\"search_term_string\"}}],\"inLanguage\":\"es\"}]}<\/script>\n<!-- \/ Yoast SEO plugin. -->","yoast_head_json":{"title":"[:en]Haltom City\u2019s Cheapest Prepaid, No-Deposit Electric Company[:es]La compa\u00f1\u00eda de electricidad sin dep\u00f3sito, m\u00e1s barata y sin dep\u00f3sitos de Haltom City[:] - Pronto Power","description":"[:en]Yep. Just the cheapest rates in Haltom City. And not a single hassle or \u201cgot-ya.\u201d Plus, no hidden fees. No joke! Oh...and no contract either, which makes our service risk-free. Call Pronto Power at 844.621.2852 to join free now.[:es]s\u00ed. Las tarifas m\u00e1s baratas en Haltom City. Y ni una sola molestia o \"got-ya\". Adem\u00e1s, no hay cargos ocultos. \u00a1No es broma! Ah ... y sin contrato tampoco, lo que hace que nuestro servicio est\u00e9 libre de riesgos. Llame a Pronto Power al 844.621.2852 para unirse gratis ahora.[:]","robots":{"index":"index","follow":"follow","max-snippet":"max-snippet:-1","max-image-preview":"max-image-preview:large","max-video-preview":"max-video-preview:-1"},"canonical":"https:\/\/powermepronto.com\/haltom-citys-cheapest-prepaid-no-deposit-electric-company\/","og_locale":"es_ES","og_type":"article","og_title":"[:en]Haltom City\u2019s Cheapest Prepaid, No-Deposit Electric Company[:es]La compa\u00f1\u00eda de electricidad sin dep\u00f3sito, m\u00e1s barata y sin dep\u00f3sitos de Haltom City[:] - Pronto Power","og_description":"[:en]Yep. Just the cheapest rates in Haltom City. And not a single hassle or \u201cgot-ya.\u201d Plus, no hidden fees. No joke! Oh...and no contract either, which makes our service risk-free. Call Pronto Power at 844.621.2852 to join free now.[:es]s\u00ed. Las tarifas m\u00e1s baratas en Haltom City. Y ni una sola molestia o \"got-ya\". Adem\u00e1s, no hay cargos ocultos. \u00a1No es broma! Ah ... y sin contrato tampoco, lo que hace que nuestro servicio est\u00e9 libre de riesgos. Llame a Pronto Power al 844.621.2852 para unirse gratis ahora.[:]","og_url":"https:\/\/powermepronto.com\/haltom-citys-cheapest-prepaid-no-deposit-electric-company\/","og_site_name":"Pronto Power","article_modified_time":"2022-12-21T10:56:50+00:00","twitter_card":"summary_large_image","twitter_misc":{"Tiempo de lectura":"4 minutos"},"schema":{"@context":"https:\/\/schema.org","@graph":[{"@type":"WebPage","@id":"https:\/\/powermepronto.com\/haltom-citys-cheapest-prepaid-no-deposit-electric-company\/","url":"https:\/\/powermepronto.com\/haltom-citys-cheapest-prepaid-no-deposit-electric-company\/","name":"[:en]Haltom City\u2019s Cheapest Prepaid, No-Deposit Electric Company[:es]La compa\u00f1\u00eda de electricidad sin dep\u00f3sito, m\u00e1s barata y sin dep\u00f3sitos de Haltom City[:] - Pronto Power","isPartOf":{"@id":"https:\/\/powermepronto.com\/en\/#website"},"datePublished":"2019-06-11T19:43:41+00:00","dateModified":"2022-12-21T10:56:50+00:00","description":"[:en]Yep. Just the cheapest rates in Haltom City. And not a single hassle or \u201cgot-ya.\u201d Plus, no hidden fees. No joke! Oh...and no contract either, which makes our service risk-free. Call Pronto Power at 844.621.2852 to join free now.[:es]s\u00ed. Las tarifas m\u00e1s baratas en Haltom City. Y ni una sola molestia o \"got-ya\". Adem\u00e1s, no hay cargos ocultos. \u00a1No es broma! Ah ... y sin contrato tampoco, lo que hace que nuestro servicio est\u00e9 libre de riesgos. Llame a Pronto Power al 844.621.2852 para unirse gratis ahora.[:]","breadcrumb":{"@id":"https:\/\/powermepronto.com\/haltom-citys-cheapest-prepaid-no-deposit-electric-company\/#breadcrumb"},"inLanguage":"es","potentialAction":[{"@type":"ReadAction","target":["https:\/\/powermepronto.com\/haltom-citys-cheapest-prepaid-no-deposit-electric-company\/"]}]},{"@type":"BreadcrumbList","@id":"https:\/\/powermepronto.com\/haltom-citys-cheapest-prepaid-no-deposit-electric-company\/#breadcrumb","itemListElement":[{"@type":"ListItem","position":1,"name":"Home","item":"https:\/\/powermepronto.com\/en\/"},{"@type":"ListItem","position":2,"name":"Haltom City\u2019s Cheapest Prepaid, No-Deposit Electric Company"}]},{"@type":"WebSite","@id":"https:\/\/powermepronto.com\/en\/#website","url":"https:\/\/powermepronto.com\/en\/","name":"Pronto Power","description":"","potentialAction":[{"@type":"SearchAction","target":{"@type":"EntryPoint","urlTemplate":"https:\/\/powermepronto.com\/en\/?s={search_term_string}"},"query-input":{"@type":"PropertyValueSpecification","valueRequired":true,"valueName":"search_term_string"}}],"inLanguage":"es"}]}},"_links":{"self":[{"href":"https:\/\/powermepronto.com\/es\/wp-json\/wp\/v2\/pages\/1463","targetHints":{"allow":["GET"]}}],"collection":[{"href":"https:\/\/powermepronto.com\/es\/wp-json\/wp\/v2\/pages"}],"about":[{"href":"https:\/\/powermepronto.com\/es\/wp-json\/wp\/v2\/types\/page"}],"author":[{"embeddable":true,"href":"https:\/\/powermepronto.com\/es\/wp-json\/wp\/v2\/users\/1"}],"replies":[{"embeddable":true,"href":"https:\/\/powermepronto.com\/es\/wp-json\/wp\/v2\/comments?post=1463"}],"version-history":[{"count":4,"href":"https:\/\/powermepronto.com\/es\/wp-json\/wp\/v2\/pages\/1463\/revisions"}],"predecessor-version":[{"id":3530,"href":"https:\/\/powermepronto.com\/es\/wp-json\/wp\/v2\/pages\/1463\/revisions\/3530"}],"wp:attachment":[{"href":"https:\/\/powermepronto.com\/es\/wp-json\/wp\/v2\/media?parent=1463"}],"curies":[{"name":"wp","href":"https:\/\/api.w.org\/{rel}","templated":true}]}}