{"id":1461,"date":"2019-06-11T19:03:00","date_gmt":"2019-06-11T19:03:00","guid":{"rendered":"http:\/\/www.powermepronto.com\/?page_id=1461"},"modified":"2022-12-21T05:09:06","modified_gmt":"2022-12-21T11:09:06","slug":"haslets-cheapest-prepaid-no-deposit-power-company","status":"publish","type":"page","link":"https:\/\/powermepronto.com\/es\/haslets-cheapest-prepaid-no-deposit-power-company\/","title":{"rendered":"La compa\u00f1\u00eda de energ\u00eda de prepago sin dep\u00f3sito m\u00e1s barata de Haslet"},"content":{"rendered":"<p>\u00bfCansado de escuchar el mismo discurso &#8230; solo para descubrir que una vez que firmas el contrato de tu REP, hacen todo lo contrario e intentan ganarte tanto dinero como puedas? <\/p>\n<p>Esa es una forma de hacer negocios.<\/p>\n<p>&#8230; Pero no es la forma en que Pronto Power hace negocios.<\/p>\n<p>Y es por eso que no le pedimos que firme un contrato. Por alguna razon. Siempre.<\/p>\n<p>No queremos que te sientas atrapado. Queremos que sienta que tiene la libertad de hacer cualquier elecci\u00f3n que desee en un momento dado.<\/p>\n<p>Y eso nos hace responsables de nuestras acciones. Brinda el servicio que m\u00e1s te guste, y te quedas. Proporciona un servicio que no te gusta y te vas a otra empresa.<\/p>\n<p>Tiene buen sentido comercial, \u00bfverdad?<\/p>\n<p>Porque si lo forzamos a firmar un contrato como otras compa\u00f1\u00edas y luego lo maltratamos durante nuestra relaci\u00f3n, despegar\u00eda para otra empresa en el momento en que expir\u00f3 su contrato, \u00bfno es as\u00ed?<\/p>\n<p>\u00a1No te culpar\u00edamos!<\/p>\n<h2>\u00a1Prepago El\u00e9ctrico Sin Cargos Ocultos Ni Problemas De Ning\u00fan Tipo Tampoco! <\/h2>\n<p>No firmar un contrato es solo el comienzo.<\/p>\n<p>Cuando se inscribe en el plan el\u00e9ctrico prepago de Pronto Power, nunca pagar\u00e1 ninguna tarifa oculta tampoco. No hay tarifas de conexi\u00f3n o desconexi\u00f3n. Sin dep\u00f3sito por adelantado. Usted no paga una tarifa enorme por exceder un cierto umbral de uso. \u00a1Y usted no paga una tarifa de servicio al cliente por aceptar su pago!<\/p>\n<p>Adem\u00e1s, no tiene que pasar por una verificaci\u00f3n de cr\u00e9dito o identificaci\u00f3n. Y cuando llame al servicio de atenci\u00f3n al cliente, estaremos encantados de ayudarle a resolver su problema lo m\u00e1s r\u00e1pido posible.<\/p>\n<p>Un enfoque novedoso, \u00bfverdad?<\/p>\n<p>De hecho, el servicio al cliente lo ayudar\u00e1 a superar las circunstancias financieras m\u00e1s dif\u00edciles que pueda imaginar. Todo lo que tienes que hacer es llamarnos!<\/p>\n<p>\u00bfPuedes nombrar alguna otra compa\u00f1\u00eda el\u00e9ctrica en Texas que ofrezca lo mismo? <\/p>\n<h2>\u00a1Pero Espera Hay Mas!<\/h2>\n<p>Lo creas o no, lo que escuchaste no es el final del trato. Porque, tambi\u00e9n obtienes las tarifas prepagas m\u00e1s baratas.<\/p>\n<p>Y puede ahorrar hasta un 20% adicional utilizando nuestra herramienta de monitoreo de uso de electricidad en tiempo real para rastrear c\u00f3mo usa la electricidad y cambiar su comportamiento.<\/p>\n<p>Luego, prepaga su electricidad de la forma que desee: mensual, semanal o incluso diaria si as\u00ed lo desea. Solo mantenga el saldo de su cuenta positivo cada d\u00eda y su electricidad permanecer\u00e1 encendida. <\/p>\n<p>\u00a1No puede encontrar otra compa\u00f1\u00eda que ofrezca las tarifas prepagas m\u00e1s baratas sin contrato, sin cargos ocultos, y hasta un 20% en ahorros adicionales!<\/p>\n<p>Llame al <span class=\"affiliatecode\">844.621.2852<\/span> para unirse a Pronto Power gratis ahora.<\/p>","protected":false},"excerpt":{"rendered":"<p>\u00bfCansado de escuchar el mismo discurso &#8230; solo para descubrir que una vez que firmas el contrato de tu REP, hacen todo lo contrario e intentan ganarte tanto dinero como puedas? Esa es una forma de hacer negocios. &#8230; Pero no es la forma en que Pronto Power hace negocios. Y es por eso que &hellip; <a href=\"https:\/\/powermepronto.com\/es\/haslets-cheapest-prepaid-no-deposit-power-company\/\" class=\"more-link\">Continue reading <span class=\"screen-reader-text\">La compa\u00f1\u00eda de energ\u00eda de prepago sin dep\u00f3sito m\u00e1s barata de Haslet<\/span><\/a><\/p>\n","protected":false},"author":1,"featured_media":0,"parent":0,"menu_order":0,"comment_status":"closed","ping_status":"closed","template":"","meta":{"_acf_changed":false,"_glsr_average":0,"_glsr_ranking":0,"_glsr_reviews":0,"footnotes":"","_links_to":"","_links_to_target":""},"class_list":["post-1461","page","type-page","status-publish","hentry"],"acf":[],"yoast_head":"<!-- This site is optimized with the Yoast SEO plugin v27.5 - https:\/\/yoast.com\/product\/yoast-seo-wordpress\/ -->\n<title>La compa\u00f1\u00eda de energ\u00eda de prepago sin dep\u00f3sito m\u00e1s barata de Haslet - Pronto Power<\/title>\n<meta name=\"description\" content=\"[:en]Kiss a big up-front deposit goodbye! ...And no hidden fees and no contract. Plus, customer service that\u2019s happy to help. Call Pronto Power at 844.621.2852 to join free now.[:es]\u00a1Adi\u00f3s a un gran dep\u00f3sito por adelantado! ... Y sin tarifas ocultas y sin contrato. Adem\u00e1s, el servicio al cliente est\u00e1 dispuesto a ayudar. Llame a Pronto Power al 844.621.2852 para unirse gratis ahora.[:]\" \/>\n<meta name=\"robots\" content=\"index, follow, max-snippet:-1, max-image-preview:large, max-video-preview:-1\" \/>\n<link rel=\"canonical\" href=\"https:\/\/powermepronto.com\/haslets-cheapest-prepaid-no-deposit-power-company\/\" \/>\n<meta property=\"og:locale\" content=\"es_ES\" \/>\n<meta property=\"og:type\" content=\"article\" \/>\n<meta property=\"og:title\" content=\"[:en]Haslet\u2019s Cheapest Prepaid No-Deposit Power Company[:es]La compa\u00f1\u00eda de energ\u00eda de prepago sin dep\u00f3sito m\u00e1s barata de Haslet[:] - Pronto Power\" \/>\n<meta property=\"og:description\" content=\"[:en]Kiss a big up-front deposit goodbye! ...And no hidden fees and no contract. Plus, customer service that\u2019s happy to help. Call Pronto Power at 844.621.2852 to join free now.[:es]\u00a1Adi\u00f3s a un gran dep\u00f3sito por adelantado! ... Y sin tarifas ocultas y sin contrato. Adem\u00e1s, el servicio al cliente est\u00e1 dispuesto a ayudar. Llame a Pronto Power al 844.621.2852 para unirse gratis ahora.[:]\" \/>\n<meta property=\"og:url\" content=\"https:\/\/powermepronto.com\/haslets-cheapest-prepaid-no-deposit-power-company\/\" \/>\n<meta property=\"og:site_name\" content=\"Pronto Power\" \/>\n<meta property=\"article:modified_time\" content=\"2022-12-21T11:09:06+00:00\" \/>\n<meta name=\"twitter:card\" content=\"summary_large_image\" \/>\n<meta name=\"twitter:label1\" content=\"Tiempo de lectura\" \/>\n\t<meta name=\"twitter:data1\" content=\"5 minutos\" \/>\n<script type=\"application\/ld+json\" class=\"yoast-schema-graph\">{\"@context\":\"https:\\\/\\\/schema.org\",\"@graph\":[{\"@type\":\"WebPage\",\"@id\":\"https:\\\/\\\/powermepronto.com\\\/haslets-cheapest-prepaid-no-deposit-power-company\\\/\",\"url\":\"https:\\\/\\\/powermepronto.com\\\/haslets-cheapest-prepaid-no-deposit-power-company\\\/\",\"name\":\"[:en]Haslet\u2019s Cheapest Prepaid No-Deposit Power Company[:es]La compa\u00f1\u00eda de energ\u00eda de prepago sin dep\u00f3sito m\u00e1s barata de Haslet[:] - Pronto Power\",\"isPartOf\":{\"@id\":\"https:\\\/\\\/powermepronto.com\\\/en\\\/#website\"},\"datePublished\":\"2019-06-11T19:03:00+00:00\",\"dateModified\":\"2022-12-21T11:09:06+00:00\",\"description\":\"[:en]Kiss a big up-front deposit goodbye! ...And no hidden fees and no contract. Plus, customer service that\u2019s happy to help. Call Pronto Power at 844.621.2852 to join free now.[:es]\u00a1Adi\u00f3s a un gran dep\u00f3sito por adelantado! ... Y sin tarifas ocultas y sin contrato. Adem\u00e1s, el servicio al cliente est\u00e1 dispuesto a ayudar. Llame a Pronto Power al 844.621.2852 para unirse gratis ahora.[:]\",\"breadcrumb\":{\"@id\":\"https:\\\/\\\/powermepronto.com\\\/haslets-cheapest-prepaid-no-deposit-power-company\\\/#breadcrumb\"},\"inLanguage\":\"es\",\"potentialAction\":[{\"@type\":\"ReadAction\",\"target\":[\"https:\\\/\\\/powermepronto.com\\\/haslets-cheapest-prepaid-no-deposit-power-company\\\/\"]}]},{\"@type\":\"BreadcrumbList\",\"@id\":\"https:\\\/\\\/powermepronto.com\\\/haslets-cheapest-prepaid-no-deposit-power-company\\\/#breadcrumb\",\"itemListElement\":[{\"@type\":\"ListItem\",\"position\":1,\"name\":\"Home\",\"item\":\"https:\\\/\\\/powermepronto.com\\\/en\\\/\"},{\"@type\":\"ListItem\",\"position\":2,\"name\":\"Haslet\u2019s Cheapest Prepaid No-Deposit Power Company\"}]},{\"@type\":\"WebSite\",\"@id\":\"https:\\\/\\\/powermepronto.com\\\/en\\\/#website\",\"url\":\"https:\\\/\\\/powermepronto.com\\\/en\\\/\",\"name\":\"Pronto Power\",\"description\":\"\",\"potentialAction\":[{\"@type\":\"SearchAction\",\"target\":{\"@type\":\"EntryPoint\",\"urlTemplate\":\"https:\\\/\\\/powermepronto.com\\\/en\\\/?s={search_term_string}\"},\"query-input\":{\"@type\":\"PropertyValueSpecification\",\"valueRequired\":true,\"valueName\":\"search_term_string\"}}],\"inLanguage\":\"es\"}]}<\/script>\n<!-- \/ Yoast SEO plugin. -->","yoast_head_json":{"title":"[:en]Haslet\u2019s Cheapest Prepaid No-Deposit Power Company[:es]La compa\u00f1\u00eda de energ\u00eda de prepago sin dep\u00f3sito m\u00e1s barata de Haslet[:] - Pronto Power","description":"[:en]Kiss a big up-front deposit goodbye! ...And no hidden fees and no contract. Plus, customer service that\u2019s happy to help. Call Pronto Power at 844.621.2852 to join free now.[:es]\u00a1Adi\u00f3s a un gran dep\u00f3sito por adelantado! ... Y sin tarifas ocultas y sin contrato. Adem\u00e1s, el servicio al cliente est\u00e1 dispuesto a ayudar. Llame a Pronto Power al 844.621.2852 para unirse gratis ahora.[:]","robots":{"index":"index","follow":"follow","max-snippet":"max-snippet:-1","max-image-preview":"max-image-preview:large","max-video-preview":"max-video-preview:-1"},"canonical":"https:\/\/powermepronto.com\/haslets-cheapest-prepaid-no-deposit-power-company\/","og_locale":"es_ES","og_type":"article","og_title":"[:en]Haslet\u2019s Cheapest Prepaid No-Deposit Power Company[:es]La compa\u00f1\u00eda de energ\u00eda de prepago sin dep\u00f3sito m\u00e1s barata de Haslet[:] - Pronto Power","og_description":"[:en]Kiss a big up-front deposit goodbye! ...And no hidden fees and no contract. Plus, customer service that\u2019s happy to help. Call Pronto Power at 844.621.2852 to join free now.[:es]\u00a1Adi\u00f3s a un gran dep\u00f3sito por adelantado! ... Y sin tarifas ocultas y sin contrato. Adem\u00e1s, el servicio al cliente est\u00e1 dispuesto a ayudar. Llame a Pronto Power al 844.621.2852 para unirse gratis ahora.[:]","og_url":"https:\/\/powermepronto.com\/haslets-cheapest-prepaid-no-deposit-power-company\/","og_site_name":"Pronto Power","article_modified_time":"2022-12-21T11:09:06+00:00","twitter_card":"summary_large_image","twitter_misc":{"Tiempo de lectura":"5 minutos"},"schema":{"@context":"https:\/\/schema.org","@graph":[{"@type":"WebPage","@id":"https:\/\/powermepronto.com\/haslets-cheapest-prepaid-no-deposit-power-company\/","url":"https:\/\/powermepronto.com\/haslets-cheapest-prepaid-no-deposit-power-company\/","name":"[:en]Haslet\u2019s Cheapest Prepaid No-Deposit Power Company[:es]La compa\u00f1\u00eda de energ\u00eda de prepago sin dep\u00f3sito m\u00e1s barata de Haslet[:] - Pronto Power","isPartOf":{"@id":"https:\/\/powermepronto.com\/en\/#website"},"datePublished":"2019-06-11T19:03:00+00:00","dateModified":"2022-12-21T11:09:06+00:00","description":"[:en]Kiss a big up-front deposit goodbye! ...And no hidden fees and no contract. Plus, customer service that\u2019s happy to help. Call Pronto Power at 844.621.2852 to join free now.[:es]\u00a1Adi\u00f3s a un gran dep\u00f3sito por adelantado! ... Y sin tarifas ocultas y sin contrato. Adem\u00e1s, el servicio al cliente est\u00e1 dispuesto a ayudar. Llame a Pronto Power al 844.621.2852 para unirse gratis ahora.[:]","breadcrumb":{"@id":"https:\/\/powermepronto.com\/haslets-cheapest-prepaid-no-deposit-power-company\/#breadcrumb"},"inLanguage":"es","potentialAction":[{"@type":"ReadAction","target":["https:\/\/powermepronto.com\/haslets-cheapest-prepaid-no-deposit-power-company\/"]}]},{"@type":"BreadcrumbList","@id":"https:\/\/powermepronto.com\/haslets-cheapest-prepaid-no-deposit-power-company\/#breadcrumb","itemListElement":[{"@type":"ListItem","position":1,"name":"Home","item":"https:\/\/powermepronto.com\/en\/"},{"@type":"ListItem","position":2,"name":"Haslet\u2019s Cheapest Prepaid No-Deposit Power Company"}]},{"@type":"WebSite","@id":"https:\/\/powermepronto.com\/en\/#website","url":"https:\/\/powermepronto.com\/en\/","name":"Pronto Power","description":"","potentialAction":[{"@type":"SearchAction","target":{"@type":"EntryPoint","urlTemplate":"https:\/\/powermepronto.com\/en\/?s={search_term_string}"},"query-input":{"@type":"PropertyValueSpecification","valueRequired":true,"valueName":"search_term_string"}}],"inLanguage":"es"}]}},"_links":{"self":[{"href":"https:\/\/powermepronto.com\/es\/wp-json\/wp\/v2\/pages\/1461","targetHints":{"allow":["GET"]}}],"collection":[{"href":"https:\/\/powermepronto.com\/es\/wp-json\/wp\/v2\/pages"}],"about":[{"href":"https:\/\/powermepronto.com\/es\/wp-json\/wp\/v2\/types\/page"}],"author":[{"embeddable":true,"href":"https:\/\/powermepronto.com\/es\/wp-json\/wp\/v2\/users\/1"}],"replies":[{"embeddable":true,"href":"https:\/\/powermepronto.com\/es\/wp-json\/wp\/v2\/comments?post=1461"}],"version-history":[{"count":3,"href":"https:\/\/powermepronto.com\/es\/wp-json\/wp\/v2\/pages\/1461\/revisions"}],"predecessor-version":[{"id":3540,"href":"https:\/\/powermepronto.com\/es\/wp-json\/wp\/v2\/pages\/1461\/revisions\/3540"}],"wp:attachment":[{"href":"https:\/\/powermepronto.com\/es\/wp-json\/wp\/v2\/media?parent=1461"}],"curies":[{"name":"wp","href":"https:\/\/api.w.org\/{rel}","templated":true}]}}