{"id":1459,"date":"2019-06-11T18:59:33","date_gmt":"2019-06-11T18:59:33","guid":{"rendered":"http:\/\/www.powermepronto.com\/?page_id=1459"},"modified":"2022-12-21T05:38:13","modified_gmt":"2022-12-21T11:38:13","slug":"the-cheapest-prepaid-electricity-in-houston","status":"publish","type":"page","link":"https:\/\/powermepronto.com\/es\/the-cheapest-prepaid-electricity-in-houston\/","title":{"rendered":"La electricidad prepaga m\u00e1s barata en Houston."},"content":{"rendered":"<p>\u00bfCansado de escuchar todas estas grandes promesas de los REP de Houston, pero luego te decepcionas cuando lees la letra peque\u00f1a o te unes?<\/p>\n<p>No se equivoquen al respecto: hay muchas compa\u00f1\u00edas de electricidad en Texas que dicen una cosa y hacen otra.<\/p>\n<p>Nunca conf\u00ede en un REP si algo que dicen o hacen no coincide con lo que dijeron o hicieron antes.<\/p>\n<p>Sin embargo, puedes confiar en Pronto Power. Y eso es porque hacemos exactamente lo que decimos &#8230; \u00a1sin un contrato complejo!<\/p>\n<h2>Obtenga La Electricidad Prepaga M\u00e1s Barata En Houston Sin Ning\u00fan Cargo Oculto, Problema O Contrato Dif\u00edcil De Firmar<\/h2>\n<p>S\u00ed. Eso es. Sencillo y sencillo. Trabajamos exactamente como decimos.<\/p>\n<p>Usted obtiene las tarifas el\u00e9ctricas prepagas m\u00e1s baratas en Texas. No firmas un contrato. No tienes que lidiar con ninguna tarifa oculta.<\/p>\n<p>&#8230; \u00a1Y el servicio al cliente no puede esperar para hablar con usted y ayudarlo a obtener una soluci\u00f3n cuando la necesite!<\/p>\n<p>\u00bfPor qu\u00e9 Pronto Power har\u00eda esto? Porque es una forma simple de mantenerse en el negocio. Sabemos que te encantar\u00e1, lo que significa que te quedar\u00e1s con nosotros en lugar de saltar a otro REP. <\/p>\n<p>Estas feliz. Fueron felices. Es una cosa hermosa.<\/p>\n<p>Ah, \u00bfy mencionamos que no hay verificaci\u00f3n de cr\u00e9dito o identificaci\u00f3n cuando te unes?<\/p>\n<p>B\u00e1sicamente, no tiene ning\u00fan riesgo al menos en probar Pronto Power. Porque, como no firma un contrato, puede cambiar a otro servicio de inmediato si no est\u00e1 satisfecho o por cualquier motivo. <\/p>\n<p>Sin embargo, nuestro objetivo es sorprenderlo con la electricidad prepaga m\u00e1s barata en Houston y el mejor servicio para que nunca tenga ganas de ir a ning\u00fan otro lugar.<\/p>\n<h2>\u00danase Gratis Hoy Mismo Y Obtenga Las Tarifas Prepagas M\u00e1s Baratas Dentro De La Hora<\/h2>\n<p>No te cuesta nada unirte.<\/p>\n<p>Entonces, \u00bfpor qu\u00e9 no hace una simple llamada telef\u00f3nica y se conecta a las tarifas prepagas m\u00e1s baratas en Houston (y en todo Texas en ese caso) dentro de una hora?<\/p>\n<p>\u00a1Simplemente llame al <span class=\"affiliatecode\">844.621.2852<\/span> para unirse a Pronto Power ahora!<\/p>","protected":false},"excerpt":{"rendered":"<p>\u00bfCansado de escuchar todas estas grandes promesas de los REP de Houston, pero luego te decepcionas cuando lees la letra peque\u00f1a o te unes? No se equivoquen al respecto: hay muchas compa\u00f1\u00edas de electricidad en Texas que dicen una cosa y hacen otra. Nunca conf\u00ede en un REP si algo que dicen o hacen no &hellip; <a href=\"https:\/\/powermepronto.com\/es\/the-cheapest-prepaid-electricity-in-houston\/\" class=\"more-link\">Continue reading <span class=\"screen-reader-text\">La electricidad prepaga m\u00e1s barata en Houston.<\/span><\/a><\/p>\n","protected":false},"author":1,"featured_media":0,"parent":0,"menu_order":0,"comment_status":"closed","ping_status":"closed","template":"","meta":{"_acf_changed":false,"_glsr_average":0,"_glsr_ranking":0,"_glsr_reviews":0,"footnotes":"","_links_to":"","_links_to_target":""},"class_list":["post-1459","page","type-page","status-publish","hentry"],"acf":[],"yoast_head":"<!-- This site is optimized with the Yoast SEO plugin v27.5 - https:\/\/yoast.com\/product\/yoast-seo-wordpress\/ -->\n<title>La electricidad prepaga m\u00e1s barata en Houston. - Pronto Power<\/title>\n<meta name=\"description\" content=\"[:en]Yep. There\u2019s no doubt about it. You get the cheapest prepaid electricity in Houston with Pronto Power. Oh...and no contract, no hassles, and no hidden fees either. Call 844.621.2852 to join Pronto Power free now.[:es]S\u00ed. No hay duda al respecto. Usted obtiene la electricidad prepaga m\u00e1s barata en Houston con Pronto Power. Oh ... y sin contrato, sin problemas, y sin cargos ocultos tampoco. Llame al 844.621.2852 para unirse a Pronto Power gratis ahora.[:]\" \/>\n<meta name=\"robots\" content=\"index, follow, max-snippet:-1, max-image-preview:large, max-video-preview:-1\" \/>\n<link rel=\"canonical\" href=\"https:\/\/powermepronto.com\/the-cheapest-prepaid-electricity-in-houston\/\" \/>\n<meta property=\"og:locale\" content=\"es_ES\" \/>\n<meta property=\"og:type\" content=\"article\" \/>\n<meta property=\"og:title\" content=\"[:en]The Cheapest Prepaid Electricity in Houston[:es]La electricidad prepaga m\u00e1s barata en Houston.[:] - Pronto Power\" \/>\n<meta property=\"og:description\" content=\"[:en]Yep. There\u2019s no doubt about it. You get the cheapest prepaid electricity in Houston with Pronto Power. Oh...and no contract, no hassles, and no hidden fees either. Call 844.621.2852 to join Pronto Power free now.[:es]S\u00ed. No hay duda al respecto. Usted obtiene la electricidad prepaga m\u00e1s barata en Houston con Pronto Power. Oh ... y sin contrato, sin problemas, y sin cargos ocultos tampoco. Llame al 844.621.2852 para unirse a Pronto Power gratis ahora.[:]\" \/>\n<meta property=\"og:url\" content=\"https:\/\/powermepronto.com\/the-cheapest-prepaid-electricity-in-houston\/\" \/>\n<meta property=\"og:site_name\" content=\"Pronto Power\" \/>\n<meta property=\"article:modified_time\" content=\"2022-12-21T11:38:13+00:00\" \/>\n<meta name=\"twitter:card\" content=\"summary_large_image\" \/>\n<meta name=\"twitter:label1\" content=\"Tiempo de lectura\" \/>\n\t<meta name=\"twitter:data1\" content=\"4 minutos\" \/>\n<script type=\"application\/ld+json\" class=\"yoast-schema-graph\">{\"@context\":\"https:\\\/\\\/schema.org\",\"@graph\":[{\"@type\":\"WebPage\",\"@id\":\"https:\\\/\\\/powermepronto.com\\\/the-cheapest-prepaid-electricity-in-houston\\\/\",\"url\":\"https:\\\/\\\/powermepronto.com\\\/the-cheapest-prepaid-electricity-in-houston\\\/\",\"name\":\"[:en]The Cheapest Prepaid Electricity in Houston[:es]La electricidad prepaga m\u00e1s barata en Houston.[:] - Pronto Power\",\"isPartOf\":{\"@id\":\"https:\\\/\\\/powermepronto.com\\\/en\\\/#website\"},\"datePublished\":\"2019-06-11T18:59:33+00:00\",\"dateModified\":\"2022-12-21T11:38:13+00:00\",\"description\":\"[:en]Yep. There\u2019s no doubt about it. You get the cheapest prepaid electricity in Houston with Pronto Power. Oh...and no contract, no hassles, and no hidden fees either. Call 844.621.2852 to join Pronto Power free now.[:es]S\u00ed. No hay duda al respecto. Usted obtiene la electricidad prepaga m\u00e1s barata en Houston con Pronto Power. Oh ... y sin contrato, sin problemas, y sin cargos ocultos tampoco. Llame al 844.621.2852 para unirse a Pronto Power gratis ahora.[:]\",\"breadcrumb\":{\"@id\":\"https:\\\/\\\/powermepronto.com\\\/the-cheapest-prepaid-electricity-in-houston\\\/#breadcrumb\"},\"inLanguage\":\"es\",\"potentialAction\":[{\"@type\":\"ReadAction\",\"target\":[\"https:\\\/\\\/powermepronto.com\\\/the-cheapest-prepaid-electricity-in-houston\\\/\"]}]},{\"@type\":\"BreadcrumbList\",\"@id\":\"https:\\\/\\\/powermepronto.com\\\/the-cheapest-prepaid-electricity-in-houston\\\/#breadcrumb\",\"itemListElement\":[{\"@type\":\"ListItem\",\"position\":1,\"name\":\"Home\",\"item\":\"https:\\\/\\\/powermepronto.com\\\/en\\\/\"},{\"@type\":\"ListItem\",\"position\":2,\"name\":\"The Cheapest Prepaid Electricity in Houston\"}]},{\"@type\":\"WebSite\",\"@id\":\"https:\\\/\\\/powermepronto.com\\\/en\\\/#website\",\"url\":\"https:\\\/\\\/powermepronto.com\\\/en\\\/\",\"name\":\"Pronto Power\",\"description\":\"\",\"potentialAction\":[{\"@type\":\"SearchAction\",\"target\":{\"@type\":\"EntryPoint\",\"urlTemplate\":\"https:\\\/\\\/powermepronto.com\\\/en\\\/?s={search_term_string}\"},\"query-input\":{\"@type\":\"PropertyValueSpecification\",\"valueRequired\":true,\"valueName\":\"search_term_string\"}}],\"inLanguage\":\"es\"}]}<\/script>\n<!-- \/ Yoast SEO plugin. -->","yoast_head_json":{"title":"[:en]The Cheapest Prepaid Electricity in Houston[:es]La electricidad prepaga m\u00e1s barata en Houston.[:] - Pronto Power","description":"[:en]Yep. There\u2019s no doubt about it. You get the cheapest prepaid electricity in Houston with Pronto Power. Oh...and no contract, no hassles, and no hidden fees either. Call 844.621.2852 to join Pronto Power free now.[:es]S\u00ed. No hay duda al respecto. Usted obtiene la electricidad prepaga m\u00e1s barata en Houston con Pronto Power. Oh ... y sin contrato, sin problemas, y sin cargos ocultos tampoco. Llame al 844.621.2852 para unirse a Pronto Power gratis ahora.[:]","robots":{"index":"index","follow":"follow","max-snippet":"max-snippet:-1","max-image-preview":"max-image-preview:large","max-video-preview":"max-video-preview:-1"},"canonical":"https:\/\/powermepronto.com\/the-cheapest-prepaid-electricity-in-houston\/","og_locale":"es_ES","og_type":"article","og_title":"[:en]The Cheapest Prepaid Electricity in Houston[:es]La electricidad prepaga m\u00e1s barata en Houston.[:] - Pronto Power","og_description":"[:en]Yep. There\u2019s no doubt about it. You get the cheapest prepaid electricity in Houston with Pronto Power. Oh...and no contract, no hassles, and no hidden fees either. Call 844.621.2852 to join Pronto Power free now.[:es]S\u00ed. No hay duda al respecto. Usted obtiene la electricidad prepaga m\u00e1s barata en Houston con Pronto Power. Oh ... y sin contrato, sin problemas, y sin cargos ocultos tampoco. Llame al 844.621.2852 para unirse a Pronto Power gratis ahora.[:]","og_url":"https:\/\/powermepronto.com\/the-cheapest-prepaid-electricity-in-houston\/","og_site_name":"Pronto Power","article_modified_time":"2022-12-21T11:38:13+00:00","twitter_card":"summary_large_image","twitter_misc":{"Tiempo de lectura":"4 minutos"},"schema":{"@context":"https:\/\/schema.org","@graph":[{"@type":"WebPage","@id":"https:\/\/powermepronto.com\/the-cheapest-prepaid-electricity-in-houston\/","url":"https:\/\/powermepronto.com\/the-cheapest-prepaid-electricity-in-houston\/","name":"[:en]The Cheapest Prepaid Electricity in Houston[:es]La electricidad prepaga m\u00e1s barata en Houston.[:] - Pronto Power","isPartOf":{"@id":"https:\/\/powermepronto.com\/en\/#website"},"datePublished":"2019-06-11T18:59:33+00:00","dateModified":"2022-12-21T11:38:13+00:00","description":"[:en]Yep. There\u2019s no doubt about it. You get the cheapest prepaid electricity in Houston with Pronto Power. Oh...and no contract, no hassles, and no hidden fees either. Call 844.621.2852 to join Pronto Power free now.[:es]S\u00ed. No hay duda al respecto. Usted obtiene la electricidad prepaga m\u00e1s barata en Houston con Pronto Power. Oh ... y sin contrato, sin problemas, y sin cargos ocultos tampoco. Llame al 844.621.2852 para unirse a Pronto Power gratis ahora.[:]","breadcrumb":{"@id":"https:\/\/powermepronto.com\/the-cheapest-prepaid-electricity-in-houston\/#breadcrumb"},"inLanguage":"es","potentialAction":[{"@type":"ReadAction","target":["https:\/\/powermepronto.com\/the-cheapest-prepaid-electricity-in-houston\/"]}]},{"@type":"BreadcrumbList","@id":"https:\/\/powermepronto.com\/the-cheapest-prepaid-electricity-in-houston\/#breadcrumb","itemListElement":[{"@type":"ListItem","position":1,"name":"Home","item":"https:\/\/powermepronto.com\/en\/"},{"@type":"ListItem","position":2,"name":"The Cheapest Prepaid Electricity in Houston"}]},{"@type":"WebSite","@id":"https:\/\/powermepronto.com\/en\/#website","url":"https:\/\/powermepronto.com\/en\/","name":"Pronto Power","description":"","potentialAction":[{"@type":"SearchAction","target":{"@type":"EntryPoint","urlTemplate":"https:\/\/powermepronto.com\/en\/?s={search_term_string}"},"query-input":{"@type":"PropertyValueSpecification","valueRequired":true,"valueName":"search_term_string"}}],"inLanguage":"es"}]}},"_links":{"self":[{"href":"https:\/\/powermepronto.com\/es\/wp-json\/wp\/v2\/pages\/1459","targetHints":{"allow":["GET"]}}],"collection":[{"href":"https:\/\/powermepronto.com\/es\/wp-json\/wp\/v2\/pages"}],"about":[{"href":"https:\/\/powermepronto.com\/es\/wp-json\/wp\/v2\/types\/page"}],"author":[{"embeddable":true,"href":"https:\/\/powermepronto.com\/es\/wp-json\/wp\/v2\/users\/1"}],"replies":[{"embeddable":true,"href":"https:\/\/powermepronto.com\/es\/wp-json\/wp\/v2\/comments?post=1459"}],"version-history":[{"count":4,"href":"https:\/\/powermepronto.com\/es\/wp-json\/wp\/v2\/pages\/1459\/revisions"}],"predecessor-version":[{"id":3572,"href":"https:\/\/powermepronto.com\/es\/wp-json\/wp\/v2\/pages\/1459\/revisions\/3572"}],"wp:attachment":[{"href":"https:\/\/powermepronto.com\/es\/wp-json\/wp\/v2\/media?parent=1459"}],"curies":[{"name":"wp","href":"https:\/\/api.w.org\/{rel}","templated":true}]}}