{"id":1398,"date":"2019-05-11T10:58:32","date_gmt":"2019-05-11T10:58:32","guid":{"rendered":"http:\/\/www.powermepronto.com\/?page_id=1398"},"modified":"2022-12-21T04:10:29","modified_gmt":"2022-12-21T10:10:29","slug":"cheaper-than-all-other-electric-companies-in-dallas-tx-with-no-deposit","status":"publish","type":"page","link":"https:\/\/powermepronto.com\/es\/cheaper-than-all-other-electric-companies-in-dallas-tx-with-no-deposit\/","title":{"rendered":"\u00a1M\u00e1s barato que todas las otras compa\u00f1\u00edas el\u00e9ctricas en Dallas, TX sin dep\u00f3sito!"},"content":{"rendered":"<p>Imagina la compa\u00f1\u00eda el\u00e9ctrica de tus sue\u00f1os&#8230;<\/p>\n<p>Te cobran las tarifas m\u00e1s baratas que puedes obtener en Dallas.<\/p>\n<p>No pagas un gran dep\u00f3sito por adelantado. De hecho, usted no paga ning\u00fan dep\u00f3sito en absoluto.<\/p>\n<p>No hay cargos complicados u ocultos para unirse o despu\u00e9s de unirse.<\/p>\n<p>No firmas un contrato.<\/p>\n<p>Y si tiene dificultades para pagar, en lugar de cobrarle la vida y empeorar su problema, la compa\u00f1\u00eda lo ayuda a superar la dificultad.<\/p>\n<p>Para colmo, le facilitan la salida si decide que no es la compa\u00f1\u00eda adecuada para usted.<\/p>\n<p>Bueno, no imagines m\u00e1s porque&#8230;<\/p>\n<h2>Pronto Power Le Ofrece Las Tarifas Prepagas M\u00e1s Baratas En Dallas, TX Sin Dep\u00f3sito, Sin Contrato Y Sin Cargos Ocultos<\/h2>\n<p>S\u00ed. No es broma.<\/p>\n<p>La compa\u00f1\u00eda el\u00e9ctrica de tus sue\u00f1os es ahora una realidad. Pronto Power es la compa\u00f1\u00eda que realmente quiere servirle y crear una relaci\u00f3n exitosa de ganar-ganar en lugar de sacar todas esas cosas verdes de su billetera.<\/p>\n<p>\u00a1Qu\u00e9 idea novedosa en el mercado de energ\u00eda desregulado de Texas!<\/p>\n<h2>Adem\u00e1s, Ahorra Un 20% Adicional<\/h2>\n<p>Lo creas o no, hay a\u00fan m\u00e1s en el trato. La \u00faltima parte descansa directamente sobre tus hombros y est\u00e1 totalmente bajo tu control.<\/p>\n<p>Cuando se une a nuestro servicio el\u00e9ctrico, obtiene acceso a una herramienta de software especial que controla su uso de la electricidad en tiempo real.<\/p>\n<p>Encienda y apague su televisor y vea c\u00f3mo sube y baja su lectura de electricidad.<\/p>\n<p>Los clientes usan esto para entender c\u00f3mo usan la electricidad. Luego cambian su comportamiento.<\/p>\n<p>\u00a1Y muchos ahorran un 20% adicional en las tarifas prepagas ya m\u00e1s baratas en Texas!<\/p>\n<p>Siempre y cuando tenga un saldo de cuenta positivo de 1 centavo a la 1 pm, su electricidad permanecer\u00e1 encendida.<\/p>\n<p>&#8230; Y si no puede hacer eso, llame a nuestro \u00fatil equipo de atenci\u00f3n al cliente que coordinar\u00e1 un plan de pago con usted para que pueda mantener su electricidad conectada.<\/p>\n<p>La electricidad en Texas realmente no puede ser mejor que esto. Simplemente llame a Pronto Power al <span class=\"affiliatecode\">844.621.2852<\/span> para unirse gratis&#8230; \u00a1y con\u00e9ctese en una hora si su casa tiene un medidor inteligente!<\/p>","protected":false},"excerpt":{"rendered":"<p>Imagina la compa\u00f1\u00eda el\u00e9ctrica de tus sue\u00f1os&#8230; Te cobran las tarifas m\u00e1s baratas que puedes obtener en Dallas. No pagas un gran dep\u00f3sito por adelantado. De hecho, usted no paga ning\u00fan dep\u00f3sito en absoluto. No hay cargos complicados u ocultos para unirse o despu\u00e9s de unirse. No firmas un contrato. Y si tiene dificultades para &hellip; <a href=\"https:\/\/powermepronto.com\/es\/cheaper-than-all-other-electric-companies-in-dallas-tx-with-no-deposit\/\" class=\"more-link\">Continue reading <span class=\"screen-reader-text\">\u00a1M\u00e1s barato que todas las otras compa\u00f1\u00edas el\u00e9ctricas en Dallas, TX sin dep\u00f3sito!<\/span><\/a><\/p>\n","protected":false},"author":1,"featured_media":0,"parent":0,"menu_order":0,"comment_status":"closed","ping_status":"closed","template":"","meta":{"_acf_changed":false,"_glsr_average":0,"_glsr_ranking":0,"_glsr_reviews":0,"footnotes":"","_links_to":"","_links_to_target":""},"class_list":["post-1398","page","type-page","status-publish","hentry"],"acf":[],"yoast_head":"<!-- This site is optimized with the Yoast SEO plugin v27.5 - https:\/\/yoast.com\/product\/yoast-seo-wordpress\/ -->\n<title>\u00a1M\u00e1s barato que todas las otras compa\u00f1\u00edas el\u00e9ctricas en Dallas, TX sin dep\u00f3sito! - Pronto Power<\/title>\n<meta name=\"description\" content=\"[:en]Get the cheapest prepaid electricity in Dallas with no deposit. No contract. No hidden fees. And a responsive customer service team excited to help you through even your most difficult financial struggles. Call 844.621.2852 to join Pronto Power free now.[:es]Obt\u00e9n la electricidad prepaga m\u00e1s barata en Dallas sin dep\u00f3sito. Sin contrato. Sin cuotas escondidas. Y un equipo de servicio al cliente receptivo, emocionado de ayudarlo a superar sus dificultades financieras m\u00e1s dif\u00edciles. Llame al 844.621.2852 para unirse a Pronto Power gratis ahora.[:]\" \/>\n<meta name=\"robots\" content=\"index, follow, max-snippet:-1, max-image-preview:large, max-video-preview:-1\" \/>\n<link rel=\"canonical\" href=\"https:\/\/powermepronto.com\/cheaper-than-all-other-electric-companies-in-dallas-tx-with-no-deposit\/\" \/>\n<meta property=\"og:locale\" content=\"es_ES\" \/>\n<meta property=\"og:type\" content=\"article\" \/>\n<meta property=\"og:title\" content=\"[:en]Cheaper Than All Other Electric Companies in Dallas, TX with No Deposit![:es]\u00a1M\u00e1s barato que todas las otras compa\u00f1\u00edas el\u00e9ctricas en Dallas, TX sin dep\u00f3sito![:] - Pronto Power\" \/>\n<meta property=\"og:description\" content=\"[:en]Get the cheapest prepaid electricity in Dallas with no deposit. No contract. No hidden fees. And a responsive customer service team excited to help you through even your most difficult financial struggles. Call 844.621.2852 to join Pronto Power free now.[:es]Obt\u00e9n la electricidad prepaga m\u00e1s barata en Dallas sin dep\u00f3sito. Sin contrato. Sin cuotas escondidas. Y un equipo de servicio al cliente receptivo, emocionado de ayudarlo a superar sus dificultades financieras m\u00e1s dif\u00edciles. Llame al 844.621.2852 para unirse a Pronto Power gratis ahora.[:]\" \/>\n<meta property=\"og:url\" content=\"https:\/\/powermepronto.com\/cheaper-than-all-other-electric-companies-in-dallas-tx-with-no-deposit\/\" \/>\n<meta property=\"og:site_name\" content=\"Pronto Power\" \/>\n<meta property=\"article:modified_time\" content=\"2022-12-21T10:10:29+00:00\" \/>\n<meta name=\"twitter:card\" content=\"summary_large_image\" \/>\n<meta name=\"twitter:label1\" content=\"Tiempo de lectura\" \/>\n\t<meta name=\"twitter:data1\" content=\"4 minutos\" \/>\n<script type=\"application\/ld+json\" class=\"yoast-schema-graph\">{\"@context\":\"https:\\\/\\\/schema.org\",\"@graph\":[{\"@type\":\"WebPage\",\"@id\":\"https:\\\/\\\/powermepronto.com\\\/cheaper-than-all-other-electric-companies-in-dallas-tx-with-no-deposit\\\/\",\"url\":\"https:\\\/\\\/powermepronto.com\\\/cheaper-than-all-other-electric-companies-in-dallas-tx-with-no-deposit\\\/\",\"name\":\"[:en]Cheaper Than All Other Electric Companies in Dallas, TX with No Deposit![:es]\u00a1M\u00e1s barato que todas las otras compa\u00f1\u00edas el\u00e9ctricas en Dallas, TX sin dep\u00f3sito![:] - Pronto Power\",\"isPartOf\":{\"@id\":\"https:\\\/\\\/powermepronto.com\\\/en\\\/#website\"},\"datePublished\":\"2019-05-11T10:58:32+00:00\",\"dateModified\":\"2022-12-21T10:10:29+00:00\",\"description\":\"[:en]Get the cheapest prepaid electricity in Dallas with no deposit. No contract. No hidden fees. And a responsive customer service team excited to help you through even your most difficult financial struggles. Call 844.621.2852 to join Pronto Power free now.[:es]Obt\u00e9n la electricidad prepaga m\u00e1s barata en Dallas sin dep\u00f3sito. Sin contrato. Sin cuotas escondidas. Y un equipo de servicio al cliente receptivo, emocionado de ayudarlo a superar sus dificultades financieras m\u00e1s dif\u00edciles. Llame al 844.621.2852 para unirse a Pronto Power gratis ahora.[:]\",\"breadcrumb\":{\"@id\":\"https:\\\/\\\/powermepronto.com\\\/cheaper-than-all-other-electric-companies-in-dallas-tx-with-no-deposit\\\/#breadcrumb\"},\"inLanguage\":\"es\",\"potentialAction\":[{\"@type\":\"ReadAction\",\"target\":[\"https:\\\/\\\/powermepronto.com\\\/cheaper-than-all-other-electric-companies-in-dallas-tx-with-no-deposit\\\/\"]}]},{\"@type\":\"BreadcrumbList\",\"@id\":\"https:\\\/\\\/powermepronto.com\\\/cheaper-than-all-other-electric-companies-in-dallas-tx-with-no-deposit\\\/#breadcrumb\",\"itemListElement\":[{\"@type\":\"ListItem\",\"position\":1,\"name\":\"Home\",\"item\":\"https:\\\/\\\/powermepronto.com\\\/en\\\/\"},{\"@type\":\"ListItem\",\"position\":2,\"name\":\"Cheaper Than All Other Electric Companies in Dallas, TX with No Deposit!\"}]},{\"@type\":\"WebSite\",\"@id\":\"https:\\\/\\\/powermepronto.com\\\/en\\\/#website\",\"url\":\"https:\\\/\\\/powermepronto.com\\\/en\\\/\",\"name\":\"Pronto Power\",\"description\":\"\",\"potentialAction\":[{\"@type\":\"SearchAction\",\"target\":{\"@type\":\"EntryPoint\",\"urlTemplate\":\"https:\\\/\\\/powermepronto.com\\\/en\\\/?s={search_term_string}\"},\"query-input\":{\"@type\":\"PropertyValueSpecification\",\"valueRequired\":true,\"valueName\":\"search_term_string\"}}],\"inLanguage\":\"es\"}]}<\/script>\n<!-- \/ Yoast SEO plugin. -->","yoast_head_json":{"title":"[:en]Cheaper Than All Other Electric Companies in Dallas, TX with No Deposit![:es]\u00a1M\u00e1s barato que todas las otras compa\u00f1\u00edas el\u00e9ctricas en Dallas, TX sin dep\u00f3sito![:] - Pronto Power","description":"[:en]Get the cheapest prepaid electricity in Dallas with no deposit. No contract. No hidden fees. And a responsive customer service team excited to help you through even your most difficult financial struggles. Call 844.621.2852 to join Pronto Power free now.[:es]Obt\u00e9n la electricidad prepaga m\u00e1s barata en Dallas sin dep\u00f3sito. Sin contrato. Sin cuotas escondidas. Y un equipo de servicio al cliente receptivo, emocionado de ayudarlo a superar sus dificultades financieras m\u00e1s dif\u00edciles. Llame al 844.621.2852 para unirse a Pronto Power gratis ahora.[:]","robots":{"index":"index","follow":"follow","max-snippet":"max-snippet:-1","max-image-preview":"max-image-preview:large","max-video-preview":"max-video-preview:-1"},"canonical":"https:\/\/powermepronto.com\/cheaper-than-all-other-electric-companies-in-dallas-tx-with-no-deposit\/","og_locale":"es_ES","og_type":"article","og_title":"[:en]Cheaper Than All Other Electric Companies in Dallas, TX with No Deposit![:es]\u00a1M\u00e1s barato que todas las otras compa\u00f1\u00edas el\u00e9ctricas en Dallas, TX sin dep\u00f3sito![:] - Pronto Power","og_description":"[:en]Get the cheapest prepaid electricity in Dallas with no deposit. No contract. No hidden fees. And a responsive customer service team excited to help you through even your most difficult financial struggles. Call 844.621.2852 to join Pronto Power free now.[:es]Obt\u00e9n la electricidad prepaga m\u00e1s barata en Dallas sin dep\u00f3sito. Sin contrato. Sin cuotas escondidas. Y un equipo de servicio al cliente receptivo, emocionado de ayudarlo a superar sus dificultades financieras m\u00e1s dif\u00edciles. Llame al 844.621.2852 para unirse a Pronto Power gratis ahora.[:]","og_url":"https:\/\/powermepronto.com\/cheaper-than-all-other-electric-companies-in-dallas-tx-with-no-deposit\/","og_site_name":"Pronto Power","article_modified_time":"2022-12-21T10:10:29+00:00","twitter_card":"summary_large_image","twitter_misc":{"Tiempo de lectura":"4 minutos"},"schema":{"@context":"https:\/\/schema.org","@graph":[{"@type":"WebPage","@id":"https:\/\/powermepronto.com\/cheaper-than-all-other-electric-companies-in-dallas-tx-with-no-deposit\/","url":"https:\/\/powermepronto.com\/cheaper-than-all-other-electric-companies-in-dallas-tx-with-no-deposit\/","name":"[:en]Cheaper Than All Other Electric Companies in Dallas, TX with No Deposit![:es]\u00a1M\u00e1s barato que todas las otras compa\u00f1\u00edas el\u00e9ctricas en Dallas, TX sin dep\u00f3sito![:] - Pronto Power","isPartOf":{"@id":"https:\/\/powermepronto.com\/en\/#website"},"datePublished":"2019-05-11T10:58:32+00:00","dateModified":"2022-12-21T10:10:29+00:00","description":"[:en]Get the cheapest prepaid electricity in Dallas with no deposit. No contract. No hidden fees. And a responsive customer service team excited to help you through even your most difficult financial struggles. Call 844.621.2852 to join Pronto Power free now.[:es]Obt\u00e9n la electricidad prepaga m\u00e1s barata en Dallas sin dep\u00f3sito. Sin contrato. Sin cuotas escondidas. Y un equipo de servicio al cliente receptivo, emocionado de ayudarlo a superar sus dificultades financieras m\u00e1s dif\u00edciles. Llame al 844.621.2852 para unirse a Pronto Power gratis ahora.[:]","breadcrumb":{"@id":"https:\/\/powermepronto.com\/cheaper-than-all-other-electric-companies-in-dallas-tx-with-no-deposit\/#breadcrumb"},"inLanguage":"es","potentialAction":[{"@type":"ReadAction","target":["https:\/\/powermepronto.com\/cheaper-than-all-other-electric-companies-in-dallas-tx-with-no-deposit\/"]}]},{"@type":"BreadcrumbList","@id":"https:\/\/powermepronto.com\/cheaper-than-all-other-electric-companies-in-dallas-tx-with-no-deposit\/#breadcrumb","itemListElement":[{"@type":"ListItem","position":1,"name":"Home","item":"https:\/\/powermepronto.com\/en\/"},{"@type":"ListItem","position":2,"name":"Cheaper Than All Other Electric Companies in Dallas, TX with No Deposit!"}]},{"@type":"WebSite","@id":"https:\/\/powermepronto.com\/en\/#website","url":"https:\/\/powermepronto.com\/en\/","name":"Pronto Power","description":"","potentialAction":[{"@type":"SearchAction","target":{"@type":"EntryPoint","urlTemplate":"https:\/\/powermepronto.com\/en\/?s={search_term_string}"},"query-input":{"@type":"PropertyValueSpecification","valueRequired":true,"valueName":"search_term_string"}}],"inLanguage":"es"}]}},"_links":{"self":[{"href":"https:\/\/powermepronto.com\/es\/wp-json\/wp\/v2\/pages\/1398","targetHints":{"allow":["GET"]}}],"collection":[{"href":"https:\/\/powermepronto.com\/es\/wp-json\/wp\/v2\/pages"}],"about":[{"href":"https:\/\/powermepronto.com\/es\/wp-json\/wp\/v2\/types\/page"}],"author":[{"embeddable":true,"href":"https:\/\/powermepronto.com\/es\/wp-json\/wp\/v2\/users\/1"}],"replies":[{"embeddable":true,"href":"https:\/\/powermepronto.com\/es\/wp-json\/wp\/v2\/comments?post=1398"}],"version-history":[{"count":4,"href":"https:\/\/powermepronto.com\/es\/wp-json\/wp\/v2\/pages\/1398\/revisions"}],"predecessor-version":[{"id":3484,"href":"https:\/\/powermepronto.com\/es\/wp-json\/wp\/v2\/pages\/1398\/revisions\/3484"}],"wp:attachment":[{"href":"https:\/\/powermepronto.com\/es\/wp-json\/wp\/v2\/media?parent=1398"}],"curies":[{"name":"wp","href":"https:\/\/api.w.org\/{rel}","templated":true}]}}