{"id":1393,"date":"2019-05-11T10:53:50","date_gmt":"2019-05-11T10:53:50","guid":{"rendered":"http:\/\/www.powermepronto.com\/?page_id=1393"},"modified":"2019-05-31T07:55:12","modified_gmt":"2019-05-31T07:55:12","slug":"garlands-cheapest-no-deposit-electric-company","status":"publish","type":"page","link":"https:\/\/powermepronto.com\/es\/garlands-cheapest-no-deposit-electric-company\/","title":{"rendered":"La compa\u00f1\u00eda de electricidad sin dep\u00f3sito m\u00e1s barata de Garland"},"content":{"rendered":"<p>Es dif\u00edcil ser un consumidor de electricidad en Texas, \u00bfno es as\u00ed?<\/p>\n<p>Cada compa\u00f1\u00eda el\u00e9ctrica en Texas tiene una oferta \u00abexcelente\u00bb o \u00abpor tiempo limitado\u00bb para usted.<\/p>\n<p>&#8230; Pero te han quemado antes. Entonces, sabes que eso no es cierto.<\/p>\n<p>Claro, cada compa\u00f1\u00eda te dir\u00e1 lo que quieres escuchar. Pero una vez que te unes, es una historia diferente.<\/p>\n<p>Te atacan con tarifas ocultas. Oh, claro, usted fue notificado en la letra peque\u00f1a en el contrato que firm\u00f3.<\/p>\n<p>\u00a1Pero vamos! Usted sabe que la compa\u00f1\u00eda est\u00e1 siendo enga\u00f1osa para que puedan deslizar m\u00e1s de su dinero. Por supuesto, te culpan por ello.<\/p>\n<p>El servicio al cliente no quiere hacer su trabajo. Es dif\u00edcil conseguir a una persona en el tel\u00e9fono. E incluso cuando lo haces, te transfieren, pero no puedes obtener una respuesta.<\/p>\n<p>Entonces, empresas como esa hablan de un buen juego. Pero, no caminan un buen partido.<\/p>\n<h2>Pronto Power Sopla A Su Compa\u00f1\u00eda De Electricidad Con Las Tarifas Prepagas M\u00e1s Baratas, Sin Contrato Y Con Representantes De Servicio Al Cliente Incre\u00edbles Que Desean Ayudar<\/h2>\n<p>S\u00ed. Obtiene lo anterior cuando se une a Pronto Power (adem\u00e1s de que tambi\u00e9n es poder de dep\u00f3sito).<\/p>\n<p>Y para ayudarlo a sentirse seguro y confiar en nosotros, no requerimos un contrato. De hecho, no hay ning\u00fan riesgo en la relaci\u00f3n para usted en absoluto.<\/p>\n<p>No pagas tarifas ocultas ni tarifas de conexi\u00f3n \/ desconexi\u00f3n. No firmas un contrato.<\/p>\n<p>Y si tiene problemas para pagar cuando es un cliente, estaremos encantados de ayudarlo con un plan de pago que funcione para usted.<\/p>\n<p>As\u00ed que no tienes ning\u00fan riesgo en unirte. Las tarifas el\u00e9ctricas prepagas m\u00e1s baratas en Garland est\u00e1n simplemente disponibles.<\/p>\n<p>Y si decide que Pronto Power no es adecuado para usted, simplemente llame y cancele. No hay preguntas.<\/p>\n<p>\u00bfPor qu\u00e9 hacemos esto?<\/p>\n<p>Porque confiamos en que te encantar\u00e1 Pronto Power. Con este tipo de oferta disponible en Texas, nos convierte en una atractiva compa\u00f1\u00eda el\u00e9ctrica para elegir.<\/p>\n<p>Entonces, para obtener las tarifas prepagas m\u00e1s baratas en Garland, sin contrato, sin cargos ocultos, sin dep\u00f3sito por adelantado, y un equipo de servicio al cliente que generalmente se preocupa y quiere ayudar, llame a Pronto Power al <span class=\"affiliatecode\">844.621.2852<\/span> para unirse gratis ahora.<\/p>","protected":false},"excerpt":{"rendered":"<p>Es dif\u00edcil ser un consumidor de electricidad en Texas, \u00bfno es as\u00ed? Cada compa\u00f1\u00eda el\u00e9ctrica en Texas tiene una oferta \u00abexcelente\u00bb o \u00abpor tiempo limitado\u00bb para usted. &#8230; Pero te han quemado antes. Entonces, sabes que eso no es cierto. Claro, cada compa\u00f1\u00eda te dir\u00e1 lo que quieres escuchar. Pero una vez que te unes, &hellip; <a href=\"https:\/\/powermepronto.com\/es\/garlands-cheapest-no-deposit-electric-company\/\" class=\"more-link\">Continue reading <span class=\"screen-reader-text\">La compa\u00f1\u00eda de electricidad sin dep\u00f3sito m\u00e1s barata de Garland<\/span><\/a><\/p>\n","protected":false},"author":1,"featured_media":0,"parent":0,"menu_order":0,"comment_status":"closed","ping_status":"closed","template":"","meta":{"_acf_changed":false,"_glsr_average":0,"_glsr_ranking":0,"_glsr_reviews":0,"footnotes":"","_links_to":"","_links_to_target":""},"class_list":["post-1393","page","type-page","status-publish","hentry"],"acf":[],"yoast_head":"<!-- This site is optimized with the Yoast SEO plugin v27.5 - https:\/\/yoast.com\/product\/yoast-seo-wordpress\/ -->\n<title>La compa\u00f1\u00eda de electricidad sin dep\u00f3sito m\u00e1s barata de Garland - Pronto Power<\/title>\n<meta name=\"description\" content=\"Pronto Power offers the lowest prepaid rates in Garland. Plus, no contract, no hidden fees, no credit check, and no ID check. Risk-free electric service. Call Pronto Power at 844.621.2852 to join free now.\" \/>\n<meta name=\"robots\" content=\"index, follow, max-snippet:-1, max-image-preview:large, max-video-preview:-1\" \/>\n<link rel=\"canonical\" href=\"https:\/\/powermepronto.com\/en\/garlands-cheapest-no-deposit-electric-company\/\" \/>\n<meta property=\"og:locale\" content=\"es_ES\" \/>\n<meta property=\"og:type\" content=\"article\" \/>\n<meta property=\"og:title\" content=\"[:en]Garland\u2019s Cheapest No-Deposit Electric Company[:es]La compa\u00f1\u00eda de electricidad sin dep\u00f3sito m\u00e1s barata de Garland[:] - Pronto Power\" \/>\n<meta property=\"og:description\" content=\"Pronto Power offers the lowest prepaid rates in Garland. Plus, no contract, no hidden fees, no credit check, and no ID check. Risk-free electric service. Call Pronto Power at 844.621.2852 to join free now.\" \/>\n<meta property=\"og:url\" content=\"https:\/\/powermepronto.com\/en\/garlands-cheapest-no-deposit-electric-company\/\" \/>\n<meta property=\"og:site_name\" content=\"Pronto Power\" \/>\n<meta property=\"article:modified_time\" content=\"2019-05-31T07:55:12+00:00\" \/>\n<meta name=\"twitter:card\" content=\"summary_large_image\" \/>\n<meta name=\"twitter:label1\" content=\"Tiempo de lectura\" \/>\n\t<meta name=\"twitter:data1\" content=\"4 minutos\" \/>\n<script type=\"application\/ld+json\" class=\"yoast-schema-graph\">{\"@context\":\"https:\\\/\\\/schema.org\",\"@graph\":[{\"@type\":\"WebPage\",\"@id\":\"https:\\\/\\\/powermepronto.com\\\/en\\\/garlands-cheapest-no-deposit-electric-company\\\/\",\"url\":\"https:\\\/\\\/powermepronto.com\\\/en\\\/garlands-cheapest-no-deposit-electric-company\\\/\",\"name\":\"[:en]Garland\u2019s Cheapest No-Deposit Electric Company[:es]La compa\u00f1\u00eda de electricidad sin dep\u00f3sito m\u00e1s barata de Garland[:] - Pronto Power\",\"isPartOf\":{\"@id\":\"https:\\\/\\\/powermepronto.com\\\/en\\\/#website\"},\"datePublished\":\"2019-05-11T10:53:50+00:00\",\"dateModified\":\"2019-05-31T07:55:12+00:00\",\"description\":\"Pronto Power offers the lowest prepaid rates in Garland. Plus, no contract, no hidden fees, no credit check, and no ID check. Risk-free electric service. Call Pronto Power at 844.621.2852 to join free now.\",\"breadcrumb\":{\"@id\":\"https:\\\/\\\/powermepronto.com\\\/en\\\/garlands-cheapest-no-deposit-electric-company\\\/#breadcrumb\"},\"inLanguage\":\"es\",\"potentialAction\":[{\"@type\":\"ReadAction\",\"target\":[\"https:\\\/\\\/powermepronto.com\\\/en\\\/garlands-cheapest-no-deposit-electric-company\\\/\"]}]},{\"@type\":\"BreadcrumbList\",\"@id\":\"https:\\\/\\\/powermepronto.com\\\/en\\\/garlands-cheapest-no-deposit-electric-company\\\/#breadcrumb\",\"itemListElement\":[{\"@type\":\"ListItem\",\"position\":1,\"name\":\"Home\",\"item\":\"https:\\\/\\\/powermepronto.com\\\/en\\\/\"},{\"@type\":\"ListItem\",\"position\":2,\"name\":\"Garland\u2019s Cheapest No-Deposit Electric Company\"}]},{\"@type\":\"WebSite\",\"@id\":\"https:\\\/\\\/powermepronto.com\\\/en\\\/#website\",\"url\":\"https:\\\/\\\/powermepronto.com\\\/en\\\/\",\"name\":\"Pronto Power\",\"description\":\"\",\"potentialAction\":[{\"@type\":\"SearchAction\",\"target\":{\"@type\":\"EntryPoint\",\"urlTemplate\":\"https:\\\/\\\/powermepronto.com\\\/en\\\/?s={search_term_string}\"},\"query-input\":{\"@type\":\"PropertyValueSpecification\",\"valueRequired\":true,\"valueName\":\"search_term_string\"}}],\"inLanguage\":\"es\"}]}<\/script>\n<!-- \/ Yoast SEO plugin. -->","yoast_head_json":{"title":"[:en]Garland\u2019s Cheapest No-Deposit Electric Company[:es]La compa\u00f1\u00eda de electricidad sin dep\u00f3sito m\u00e1s barata de Garland[:] - Pronto Power","description":"Pronto Power offers the lowest prepaid rates in Garland. Plus, no contract, no hidden fees, no credit check, and no ID check. Risk-free electric service. Call Pronto Power at 844.621.2852 to join free now.","robots":{"index":"index","follow":"follow","max-snippet":"max-snippet:-1","max-image-preview":"max-image-preview:large","max-video-preview":"max-video-preview:-1"},"canonical":"https:\/\/powermepronto.com\/en\/garlands-cheapest-no-deposit-electric-company\/","og_locale":"es_ES","og_type":"article","og_title":"[:en]Garland\u2019s Cheapest No-Deposit Electric Company[:es]La compa\u00f1\u00eda de electricidad sin dep\u00f3sito m\u00e1s barata de Garland[:] - Pronto Power","og_description":"Pronto Power offers the lowest prepaid rates in Garland. Plus, no contract, no hidden fees, no credit check, and no ID check. Risk-free electric service. Call Pronto Power at 844.621.2852 to join free now.","og_url":"https:\/\/powermepronto.com\/en\/garlands-cheapest-no-deposit-electric-company\/","og_site_name":"Pronto Power","article_modified_time":"2019-05-31T07:55:12+00:00","twitter_card":"summary_large_image","twitter_misc":{"Tiempo de lectura":"4 minutos"},"schema":{"@context":"https:\/\/schema.org","@graph":[{"@type":"WebPage","@id":"https:\/\/powermepronto.com\/en\/garlands-cheapest-no-deposit-electric-company\/","url":"https:\/\/powermepronto.com\/en\/garlands-cheapest-no-deposit-electric-company\/","name":"[:en]Garland\u2019s Cheapest No-Deposit Electric Company[:es]La compa\u00f1\u00eda de electricidad sin dep\u00f3sito m\u00e1s barata de Garland[:] - Pronto Power","isPartOf":{"@id":"https:\/\/powermepronto.com\/en\/#website"},"datePublished":"2019-05-11T10:53:50+00:00","dateModified":"2019-05-31T07:55:12+00:00","description":"Pronto Power offers the lowest prepaid rates in Garland. Plus, no contract, no hidden fees, no credit check, and no ID check. Risk-free electric service. Call Pronto Power at 844.621.2852 to join free now.","breadcrumb":{"@id":"https:\/\/powermepronto.com\/en\/garlands-cheapest-no-deposit-electric-company\/#breadcrumb"},"inLanguage":"es","potentialAction":[{"@type":"ReadAction","target":["https:\/\/powermepronto.com\/en\/garlands-cheapest-no-deposit-electric-company\/"]}]},{"@type":"BreadcrumbList","@id":"https:\/\/powermepronto.com\/en\/garlands-cheapest-no-deposit-electric-company\/#breadcrumb","itemListElement":[{"@type":"ListItem","position":1,"name":"Home","item":"https:\/\/powermepronto.com\/en\/"},{"@type":"ListItem","position":2,"name":"Garland\u2019s Cheapest No-Deposit Electric Company"}]},{"@type":"WebSite","@id":"https:\/\/powermepronto.com\/en\/#website","url":"https:\/\/powermepronto.com\/en\/","name":"Pronto Power","description":"","potentialAction":[{"@type":"SearchAction","target":{"@type":"EntryPoint","urlTemplate":"https:\/\/powermepronto.com\/en\/?s={search_term_string}"},"query-input":{"@type":"PropertyValueSpecification","valueRequired":true,"valueName":"search_term_string"}}],"inLanguage":"es"}]}},"_links":{"self":[{"href":"https:\/\/powermepronto.com\/es\/wp-json\/wp\/v2\/pages\/1393","targetHints":{"allow":["GET"]}}],"collection":[{"href":"https:\/\/powermepronto.com\/es\/wp-json\/wp\/v2\/pages"}],"about":[{"href":"https:\/\/powermepronto.com\/es\/wp-json\/wp\/v2\/types\/page"}],"author":[{"embeddable":true,"href":"https:\/\/powermepronto.com\/es\/wp-json\/wp\/v2\/users\/1"}],"replies":[{"embeddable":true,"href":"https:\/\/powermepronto.com\/es\/wp-json\/wp\/v2\/comments?post=1393"}],"version-history":[{"count":3,"href":"https:\/\/powermepronto.com\/es\/wp-json\/wp\/v2\/pages\/1393\/revisions"}],"predecessor-version":[{"id":1454,"href":"https:\/\/powermepronto.com\/es\/wp-json\/wp\/v2\/pages\/1393\/revisions\/1454"}],"wp:attachment":[{"href":"https:\/\/powermepronto.com\/es\/wp-json\/wp\/v2\/media?parent=1393"}],"curies":[{"name":"wp","href":"https:\/\/api.w.org\/{rel}","templated":true}]}}