{"id":128,"date":"2017-07-16T20:31:07","date_gmt":"2017-07-16T20:31:07","guid":{"rendered":"\/?page_id=128"},"modified":"2022-12-21T04:02:28","modified_gmt":"2022-12-21T10:02:28","slug":"cheap-electricity-with-no-deposit-for-all-of-texas","status":"publish","type":"page","link":"https:\/\/powermepronto.com\/es\/cheap-electricity-with-no-deposit-for-all-of-texas\/","title":{"rendered":"Electricidad Barata Sin Dep\u00f3sito en todo Texas"},"content":{"rendered":"<p>\u00bfNo se supon\u00eda que la desregulaci\u00f3n de energ\u00eda a principios de del 2000 reducir\u00eda precios para los consumidores? Se supon\u00eda que deb\u00eda. Pero han salido informes que han descubierto que tal vez no es el caso.<\/p>\n<p>No sabemos la verdad en general. Pero ciertamente has experimentado todo tipo de dificultades.<\/p>\n<p>Algunos proveedores de electricidad anuncian tarifas bajas &#8230; pero luego te agregan todo tipo de tarifas escondidas para compensarlo. O te exigen un gran dep\u00f3sito inicial &#8230; solo por el derecho a la electricidad.<\/p>\n<p>\u00bfDe qu\u00e9 lado est\u00e1n ellos en todos modos?<\/p>\n<h2>Pronto Power le Ofrece Electricidad Barata Sin Dep\u00f3sito &#8230; y Sin Cargos Ocultos o Trucos (y sin contrato)<\/h2>\n<p>\u00bfUsted es una persona mayor, un estudiante universitario o inmigrante? \u00bfO acaso est\u00e1s pasando un mal momento en la vida y est\u00e1s siendo afectado financieramente?<\/p>\n<p>Entonces tomar un momento para aprender sobre el servicio prepago el\u00e9ctrico de Pronto Power.<\/p>\n<p>Cuando paga por adelantado con Pronto Power, Tu esperaras:<\/p>\n<ul>\n<li>Conexi\u00f3n de tu electricidad casi de inmediato (por lo general, dentro de una hora si tienes un medidor inteligente)<\/li>\n<li>Ning\u00fan dep\u00f3sito por adelantado enorme<\/li>\n<li>Pagas solo como la usas<\/li>\n<li>Obtendr\u00e1s el saldo de tu cuenta todas las ma\u00f1anas a las 7:00 a.m.<\/li>\n<li>No necesitas pagar hasta la 1 PM ese d\u00eda para recargar tu cuenta<\/li>\n<li>Puedes diferir t\u00fa pago hasta que obtenga<\/li>\n<li>Puedes programar pagos flexibles si no puedes hacer tu pago por alg\u00fan motivo<\/li>\n<li>Nunca pague tarifas ocultas<\/li>\n<li>Puede llegar al pago posterior tradicional al final del mes si no experimentas ninguna desconexi\u00f3n durante un per\u00edodo de 90 d\u00edas<\/li>\n<li>Finalmente, nunca firmas un contrato. Eso significa que no hay ning\u00fan riesgo para ti. Puedes cancelar tu servicio en cualquier momento &#8230; y por cualquier motivo.<\/li>\n<\/ul>\n<p>La electricidad barata est\u00e1 simplemente disponible para ti.<\/p>\n<h2>Reg\u00edstrate para obtener la electricidad mas barata sin un dep\u00f3sito<\/h2>\n<p>Lo justo es justo, \u00bfverdad?<\/p>\n<p>Tendr\u00e1s acceso a las tarifas de electricidad m\u00e1s baratas en Texas. Sin todos los trucos y molestias que obtienes con tantas otras compa\u00f1\u00edas el\u00e9ctricas.<\/p>\n<p>Simplemente llame al <span class=\"affiliatecode\">844.621.2852<\/span> para registrarse ahora.<\/p>","protected":false},"excerpt":{"rendered":"<p>\u00bfNo se supon\u00eda que la desregulaci\u00f3n de energ\u00eda a principios de del 2000 reducir\u00eda precios para los consumidores? Se supon\u00eda que deb\u00eda. Pero han salido informes que han descubierto que tal vez no es el caso. No sabemos la verdad en general. Pero ciertamente has experimentado todo tipo de dificultades. Algunos proveedores de electricidad anuncian &hellip; <a href=\"https:\/\/powermepronto.com\/es\/cheap-electricity-with-no-deposit-for-all-of-texas\/\" class=\"more-link\">Continue reading <span class=\"screen-reader-text\">Electricidad Barata Sin Dep\u00f3sito en todo Texas<\/span><\/a><\/p>\n","protected":false},"author":1,"featured_media":0,"parent":0,"menu_order":0,"comment_status":"closed","ping_status":"closed","template":"","meta":{"_acf_changed":false,"_glsr_average":0,"_glsr_ranking":0,"_glsr_reviews":0,"footnotes":"","_links_to":"","_links_to_target":""},"class_list":["post-128","page","type-page","status-publish","hentry"],"acf":[],"yoast_head":"<!-- This site is optimized with the Yoast SEO plugin v27.4 - https:\/\/yoast.com\/product\/yoast-seo-wordpress\/ -->\n<title>Cheap Electricity Texas | No Deposit Electric Texas | Low Prepaid Electric<\/title>\n<meta name=\"description\" content=\"Best Prepaid Electric Rate in Texas, with many electrical connections within the hour. Call Pronto Power today - 1-844-621-2852.\" \/>\n<meta name=\"robots\" content=\"index, follow, max-snippet:-1, max-image-preview:large, max-video-preview:-1\" \/>\n<link rel=\"canonical\" href=\"https:\/\/powermepronto.com\/cheap-electricity-with-no-deposit-for-all-of-texas\/\" \/>\n<meta property=\"og:locale\" content=\"es_ES\" \/>\n<meta property=\"og:type\" content=\"article\" \/>\n<meta property=\"og:title\" content=\"Cheap Electricity Texas | No Deposit Electric Texas | Low Prepaid Electric\" \/>\n<meta property=\"og:description\" content=\"Best Prepaid Electric Rate in Texas, with many electrical connections within the hour. Call Pronto Power today - 1-844-621-2852.\" \/>\n<meta property=\"og:url\" content=\"https:\/\/powermepronto.com\/cheap-electricity-with-no-deposit-for-all-of-texas\/\" \/>\n<meta property=\"og:site_name\" content=\"Pronto Power\" \/>\n<meta property=\"article:modified_time\" content=\"2022-12-21T10:02:28+00:00\" \/>\n<meta name=\"twitter:card\" content=\"summary_large_image\" \/>\n<meta name=\"twitter:label1\" content=\"Tiempo de lectura\" \/>\n\t<meta name=\"twitter:data1\" content=\"4 minutos\" \/>\n<script type=\"application\/ld+json\" class=\"yoast-schema-graph\">{\"@context\":\"https:\\\/\\\/schema.org\",\"@graph\":[{\"@type\":\"WebPage\",\"@id\":\"https:\\\/\\\/powermepronto.com\\\/cheap-electricity-with-no-deposit-for-all-of-texas\\\/\",\"url\":\"https:\\\/\\\/powermepronto.com\\\/cheap-electricity-with-no-deposit-for-all-of-texas\\\/\",\"name\":\"Cheap Electricity Texas | No Deposit Electric Texas | Low Prepaid Electric\",\"isPartOf\":{\"@id\":\"https:\\\/\\\/powermepronto.com\\\/en\\\/#website\"},\"datePublished\":\"2017-07-16T20:31:07+00:00\",\"dateModified\":\"2022-12-21T10:02:28+00:00\",\"description\":\"Best Prepaid Electric Rate in Texas, with many electrical connections within the hour. Call Pronto Power today - 1-844-621-2852.\",\"breadcrumb\":{\"@id\":\"https:\\\/\\\/powermepronto.com\\\/cheap-electricity-with-no-deposit-for-all-of-texas\\\/#breadcrumb\"},\"inLanguage\":\"es\",\"potentialAction\":[{\"@type\":\"ReadAction\",\"target\":[\"https:\\\/\\\/powermepronto.com\\\/cheap-electricity-with-no-deposit-for-all-of-texas\\\/\"]}]},{\"@type\":\"BreadcrumbList\",\"@id\":\"https:\\\/\\\/powermepronto.com\\\/cheap-electricity-with-no-deposit-for-all-of-texas\\\/#breadcrumb\",\"itemListElement\":[{\"@type\":\"ListItem\",\"position\":1,\"name\":\"Home\",\"item\":\"https:\\\/\\\/powermepronto.com\\\/en\\\/\"},{\"@type\":\"ListItem\",\"position\":2,\"name\":\"Cheap Electricity with No Deposit for All of Texas\"}]},{\"@type\":\"WebSite\",\"@id\":\"https:\\\/\\\/powermepronto.com\\\/en\\\/#website\",\"url\":\"https:\\\/\\\/powermepronto.com\\\/en\\\/\",\"name\":\"Pronto Power\",\"description\":\"\",\"potentialAction\":[{\"@type\":\"SearchAction\",\"target\":{\"@type\":\"EntryPoint\",\"urlTemplate\":\"https:\\\/\\\/powermepronto.com\\\/en\\\/?s={search_term_string}\"},\"query-input\":{\"@type\":\"PropertyValueSpecification\",\"valueRequired\":true,\"valueName\":\"search_term_string\"}}],\"inLanguage\":\"es\"}]}<\/script>\n<!-- \/ Yoast SEO plugin. -->","yoast_head_json":{"title":"Cheap Electricity Texas | No Deposit Electric Texas | Low Prepaid Electric","description":"Best Prepaid Electric Rate in Texas, with many electrical connections within the hour. Call Pronto Power today - 1-844-621-2852.","robots":{"index":"index","follow":"follow","max-snippet":"max-snippet:-1","max-image-preview":"max-image-preview:large","max-video-preview":"max-video-preview:-1"},"canonical":"https:\/\/powermepronto.com\/cheap-electricity-with-no-deposit-for-all-of-texas\/","og_locale":"es_ES","og_type":"article","og_title":"Cheap Electricity Texas | No Deposit Electric Texas | Low Prepaid Electric","og_description":"Best Prepaid Electric Rate in Texas, with many electrical connections within the hour. Call Pronto Power today - 1-844-621-2852.","og_url":"https:\/\/powermepronto.com\/cheap-electricity-with-no-deposit-for-all-of-texas\/","og_site_name":"Pronto Power","article_modified_time":"2022-12-21T10:02:28+00:00","twitter_card":"summary_large_image","twitter_misc":{"Tiempo de lectura":"4 minutos"},"schema":{"@context":"https:\/\/schema.org","@graph":[{"@type":"WebPage","@id":"https:\/\/powermepronto.com\/cheap-electricity-with-no-deposit-for-all-of-texas\/","url":"https:\/\/powermepronto.com\/cheap-electricity-with-no-deposit-for-all-of-texas\/","name":"Cheap Electricity Texas | No Deposit Electric Texas | Low Prepaid Electric","isPartOf":{"@id":"https:\/\/powermepronto.com\/en\/#website"},"datePublished":"2017-07-16T20:31:07+00:00","dateModified":"2022-12-21T10:02:28+00:00","description":"Best Prepaid Electric Rate in Texas, with many electrical connections within the hour. Call Pronto Power today - 1-844-621-2852.","breadcrumb":{"@id":"https:\/\/powermepronto.com\/cheap-electricity-with-no-deposit-for-all-of-texas\/#breadcrumb"},"inLanguage":"es","potentialAction":[{"@type":"ReadAction","target":["https:\/\/powermepronto.com\/cheap-electricity-with-no-deposit-for-all-of-texas\/"]}]},{"@type":"BreadcrumbList","@id":"https:\/\/powermepronto.com\/cheap-electricity-with-no-deposit-for-all-of-texas\/#breadcrumb","itemListElement":[{"@type":"ListItem","position":1,"name":"Home","item":"https:\/\/powermepronto.com\/en\/"},{"@type":"ListItem","position":2,"name":"Cheap Electricity with No Deposit for All of Texas"}]},{"@type":"WebSite","@id":"https:\/\/powermepronto.com\/en\/#website","url":"https:\/\/powermepronto.com\/en\/","name":"Pronto Power","description":"","potentialAction":[{"@type":"SearchAction","target":{"@type":"EntryPoint","urlTemplate":"https:\/\/powermepronto.com\/en\/?s={search_term_string}"},"query-input":{"@type":"PropertyValueSpecification","valueRequired":true,"valueName":"search_term_string"}}],"inLanguage":"es"}]}},"_links":{"self":[{"href":"https:\/\/powermepronto.com\/es\/wp-json\/wp\/v2\/pages\/128","targetHints":{"allow":["GET"]}}],"collection":[{"href":"https:\/\/powermepronto.com\/es\/wp-json\/wp\/v2\/pages"}],"about":[{"href":"https:\/\/powermepronto.com\/es\/wp-json\/wp\/v2\/types\/page"}],"author":[{"embeddable":true,"href":"https:\/\/powermepronto.com\/es\/wp-json\/wp\/v2\/users\/1"}],"replies":[{"embeddable":true,"href":"https:\/\/powermepronto.com\/es\/wp-json\/wp\/v2\/comments?post=128"}],"version-history":[{"count":6,"href":"https:\/\/powermepronto.com\/es\/wp-json\/wp\/v2\/pages\/128\/revisions"}],"predecessor-version":[{"id":3479,"href":"https:\/\/powermepronto.com\/es\/wp-json\/wp\/v2\/pages\/128\/revisions\/3479"}],"wp:attachment":[{"href":"https:\/\/powermepronto.com\/es\/wp-json\/wp\/v2\/media?parent=128"}],"curies":[{"name":"wp","href":"https:\/\/api.w.org\/{rel}","templated":true}]}}