{"id":1244,"date":"2019-02-08T21:18:21","date_gmt":"2019-02-08T21:18:21","guid":{"rendered":"http:\/\/www.powermepronto.com\/?page_id=1244"},"modified":"2022-12-21T04:28:27","modified_gmt":"2022-12-21T10:28:27","slug":"crowleys-cheapest-prepay-electric-and-no-deposit-power-company","status":"publish","type":"page","link":"https:\/\/powermepronto.com\/es\/crowleys-cheapest-prepay-electric-and-no-deposit-power-company\/","title":{"rendered":"La compa\u00f1\u00eda el\u00e9ctrica de prepago m\u00e1s barata y sin dep\u00f3sito de Crowley"},"content":{"rendered":"<p><img loading=\"lazy\" decoding=\"async\" src=\"\/wp-content\/uploads\/2018\/09\/hiw03-300x217.jpg\" alt=\"\" width=\"300\" height=\"217\" class=\"alignright size-medium wp-image-1021\" srcset=\"https:\/\/powermepronto.com\/wp-content\/uploads\/2018\/09\/hiw03-300x217.jpg 300w, https:\/\/powermepronto.com\/wp-content\/uploads\/2018\/09\/hiw03-768x557.jpg 768w, https:\/\/powermepronto.com\/wp-content\/uploads\/2018\/09\/hiw03-1024x742.jpg 1024w, https:\/\/powermepronto.com\/wp-content\/uploads\/2018\/09\/hiw03.jpg 2003w\" sizes=\"auto, (max-width: 300px) 100vw, 300px\" \/>Es muy interesante experimentar la diferencia en el servicio al cliente que recibe de una compa\u00f1\u00eda a otra, \u00bfno es as\u00ed?<\/p>\n<p>Usted tiene algunos servicios, como su proveedor de cable, sat\u00e9lite, internet o tal vez incluso su compa\u00f1\u00eda el\u00e9ctrica actual a la que simplemente no le importa. <\/p>\n<p>Te transfieren alrededor en c\u00edrculos. Diferentes representantes te dicen cosas diferentes. No honran lo que dice su publicidad. B\u00e1sicamente obtienes cualquier cosa menos servicio!<\/p>\n<p>&#8230; Pero de vez en cuando recibe un incre\u00edble servicio al cliente de empresas a las que realmente les importa.<\/p>\n<p>Este podr\u00eda ser su servicio de transmisi\u00f3n de TV. Podr\u00eda ser su tienda minorista favorita. E incluso podr\u00eda ser su proveedor de servicios de tel\u00e9fono inteligente.<\/p>\n<p>Tienes un problema, y te dan una respuesta en minutos. Auge. Hecho. As\u00ed. No hay nada para eso. <\/p>\n<p>\u00ab\u00a1Guau! Parece tan f\u00e1cil. Ahora, si pudiera encontrar una compa\u00f1\u00eda de electricidad prepaga como esa \u00ab, se dice a s\u00ed mismo.<\/p>\n<h2>Pronto Power Le Brinda Un Servicio Al Cliente Sorprendente Y \u00datil, Con Las Tarifas Prepagas M\u00e1s Baratas Y Sin Dep\u00f3sito<\/h2>\n<p>En el mercado el\u00e9ctrico minorista, Pronto Power es el soplo del aire fresco. Cuando tenga una inquietud, llame a nuestro equipo de servicio al cliente para obtener una respuesta que haga que su d\u00eda sea mejor.<\/p>\n<p>\u00bfTiene problemas para pagar? No hay problema. Ll\u00e1menos tan pronto como sepa sobre la dificultad para que podamos ayudarlo a obtener un plan de pago diferido que lo ayude a superar los momentos financieros m\u00e1s dif\u00edciles.<\/p>\n<p>Ah, y adem\u00e1s del servicio estelar, obtienes las tarifas prepagas m\u00e1s baratas disponibles en Crowley. Y adem\u00e1s de las tarifas m\u00e1s baratas, tampoco tiene que pagar un enorme dep\u00f3sito por adelantado.<\/p>\n<p>Adem\u00e1s, no hay tarifas ocultas una vez que te unes. Usted no firma un contrato. No hay verificaci\u00f3n de cr\u00e9dito o verificaci\u00f3n de identificaci\u00f3n.<\/p>\n<p>Luego, simplemente prepaga lo que desee, ya sea mensual, semanal o incluso diario, si lo necesita. Mientras mantenga un solo centavo en su cuenta, su electricidad permanecer\u00e1 encendida. Y recuerde, siempre puede llamar a nuestro equipo de servicio al cliente para obtener ayuda en tiempos financieros dif\u00edciles.<\/p>\n<p>Las compa\u00f1\u00edas el\u00e9ctricas de Texas simplemente no consiguen nada mejor que esto. Experimenta la diferencia Pronto Power por ti mismo. No hay riesgo y puede cancelar en cualquier momento porque no firma un contrato.<\/p>\n<p>\u00a1Simplemente llame al <span class=\"affiliatecode\">844.621.2852<\/span> para inscribirse gratis dentro de una hora si su hogar tiene un medidor inteligente!<\/p>","protected":false},"excerpt":{"rendered":"<p>Es muy interesante experimentar la diferencia en el servicio al cliente que recibe de una compa\u00f1\u00eda a otra, \u00bfno es as\u00ed? Usted tiene algunos servicios, como su proveedor de cable, sat\u00e9lite, internet o tal vez incluso su compa\u00f1\u00eda el\u00e9ctrica actual a la que simplemente no le importa. Te transfieren alrededor en c\u00edrculos. Diferentes representantes te &hellip; <a href=\"https:\/\/powermepronto.com\/es\/crowleys-cheapest-prepay-electric-and-no-deposit-power-company\/\" class=\"more-link\">Continue reading <span class=\"screen-reader-text\">La compa\u00f1\u00eda el\u00e9ctrica de prepago m\u00e1s barata y sin dep\u00f3sito de Crowley<\/span><\/a><\/p>\n","protected":false},"author":1,"featured_media":0,"parent":0,"menu_order":0,"comment_status":"closed","ping_status":"closed","template":"","meta":{"_acf_changed":false,"_glsr_average":0,"_glsr_ranking":0,"_glsr_reviews":0,"footnotes":"","_links_to":"","_links_to_target":""},"class_list":["post-1244","page","type-page","status-publish","hentry"],"acf":[],"yoast_head":"<!-- This site is optimized with the Yoast SEO plugin v27.5 - https:\/\/yoast.com\/product\/yoast-seo-wordpress\/ -->\n<title>La compa\u00f1\u00eda el\u00e9ctrica de prepago m\u00e1s barata y sin dep\u00f3sito de Crowley - Pronto Power<\/title>\n<meta name=\"description\" content=\"[:en]Want the cheapest prepaid rates...along with no deposit? Look no further. Plus, no hidden fees, no contract, and customer service that can\u2019t wait to help you! Call Pronto Power at 844.621.2852 to join free now.[:es]\u00bfQuiere las tarifas prepagas m\u00e1s baratas ... junto con ning\u00fan dep\u00f3sito? No busque m\u00e1s. Adem\u00e1s, \u00a1no hay cargos ocultos, ning\u00fan contrato y servicio al cliente que no puede esperar para ayudarlo! Llame a Pronto Power al 844.621.2852 para unirse gratis ahora.[:]\" \/>\n<meta name=\"robots\" content=\"index, follow, max-snippet:-1, max-image-preview:large, max-video-preview:-1\" \/>\n<link rel=\"canonical\" href=\"https:\/\/powermepronto.com\/crowleys-cheapest-prepay-electric-and-no-deposit-power-company\/\" \/>\n<meta property=\"og:locale\" content=\"es_ES\" \/>\n<meta property=\"og:type\" content=\"article\" \/>\n<meta property=\"og:title\" content=\"[:en]Crowley\u2019s Cheapest Prepay Electric and No Deposit Power Company[:es]La compa\u00f1\u00eda el\u00e9ctrica de prepago m\u00e1s barata y sin dep\u00f3sito de Crowley[:] - Pronto Power\" \/>\n<meta property=\"og:description\" content=\"[:en]Want the cheapest prepaid rates...along with no deposit? Look no further. Plus, no hidden fees, no contract, and customer service that can\u2019t wait to help you! Call Pronto Power at 844.621.2852 to join free now.[:es]\u00bfQuiere las tarifas prepagas m\u00e1s baratas ... junto con ning\u00fan dep\u00f3sito? No busque m\u00e1s. Adem\u00e1s, \u00a1no hay cargos ocultos, ning\u00fan contrato y servicio al cliente que no puede esperar para ayudarlo! Llame a Pronto Power al 844.621.2852 para unirse gratis ahora.[:]\" \/>\n<meta property=\"og:url\" content=\"https:\/\/powermepronto.com\/crowleys-cheapest-prepay-electric-and-no-deposit-power-company\/\" \/>\n<meta property=\"og:site_name\" content=\"Pronto Power\" \/>\n<meta property=\"article:modified_time\" content=\"2022-12-21T10:28:27+00:00\" \/>\n<meta name=\"twitter:card\" content=\"summary_large_image\" \/>\n<meta name=\"twitter:label1\" content=\"Tiempo de lectura\" \/>\n\t<meta name=\"twitter:data1\" content=\"4 minutos\" \/>\n<script type=\"application\/ld+json\" class=\"yoast-schema-graph\">{\"@context\":\"https:\\\/\\\/schema.org\",\"@graph\":[{\"@type\":\"WebPage\",\"@id\":\"https:\\\/\\\/powermepronto.com\\\/crowleys-cheapest-prepay-electric-and-no-deposit-power-company\\\/\",\"url\":\"https:\\\/\\\/powermepronto.com\\\/crowleys-cheapest-prepay-electric-and-no-deposit-power-company\\\/\",\"name\":\"[:en]Crowley\u2019s Cheapest Prepay Electric and No Deposit Power Company[:es]La compa\u00f1\u00eda el\u00e9ctrica de prepago m\u00e1s barata y sin dep\u00f3sito de Crowley[:] - Pronto Power\",\"isPartOf\":{\"@id\":\"https:\\\/\\\/powermepronto.com\\\/en\\\/#website\"},\"datePublished\":\"2019-02-08T21:18:21+00:00\",\"dateModified\":\"2022-12-21T10:28:27+00:00\",\"description\":\"[:en]Want the cheapest prepaid rates...along with no deposit? Look no further. Plus, no hidden fees, no contract, and customer service that can\u2019t wait to help you! Call Pronto Power at 844.621.2852 to join free now.[:es]\u00bfQuiere las tarifas prepagas m\u00e1s baratas ... junto con ning\u00fan dep\u00f3sito? No busque m\u00e1s. Adem\u00e1s, \u00a1no hay cargos ocultos, ning\u00fan contrato y servicio al cliente que no puede esperar para ayudarlo! Llame a Pronto Power al 844.621.2852 para unirse gratis ahora.[:]\",\"breadcrumb\":{\"@id\":\"https:\\\/\\\/powermepronto.com\\\/crowleys-cheapest-prepay-electric-and-no-deposit-power-company\\\/#breadcrumb\"},\"inLanguage\":\"es\",\"potentialAction\":[{\"@type\":\"ReadAction\",\"target\":[\"https:\\\/\\\/powermepronto.com\\\/crowleys-cheapest-prepay-electric-and-no-deposit-power-company\\\/\"]}]},{\"@type\":\"BreadcrumbList\",\"@id\":\"https:\\\/\\\/powermepronto.com\\\/crowleys-cheapest-prepay-electric-and-no-deposit-power-company\\\/#breadcrumb\",\"itemListElement\":[{\"@type\":\"ListItem\",\"position\":1,\"name\":\"Home\",\"item\":\"https:\\\/\\\/powermepronto.com\\\/en\\\/\"},{\"@type\":\"ListItem\",\"position\":2,\"name\":\"Crowley\u2019s Cheapest Prepay Electric and No Deposit Power Company\"}]},{\"@type\":\"WebSite\",\"@id\":\"https:\\\/\\\/powermepronto.com\\\/en\\\/#website\",\"url\":\"https:\\\/\\\/powermepronto.com\\\/en\\\/\",\"name\":\"Pronto Power\",\"description\":\"\",\"potentialAction\":[{\"@type\":\"SearchAction\",\"target\":{\"@type\":\"EntryPoint\",\"urlTemplate\":\"https:\\\/\\\/powermepronto.com\\\/en\\\/?s={search_term_string}\"},\"query-input\":{\"@type\":\"PropertyValueSpecification\",\"valueRequired\":true,\"valueName\":\"search_term_string\"}}],\"inLanguage\":\"es\"}]}<\/script>\n<!-- \/ Yoast SEO plugin. -->","yoast_head_json":{"title":"[:en]Crowley\u2019s Cheapest Prepay Electric and No Deposit Power Company[:es]La compa\u00f1\u00eda el\u00e9ctrica de prepago m\u00e1s barata y sin dep\u00f3sito de Crowley[:] - Pronto Power","description":"[:en]Want the cheapest prepaid rates...along with no deposit? Look no further. Plus, no hidden fees, no contract, and customer service that can\u2019t wait to help you! Call Pronto Power at 844.621.2852 to join free now.[:es]\u00bfQuiere las tarifas prepagas m\u00e1s baratas ... junto con ning\u00fan dep\u00f3sito? No busque m\u00e1s. Adem\u00e1s, \u00a1no hay cargos ocultos, ning\u00fan contrato y servicio al cliente que no puede esperar para ayudarlo! Llame a Pronto Power al 844.621.2852 para unirse gratis ahora.[:]","robots":{"index":"index","follow":"follow","max-snippet":"max-snippet:-1","max-image-preview":"max-image-preview:large","max-video-preview":"max-video-preview:-1"},"canonical":"https:\/\/powermepronto.com\/crowleys-cheapest-prepay-electric-and-no-deposit-power-company\/","og_locale":"es_ES","og_type":"article","og_title":"[:en]Crowley\u2019s Cheapest Prepay Electric and No Deposit Power Company[:es]La compa\u00f1\u00eda el\u00e9ctrica de prepago m\u00e1s barata y sin dep\u00f3sito de Crowley[:] - Pronto Power","og_description":"[:en]Want the cheapest prepaid rates...along with no deposit? Look no further. Plus, no hidden fees, no contract, and customer service that can\u2019t wait to help you! Call Pronto Power at 844.621.2852 to join free now.[:es]\u00bfQuiere las tarifas prepagas m\u00e1s baratas ... junto con ning\u00fan dep\u00f3sito? No busque m\u00e1s. Adem\u00e1s, \u00a1no hay cargos ocultos, ning\u00fan contrato y servicio al cliente que no puede esperar para ayudarlo! Llame a Pronto Power al 844.621.2852 para unirse gratis ahora.[:]","og_url":"https:\/\/powermepronto.com\/crowleys-cheapest-prepay-electric-and-no-deposit-power-company\/","og_site_name":"Pronto Power","article_modified_time":"2022-12-21T10:28:27+00:00","twitter_card":"summary_large_image","twitter_misc":{"Tiempo de lectura":"4 minutos"},"schema":{"@context":"https:\/\/schema.org","@graph":[{"@type":"WebPage","@id":"https:\/\/powermepronto.com\/crowleys-cheapest-prepay-electric-and-no-deposit-power-company\/","url":"https:\/\/powermepronto.com\/crowleys-cheapest-prepay-electric-and-no-deposit-power-company\/","name":"[:en]Crowley\u2019s Cheapest Prepay Electric and No Deposit Power Company[:es]La compa\u00f1\u00eda el\u00e9ctrica de prepago m\u00e1s barata y sin dep\u00f3sito de Crowley[:] - Pronto Power","isPartOf":{"@id":"https:\/\/powermepronto.com\/en\/#website"},"datePublished":"2019-02-08T21:18:21+00:00","dateModified":"2022-12-21T10:28:27+00:00","description":"[:en]Want the cheapest prepaid rates...along with no deposit? Look no further. Plus, no hidden fees, no contract, and customer service that can\u2019t wait to help you! Call Pronto Power at 844.621.2852 to join free now.[:es]\u00bfQuiere las tarifas prepagas m\u00e1s baratas ... junto con ning\u00fan dep\u00f3sito? No busque m\u00e1s. Adem\u00e1s, \u00a1no hay cargos ocultos, ning\u00fan contrato y servicio al cliente que no puede esperar para ayudarlo! Llame a Pronto Power al 844.621.2852 para unirse gratis ahora.[:]","breadcrumb":{"@id":"https:\/\/powermepronto.com\/crowleys-cheapest-prepay-electric-and-no-deposit-power-company\/#breadcrumb"},"inLanguage":"es","potentialAction":[{"@type":"ReadAction","target":["https:\/\/powermepronto.com\/crowleys-cheapest-prepay-electric-and-no-deposit-power-company\/"]}]},{"@type":"BreadcrumbList","@id":"https:\/\/powermepronto.com\/crowleys-cheapest-prepay-electric-and-no-deposit-power-company\/#breadcrumb","itemListElement":[{"@type":"ListItem","position":1,"name":"Home","item":"https:\/\/powermepronto.com\/en\/"},{"@type":"ListItem","position":2,"name":"Crowley\u2019s Cheapest Prepay Electric and No Deposit Power Company"}]},{"@type":"WebSite","@id":"https:\/\/powermepronto.com\/en\/#website","url":"https:\/\/powermepronto.com\/en\/","name":"Pronto Power","description":"","potentialAction":[{"@type":"SearchAction","target":{"@type":"EntryPoint","urlTemplate":"https:\/\/powermepronto.com\/en\/?s={search_term_string}"},"query-input":{"@type":"PropertyValueSpecification","valueRequired":true,"valueName":"search_term_string"}}],"inLanguage":"es"}]}},"_links":{"self":[{"href":"https:\/\/powermepronto.com\/es\/wp-json\/wp\/v2\/pages\/1244","targetHints":{"allow":["GET"]}}],"collection":[{"href":"https:\/\/powermepronto.com\/es\/wp-json\/wp\/v2\/pages"}],"about":[{"href":"https:\/\/powermepronto.com\/es\/wp-json\/wp\/v2\/types\/page"}],"author":[{"embeddable":true,"href":"https:\/\/powermepronto.com\/es\/wp-json\/wp\/v2\/users\/1"}],"replies":[{"embeddable":true,"href":"https:\/\/powermepronto.com\/es\/wp-json\/wp\/v2\/comments?post=1244"}],"version-history":[{"count":4,"href":"https:\/\/powermepronto.com\/es\/wp-json\/wp\/v2\/pages\/1244\/revisions"}],"predecessor-version":[{"id":3501,"href":"https:\/\/powermepronto.com\/es\/wp-json\/wp\/v2\/pages\/1244\/revisions\/3501"}],"wp:attachment":[{"href":"https:\/\/powermepronto.com\/es\/wp-json\/wp\/v2\/media?parent=1244"}],"curies":[{"name":"wp","href":"https:\/\/api.w.org\/{rel}","templated":true}]}}