{"id":1242,"date":"2019-02-08T21:16:26","date_gmt":"2019-02-08T21:16:26","guid":{"rendered":"http:\/\/www.powermepronto.com\/?page_id=1242"},"modified":"2019-02-19T15:34:50","modified_gmt":"2019-02-19T15:34:50","slug":"cheaper-than-all-other-prepay-electric-companies-in-denton","status":"publish","type":"page","link":"https:\/\/powermepronto.com\/es\/cheaper-than-all-other-prepay-electric-companies-in-denton\/","title":{"rendered":"M\u00e1s barato que todas las dem\u00e1s empresas el\u00e9ctricas de prepago en Denton"},"content":{"rendered":"<p><img loading=\"lazy\" decoding=\"async\" src=\"\/wp-content\/uploads\/2018\/10\/bigstock-144219044-300x200.jpg\" alt=\"\" width=\"300\" height=\"200\" class=\"alignright size-medium wp-image-1050\" srcset=\"https:\/\/powermepronto.com\/wp-content\/uploads\/2018\/10\/bigstock-144219044-300x200.jpg 300w, https:\/\/powermepronto.com\/wp-content\/uploads\/2018\/10\/bigstock-144219044-768x512.jpg 768w, https:\/\/powermepronto.com\/wp-content\/uploads\/2018\/10\/bigstock-144219044.jpg 1000w\" sizes=\"auto, (max-width: 300px) 100vw, 300px\" \/>La electricidad es electricidad, \u00bfverdad? Entonces, \u00bfpor qu\u00e9 deber\u00eda pagar tasas m\u00e1s altas con una compa\u00f1\u00eda en comparaci\u00f3n con otra?<\/p>\n<p>Por supuesto, no deber\u00edas. <\/p>\n<p>Entonces, la respuesta obvia es ir con la compa\u00f1\u00eda de electricidad prepaga m\u00e1s barata que pueda encontrar<\/p>\n<p>&#8230; Pero entonces otras preocupaciones pasan por tu mente:<\/p>\n<ul>\n<li>\u00bfTe har\u00e1n firmar un contrato?<\/li>\n<li>\u00bfTendr\u00e1 que pagar todo tipo de tarifas ocultas, como las tarifas de conexi\u00f3n y desconexi\u00f3n, y las tarifas por el uso de ciertas cantidades como 1000 kWh por mes?<\/li>\n<li>\u00bfRequerir\u00e1n un gran dep\u00f3sito por adelantado y tendr\u00e1n el objetivo de hacer todo lo posible para justificar que se lo devuelvan?<\/li>\n<li>\u00bfC\u00f3mo le tratar\u00e1 su servicio al cliente?<\/li>\n<li>\u00bfTendr\u00e1 usted una verificaci\u00f3n de cr\u00e9dito e identificaci\u00f3n?<\/li>\n<\/ul>\n<p>B\u00e1sicamente, \u00bfobtendr\u00e1s las tarifas m\u00e1s baratas, pero luego te sentir\u00e1s como si estuvieras preso por esa compa\u00f1\u00eda?<\/p>\n<p>Ese bien podr\u00eda terminar siendo el caso de muchas de las compa\u00f1\u00edas el\u00e9ctricas m\u00e1s baratas de Texas.<\/p>\n<p>&#8230; Pero no es as\u00ed en absoluto con Pronto Power.<\/p>\n<h2>Pronto Power Le Ofrece Las Tarifas Prepagas M\u00e1s Baratas En Denton: \u00a1Sin Molestos Cargos Ocultos, Un Enorme Dep\u00f3sito Por Adelantado O Incluso Un Contrato Para Firmar!<\/h2>\n<p>S\u00ed. El titular anterior es 100% verdadero. No es una broma.<\/p>\n<p>Realmente obtienes las tarifas prepagas m\u00e1s baratas. Y no hay tarifas ocultas. No tienes ning\u00fan dep\u00f3sito por adelantado que pagar. Y ni siquiera firmas un contrato.<\/p>\n<p>En otras palabras: usted no tiene ning\u00fan riesgo en absoluto.<\/p>\n<p>\u00danase a Pronto Power sin haber revisado su cr\u00e9dito o identificaci\u00f3n. Obtenga las tarifas prepagas m\u00e1s baratas. Y si no est\u00e1 satisfecho en cualquier momento y por cualquier motivo, simplemente cancele y vaya a otro lugar. Realmente funciona as\u00ed<\/p>\n<p>&#8230; Pero una vez que experimente que entregamos el 100% de nuestras promesas, no querr\u00e1 probar con otra compa\u00f1\u00eda minorista de electricidad en Texas. <\/p>\n<p>Adem\u00e1s, tambi\u00e9n obtiene representantes de servicio al cliente incre\u00edblemente \u00fatiles que desean resolver todos sus problemas e inquietudes m\u00e1s dif\u00edciles. Estamos aqu\u00ed para ayudarlo en los momentos financieros m\u00e1s estresantes y con gusto le otorgaremos un plan de pago diferido para que su electricidad permanezca encendida.<\/p>\n<p>Finalmente, con nuestro software de monitoreo de uso de electricidad, puede ahorrar un 20% adicional. Este software te ayuda a entender c\u00f3mo usas la electricidad. Entonces depende de usted cambiar su comportamiento y obtener los ahorros.<\/p>\n<p>\u00a1Ninguna compa\u00f1\u00eda el\u00e9ctrica en Denton hace la electricidad prepaga mejor! \u00danase a Pronto Power hoy cuando llame al <span class=\"affiliatecode\">844.621.2852<\/span>.<\/p>","protected":false},"excerpt":{"rendered":"<p>La electricidad es electricidad, \u00bfverdad? Entonces, \u00bfpor qu\u00e9 deber\u00eda pagar tasas m\u00e1s altas con una compa\u00f1\u00eda en comparaci\u00f3n con otra? Por supuesto, no deber\u00edas. Entonces, la respuesta obvia es ir con la compa\u00f1\u00eda de electricidad prepaga m\u00e1s barata que pueda encontrar &#8230; Pero entonces otras preocupaciones pasan por tu mente: \u00bfTe har\u00e1n firmar un contrato? &hellip; <a href=\"https:\/\/powermepronto.com\/es\/cheaper-than-all-other-prepay-electric-companies-in-denton\/\" class=\"more-link\">Continue reading <span class=\"screen-reader-text\">M\u00e1s barato que todas las dem\u00e1s empresas el\u00e9ctricas de prepago en Denton<\/span><\/a><\/p>\n","protected":false},"author":1,"featured_media":0,"parent":0,"menu_order":0,"comment_status":"closed","ping_status":"closed","template":"","meta":{"_acf_changed":false,"_glsr_average":0,"_glsr_ranking":0,"_glsr_reviews":0,"footnotes":"","_links_to":"","_links_to_target":""},"class_list":["post-1242","page","type-page","status-publish","hentry"],"acf":[],"yoast_head":"<!-- This site is optimized with the Yoast SEO plugin v27.4 - https:\/\/yoast.com\/product\/yoast-seo-wordpress\/ -->\n<title>M\u00e1s barato que todas las dem\u00e1s empresas el\u00e9ctricas de prepago en Denton - Pronto Power<\/title>\n<meta name=\"description\" content=\"\u00bfNecesita la electricidad prepaga m\u00e1s barata en Denton? \u00bfQu\u00e9 hay de no tener que hacer un dep\u00f3sito, sin verificaci\u00f3n de identificaci\u00f3n, sin verificaci\u00f3n de cr\u00e9dito, sin cargos ocultos y sin contrato para firmar tambi\u00e9n? Obtenga todo eso cuando se una al Pronto Power gratis llamando al 844.621.2852 ahora.\" \/>\n<meta name=\"robots\" content=\"index, follow, max-snippet:-1, max-image-preview:large, max-video-preview:-1\" \/>\n<link rel=\"canonical\" href=\"https:\/\/powermepronto.com\/es\/cheaper-than-all-other-prepay-electric-companies-in-denton\/\" \/>\n<meta property=\"og:locale\" content=\"es_ES\" \/>\n<meta property=\"og:type\" content=\"article\" \/>\n<meta property=\"og:title\" content=\"[:en]Cheaper Than All Other Prepay Electric Companies in Denton[:es]M\u00e1s barato que todas las dem\u00e1s empresas el\u00e9ctricas de prepago en Denton[:] - Pronto Power\" \/>\n<meta property=\"og:description\" content=\"\u00bfNecesita la electricidad prepaga m\u00e1s barata en Denton? \u00bfQu\u00e9 hay de no tener que hacer un dep\u00f3sito, sin verificaci\u00f3n de identificaci\u00f3n, sin verificaci\u00f3n de cr\u00e9dito, sin cargos ocultos y sin contrato para firmar tambi\u00e9n? Obtenga todo eso cuando se una al Pronto Power gratis llamando al 844.621.2852 ahora.\" \/>\n<meta property=\"og:url\" content=\"https:\/\/powermepronto.com\/es\/cheaper-than-all-other-prepay-electric-companies-in-denton\/\" \/>\n<meta property=\"og:site_name\" content=\"Pronto Power\" \/>\n<meta property=\"article:modified_time\" content=\"2019-02-19T15:34:50+00:00\" \/>\n<meta property=\"og:image\" content=\"https:\/\/powermepronto.com\/wp-content\/uploads\/2018\/10\/bigstock-144219044-300x200.jpg\" \/>\n<meta name=\"twitter:card\" content=\"summary_large_image\" \/>\n<meta name=\"twitter:label1\" content=\"Tiempo de lectura\" \/>\n\t<meta name=\"twitter:data1\" content=\"4 minutos\" \/>\n<script type=\"application\/ld+json\" class=\"yoast-schema-graph\">{\"@context\":\"https:\\\/\\\/schema.org\",\"@graph\":[{\"@type\":\"WebPage\",\"@id\":\"https:\\\/\\\/powermepronto.com\\\/es\\\/cheaper-than-all-other-prepay-electric-companies-in-denton\\\/\",\"url\":\"https:\\\/\\\/powermepronto.com\\\/es\\\/cheaper-than-all-other-prepay-electric-companies-in-denton\\\/\",\"name\":\"[:en]Cheaper Than All Other Prepay Electric Companies in Denton[:es]M\u00e1s barato que todas las dem\u00e1s empresas el\u00e9ctricas de prepago en Denton[:] - Pronto Power\",\"isPartOf\":{\"@id\":\"https:\\\/\\\/powermepronto.com\\\/en\\\/#website\"},\"datePublished\":\"2019-02-08T21:16:26+00:00\",\"dateModified\":\"2019-02-19T15:34:50+00:00\",\"description\":\"\u00bfNecesita la electricidad prepaga m\u00e1s barata en Denton? \u00bfQu\u00e9 hay de no tener que hacer un dep\u00f3sito, sin verificaci\u00f3n de identificaci\u00f3n, sin verificaci\u00f3n de cr\u00e9dito, sin cargos ocultos y sin contrato para firmar tambi\u00e9n? Obtenga todo eso cuando se una al Pronto Power gratis llamando al 844.621.2852 ahora.\",\"breadcrumb\":{\"@id\":\"https:\\\/\\\/powermepronto.com\\\/es\\\/cheaper-than-all-other-prepay-electric-companies-in-denton\\\/#breadcrumb\"},\"inLanguage\":\"es\",\"potentialAction\":[{\"@type\":\"ReadAction\",\"target\":[\"https:\\\/\\\/powermepronto.com\\\/es\\\/cheaper-than-all-other-prepay-electric-companies-in-denton\\\/\"]}]},{\"@type\":\"BreadcrumbList\",\"@id\":\"https:\\\/\\\/powermepronto.com\\\/es\\\/cheaper-than-all-other-prepay-electric-companies-in-denton\\\/#breadcrumb\",\"itemListElement\":[{\"@type\":\"ListItem\",\"position\":1,\"name\":\"Home\",\"item\":\"https:\\\/\\\/powermepronto.com\\\/en\\\/\"},{\"@type\":\"ListItem\",\"position\":2,\"name\":\"M\u00e1s barato que todas las dem\u00e1s empresas el\u00e9ctricas de prepago en Denton\"}]},{\"@type\":\"WebSite\",\"@id\":\"https:\\\/\\\/powermepronto.com\\\/en\\\/#website\",\"url\":\"https:\\\/\\\/powermepronto.com\\\/en\\\/\",\"name\":\"Pronto Power\",\"description\":\"\",\"potentialAction\":[{\"@type\":\"SearchAction\",\"target\":{\"@type\":\"EntryPoint\",\"urlTemplate\":\"https:\\\/\\\/powermepronto.com\\\/en\\\/?s={search_term_string}\"},\"query-input\":{\"@type\":\"PropertyValueSpecification\",\"valueRequired\":true,\"valueName\":\"search_term_string\"}}],\"inLanguage\":\"es\"}]}<\/script>\n<!-- \/ Yoast SEO plugin. -->","yoast_head_json":{"title":"[:en]Cheaper Than All Other Prepay Electric Companies in Denton[:es]M\u00e1s barato que todas las dem\u00e1s empresas el\u00e9ctricas de prepago en Denton[:] - Pronto Power","description":"\u00bfNecesita la electricidad prepaga m\u00e1s barata en Denton? \u00bfQu\u00e9 hay de no tener que hacer un dep\u00f3sito, sin verificaci\u00f3n de identificaci\u00f3n, sin verificaci\u00f3n de cr\u00e9dito, sin cargos ocultos y sin contrato para firmar tambi\u00e9n? Obtenga todo eso cuando se una al Pronto Power gratis llamando al 844.621.2852 ahora.","robots":{"index":"index","follow":"follow","max-snippet":"max-snippet:-1","max-image-preview":"max-image-preview:large","max-video-preview":"max-video-preview:-1"},"canonical":"https:\/\/powermepronto.com\/es\/cheaper-than-all-other-prepay-electric-companies-in-denton\/","og_locale":"es_ES","og_type":"article","og_title":"[:en]Cheaper Than All Other Prepay Electric Companies in Denton[:es]M\u00e1s barato que todas las dem\u00e1s empresas el\u00e9ctricas de prepago en Denton[:] - Pronto Power","og_description":"\u00bfNecesita la electricidad prepaga m\u00e1s barata en Denton? \u00bfQu\u00e9 hay de no tener que hacer un dep\u00f3sito, sin verificaci\u00f3n de identificaci\u00f3n, sin verificaci\u00f3n de cr\u00e9dito, sin cargos ocultos y sin contrato para firmar tambi\u00e9n? Obtenga todo eso cuando se una al Pronto Power gratis llamando al 844.621.2852 ahora.","og_url":"https:\/\/powermepronto.com\/es\/cheaper-than-all-other-prepay-electric-companies-in-denton\/","og_site_name":"Pronto Power","article_modified_time":"2019-02-19T15:34:50+00:00","og_image":[{"url":"https:\/\/powermepronto.com\/wp-content\/uploads\/2018\/10\/bigstock-144219044-300x200.jpg","type":"","width":"","height":""}],"twitter_card":"summary_large_image","twitter_misc":{"Tiempo de lectura":"4 minutos"},"schema":{"@context":"https:\/\/schema.org","@graph":[{"@type":"WebPage","@id":"https:\/\/powermepronto.com\/es\/cheaper-than-all-other-prepay-electric-companies-in-denton\/","url":"https:\/\/powermepronto.com\/es\/cheaper-than-all-other-prepay-electric-companies-in-denton\/","name":"[:en]Cheaper Than All Other Prepay Electric Companies in Denton[:es]M\u00e1s barato que todas las dem\u00e1s empresas el\u00e9ctricas de prepago en Denton[:] - Pronto Power","isPartOf":{"@id":"https:\/\/powermepronto.com\/en\/#website"},"datePublished":"2019-02-08T21:16:26+00:00","dateModified":"2019-02-19T15:34:50+00:00","description":"\u00bfNecesita la electricidad prepaga m\u00e1s barata en Denton? \u00bfQu\u00e9 hay de no tener que hacer un dep\u00f3sito, sin verificaci\u00f3n de identificaci\u00f3n, sin verificaci\u00f3n de cr\u00e9dito, sin cargos ocultos y sin contrato para firmar tambi\u00e9n? Obtenga todo eso cuando se una al Pronto Power gratis llamando al 844.621.2852 ahora.","breadcrumb":{"@id":"https:\/\/powermepronto.com\/es\/cheaper-than-all-other-prepay-electric-companies-in-denton\/#breadcrumb"},"inLanguage":"es","potentialAction":[{"@type":"ReadAction","target":["https:\/\/powermepronto.com\/es\/cheaper-than-all-other-prepay-electric-companies-in-denton\/"]}]},{"@type":"BreadcrumbList","@id":"https:\/\/powermepronto.com\/es\/cheaper-than-all-other-prepay-electric-companies-in-denton\/#breadcrumb","itemListElement":[{"@type":"ListItem","position":1,"name":"Home","item":"https:\/\/powermepronto.com\/en\/"},{"@type":"ListItem","position":2,"name":"M\u00e1s barato que todas las dem\u00e1s empresas el\u00e9ctricas de prepago en Denton"}]},{"@type":"WebSite","@id":"https:\/\/powermepronto.com\/en\/#website","url":"https:\/\/powermepronto.com\/en\/","name":"Pronto Power","description":"","potentialAction":[{"@type":"SearchAction","target":{"@type":"EntryPoint","urlTemplate":"https:\/\/powermepronto.com\/en\/?s={search_term_string}"},"query-input":{"@type":"PropertyValueSpecification","valueRequired":true,"valueName":"search_term_string"}}],"inLanguage":"es"}]}},"_links":{"self":[{"href":"https:\/\/powermepronto.com\/es\/wp-json\/wp\/v2\/pages\/1242","targetHints":{"allow":["GET"]}}],"collection":[{"href":"https:\/\/powermepronto.com\/es\/wp-json\/wp\/v2\/pages"}],"about":[{"href":"https:\/\/powermepronto.com\/es\/wp-json\/wp\/v2\/types\/page"}],"author":[{"embeddable":true,"href":"https:\/\/powermepronto.com\/es\/wp-json\/wp\/v2\/users\/1"}],"replies":[{"embeddable":true,"href":"https:\/\/powermepronto.com\/es\/wp-json\/wp\/v2\/comments?post=1242"}],"version-history":[{"count":4,"href":"https:\/\/powermepronto.com\/es\/wp-json\/wp\/v2\/pages\/1242\/revisions"}],"predecessor-version":[{"id":1278,"href":"https:\/\/powermepronto.com\/es\/wp-json\/wp\/v2\/pages\/1242\/revisions\/1278"}],"wp:attachment":[{"href":"https:\/\/powermepronto.com\/es\/wp-json\/wp\/v2\/media?parent=1242"}],"curies":[{"name":"wp","href":"https:\/\/api.w.org\/{rel}","templated":true}]}}