{"id":1240,"date":"2019-02-08T21:14:19","date_gmt":"2019-02-08T21:14:19","guid":{"rendered":"http:\/\/www.powermepronto.com\/?page_id=1240"},"modified":"2022-12-21T04:21:22","modified_gmt":"2022-12-21T10:21:22","slug":"cheaper-than-all-other-prepaid-electricity-providers-in-dallas","status":"publish","type":"page","link":"https:\/\/powermepronto.com\/es\/cheaper-than-all-other-prepaid-electricity-providers-in-dallas\/","title":{"rendered":"\u00a1M\u00e1s barato que todos los dem\u00e1s proveedores de electricidad prepagos en Dallas!"},"content":{"rendered":"<p><img loading=\"lazy\" decoding=\"async\" src=\"\/wp-content\/uploads\/2018\/10\/bigstock-Concept-Of-Expensive-Energy-Bi-1036464-300x200.jpg\" alt=\"\" width=\"300\" height=\"200\" class=\"alignright size-medium wp-image-1053\" srcset=\"https:\/\/powermepronto.com\/wp-content\/uploads\/2018\/10\/bigstock-Concept-Of-Expensive-Energy-Bi-1036464-300x200.jpg 300w, https:\/\/powermepronto.com\/wp-content\/uploads\/2018\/10\/bigstock-Concept-Of-Expensive-Energy-Bi-1036464-768x512.jpg 768w, https:\/\/powermepronto.com\/wp-content\/uploads\/2018\/10\/bigstock-Concept-Of-Expensive-Energy-Bi-1036464.jpg 1000w\" sizes=\"auto, (max-width: 300px) 100vw, 300px\" \/>Bueno, si somos m\u00e1s baratos que todos los dem\u00e1s proveedores de electricidad prepagos en el Metroplex de Dallas \/ Fort Worth, tiene que haber una gran captura, \u00bfno? <\/p>\n<p>Porque, vamos, \u00bfqu\u00e9 tipo de empresa puede realmente darte algo m\u00e1s que eso? <\/p>\n<p>Tiene que haber algunas tarifas complicadas o algo as\u00ed una vez que te unes, \u00bfverdad?<\/p>\n<p>Despu\u00e9s de todo, esa ha sido su experiencia con otros proveedores de electricidad en el \u00e1rea. Te cuentan todas estas maravillosas historias de grandes ahorros de energ\u00eda, y luego terminan en una mella y te matan una vez que te conviertes en un cliente. <\/p>\n<h2>Pronto Power&#8217;s Different! Obtenga Las Tarifas De Electricidad Prepagas M\u00e1s Baratas En Dallas, Sin Cargos Ocultos O Sin Firmar Un Contrato<\/h2>\n<p>Bueno, Pronto Power es diferente a todo lo dem\u00e1s.<\/p>\n<p>Conocemos tu experiencia t\u00edpica. Otra utilidad le da grandes promesas de tarifas rid\u00edculamente baratas.<\/p>\n<p>Pero luego firmas su contrato. Lo obligan a pagar un enorme dep\u00f3sito por adelantado que realmente no puede pagar.<\/p>\n<p>Y luego, cuando te conviertes en un cliente, comienzan a surgir todas estas extra\u00f1as tarifas que no sab\u00edas. Cargos por pagar por tel\u00e9fono. Cargos por el uso de ciertas cantidades de electricidad cada mes.<\/p>\n<p>Incluso tarifas por conectar y desconectar su servicio.<\/p>\n<p>No obtienes nada de eso con Pronto Power.<\/p>\n<h2>Pronto Power Es Tan Econ\u00f3mico Y F\u00e1cil, Casi Absurdo<\/h2>\n<p>Cuando se une a Pronto Power en nuestro plan de electricidad prepago, es casi rid\u00edculamente f\u00e1cil.<\/p>\n<p>Primero, usted no firma un contrato. No hay verificaci\u00f3n de cr\u00e9dito o identificaci\u00f3n. No pagas un gran dep\u00f3sito por adelantado.<\/p>\n<p>Luego, recibe correos electr\u00f3nicos o mensajes de texto (o ambos, su elecci\u00f3n) todos los d\u00edas que le notifican su uso y el saldo de su cuenta. Prepago como quieras: mensual, semanal o incluso diario. Mientras tenga solo un centavo en su cuenta para la 1 de la tarde de ese d\u00eda, su electricidad permanecer\u00e1 encendida.<\/p>\n<p>Es realmente as\u00ed de simple.<\/p>\n<p>Entonces, en lugar de luchar contra su servicio p\u00fablico y preocuparse por la tarifa a la que se le asignar\u00e1 la pr\u00f3xima vez, simplemente si\u00e9ntese y disfrute de las tarifas m\u00e1s baratas de todos los proveedores en el \u00e1rea de Dallas. Por cierto, si ve tarifas m\u00e1s baratas anunciadas en otro lugar, aseg\u00farese de leer la letra peque\u00f1a y entender todas las tarifas potenciales que cobran los competidores. Compare eso con lo que pagar\u00eda en Pronto Power para obtener una comparaci\u00f3n precisa y justa. <\/p>\n<p>\u00bfSuena bien?<\/p>\n<p>Genial. Llame al <span class=\"affiliatecode\">844.621.2852<\/span> para unirse a Pronto Power y conectarse en una hora (si su hogar tiene un medidor inteligente).<\/p>","protected":false},"excerpt":{"rendered":"<p>Bueno, si somos m\u00e1s baratos que todos los dem\u00e1s proveedores de electricidad prepagos en el Metroplex de Dallas \/ Fort Worth, tiene que haber una gran captura, \u00bfno? Porque, vamos, \u00bfqu\u00e9 tipo de empresa puede realmente darte algo m\u00e1s que eso? Tiene que haber algunas tarifas complicadas o algo as\u00ed una vez que te unes, &hellip; <a href=\"https:\/\/powermepronto.com\/es\/cheaper-than-all-other-prepaid-electricity-providers-in-dallas\/\" class=\"more-link\">Continue reading <span class=\"screen-reader-text\">\u00a1M\u00e1s barato que todos los dem\u00e1s proveedores de electricidad prepagos en Dallas!<\/span><\/a><\/p>\n","protected":false},"author":1,"featured_media":0,"parent":0,"menu_order":0,"comment_status":"closed","ping_status":"closed","template":"","meta":{"_acf_changed":false,"_glsr_average":0,"_glsr_ranking":0,"_glsr_reviews":0,"footnotes":"","_links_to":"","_links_to_target":""},"class_list":["post-1240","page","type-page","status-publish","hentry"],"acf":[],"yoast_head":"<!-- This site is optimized with the Yoast SEO plugin v27.4 - https:\/\/yoast.com\/product\/yoast-seo-wordpress\/ -->\n<title>\u00a1M\u00e1s barato que todos los dem\u00e1s proveedores de electricidad prepagos en Dallas! - Pronto Power<\/title>\n<meta name=\"description\" content=\"[:en]Get the cheapest prepaid electricity rates in all of Dallas when you join Pronto Power. No contract. No hidden fees. Just the lowest rates and great service. Call 844.621.2852 to join Pronto Power free now.[:es]Obtenga las tarifas de electricidad prepagas m\u00e1s baratas en todo Dallas cuando se una a Pronto Power. Sin contrato. Sin cuotas escondidas. S\u00f3lo las tarifas m\u00e1s bajas y un gran servicio. Llame al 844.621.2852 para unirse a Pronto Power gratis ahora.[:]\" \/>\n<meta name=\"robots\" content=\"index, follow, max-snippet:-1, max-image-preview:large, max-video-preview:-1\" \/>\n<link rel=\"canonical\" href=\"https:\/\/powermepronto.com\/cheaper-than-all-other-prepaid-electricity-providers-in-dallas\/\" \/>\n<meta property=\"og:locale\" content=\"es_ES\" \/>\n<meta property=\"og:type\" content=\"article\" \/>\n<meta property=\"og:title\" content=\"[:en]Cheaper Than All Other Prepaid Electricity Providers in Dallas![:es]\u00a1M\u00e1s barato que todos los dem\u00e1s proveedores de electricidad prepagos en Dallas![:] - Pronto Power\" \/>\n<meta property=\"og:description\" content=\"[:en]Get the cheapest prepaid electricity rates in all of Dallas when you join Pronto Power. No contract. No hidden fees. Just the lowest rates and great service. Call 844.621.2852 to join Pronto Power free now.[:es]Obtenga las tarifas de electricidad prepagas m\u00e1s baratas en todo Dallas cuando se una a Pronto Power. Sin contrato. Sin cuotas escondidas. S\u00f3lo las tarifas m\u00e1s bajas y un gran servicio. Llame al 844.621.2852 para unirse a Pronto Power gratis ahora.[:]\" \/>\n<meta property=\"og:url\" content=\"https:\/\/powermepronto.com\/cheaper-than-all-other-prepaid-electricity-providers-in-dallas\/\" \/>\n<meta property=\"og:site_name\" content=\"Pronto Power\" \/>\n<meta property=\"article:modified_time\" content=\"2022-12-21T10:21:22+00:00\" \/>\n<meta name=\"twitter:card\" content=\"summary_large_image\" \/>\n<meta name=\"twitter:label1\" content=\"Tiempo de lectura\" \/>\n\t<meta name=\"twitter:data1\" content=\"5 minutos\" \/>\n<script type=\"application\/ld+json\" class=\"yoast-schema-graph\">{\"@context\":\"https:\\\/\\\/schema.org\",\"@graph\":[{\"@type\":\"WebPage\",\"@id\":\"https:\\\/\\\/powermepronto.com\\\/cheaper-than-all-other-prepaid-electricity-providers-in-dallas\\\/\",\"url\":\"https:\\\/\\\/powermepronto.com\\\/cheaper-than-all-other-prepaid-electricity-providers-in-dallas\\\/\",\"name\":\"[:en]Cheaper Than All Other Prepaid Electricity Providers in Dallas![:es]\u00a1M\u00e1s barato que todos los dem\u00e1s proveedores de electricidad prepagos en Dallas![:] - Pronto Power\",\"isPartOf\":{\"@id\":\"https:\\\/\\\/powermepronto.com\\\/en\\\/#website\"},\"datePublished\":\"2019-02-08T21:14:19+00:00\",\"dateModified\":\"2022-12-21T10:21:22+00:00\",\"description\":\"[:en]Get the cheapest prepaid electricity rates in all of Dallas when you join Pronto Power. No contract. No hidden fees. Just the lowest rates and great service. Call 844.621.2852 to join Pronto Power free now.[:es]Obtenga las tarifas de electricidad prepagas m\u00e1s baratas en todo Dallas cuando se una a Pronto Power. Sin contrato. Sin cuotas escondidas. S\u00f3lo las tarifas m\u00e1s bajas y un gran servicio. Llame al 844.621.2852 para unirse a Pronto Power gratis ahora.[:]\",\"breadcrumb\":{\"@id\":\"https:\\\/\\\/powermepronto.com\\\/cheaper-than-all-other-prepaid-electricity-providers-in-dallas\\\/#breadcrumb\"},\"inLanguage\":\"es\",\"potentialAction\":[{\"@type\":\"ReadAction\",\"target\":[\"https:\\\/\\\/powermepronto.com\\\/cheaper-than-all-other-prepaid-electricity-providers-in-dallas\\\/\"]}]},{\"@type\":\"BreadcrumbList\",\"@id\":\"https:\\\/\\\/powermepronto.com\\\/cheaper-than-all-other-prepaid-electricity-providers-in-dallas\\\/#breadcrumb\",\"itemListElement\":[{\"@type\":\"ListItem\",\"position\":1,\"name\":\"Home\",\"item\":\"https:\\\/\\\/powermepronto.com\\\/en\\\/\"},{\"@type\":\"ListItem\",\"position\":2,\"name\":\"Cheaper Than All Other Prepaid Electricity Providers in Dallas!\"}]},{\"@type\":\"WebSite\",\"@id\":\"https:\\\/\\\/powermepronto.com\\\/en\\\/#website\",\"url\":\"https:\\\/\\\/powermepronto.com\\\/en\\\/\",\"name\":\"Pronto Power\",\"description\":\"\",\"potentialAction\":[{\"@type\":\"SearchAction\",\"target\":{\"@type\":\"EntryPoint\",\"urlTemplate\":\"https:\\\/\\\/powermepronto.com\\\/en\\\/?s={search_term_string}\"},\"query-input\":{\"@type\":\"PropertyValueSpecification\",\"valueRequired\":true,\"valueName\":\"search_term_string\"}}],\"inLanguage\":\"es\"}]}<\/script>\n<!-- \/ Yoast SEO plugin. -->","yoast_head_json":{"title":"[:en]Cheaper Than All Other Prepaid Electricity Providers in Dallas![:es]\u00a1M\u00e1s barato que todos los dem\u00e1s proveedores de electricidad prepagos en Dallas![:] - Pronto Power","description":"[:en]Get the cheapest prepaid electricity rates in all of Dallas when you join Pronto Power. No contract. No hidden fees. Just the lowest rates and great service. Call 844.621.2852 to join Pronto Power free now.[:es]Obtenga las tarifas de electricidad prepagas m\u00e1s baratas en todo Dallas cuando se una a Pronto Power. Sin contrato. Sin cuotas escondidas. S\u00f3lo las tarifas m\u00e1s bajas y un gran servicio. Llame al 844.621.2852 para unirse a Pronto Power gratis ahora.[:]","robots":{"index":"index","follow":"follow","max-snippet":"max-snippet:-1","max-image-preview":"max-image-preview:large","max-video-preview":"max-video-preview:-1"},"canonical":"https:\/\/powermepronto.com\/cheaper-than-all-other-prepaid-electricity-providers-in-dallas\/","og_locale":"es_ES","og_type":"article","og_title":"[:en]Cheaper Than All Other Prepaid Electricity Providers in Dallas![:es]\u00a1M\u00e1s barato que todos los dem\u00e1s proveedores de electricidad prepagos en Dallas![:] - Pronto Power","og_description":"[:en]Get the cheapest prepaid electricity rates in all of Dallas when you join Pronto Power. No contract. No hidden fees. Just the lowest rates and great service. Call 844.621.2852 to join Pronto Power free now.[:es]Obtenga las tarifas de electricidad prepagas m\u00e1s baratas en todo Dallas cuando se una a Pronto Power. Sin contrato. Sin cuotas escondidas. S\u00f3lo las tarifas m\u00e1s bajas y un gran servicio. Llame al 844.621.2852 para unirse a Pronto Power gratis ahora.[:]","og_url":"https:\/\/powermepronto.com\/cheaper-than-all-other-prepaid-electricity-providers-in-dallas\/","og_site_name":"Pronto Power","article_modified_time":"2022-12-21T10:21:22+00:00","twitter_card":"summary_large_image","twitter_misc":{"Tiempo de lectura":"5 minutos"},"schema":{"@context":"https:\/\/schema.org","@graph":[{"@type":"WebPage","@id":"https:\/\/powermepronto.com\/cheaper-than-all-other-prepaid-electricity-providers-in-dallas\/","url":"https:\/\/powermepronto.com\/cheaper-than-all-other-prepaid-electricity-providers-in-dallas\/","name":"[:en]Cheaper Than All Other Prepaid Electricity Providers in Dallas![:es]\u00a1M\u00e1s barato que todos los dem\u00e1s proveedores de electricidad prepagos en Dallas![:] - Pronto Power","isPartOf":{"@id":"https:\/\/powermepronto.com\/en\/#website"},"datePublished":"2019-02-08T21:14:19+00:00","dateModified":"2022-12-21T10:21:22+00:00","description":"[:en]Get the cheapest prepaid electricity rates in all of Dallas when you join Pronto Power. No contract. No hidden fees. Just the lowest rates and great service. Call 844.621.2852 to join Pronto Power free now.[:es]Obtenga las tarifas de electricidad prepagas m\u00e1s baratas en todo Dallas cuando se una a Pronto Power. Sin contrato. Sin cuotas escondidas. S\u00f3lo las tarifas m\u00e1s bajas y un gran servicio. Llame al 844.621.2852 para unirse a Pronto Power gratis ahora.[:]","breadcrumb":{"@id":"https:\/\/powermepronto.com\/cheaper-than-all-other-prepaid-electricity-providers-in-dallas\/#breadcrumb"},"inLanguage":"es","potentialAction":[{"@type":"ReadAction","target":["https:\/\/powermepronto.com\/cheaper-than-all-other-prepaid-electricity-providers-in-dallas\/"]}]},{"@type":"BreadcrumbList","@id":"https:\/\/powermepronto.com\/cheaper-than-all-other-prepaid-electricity-providers-in-dallas\/#breadcrumb","itemListElement":[{"@type":"ListItem","position":1,"name":"Home","item":"https:\/\/powermepronto.com\/en\/"},{"@type":"ListItem","position":2,"name":"Cheaper Than All Other Prepaid Electricity Providers in Dallas!"}]},{"@type":"WebSite","@id":"https:\/\/powermepronto.com\/en\/#website","url":"https:\/\/powermepronto.com\/en\/","name":"Pronto Power","description":"","potentialAction":[{"@type":"SearchAction","target":{"@type":"EntryPoint","urlTemplate":"https:\/\/powermepronto.com\/en\/?s={search_term_string}"},"query-input":{"@type":"PropertyValueSpecification","valueRequired":true,"valueName":"search_term_string"}}],"inLanguage":"es"}]}},"_links":{"self":[{"href":"https:\/\/powermepronto.com\/es\/wp-json\/wp\/v2\/pages\/1240","targetHints":{"allow":["GET"]}}],"collection":[{"href":"https:\/\/powermepronto.com\/es\/wp-json\/wp\/v2\/pages"}],"about":[{"href":"https:\/\/powermepronto.com\/es\/wp-json\/wp\/v2\/types\/page"}],"author":[{"embeddable":true,"href":"https:\/\/powermepronto.com\/es\/wp-json\/wp\/v2\/users\/1"}],"replies":[{"embeddable":true,"href":"https:\/\/powermepronto.com\/es\/wp-json\/wp\/v2\/comments?post=1240"}],"version-history":[{"count":6,"href":"https:\/\/powermepronto.com\/es\/wp-json\/wp\/v2\/pages\/1240\/revisions"}],"predecessor-version":[{"id":3493,"href":"https:\/\/powermepronto.com\/es\/wp-json\/wp\/v2\/pages\/1240\/revisions\/3493"}],"wp:attachment":[{"href":"https:\/\/powermepronto.com\/es\/wp-json\/wp\/v2\/media?parent=1240"}],"curies":[{"name":"wp","href":"https:\/\/api.w.org\/{rel}","templated":true}]}}