{"id":1156,"date":"2018-12-23T18:15:50","date_gmt":"2018-12-23T18:15:50","guid":{"rendered":"http:\/\/www.powermepronto.com\/?page_id=1156"},"modified":"2022-12-21T04:19:58","modified_gmt":"2022-12-21T10:19:58","slug":"cheaper-than-all-other-houston-electricity-providers","status":"publish","type":"page","link":"https:\/\/powermepronto.com\/es\/cheaper-than-all-other-houston-electricity-providers\/","title":{"rendered":"M\u00e1s barato que todos los dem\u00e1s proveedores de electricidad de Houston"},"content":{"rendered":"<p>Con la electricidad en Texas, es dif\u00edcil saber lo que realmente paga.<\/p>\n<p>Se supon\u00eda que la desregulaci\u00f3n de la energ\u00eda har\u00eda de esto una gran victoria para los consumidores.<\/p>\n<p>Sin embargo, m\u00e1s de 15 a\u00f1os despu\u00e9s del hecho, \u00a1hay evidencia creciente de que los precios realmente han subido!<\/p>\n<p>\u00bfSabes lo que realmente pagas por tu electricidad?<\/p>\n<p>Tenga en cuenta que tiene que incluir todas las tarifas diferentes. Esto podr\u00eda incluir cargos por pago atrasado, cargos ocultos, cargos estimados, cargos de conexi\u00f3n y cualquier otra cosa que su proveedor de electricidad pueda imaginar.<\/p>\n<p>Una vez que sume todos los costos y luego los divida por su consumo de kWh, sabr\u00e1 cu\u00e1les son sus verdaderos costos de electricidad.<\/p>\n<p>&#8230; Pero aunque la mayor\u00eda de las compa\u00f1\u00edas cobran m\u00e1s de lo que usted ha pagado, no todas lo hacen. <\/p>\n<h2>\u00bfQu\u00e9 hace que Pronto Power sea m\u00e1s barato que todos los dem\u00e1s proveedores de Houston Electric? <\/h2>\n<p>Somos m\u00e1s baratos que su compa\u00f1\u00eda el\u00e9ctrica actual porque nunca cobramos tarifas ocultas.<\/p>\n<p>Siempre.<\/p>\n<p>No paga ning\u00fan \u00abcargo estimado\u00bb. Y, de hecho, no paga ninguna tarifa en absoluto.<\/p>\n<p>Usted paga solo por la electricidad que usa. Es la tarifa general m\u00e1s barata. Y eso es todo lo que hay que hacer!<\/p>\n<p>Simplemente coloque sus fondos en una cuenta prepaga.<\/p>\n<p>Luego, simplemente realiza un prepago mensual, semanal o diario seg\u00fan le convenga a usted y a su presupuesto.<\/p>\n<p>\u00bfNo puede hacer un pago? No hay problema. Llame a nuestro amable equipo de atenci\u00f3n al cliente y estaremos encantados de elaborar un plan de pago con usted que lo ayude a superar las dificultades financieras m\u00e1s dif\u00edciles.<\/p>\n<h2>C\u00f3mo puedes ahorrar un 20-25% adicional<\/h2>\n<p>Cuando se convierte en cliente, obtiene acceso especial a una herramienta de software que se conecta a su medidor inteligente y le muestra su consumo de electricidad exactamente como lo usa.<\/p>\n<p>Entonces, \u00a1puedes cambiar lo que haces y ver c\u00f3mo cambia el consumo de electricidad en este mismo instante!<\/p>\n<p>Nuestros clientes utilizan esto para ahorrar un promedio de 20-25% m\u00e1s en comparaci\u00f3n con los clientes que no lo hacen. <\/p>\n<p>De todas las compa\u00f1\u00edas el\u00e9ctricas en Houston que puede elegir, Pronto Power es la m\u00e1s barata, con el mejor servicio al cliente.<\/p>\n<p>Y no tienes que firmar un contrato.<\/p>\n<p>\u00a1Simplemente llama al <span class=\"affiliatecode\">844.621.2852<\/span> para unirte gratis ahora!<\/p>","protected":false},"excerpt":{"rendered":"<p>Con la electricidad en Texas, es dif\u00edcil saber lo que realmente paga. Se supon\u00eda que la desregulaci\u00f3n de la energ\u00eda har\u00eda de esto una gran victoria para los consumidores. Sin embargo, m\u00e1s de 15 a\u00f1os despu\u00e9s del hecho, \u00a1hay evidencia creciente de que los precios realmente han subido! \u00bfSabes lo que realmente pagas por tu &hellip; <a href=\"https:\/\/powermepronto.com\/es\/cheaper-than-all-other-houston-electricity-providers\/\" class=\"more-link\">Continue reading <span class=\"screen-reader-text\">M\u00e1s barato que todos los dem\u00e1s proveedores de electricidad de Houston<\/span><\/a><\/p>\n","protected":false},"author":1,"featured_media":0,"parent":0,"menu_order":0,"comment_status":"closed","ping_status":"closed","template":"","meta":{"_acf_changed":false,"_glsr_average":0,"_glsr_ranking":0,"_glsr_reviews":0,"footnotes":"","_links_to":"","_links_to_target":""},"class_list":["post-1156","page","type-page","status-publish","hentry"],"acf":[],"yoast_head":"<!-- This site is optimized with the Yoast SEO plugin v27.5 - https:\/\/yoast.com\/product\/yoast-seo-wordpress\/ -->\n<title>M\u00e1s barato que todos los dem\u00e1s proveedores de electricidad de Houston - Pronto Power<\/title>\n<meta name=\"description\" content=\"[:en]How much do you pay for your electricity, including all the fees? Yep. Pronto Power can beat that. Find out how we make your service cheaper than all other electricity providers in Houston.[:es]Cu\u00e1nto paga por su electricidad, incluidas todas las tarifas? S\u00ed. Pronto Power puede vencer eso. Descubra c\u00f3mo hacemos que su servicio sea m\u00e1s barato que todos los dem\u00e1s proveedores de electricidad en Houston.[:]\" \/>\n<meta name=\"robots\" content=\"index, follow, max-snippet:-1, max-image-preview:large, max-video-preview:-1\" \/>\n<link rel=\"canonical\" href=\"https:\/\/powermepronto.com\/cheaper-than-all-other-houston-electricity-providers\/\" \/>\n<meta property=\"og:locale\" content=\"es_ES\" \/>\n<meta property=\"og:type\" content=\"article\" \/>\n<meta property=\"og:title\" content=\"[:en]Cheaper Than All Other Houston Electricity Providers[:es]M\u00e1s barato que todos los dem\u00e1s proveedores de electricidad de Houston[:] - Pronto Power\" \/>\n<meta property=\"og:description\" content=\"[:en]How much do you pay for your electricity, including all the fees? Yep. Pronto Power can beat that. Find out how we make your service cheaper than all other electricity providers in Houston.[:es]Cu\u00e1nto paga por su electricidad, incluidas todas las tarifas? S\u00ed. Pronto Power puede vencer eso. Descubra c\u00f3mo hacemos que su servicio sea m\u00e1s barato que todos los dem\u00e1s proveedores de electricidad en Houston.[:]\" \/>\n<meta property=\"og:url\" content=\"https:\/\/powermepronto.com\/cheaper-than-all-other-houston-electricity-providers\/\" \/>\n<meta property=\"og:site_name\" content=\"Pronto Power\" \/>\n<meta property=\"article:modified_time\" content=\"2022-12-21T10:19:58+00:00\" \/>\n<meta name=\"twitter:card\" content=\"summary_large_image\" \/>\n<meta name=\"twitter:label1\" content=\"Tiempo de lectura\" \/>\n\t<meta name=\"twitter:data1\" content=\"4 minutos\" \/>\n<script type=\"application\/ld+json\" class=\"yoast-schema-graph\">{\"@context\":\"https:\\\/\\\/schema.org\",\"@graph\":[{\"@type\":\"WebPage\",\"@id\":\"https:\\\/\\\/powermepronto.com\\\/cheaper-than-all-other-houston-electricity-providers\\\/\",\"url\":\"https:\\\/\\\/powermepronto.com\\\/cheaper-than-all-other-houston-electricity-providers\\\/\",\"name\":\"[:en]Cheaper Than All Other Houston Electricity Providers[:es]M\u00e1s barato que todos los dem\u00e1s proveedores de electricidad de Houston[:] - Pronto Power\",\"isPartOf\":{\"@id\":\"https:\\\/\\\/powermepronto.com\\\/en\\\/#website\"},\"datePublished\":\"2018-12-23T18:15:50+00:00\",\"dateModified\":\"2022-12-21T10:19:58+00:00\",\"description\":\"[:en]How much do you pay for your electricity, including all the fees? Yep. Pronto Power can beat that. Find out how we make your service cheaper than all other electricity providers in Houston.[:es]Cu\u00e1nto paga por su electricidad, incluidas todas las tarifas? S\u00ed. Pronto Power puede vencer eso. Descubra c\u00f3mo hacemos que su servicio sea m\u00e1s barato que todos los dem\u00e1s proveedores de electricidad en Houston.[:]\",\"breadcrumb\":{\"@id\":\"https:\\\/\\\/powermepronto.com\\\/cheaper-than-all-other-houston-electricity-providers\\\/#breadcrumb\"},\"inLanguage\":\"es\",\"potentialAction\":[{\"@type\":\"ReadAction\",\"target\":[\"https:\\\/\\\/powermepronto.com\\\/cheaper-than-all-other-houston-electricity-providers\\\/\"]}]},{\"@type\":\"BreadcrumbList\",\"@id\":\"https:\\\/\\\/powermepronto.com\\\/cheaper-than-all-other-houston-electricity-providers\\\/#breadcrumb\",\"itemListElement\":[{\"@type\":\"ListItem\",\"position\":1,\"name\":\"Home\",\"item\":\"https:\\\/\\\/powermepronto.com\\\/en\\\/\"},{\"@type\":\"ListItem\",\"position\":2,\"name\":\"Cheaper Than All Other Houston Electricity Providers\"}]},{\"@type\":\"WebSite\",\"@id\":\"https:\\\/\\\/powermepronto.com\\\/en\\\/#website\",\"url\":\"https:\\\/\\\/powermepronto.com\\\/en\\\/\",\"name\":\"Pronto Power\",\"description\":\"\",\"potentialAction\":[{\"@type\":\"SearchAction\",\"target\":{\"@type\":\"EntryPoint\",\"urlTemplate\":\"https:\\\/\\\/powermepronto.com\\\/en\\\/?s={search_term_string}\"},\"query-input\":{\"@type\":\"PropertyValueSpecification\",\"valueRequired\":true,\"valueName\":\"search_term_string\"}}],\"inLanguage\":\"es\"}]}<\/script>\n<!-- \/ Yoast SEO plugin. -->","yoast_head_json":{"title":"[:en]Cheaper Than All Other Houston Electricity Providers[:es]M\u00e1s barato que todos los dem\u00e1s proveedores de electricidad de Houston[:] - Pronto Power","description":"[:en]How much do you pay for your electricity, including all the fees? Yep. Pronto Power can beat that. Find out how we make your service cheaper than all other electricity providers in Houston.[:es]Cu\u00e1nto paga por su electricidad, incluidas todas las tarifas? S\u00ed. Pronto Power puede vencer eso. Descubra c\u00f3mo hacemos que su servicio sea m\u00e1s barato que todos los dem\u00e1s proveedores de electricidad en Houston.[:]","robots":{"index":"index","follow":"follow","max-snippet":"max-snippet:-1","max-image-preview":"max-image-preview:large","max-video-preview":"max-video-preview:-1"},"canonical":"https:\/\/powermepronto.com\/cheaper-than-all-other-houston-electricity-providers\/","og_locale":"es_ES","og_type":"article","og_title":"[:en]Cheaper Than All Other Houston Electricity Providers[:es]M\u00e1s barato que todos los dem\u00e1s proveedores de electricidad de Houston[:] - Pronto Power","og_description":"[:en]How much do you pay for your electricity, including all the fees? Yep. Pronto Power can beat that. Find out how we make your service cheaper than all other electricity providers in Houston.[:es]Cu\u00e1nto paga por su electricidad, incluidas todas las tarifas? S\u00ed. Pronto Power puede vencer eso. Descubra c\u00f3mo hacemos que su servicio sea m\u00e1s barato que todos los dem\u00e1s proveedores de electricidad en Houston.[:]","og_url":"https:\/\/powermepronto.com\/cheaper-than-all-other-houston-electricity-providers\/","og_site_name":"Pronto Power","article_modified_time":"2022-12-21T10:19:58+00:00","twitter_card":"summary_large_image","twitter_misc":{"Tiempo de lectura":"4 minutos"},"schema":{"@context":"https:\/\/schema.org","@graph":[{"@type":"WebPage","@id":"https:\/\/powermepronto.com\/cheaper-than-all-other-houston-electricity-providers\/","url":"https:\/\/powermepronto.com\/cheaper-than-all-other-houston-electricity-providers\/","name":"[:en]Cheaper Than All Other Houston Electricity Providers[:es]M\u00e1s barato que todos los dem\u00e1s proveedores de electricidad de Houston[:] - Pronto Power","isPartOf":{"@id":"https:\/\/powermepronto.com\/en\/#website"},"datePublished":"2018-12-23T18:15:50+00:00","dateModified":"2022-12-21T10:19:58+00:00","description":"[:en]How much do you pay for your electricity, including all the fees? Yep. Pronto Power can beat that. Find out how we make your service cheaper than all other electricity providers in Houston.[:es]Cu\u00e1nto paga por su electricidad, incluidas todas las tarifas? S\u00ed. Pronto Power puede vencer eso. Descubra c\u00f3mo hacemos que su servicio sea m\u00e1s barato que todos los dem\u00e1s proveedores de electricidad en Houston.[:]","breadcrumb":{"@id":"https:\/\/powermepronto.com\/cheaper-than-all-other-houston-electricity-providers\/#breadcrumb"},"inLanguage":"es","potentialAction":[{"@type":"ReadAction","target":["https:\/\/powermepronto.com\/cheaper-than-all-other-houston-electricity-providers\/"]}]},{"@type":"BreadcrumbList","@id":"https:\/\/powermepronto.com\/cheaper-than-all-other-houston-electricity-providers\/#breadcrumb","itemListElement":[{"@type":"ListItem","position":1,"name":"Home","item":"https:\/\/powermepronto.com\/en\/"},{"@type":"ListItem","position":2,"name":"Cheaper Than All Other Houston Electricity Providers"}]},{"@type":"WebSite","@id":"https:\/\/powermepronto.com\/en\/#website","url":"https:\/\/powermepronto.com\/en\/","name":"Pronto Power","description":"","potentialAction":[{"@type":"SearchAction","target":{"@type":"EntryPoint","urlTemplate":"https:\/\/powermepronto.com\/en\/?s={search_term_string}"},"query-input":{"@type":"PropertyValueSpecification","valueRequired":true,"valueName":"search_term_string"}}],"inLanguage":"es"}]}},"_links":{"self":[{"href":"https:\/\/powermepronto.com\/es\/wp-json\/wp\/v2\/pages\/1156","targetHints":{"allow":["GET"]}}],"collection":[{"href":"https:\/\/powermepronto.com\/es\/wp-json\/wp\/v2\/pages"}],"about":[{"href":"https:\/\/powermepronto.com\/es\/wp-json\/wp\/v2\/types\/page"}],"author":[{"embeddable":true,"href":"https:\/\/powermepronto.com\/es\/wp-json\/wp\/v2\/users\/1"}],"replies":[{"embeddable":true,"href":"https:\/\/powermepronto.com\/es\/wp-json\/wp\/v2\/comments?post=1156"}],"version-history":[{"count":4,"href":"https:\/\/powermepronto.com\/es\/wp-json\/wp\/v2\/pages\/1156\/revisions"}],"predecessor-version":[{"id":3490,"href":"https:\/\/powermepronto.com\/es\/wp-json\/wp\/v2\/pages\/1156\/revisions\/3490"}],"wp:attachment":[{"href":"https:\/\/powermepronto.com\/es\/wp-json\/wp\/v2\/media?parent=1156"}],"curies":[{"name":"wp","href":"https:\/\/api.w.org\/{rel}","templated":true}]}}