{"id":1153,"date":"2018-12-23T18:11:16","date_gmt":"2018-12-23T18:11:16","guid":{"rendered":"http:\/\/www.powermepronto.com\/?page_id=1153"},"modified":"2022-12-21T04:15:08","modified_gmt":"2022-12-21T10:15:08","slug":"cheaper-than-all-other-electricity-providers-in-houston-bar-none","status":"publish","type":"page","link":"https:\/\/powermepronto.com\/es\/cheaper-than-all-other-electricity-providers-in-houston-bar-none\/","title":{"rendered":"M\u00e1s barato que todos los dem\u00e1s proveedores de electricidad en Houston. Sin excepci\u00f3n."},"content":{"rendered":"<p>Le ha sucedido esto a usted:<\/p>\n<p>Encuentras una oferta incre\u00edblemente barata en electricidad. Tal vez s\u00f3lo 2-6 centavos por kWh. <\/p>\n<p>Emocionado, se apresura a firmar el contrato de la empresa y unirse.<\/p>\n<p>Usted lee un poco acerca de sus tarifas y pol\u00edticas.<\/p>\n<p>Usted paga su dep\u00f3sito.<\/p>\n<p>Y te sientes absolutamente bien porque sabes que est\u00e1s ahorrando mucho.<\/p>\n<p>Entonces, te encuentras con una tarifa de $ 200. Aparentemente, cruzaste un umbral de uso de 1000 kWh.<\/p>\n<p>El servicio al cliente tambi\u00e9n lo oblig\u00f3 a pagar una tarifa solo por recibir su pago por tel\u00e9fono.<\/p>\n<p>Frustrado, tambi\u00e9n encuentra que cuando no desea renovar su contrato, paga una tarifa de desconexi\u00f3n.<\/p>\n<p>Y, \u00bfcomprob\u00f3 su factura para ver si paga los temidos \u00abcargos estimados\u00bb?<\/p>\n<p>Los REP usan esto para estimar su uso ciertos meses seg\u00fan los meses pasados.<\/p>\n<p>Y adivina qui\u00e9n es el favor que estiman?<\/p>\n<p>Aaaargghh! Lo que al principio parec\u00eda un sue\u00f1o ahora se ha convertido en una pesadilla.<\/p>\n<p>\u00bfQu\u00e9 puedes hacer?<\/p>\n<h2>\u00danase a Pronto Power: m\u00e1s barato que todos los dem\u00e1s proveedores de electricidad de Houston sin cargos ni contratos ocultos<\/h2>\n<p>En Pronto Power, le cobramos una tarifa de kWh \u00fanico.<\/p>\n<p>&#8230;\u00a1Y eso es!<\/p>\n<p>No firma un contrato destinado a atraparlo en una relaci\u00f3n que solo es beneficiosa para la empresa.<\/p>\n<p>No pagas tarifas ocultas.<\/p>\n<p>De hecho, usted no paga tarifas de ning\u00fan tipo.<\/p>\n<p>En su lugar, simplemente prepaga su electricidad como lo desee: mensual, semanal o diario si es necesario.<\/p>\n<p>Si tiene problemas para pagar su factura, no se preocupe. Simplemente llame a nuestro amable equipo de servicio al cliente y nos complacer\u00e1 concertar un acuerdo de pago con usted.<\/p>\n<p>Y con un buen historial de pagos, eventualmente puede cambiar al pospago normal a fin de mes.<\/p>\n<p>Por lo tanto, obtiene tarifas consistentes, justas y m\u00e1s baratas en Houston, sin contrato y sin cargos ocultos.<\/p>\n<p>\u00bfSuena bien?<\/p>\n<p>Genial. Nos encantar\u00eda tenerte. \u00a1Llama al <span class=\"affiliatecode\">844.621.2852<\/span> para unirte hoy!<\/p>\n<p>y&#8230; recuerda que no firmas un contrato. \u00a1As\u00ed que esta es una relaci\u00f3n sin riesgos! \u00danete o cancela cuando quieras, por el motivo que quieras.<\/p>","protected":false},"excerpt":{"rendered":"<p>Le ha sucedido esto a usted: Encuentras una oferta incre\u00edblemente barata en electricidad. Tal vez s\u00f3lo 2-6 centavos por kWh. Emocionado, se apresura a firmar el contrato de la empresa y unirse. Usted lee un poco acerca de sus tarifas y pol\u00edticas. Usted paga su dep\u00f3sito. Y te sientes absolutamente bien porque sabes que est\u00e1s &hellip; <a href=\"https:\/\/powermepronto.com\/es\/cheaper-than-all-other-electricity-providers-in-houston-bar-none\/\" class=\"more-link\">Continue reading <span class=\"screen-reader-text\">M\u00e1s barato que todos los dem\u00e1s proveedores de electricidad en Houston. Sin excepci\u00f3n.<\/span><\/a><\/p>\n","protected":false},"author":1,"featured_media":0,"parent":0,"menu_order":0,"comment_status":"closed","ping_status":"closed","template":"","meta":{"_acf_changed":false,"_glsr_average":0,"_glsr_ranking":0,"_glsr_reviews":0,"footnotes":"","_links_to":"","_links_to_target":""},"class_list":["post-1153","page","type-page","status-publish","hentry"],"acf":[],"yoast_head":"<!-- This site is optimized with the Yoast SEO plugin v27.4 - https:\/\/yoast.com\/product\/yoast-seo-wordpress\/ -->\n<title>M\u00e1s barato que todos los dem\u00e1s proveedores de electricidad en Houston. Sin excepci\u00f3n. - Pronto Power<\/title>\n<meta name=\"description\" content=\"[:en]Pronto Power gives you cheaper rates than all other electricity providers in the Houston area. No credit or ID check. No contract. Join free today. Call 844.621.2852 now. [:es]Pronto Power le ofrece tarifas m\u00e1s baratas que todos los dem\u00e1s proveedores de electricidad en el \u00e1rea de Houston. Sin verificaci\u00f3n de cr\u00e9dito o identificaci\u00f3n. Sin contrato. \u00danete gratis hoy. Llame al 844.621.2852 ahora.[:]\" \/>\n<meta name=\"robots\" content=\"index, follow, max-snippet:-1, max-image-preview:large, max-video-preview:-1\" \/>\n<link rel=\"canonical\" href=\"https:\/\/powermepronto.com\/cheaper-than-all-other-electricity-providers-in-houston-bar-none\/\" \/>\n<meta property=\"og:locale\" content=\"es_ES\" \/>\n<meta property=\"og:type\" content=\"article\" \/>\n<meta property=\"og:title\" content=\"[:en]Cheaper Than All Other Electricity Providers in Houston. Bar None.[:es]M\u00e1s barato que todos los dem\u00e1s proveedores de electricidad en Houston. Sin excepci\u00f3n.[:] - Pronto Power\" \/>\n<meta property=\"og:description\" content=\"[:en]Pronto Power gives you cheaper rates than all other electricity providers in the Houston area. No credit or ID check. No contract. Join free today. Call 844.621.2852 now. [:es]Pronto Power le ofrece tarifas m\u00e1s baratas que todos los dem\u00e1s proveedores de electricidad en el \u00e1rea de Houston. Sin verificaci\u00f3n de cr\u00e9dito o identificaci\u00f3n. Sin contrato. \u00danete gratis hoy. Llame al 844.621.2852 ahora.[:]\" \/>\n<meta property=\"og:url\" content=\"https:\/\/powermepronto.com\/cheaper-than-all-other-electricity-providers-in-houston-bar-none\/\" \/>\n<meta property=\"og:site_name\" content=\"Pronto Power\" \/>\n<meta property=\"article:modified_time\" content=\"2022-12-21T10:15:08+00:00\" \/>\n<meta name=\"twitter:card\" content=\"summary_large_image\" \/>\n<meta name=\"twitter:label1\" content=\"Tiempo de lectura\" \/>\n\t<meta name=\"twitter:data1\" content=\"4 minutos\" \/>\n<script type=\"application\/ld+json\" class=\"yoast-schema-graph\">{\"@context\":\"https:\\\/\\\/schema.org\",\"@graph\":[{\"@type\":\"WebPage\",\"@id\":\"https:\\\/\\\/powermepronto.com\\\/cheaper-than-all-other-electricity-providers-in-houston-bar-none\\\/\",\"url\":\"https:\\\/\\\/powermepronto.com\\\/cheaper-than-all-other-electricity-providers-in-houston-bar-none\\\/\",\"name\":\"[:en]Cheaper Than All Other Electricity Providers in Houston. Bar None.[:es]M\u00e1s barato que todos los dem\u00e1s proveedores de electricidad en Houston. Sin excepci\u00f3n.[:] - Pronto Power\",\"isPartOf\":{\"@id\":\"https:\\\/\\\/powermepronto.com\\\/en\\\/#website\"},\"datePublished\":\"2018-12-23T18:11:16+00:00\",\"dateModified\":\"2022-12-21T10:15:08+00:00\",\"description\":\"[:en]Pronto Power gives you cheaper rates than all other electricity providers in the Houston area. No credit or ID check. No contract. Join free today. Call 844.621.2852 now. [:es]Pronto Power le ofrece tarifas m\u00e1s baratas que todos los dem\u00e1s proveedores de electricidad en el \u00e1rea de Houston. Sin verificaci\u00f3n de cr\u00e9dito o identificaci\u00f3n. Sin contrato. \u00danete gratis hoy. Llame al 844.621.2852 ahora.[:]\",\"breadcrumb\":{\"@id\":\"https:\\\/\\\/powermepronto.com\\\/cheaper-than-all-other-electricity-providers-in-houston-bar-none\\\/#breadcrumb\"},\"inLanguage\":\"es\",\"potentialAction\":[{\"@type\":\"ReadAction\",\"target\":[\"https:\\\/\\\/powermepronto.com\\\/cheaper-than-all-other-electricity-providers-in-houston-bar-none\\\/\"]}]},{\"@type\":\"BreadcrumbList\",\"@id\":\"https:\\\/\\\/powermepronto.com\\\/cheaper-than-all-other-electricity-providers-in-houston-bar-none\\\/#breadcrumb\",\"itemListElement\":[{\"@type\":\"ListItem\",\"position\":1,\"name\":\"Home\",\"item\":\"https:\\\/\\\/powermepronto.com\\\/en\\\/\"},{\"@type\":\"ListItem\",\"position\":2,\"name\":\"Cheaper Than All Other Electricity Providers in Houston. Bar None.\"}]},{\"@type\":\"WebSite\",\"@id\":\"https:\\\/\\\/powermepronto.com\\\/en\\\/#website\",\"url\":\"https:\\\/\\\/powermepronto.com\\\/en\\\/\",\"name\":\"Pronto Power\",\"description\":\"\",\"potentialAction\":[{\"@type\":\"SearchAction\",\"target\":{\"@type\":\"EntryPoint\",\"urlTemplate\":\"https:\\\/\\\/powermepronto.com\\\/en\\\/?s={search_term_string}\"},\"query-input\":{\"@type\":\"PropertyValueSpecification\",\"valueRequired\":true,\"valueName\":\"search_term_string\"}}],\"inLanguage\":\"es\"}]}<\/script>\n<!-- \/ Yoast SEO plugin. -->","yoast_head_json":{"title":"[:en]Cheaper Than All Other Electricity Providers in Houston. Bar None.[:es]M\u00e1s barato que todos los dem\u00e1s proveedores de electricidad en Houston. Sin excepci\u00f3n.[:] - Pronto Power","description":"[:en]Pronto Power gives you cheaper rates than all other electricity providers in the Houston area. No credit or ID check. No contract. Join free today. Call 844.621.2852 now. [:es]Pronto Power le ofrece tarifas m\u00e1s baratas que todos los dem\u00e1s proveedores de electricidad en el \u00e1rea de Houston. Sin verificaci\u00f3n de cr\u00e9dito o identificaci\u00f3n. Sin contrato. \u00danete gratis hoy. Llame al 844.621.2852 ahora.[:]","robots":{"index":"index","follow":"follow","max-snippet":"max-snippet:-1","max-image-preview":"max-image-preview:large","max-video-preview":"max-video-preview:-1"},"canonical":"https:\/\/powermepronto.com\/cheaper-than-all-other-electricity-providers-in-houston-bar-none\/","og_locale":"es_ES","og_type":"article","og_title":"[:en]Cheaper Than All Other Electricity Providers in Houston. Bar None.[:es]M\u00e1s barato que todos los dem\u00e1s proveedores de electricidad en Houston. Sin excepci\u00f3n.[:] - Pronto Power","og_description":"[:en]Pronto Power gives you cheaper rates than all other electricity providers in the Houston area. No credit or ID check. No contract. Join free today. Call 844.621.2852 now. [:es]Pronto Power le ofrece tarifas m\u00e1s baratas que todos los dem\u00e1s proveedores de electricidad en el \u00e1rea de Houston. Sin verificaci\u00f3n de cr\u00e9dito o identificaci\u00f3n. Sin contrato. \u00danete gratis hoy. Llame al 844.621.2852 ahora.[:]","og_url":"https:\/\/powermepronto.com\/cheaper-than-all-other-electricity-providers-in-houston-bar-none\/","og_site_name":"Pronto Power","article_modified_time":"2022-12-21T10:15:08+00:00","twitter_card":"summary_large_image","twitter_misc":{"Tiempo de lectura":"4 minutos"},"schema":{"@context":"https:\/\/schema.org","@graph":[{"@type":"WebPage","@id":"https:\/\/powermepronto.com\/cheaper-than-all-other-electricity-providers-in-houston-bar-none\/","url":"https:\/\/powermepronto.com\/cheaper-than-all-other-electricity-providers-in-houston-bar-none\/","name":"[:en]Cheaper Than All Other Electricity Providers in Houston. Bar None.[:es]M\u00e1s barato que todos los dem\u00e1s proveedores de electricidad en Houston. Sin excepci\u00f3n.[:] - Pronto Power","isPartOf":{"@id":"https:\/\/powermepronto.com\/en\/#website"},"datePublished":"2018-12-23T18:11:16+00:00","dateModified":"2022-12-21T10:15:08+00:00","description":"[:en]Pronto Power gives you cheaper rates than all other electricity providers in the Houston area. No credit or ID check. No contract. Join free today. Call 844.621.2852 now. [:es]Pronto Power le ofrece tarifas m\u00e1s baratas que todos los dem\u00e1s proveedores de electricidad en el \u00e1rea de Houston. Sin verificaci\u00f3n de cr\u00e9dito o identificaci\u00f3n. Sin contrato. \u00danete gratis hoy. Llame al 844.621.2852 ahora.[:]","breadcrumb":{"@id":"https:\/\/powermepronto.com\/cheaper-than-all-other-electricity-providers-in-houston-bar-none\/#breadcrumb"},"inLanguage":"es","potentialAction":[{"@type":"ReadAction","target":["https:\/\/powermepronto.com\/cheaper-than-all-other-electricity-providers-in-houston-bar-none\/"]}]},{"@type":"BreadcrumbList","@id":"https:\/\/powermepronto.com\/cheaper-than-all-other-electricity-providers-in-houston-bar-none\/#breadcrumb","itemListElement":[{"@type":"ListItem","position":1,"name":"Home","item":"https:\/\/powermepronto.com\/en\/"},{"@type":"ListItem","position":2,"name":"Cheaper Than All Other Electricity Providers in Houston. Bar None."}]},{"@type":"WebSite","@id":"https:\/\/powermepronto.com\/en\/#website","url":"https:\/\/powermepronto.com\/en\/","name":"Pronto Power","description":"","potentialAction":[{"@type":"SearchAction","target":{"@type":"EntryPoint","urlTemplate":"https:\/\/powermepronto.com\/en\/?s={search_term_string}"},"query-input":{"@type":"PropertyValueSpecification","valueRequired":true,"valueName":"search_term_string"}}],"inLanguage":"es"}]}},"_links":{"self":[{"href":"https:\/\/powermepronto.com\/es\/wp-json\/wp\/v2\/pages\/1153","targetHints":{"allow":["GET"]}}],"collection":[{"href":"https:\/\/powermepronto.com\/es\/wp-json\/wp\/v2\/pages"}],"about":[{"href":"https:\/\/powermepronto.com\/es\/wp-json\/wp\/v2\/types\/page"}],"author":[{"embeddable":true,"href":"https:\/\/powermepronto.com\/es\/wp-json\/wp\/v2\/users\/1"}],"replies":[{"embeddable":true,"href":"https:\/\/powermepronto.com\/es\/wp-json\/wp\/v2\/comments?post=1153"}],"version-history":[{"count":2,"href":"https:\/\/powermepronto.com\/es\/wp-json\/wp\/v2\/pages\/1153\/revisions"}],"predecessor-version":[{"id":3489,"href":"https:\/\/powermepronto.com\/es\/wp-json\/wp\/v2\/pages\/1153\/revisions\/3489"}],"wp:attachment":[{"href":"https:\/\/powermepronto.com\/es\/wp-json\/wp\/v2\/media?parent=1153"}],"curies":[{"name":"wp","href":"https:\/\/api.w.org\/{rel}","templated":true}]}}