{"id":1134,"date":"2018-12-19T12:48:02","date_gmt":"2018-12-19T12:48:02","guid":{"rendered":"http:\/\/www.powermepronto.com\/?page_id=1134"},"modified":"2018-12-25T12:49:29","modified_gmt":"2018-12-25T12:49:29","slug":"bedfords-only-no-deposit-electricity-company-with-the-lowest-kwh-rates","status":"publish","type":"page","link":"https:\/\/powermepronto.com\/es\/bedfords-only-no-deposit-electricity-company-with-the-lowest-kwh-rates\/","title":{"rendered":"\u00a1La \u00fanica compa\u00f1\u00eda de electricidad sin dep\u00f3sito de Bedford con las tarifas m\u00e1s bajas de KWH!"},"content":{"rendered":"<p>Querer:<\/p>\n<ul>\n<li>Las tarifas m\u00e1s bajas en Bedford, Texas?<\/li>\n<li>\u00bfPara no tener que pagar un dep\u00f3sito?<\/li>\n<li>\u00bfNo tienes contrato para firmar?<\/li>\n<li>\u00bfNo hay tarifas ocultas para pagar?<\/li>\n<li>\u00bfSin identificaci\u00f3n o verificaci\u00f3n de cr\u00e9dito?<\/li>\n<li>\u00bfSin cargos de conexi\u00f3n o desconexi\u00f3n?<\/li>\n<li>\u00bfPara ahorrar un 20-25% adicional de la tarifa cotizada que se registra?<\/li>\n<li>\u00bfUn equipo de servicio al cliente entusiasmado para ayudarlo a mantener su electricidad cuando las finanzas se ponen dif\u00edciles?<\/li>\n<li>\u00bfUna compa\u00f1\u00eda el\u00e9ctrica simple y directa cuyas facturas no tiene que supervisar y auditar al final de cada mes?<\/li>\n<\/ul>\n<p>Bueno, est\u00e1s en el lugar correcto porque obtienes todo eso y m\u00e1s con Pronto Power.<\/p>\n<h2>\u00bfC\u00f3mo puede Pronto Power prometer todo esto? \u00a1Suena demasiado bueno para ser verdad!<\/h2>\n<p>A diferencia de otras compa\u00f1\u00edas el\u00e9ctricas de prepago en Texas, nos preocupamos por usted, el cliente como persona. Nos centramos en las relaciones a largo plazo en lugar de inscribirte, vaciar tu billetera tanto como sea posible, y luego tirarte y mudarte a otro cliente cuando finalmente te enojas y te vas.<\/p>\n<p>En su lugar, hacemos de la relaci\u00f3n un ganar-ganar que funciona para usted y para nosotros. Usted obtiene un gran acuerdo financiero por adelantado y en el largo plazo. Usted permanece con nuestra compa\u00f1\u00eda por m\u00e1s tiempo, y tal vez por muchos a\u00f1os.<\/p>\n<p>Debido a que usted permanece con nosotros en lugar de irse, no tenemos que inventar nuevas formas de cobrar tarifas ocultas y tomar su dinero.<\/p>\n<p>\u00a1En realidad recibes el excelente servicio y las tarifas econ\u00f3micas que prometiste y por las que pagas el dinero que tanto te has ganado!<\/p>\n<p>Y conseguimos clientes satisfechos y un balance final rentable a\u00f1o tras a\u00f1o.<\/p>\n<p>Ese es el negocio como deber\u00eda ser: todos ganan.<\/p>\n<h2>Adem\u00e1s, ahorre un 20-25% adicional &#8211; incluso en comparaci\u00f3n con otras compa\u00f1\u00edas el\u00e9ctricas baratas<\/h2>\n<p>\u00bfC\u00f3mo se consigue esto?<\/p>\n<p>Sencillo. Cuando se une, obtiene acceso al software de monitoreo de uso de electricidad en tiempo real que se conecta a su medidor inteligente.<\/p>\n<p>Apague y encienda su televisor y observe c\u00f3mo aumenta y disminuye el consumo de electricidad. Entonces, ya que puede identificar todas las formas en que usa la electricidad y cu\u00e1nto ahorra con cada una, puede cambiar su comportamiento para que sea lo m\u00e1s eficiente en energ\u00eda posible.<\/p>\n<p>No solo ahorra 20-25% en comparaci\u00f3n con el texano promedio, sino que tambi\u00e9n hace su parte para salvar el medio ambiente.<\/p>\n<p>Eso reduce su tasa de kWh a 8.5 &#8211; 9.0 centavos por hora, dependiendo de cu\u00e1nto cambie su propio comportamiento.<\/p>\n<p>Y esto es un ahorro genuino porque nunca paga tarifas ocultas de ning\u00fan tipo. Siempre. Por alguna razon.<\/p>\n<p>Simplemente prepague su electricidad: mensual, semanal o incluso diaria si lo necesita. O llame a nuestro equipo de servicio al cliente si se encuentra en un apuro y no puede pagar su factura ahora.<\/p>\n<p>\u00a1Simplemente llame a Pronto Power para unirse gratis hoy (e incluso dentro de una hora) al <span class=\"affiliatecode\">844.621.2852<\/span>!<\/p>","protected":false},"excerpt":{"rendered":"<p>Querer: Las tarifas m\u00e1s bajas en Bedford, Texas? \u00bfPara no tener que pagar un dep\u00f3sito? \u00bfNo tienes contrato para firmar? \u00bfNo hay tarifas ocultas para pagar? \u00bfSin identificaci\u00f3n o verificaci\u00f3n de cr\u00e9dito? \u00bfSin cargos de conexi\u00f3n o desconexi\u00f3n? \u00bfPara ahorrar un 20-25% adicional de la tarifa cotizada que se registra? \u00bfUn equipo de servicio al &hellip; <a href=\"https:\/\/powermepronto.com\/es\/bedfords-only-no-deposit-electricity-company-with-the-lowest-kwh-rates\/\" class=\"more-link\">Continue reading <span class=\"screen-reader-text\">\u00a1La \u00fanica compa\u00f1\u00eda de electricidad sin dep\u00f3sito de Bedford con las tarifas m\u00e1s bajas de KWH!<\/span><\/a><\/p>\n","protected":false},"author":1,"featured_media":0,"parent":0,"menu_order":0,"comment_status":"closed","ping_status":"closed","template":"","meta":{"_acf_changed":false,"_glsr_average":0,"_glsr_ranking":0,"_glsr_reviews":0,"footnotes":"","_links_to":"","_links_to_target":""},"class_list":["post-1134","page","type-page","status-publish","hentry"],"acf":[],"yoast_head":"<!-- This site is optimized with the Yoast SEO plugin v27.4 - https:\/\/yoast.com\/product\/yoast-seo-wordpress\/ -->\n<title>\u00a1La \u00fanica compa\u00f1\u00eda de electricidad sin dep\u00f3sito de Bedford con las tarifas m\u00e1s bajas de KWH! - Pronto Power<\/title>\n<meta name=\"description\" content=\"Want the cheapest rates in Bedford, Texas, but don\u2019t want to pay a huge deposit, hidden fees, or sign a contract? No problem! Plus, save an additional 20-25% too. Call 844.621.2852 to join Pronto Power free now.\" \/>\n<meta name=\"robots\" content=\"index, follow, max-snippet:-1, max-image-preview:large, max-video-preview:-1\" \/>\n<link rel=\"canonical\" href=\"https:\/\/powermepronto.com\/en\/bedfords-only-no-deposit-electricity-company-with-the-lowest-kwh-rates\/\" \/>\n<meta property=\"og:locale\" content=\"es_ES\" \/>\n<meta property=\"og:type\" content=\"article\" \/>\n<meta property=\"og:title\" content=\"[:en]Bedford\u2019s Only No-Deposit Electricity Company With the Lowest KWH Rates![:es]\u00a1La \u00fanica compa\u00f1\u00eda de electricidad sin dep\u00f3sito de Bedford con las tarifas m\u00e1s bajas de KWH![:] - Pronto Power\" \/>\n<meta property=\"og:description\" content=\"Want the cheapest rates in Bedford, Texas, but don\u2019t want to pay a huge deposit, hidden fees, or sign a contract? No problem! Plus, save an additional 20-25% too. Call 844.621.2852 to join Pronto Power free now.\" \/>\n<meta property=\"og:url\" content=\"https:\/\/powermepronto.com\/en\/bedfords-only-no-deposit-electricity-company-with-the-lowest-kwh-rates\/\" \/>\n<meta property=\"og:site_name\" content=\"Pronto Power\" \/>\n<meta property=\"article:modified_time\" content=\"2018-12-25T12:49:29+00:00\" \/>\n<meta name=\"twitter:card\" content=\"summary_large_image\" \/>\n<meta name=\"twitter:label1\" content=\"Tiempo de lectura\" \/>\n\t<meta name=\"twitter:data1\" content=\"5 minutos\" \/>\n<script type=\"application\/ld+json\" class=\"yoast-schema-graph\">{\"@context\":\"https:\\\/\\\/schema.org\",\"@graph\":[{\"@type\":\"WebPage\",\"@id\":\"https:\\\/\\\/powermepronto.com\\\/en\\\/bedfords-only-no-deposit-electricity-company-with-the-lowest-kwh-rates\\\/\",\"url\":\"https:\\\/\\\/powermepronto.com\\\/en\\\/bedfords-only-no-deposit-electricity-company-with-the-lowest-kwh-rates\\\/\",\"name\":\"[:en]Bedford\u2019s Only No-Deposit Electricity Company With the Lowest KWH Rates![:es]\u00a1La \u00fanica compa\u00f1\u00eda de electricidad sin dep\u00f3sito de Bedford con las tarifas m\u00e1s bajas de KWH![:] - Pronto Power\",\"isPartOf\":{\"@id\":\"https:\\\/\\\/powermepronto.com\\\/en\\\/#website\"},\"datePublished\":\"2018-12-19T12:48:02+00:00\",\"dateModified\":\"2018-12-25T12:49:29+00:00\",\"description\":\"Want the cheapest rates in Bedford, Texas, but don\u2019t want to pay a huge deposit, hidden fees, or sign a contract? No problem! Plus, save an additional 20-25% too. Call 844.621.2852 to join Pronto Power free now.\",\"breadcrumb\":{\"@id\":\"https:\\\/\\\/powermepronto.com\\\/en\\\/bedfords-only-no-deposit-electricity-company-with-the-lowest-kwh-rates\\\/#breadcrumb\"},\"inLanguage\":\"es\",\"potentialAction\":[{\"@type\":\"ReadAction\",\"target\":[\"https:\\\/\\\/powermepronto.com\\\/en\\\/bedfords-only-no-deposit-electricity-company-with-the-lowest-kwh-rates\\\/\"]}]},{\"@type\":\"BreadcrumbList\",\"@id\":\"https:\\\/\\\/powermepronto.com\\\/en\\\/bedfords-only-no-deposit-electricity-company-with-the-lowest-kwh-rates\\\/#breadcrumb\",\"itemListElement\":[{\"@type\":\"ListItem\",\"position\":1,\"name\":\"Home\",\"item\":\"https:\\\/\\\/powermepronto.com\\\/en\\\/\"},{\"@type\":\"ListItem\",\"position\":2,\"name\":\"Bedford\u2019s Only No-Deposit Electricity Company With the Lowest KWH Rates!\"}]},{\"@type\":\"WebSite\",\"@id\":\"https:\\\/\\\/powermepronto.com\\\/en\\\/#website\",\"url\":\"https:\\\/\\\/powermepronto.com\\\/en\\\/\",\"name\":\"Pronto Power\",\"description\":\"\",\"potentialAction\":[{\"@type\":\"SearchAction\",\"target\":{\"@type\":\"EntryPoint\",\"urlTemplate\":\"https:\\\/\\\/powermepronto.com\\\/en\\\/?s={search_term_string}\"},\"query-input\":{\"@type\":\"PropertyValueSpecification\",\"valueRequired\":true,\"valueName\":\"search_term_string\"}}],\"inLanguage\":\"es\"}]}<\/script>\n<!-- \/ Yoast SEO plugin. -->","yoast_head_json":{"title":"[:en]Bedford\u2019s Only No-Deposit Electricity Company With the Lowest KWH Rates![:es]\u00a1La \u00fanica compa\u00f1\u00eda de electricidad sin dep\u00f3sito de Bedford con las tarifas m\u00e1s bajas de KWH![:] - Pronto Power","description":"Want the cheapest rates in Bedford, Texas, but don\u2019t want to pay a huge deposit, hidden fees, or sign a contract? No problem! Plus, save an additional 20-25% too. Call 844.621.2852 to join Pronto Power free now.","robots":{"index":"index","follow":"follow","max-snippet":"max-snippet:-1","max-image-preview":"max-image-preview:large","max-video-preview":"max-video-preview:-1"},"canonical":"https:\/\/powermepronto.com\/en\/bedfords-only-no-deposit-electricity-company-with-the-lowest-kwh-rates\/","og_locale":"es_ES","og_type":"article","og_title":"[:en]Bedford\u2019s Only No-Deposit Electricity Company With the Lowest KWH Rates![:es]\u00a1La \u00fanica compa\u00f1\u00eda de electricidad sin dep\u00f3sito de Bedford con las tarifas m\u00e1s bajas de KWH![:] - Pronto Power","og_description":"Want the cheapest rates in Bedford, Texas, but don\u2019t want to pay a huge deposit, hidden fees, or sign a contract? No problem! Plus, save an additional 20-25% too. Call 844.621.2852 to join Pronto Power free now.","og_url":"https:\/\/powermepronto.com\/en\/bedfords-only-no-deposit-electricity-company-with-the-lowest-kwh-rates\/","og_site_name":"Pronto Power","article_modified_time":"2018-12-25T12:49:29+00:00","twitter_card":"summary_large_image","twitter_misc":{"Tiempo de lectura":"5 minutos"},"schema":{"@context":"https:\/\/schema.org","@graph":[{"@type":"WebPage","@id":"https:\/\/powermepronto.com\/en\/bedfords-only-no-deposit-electricity-company-with-the-lowest-kwh-rates\/","url":"https:\/\/powermepronto.com\/en\/bedfords-only-no-deposit-electricity-company-with-the-lowest-kwh-rates\/","name":"[:en]Bedford\u2019s Only No-Deposit Electricity Company With the Lowest KWH Rates![:es]\u00a1La \u00fanica compa\u00f1\u00eda de electricidad sin dep\u00f3sito de Bedford con las tarifas m\u00e1s bajas de KWH![:] - Pronto Power","isPartOf":{"@id":"https:\/\/powermepronto.com\/en\/#website"},"datePublished":"2018-12-19T12:48:02+00:00","dateModified":"2018-12-25T12:49:29+00:00","description":"Want the cheapest rates in Bedford, Texas, but don\u2019t want to pay a huge deposit, hidden fees, or sign a contract? No problem! Plus, save an additional 20-25% too. Call 844.621.2852 to join Pronto Power free now.","breadcrumb":{"@id":"https:\/\/powermepronto.com\/en\/bedfords-only-no-deposit-electricity-company-with-the-lowest-kwh-rates\/#breadcrumb"},"inLanguage":"es","potentialAction":[{"@type":"ReadAction","target":["https:\/\/powermepronto.com\/en\/bedfords-only-no-deposit-electricity-company-with-the-lowest-kwh-rates\/"]}]},{"@type":"BreadcrumbList","@id":"https:\/\/powermepronto.com\/en\/bedfords-only-no-deposit-electricity-company-with-the-lowest-kwh-rates\/#breadcrumb","itemListElement":[{"@type":"ListItem","position":1,"name":"Home","item":"https:\/\/powermepronto.com\/en\/"},{"@type":"ListItem","position":2,"name":"Bedford\u2019s Only No-Deposit Electricity Company With the Lowest KWH Rates!"}]},{"@type":"WebSite","@id":"https:\/\/powermepronto.com\/en\/#website","url":"https:\/\/powermepronto.com\/en\/","name":"Pronto Power","description":"","potentialAction":[{"@type":"SearchAction","target":{"@type":"EntryPoint","urlTemplate":"https:\/\/powermepronto.com\/en\/?s={search_term_string}"},"query-input":{"@type":"PropertyValueSpecification","valueRequired":true,"valueName":"search_term_string"}}],"inLanguage":"es"}]}},"_links":{"self":[{"href":"https:\/\/powermepronto.com\/es\/wp-json\/wp\/v2\/pages\/1134","targetHints":{"allow":["GET"]}}],"collection":[{"href":"https:\/\/powermepronto.com\/es\/wp-json\/wp\/v2\/pages"}],"about":[{"href":"https:\/\/powermepronto.com\/es\/wp-json\/wp\/v2\/types\/page"}],"author":[{"embeddable":true,"href":"https:\/\/powermepronto.com\/es\/wp-json\/wp\/v2\/users\/1"}],"replies":[{"embeddable":true,"href":"https:\/\/powermepronto.com\/es\/wp-json\/wp\/v2\/comments?post=1134"}],"version-history":[{"count":3,"href":"https:\/\/powermepronto.com\/es\/wp-json\/wp\/v2\/pages\/1134\/revisions"}],"predecessor-version":[{"id":1171,"href":"https:\/\/powermepronto.com\/es\/wp-json\/wp\/v2\/pages\/1134\/revisions\/1171"}],"wp:attachment":[{"href":"https:\/\/powermepronto.com\/es\/wp-json\/wp\/v2\/media?parent=1134"}],"curies":[{"name":"wp","href":"https:\/\/api.w.org\/{rel}","templated":true}]}}