{"id":1130,"date":"2018-12-19T12:41:50","date_gmt":"2018-12-19T12:41:50","guid":{"rendered":"http:\/\/www.powermepronto.com\/?page_id=1130"},"modified":"2022-12-21T05:47:24","modified_gmt":"2022-12-21T11:47:24","slug":"the-only-energy-company-with-the-cheapest-rates-and-no-hidden-fees","status":"publish","type":"page","link":"https:\/\/powermepronto.com\/es\/the-only-energy-company-with-the-cheapest-rates-and-no-hidden-fees\/","title":{"rendered":"La \u00fanica compa\u00f1\u00eda de energ\u00eda con las tarifas m\u00e1s baratas y sin cargos ocultos"},"content":{"rendered":"<p>\u00bfQu\u00e9 pas\u00f3 con la \u00faltima compa\u00f1\u00eda el\u00e9ctrica con la que estuviste?<\/p>\n<p>Hicieron alguna (o tal vez incluso todas estas):<\/p>\n<ul>\n<li>Obligarlo a pagar un dep\u00f3sito de $200 &#8211; $400<\/li>\n<li>Le hizo firmar un contrato que sab\u00eda que no entend\u00eda, que m\u00e1s tarde descubri\u00f3 que estaba cargado de tarifas y goles.<\/li>\n<li>Subi\u00f3 con todo tipo de tarifas ocultas que no le informaron al principio<\/li>\n<li>Incluso lleg\u00f3 a cobrarle tarifas por recibir su pago por tel\u00e9fono. \u00a1Eso es el servicio al cliente que te cobra por hacer su trabajo!<\/li>\n<\/ul>\n<p>\u00bfPor qu\u00e9 lo hacen?<\/p>\n<p>A decir verdad, esa es una forma de obtener ganancias y mantenerse con vida si vende electricidad. Las tarifas son lo que son. As\u00ed, las empresas de energ\u00eda el\u00e9ctrica tienen dos opciones:<\/p>\n<ul>\n<li>Mostrarle c\u00f3mo ahorrar electricidad, lo que reduce sus costos y aumenta su rentabilidad.<\/li>\n<li>Salen con todos estos pagos y cuotas adicionales.<\/li>\n<\/ul>\n<p>&#8230; Pero no todos hacen negocios de esa manera.<\/p>\n<h2>El programa de electricidad prepaga de Pronto Power significa que no hay cargos ocultos, que no hay dep\u00f3sitos grandes y que siempre son las tarifas m\u00e1s baratas<\/h2>\n<p>Con Pronto Power, no tiene que escuchar un enfoque de ventas a largo aliento. Eso es porque lo nuestro es f\u00e1cil, y 100% justo! A diferencia de otras compa\u00f1\u00edas el\u00e9ctricas en Texas, no tenemos nada que ocultar.<\/p>\n<p>Simplemente tienes que pagar por tu electricidad. Y una vez que se inscribe, nunca paga tarifas ocultas, no firma un contrato, no paga un dep\u00f3sito grande y siempre obtiene las tarifas m\u00e1s baratas.<\/p>\n<p>Realmente es as\u00ed de f\u00e1cil.<\/p>\n<p>\u00bfC\u00f3mo funciona el prepago de su electricidad?<\/p>\n<p>Luego, simplemente prepaga lo que quiera: mensual, semanal o incluso diario.<\/p>\n<p>Recibir\u00e1 una notificaci\u00f3n diaria por mensaje de texto o por correo electr\u00f3nico (o ambas opciones, seg\u00fan su elecci\u00f3n) que le indica la cantidad de dinero que tiene en su cuenta prepaga. Realice cualquier pago necesario antes de la 1 PM y su electricidad permanecer\u00e1 encendida.<\/p>\n<p>\u00bfEn una crisis financiera y no puede pagar?<\/p>\n<p>\u00a1Llame a nuestro equipo de servicio al cliente que estar\u00e1 encantado de ayudarlo en los momentos financieros m\u00e1s dif\u00edciles!<\/p>\n<p>La electricidad simplemente no es m\u00e1s barata (o mejor). Llame a Pronto Power al <span class=\"affiliatecode\">844.621.2852<\/span> para unirse ahora.<\/p>","protected":false},"excerpt":{"rendered":"<p>\u00bfQu\u00e9 pas\u00f3 con la \u00faltima compa\u00f1\u00eda el\u00e9ctrica con la que estuviste? Hicieron alguna (o tal vez incluso todas estas): Obligarlo a pagar un dep\u00f3sito de $200 &#8211; $400 Le hizo firmar un contrato que sab\u00eda que no entend\u00eda, que m\u00e1s tarde descubri\u00f3 que estaba cargado de tarifas y goles. Subi\u00f3 con todo tipo de tarifas &hellip; <a href=\"https:\/\/powermepronto.com\/es\/the-only-energy-company-with-the-cheapest-rates-and-no-hidden-fees\/\" class=\"more-link\">Continue reading <span class=\"screen-reader-text\">La \u00fanica compa\u00f1\u00eda de energ\u00eda con las tarifas m\u00e1s baratas y sin cargos ocultos<\/span><\/a><\/p>\n","protected":false},"author":1,"featured_media":0,"parent":0,"menu_order":0,"comment_status":"closed","ping_status":"closed","template":"","meta":{"_acf_changed":false,"_glsr_average":0,"_glsr_ranking":0,"_glsr_reviews":0,"footnotes":"","_links_to":"","_links_to_target":""},"class_list":["post-1130","page","type-page","status-publish","hentry"],"acf":[],"yoast_head":"<!-- This site is optimized with the Yoast SEO plugin v27.5 - https:\/\/yoast.com\/product\/yoast-seo-wordpress\/ -->\n<title>La \u00fanica compa\u00f1\u00eda de energ\u00eda con las tarifas m\u00e1s baratas y sin cargos ocultos - Pronto Power<\/title>\n<meta name=\"description\" content=\"[:en]No joke! The headline\u2019s 100% true. In addition to the cheapest rates and no hidden fees, you also don\u2019t sign a contract. Plus, no expensive deposit. No catches at all. The smartest prepaid energy you can get. Call 844.621.2852 now.[:es]\u00a1No es broma! El titular es 100% verdadero. Adem\u00e1s de las tarifas m\u00e1s baratas y sin tarifas ocultas, tampoco firma un contrato. Adem\u00e1s, no hay dep\u00f3sito caro. No hay trampas en absoluto. La energ\u00eda prepaga m\u00e1s inteligente que puedes obtener. Llame al 844.621.2852 ahora.[:]\" \/>\n<meta name=\"robots\" content=\"index, follow, max-snippet:-1, max-image-preview:large, max-video-preview:-1\" \/>\n<link rel=\"canonical\" href=\"https:\/\/powermepronto.com\/the-only-energy-company-with-the-cheapest-rates-and-no-hidden-fees\/\" \/>\n<meta property=\"og:locale\" content=\"es_ES\" \/>\n<meta property=\"og:type\" content=\"article\" \/>\n<meta property=\"og:title\" content=\"[:en]The Only Energy Company With the Cheapest Rates and No Hidden Fees[:es]La \u00fanica compa\u00f1\u00eda de energ\u00eda con las tarifas m\u00e1s baratas y sin cargos ocultos[:] - Pronto Power\" \/>\n<meta property=\"og:description\" content=\"[:en]No joke! The headline\u2019s 100% true. In addition to the cheapest rates and no hidden fees, you also don\u2019t sign a contract. Plus, no expensive deposit. No catches at all. The smartest prepaid energy you can get. Call 844.621.2852 now.[:es]\u00a1No es broma! El titular es 100% verdadero. Adem\u00e1s de las tarifas m\u00e1s baratas y sin tarifas ocultas, tampoco firma un contrato. Adem\u00e1s, no hay dep\u00f3sito caro. No hay trampas en absoluto. La energ\u00eda prepaga m\u00e1s inteligente que puedes obtener. Llame al 844.621.2852 ahora.[:]\" \/>\n<meta property=\"og:url\" content=\"https:\/\/powermepronto.com\/the-only-energy-company-with-the-cheapest-rates-and-no-hidden-fees\/\" \/>\n<meta property=\"og:site_name\" content=\"Pronto Power\" \/>\n<meta property=\"article:modified_time\" content=\"2022-12-21T11:47:24+00:00\" \/>\n<meta name=\"twitter:card\" content=\"summary_large_image\" \/>\n<meta name=\"twitter:label1\" content=\"Tiempo de lectura\" \/>\n\t<meta name=\"twitter:data1\" content=\"4 minutos\" \/>\n<script type=\"application\/ld+json\" class=\"yoast-schema-graph\">{\"@context\":\"https:\\\/\\\/schema.org\",\"@graph\":[{\"@type\":\"WebPage\",\"@id\":\"https:\\\/\\\/powermepronto.com\\\/the-only-energy-company-with-the-cheapest-rates-and-no-hidden-fees\\\/\",\"url\":\"https:\\\/\\\/powermepronto.com\\\/the-only-energy-company-with-the-cheapest-rates-and-no-hidden-fees\\\/\",\"name\":\"[:en]The Only Energy Company With the Cheapest Rates and No Hidden Fees[:es]La \u00fanica compa\u00f1\u00eda de energ\u00eda con las tarifas m\u00e1s baratas y sin cargos ocultos[:] - Pronto Power\",\"isPartOf\":{\"@id\":\"https:\\\/\\\/powermepronto.com\\\/en\\\/#website\"},\"datePublished\":\"2018-12-19T12:41:50+00:00\",\"dateModified\":\"2022-12-21T11:47:24+00:00\",\"description\":\"[:en]No joke! The headline\u2019s 100% true. In addition to the cheapest rates and no hidden fees, you also don\u2019t sign a contract. Plus, no expensive deposit. No catches at all. The smartest prepaid energy you can get. Call 844.621.2852 now.[:es]\u00a1No es broma! El titular es 100% verdadero. Adem\u00e1s de las tarifas m\u00e1s baratas y sin tarifas ocultas, tampoco firma un contrato. Adem\u00e1s, no hay dep\u00f3sito caro. No hay trampas en absoluto. La energ\u00eda prepaga m\u00e1s inteligente que puedes obtener. Llame al 844.621.2852 ahora.[:]\",\"breadcrumb\":{\"@id\":\"https:\\\/\\\/powermepronto.com\\\/the-only-energy-company-with-the-cheapest-rates-and-no-hidden-fees\\\/#breadcrumb\"},\"inLanguage\":\"es\",\"potentialAction\":[{\"@type\":\"ReadAction\",\"target\":[\"https:\\\/\\\/powermepronto.com\\\/the-only-energy-company-with-the-cheapest-rates-and-no-hidden-fees\\\/\"]}]},{\"@type\":\"BreadcrumbList\",\"@id\":\"https:\\\/\\\/powermepronto.com\\\/the-only-energy-company-with-the-cheapest-rates-and-no-hidden-fees\\\/#breadcrumb\",\"itemListElement\":[{\"@type\":\"ListItem\",\"position\":1,\"name\":\"Home\",\"item\":\"https:\\\/\\\/powermepronto.com\\\/en\\\/\"},{\"@type\":\"ListItem\",\"position\":2,\"name\":\"The Only Energy Company With the Cheapest Rates and No Hidden Fees\"}]},{\"@type\":\"WebSite\",\"@id\":\"https:\\\/\\\/powermepronto.com\\\/en\\\/#website\",\"url\":\"https:\\\/\\\/powermepronto.com\\\/en\\\/\",\"name\":\"Pronto Power\",\"description\":\"\",\"potentialAction\":[{\"@type\":\"SearchAction\",\"target\":{\"@type\":\"EntryPoint\",\"urlTemplate\":\"https:\\\/\\\/powermepronto.com\\\/en\\\/?s={search_term_string}\"},\"query-input\":{\"@type\":\"PropertyValueSpecification\",\"valueRequired\":true,\"valueName\":\"search_term_string\"}}],\"inLanguage\":\"es\"}]}<\/script>\n<!-- \/ Yoast SEO plugin. -->","yoast_head_json":{"title":"[:en]The Only Energy Company With the Cheapest Rates and No Hidden Fees[:es]La \u00fanica compa\u00f1\u00eda de energ\u00eda con las tarifas m\u00e1s baratas y sin cargos ocultos[:] - Pronto Power","description":"[:en]No joke! The headline\u2019s 100% true. In addition to the cheapest rates and no hidden fees, you also don\u2019t sign a contract. Plus, no expensive deposit. No catches at all. The smartest prepaid energy you can get. Call 844.621.2852 now.[:es]\u00a1No es broma! El titular es 100% verdadero. Adem\u00e1s de las tarifas m\u00e1s baratas y sin tarifas ocultas, tampoco firma un contrato. Adem\u00e1s, no hay dep\u00f3sito caro. No hay trampas en absoluto. La energ\u00eda prepaga m\u00e1s inteligente que puedes obtener. Llame al 844.621.2852 ahora.[:]","robots":{"index":"index","follow":"follow","max-snippet":"max-snippet:-1","max-image-preview":"max-image-preview:large","max-video-preview":"max-video-preview:-1"},"canonical":"https:\/\/powermepronto.com\/the-only-energy-company-with-the-cheapest-rates-and-no-hidden-fees\/","og_locale":"es_ES","og_type":"article","og_title":"[:en]The Only Energy Company With the Cheapest Rates and No Hidden Fees[:es]La \u00fanica compa\u00f1\u00eda de energ\u00eda con las tarifas m\u00e1s baratas y sin cargos ocultos[:] - Pronto Power","og_description":"[:en]No joke! The headline\u2019s 100% true. In addition to the cheapest rates and no hidden fees, you also don\u2019t sign a contract. Plus, no expensive deposit. No catches at all. The smartest prepaid energy you can get. Call 844.621.2852 now.[:es]\u00a1No es broma! El titular es 100% verdadero. Adem\u00e1s de las tarifas m\u00e1s baratas y sin tarifas ocultas, tampoco firma un contrato. Adem\u00e1s, no hay dep\u00f3sito caro. No hay trampas en absoluto. La energ\u00eda prepaga m\u00e1s inteligente que puedes obtener. Llame al 844.621.2852 ahora.[:]","og_url":"https:\/\/powermepronto.com\/the-only-energy-company-with-the-cheapest-rates-and-no-hidden-fees\/","og_site_name":"Pronto Power","article_modified_time":"2022-12-21T11:47:24+00:00","twitter_card":"summary_large_image","twitter_misc":{"Tiempo de lectura":"4 minutos"},"schema":{"@context":"https:\/\/schema.org","@graph":[{"@type":"WebPage","@id":"https:\/\/powermepronto.com\/the-only-energy-company-with-the-cheapest-rates-and-no-hidden-fees\/","url":"https:\/\/powermepronto.com\/the-only-energy-company-with-the-cheapest-rates-and-no-hidden-fees\/","name":"[:en]The Only Energy Company With the Cheapest Rates and No Hidden Fees[:es]La \u00fanica compa\u00f1\u00eda de energ\u00eda con las tarifas m\u00e1s baratas y sin cargos ocultos[:] - Pronto Power","isPartOf":{"@id":"https:\/\/powermepronto.com\/en\/#website"},"datePublished":"2018-12-19T12:41:50+00:00","dateModified":"2022-12-21T11:47:24+00:00","description":"[:en]No joke! The headline\u2019s 100% true. In addition to the cheapest rates and no hidden fees, you also don\u2019t sign a contract. Plus, no expensive deposit. No catches at all. The smartest prepaid energy you can get. Call 844.621.2852 now.[:es]\u00a1No es broma! El titular es 100% verdadero. Adem\u00e1s de las tarifas m\u00e1s baratas y sin tarifas ocultas, tampoco firma un contrato. Adem\u00e1s, no hay dep\u00f3sito caro. No hay trampas en absoluto. La energ\u00eda prepaga m\u00e1s inteligente que puedes obtener. Llame al 844.621.2852 ahora.[:]","breadcrumb":{"@id":"https:\/\/powermepronto.com\/the-only-energy-company-with-the-cheapest-rates-and-no-hidden-fees\/#breadcrumb"},"inLanguage":"es","potentialAction":[{"@type":"ReadAction","target":["https:\/\/powermepronto.com\/the-only-energy-company-with-the-cheapest-rates-and-no-hidden-fees\/"]}]},{"@type":"BreadcrumbList","@id":"https:\/\/powermepronto.com\/the-only-energy-company-with-the-cheapest-rates-and-no-hidden-fees\/#breadcrumb","itemListElement":[{"@type":"ListItem","position":1,"name":"Home","item":"https:\/\/powermepronto.com\/en\/"},{"@type":"ListItem","position":2,"name":"The Only Energy Company With the Cheapest Rates and No Hidden Fees"}]},{"@type":"WebSite","@id":"https:\/\/powermepronto.com\/en\/#website","url":"https:\/\/powermepronto.com\/en\/","name":"Pronto Power","description":"","potentialAction":[{"@type":"SearchAction","target":{"@type":"EntryPoint","urlTemplate":"https:\/\/powermepronto.com\/en\/?s={search_term_string}"},"query-input":{"@type":"PropertyValueSpecification","valueRequired":true,"valueName":"search_term_string"}}],"inLanguage":"es"}]}},"_links":{"self":[{"href":"https:\/\/powermepronto.com\/es\/wp-json\/wp\/v2\/pages\/1130","targetHints":{"allow":["GET"]}}],"collection":[{"href":"https:\/\/powermepronto.com\/es\/wp-json\/wp\/v2\/pages"}],"about":[{"href":"https:\/\/powermepronto.com\/es\/wp-json\/wp\/v2\/types\/page"}],"author":[{"embeddable":true,"href":"https:\/\/powermepronto.com\/es\/wp-json\/wp\/v2\/users\/1"}],"replies":[{"embeddable":true,"href":"https:\/\/powermepronto.com\/es\/wp-json\/wp\/v2\/comments?post=1130"}],"version-history":[{"count":5,"href":"https:\/\/powermepronto.com\/es\/wp-json\/wp\/v2\/pages\/1130\/revisions"}],"predecessor-version":[{"id":3586,"href":"https:\/\/powermepronto.com\/es\/wp-json\/wp\/v2\/pages\/1130\/revisions\/3586"}],"wp:attachment":[{"href":"https:\/\/powermepronto.com\/es\/wp-json\/wp\/v2\/media?parent=1130"}],"curies":[{"name":"wp","href":"https:\/\/api.w.org\/{rel}","templated":true}]}}