{"id":1080,"date":"2018-11-08T14:53:12","date_gmt":"2018-11-08T14:53:12","guid":{"rendered":"http:\/\/www.powermepronto.com\/?page_id=1080"},"modified":"2022-12-21T05:44:41","modified_gmt":"2022-12-21T11:44:41","slug":"the-cheapest-rates-in-texas-for-smart-prepaid-electric-consumers","status":"publish","type":"page","link":"https:\/\/powermepronto.com\/es\/the-cheapest-rates-in-texas-for-smart-prepaid-electric-consumers\/","title":{"rendered":"Las tarifas m\u00e1s baratas en Texas para los consumidores de electricidad prepagos inteligentes"},"content":{"rendered":"<p><img loading=\"lazy\" decoding=\"async\" src=\"http:\/\/www.powermepronto.com\/wp-content\/uploads\/2018\/08\/bigstock-149576789-300x200.jpg\" alt=\"\" width=\"300\" height=\"200\" class=\"alignright size-medium wp-image-851\" srcset=\"https:\/\/powermepronto.com\/wp-content\/uploads\/2018\/08\/bigstock-149576789-300x200.jpg 300w, https:\/\/powermepronto.com\/wp-content\/uploads\/2018\/08\/bigstock-149576789-768x512.jpg 768w, https:\/\/powermepronto.com\/wp-content\/uploads\/2018\/08\/bigstock-149576789.jpg 1000w\" sizes=\"auto, (max-width: 300px) 100vw, 300px\" \/>\u00bfHa sido quemado por las compa\u00f1\u00edas el\u00e9ctricas que anuncian tarifas baratas?<\/p>\n<p>&#8230; \u00bfSolo para descubrir m\u00e1s tarde que es casi imposible evitar todo tipo de cargos ocultos y trucos?<\/p>\n<p>Usted ha sido v\u00edctima de una compa\u00f1\u00eda el\u00e9ctrica deshonesta que no se preocupa por usted como persona.<\/p>\n<p>S\u00f3lo eres un n\u00famero. Tu tienes el dinero. Lo quieren, por lo que crean una relaci\u00f3n a trav\u00e9s de un contrato confuso que nadie entiende (ni siquiera los abogados m\u00e1s brillantes) y luego lo embargaron y lo atenuaron a muerte financiera.<\/p>\n<p>Est\u00e1s siendo usado, abusado y aprovechado.<\/p>\n<p>Y la compa\u00f1\u00eda minorista de electricidad continuar\u00e1 haciendo esto hasta que se ponga de pie y diga: \u00ab\u00a1No m\u00e1s! Estoy harto y cansado de esto. Pago mi factura a tiempo cada vez. \u00a1Me merezco ser tratado como un cliente importante y valioso!<\/p>\n<p>&#8230; Pero entonces, \u00bfa d\u00f3nde vas?<\/p>\n<p>Despu\u00e9s de todo, la siguiente compa\u00f1\u00eda podr\u00eda hacer exactamente lo mismo &#8230;<\/p>\n<h2>Presentamos Pronto Power, el REP m\u00e1s barato de Texas para los consumidores de electricidad prepagos inteligentes<\/h2>\n<p>Como consumidor inteligente que investiga, querr\u00e1 saber qu\u00e9 hace Pronto Power que nos convierte en una empresa a tener en cuenta.<\/p>\n<p>Bueno, para empezar, usted paga las tarifas de electricidad m\u00e1s baratas en Texas sin cargos ocultos y sin contrato para firmar.<\/p>\n<p>Ahora recuerde, otras compa\u00f1\u00edas publicar\u00e1n tarifas m\u00e1s bajas. Sin embargo, cargar\u00e1n la relaci\u00f3n con enormes dep\u00f3sitos por adelantado, tarifas de conexi\u00f3n y desconexi\u00f3n, tarifas por realizar pagos por tel\u00e9fono o incluso tarifas por el uso de una cierta cantidad de kWh por mes (como 1000 kWh o m\u00e1s).<\/p>\n<p>Por lo tanto, debe agregarlos a su uso promedio para hacer una comparaci\u00f3n precisa.<\/p>\n<p>&#8230; O simplemente podr\u00eda confiar en que Pronto Power no cobra tarifas ocultas. No hay un gran dep\u00f3sito por adelantado. Sin cargos de conexi\u00f3n o desconexi\u00f3n. No hay tarifas por realizar el pago por tel\u00e9fono.<\/p>\n<p>Y dado que no hay contrato para firmar, literalmente no tiene ning\u00fan riesgo financiero. Simplemente \u00fanase, pruebe nuestro servicio para ver si cumplimos nuestras promesas, y luego es libre de irse si no est\u00e1 satisfecho por cualquier motivo.<\/p>\n<p>\u00bfEnojado por algo que tu jefe te dijo hoy en el trabajo? Bueno, puedes dejar Pronto Power por esa misma raz\u00f3n si quieres.<\/p>\n<p>Pero, una vez que experimente las tarifas m\u00e1s baratas, sin cargos ocultos y un servicio al cliente incre\u00edble, no querr\u00e1 irse.<\/p>\n<h2>\u00bfComo funciona?<\/h2>\n<p>Luego, simplemente mantendr\u00e1 el saldo de su cuenta positivo a la 1 p.m. Recibir\u00e1 una notificaci\u00f3n por correo electr\u00f3nico o por mensaje de texto (o ambos, su elecci\u00f3n) del saldo de su cuenta a las 7 am.<\/p>\n<p>\u00bfQu\u00e9 sucede si atraviesas un caos financiero y te cuesta mucho pagar tu factura?<\/p>\n<p>Relajarse. Te tenemos cubierto. Simplemente llame a nuestro equipo de servicio al cliente para elaborar un plan de pago diferido para superar el peor de los tiempos financieros.<\/p>\n<p>Si su casa tiene un medidor inteligente, las tarifas m\u00e1s baratas sin un dep\u00f3sito por adelantado, sin cargos ocultos, un servicio incre\u00edble y sin contrato pueden ser suyas en una hora.<\/p>\n<p>Deja de estar sentado leyendo y llama a Pronto Power al <span class=\"affiliatecode\">844.621.2852<\/span> para unirte gratis ahora.<\/p>","protected":false},"excerpt":{"rendered":"<p>\u00bfHa sido quemado por las compa\u00f1\u00edas el\u00e9ctricas que anuncian tarifas baratas? &#8230; \u00bfSolo para descubrir m\u00e1s tarde que es casi imposible evitar todo tipo de cargos ocultos y trucos? Usted ha sido v\u00edctima de una compa\u00f1\u00eda el\u00e9ctrica deshonesta que no se preocupa por usted como persona. S\u00f3lo eres un n\u00famero. Tu tienes el dinero. Lo &hellip; <a href=\"https:\/\/powermepronto.com\/es\/the-cheapest-rates-in-texas-for-smart-prepaid-electric-consumers\/\" class=\"more-link\">Continue reading <span class=\"screen-reader-text\">Las tarifas m\u00e1s baratas en Texas para los consumidores de electricidad prepagos inteligentes<\/span><\/a><\/p>\n","protected":false},"author":1,"featured_media":0,"parent":0,"menu_order":0,"comment_status":"closed","ping_status":"closed","template":"","meta":{"_acf_changed":false,"_glsr_average":0,"_glsr_ranking":0,"_glsr_reviews":0,"footnotes":"","_links_to":"","_links_to_target":""},"class_list":["post-1080","page","type-page","status-publish","hentry"],"acf":[],"yoast_head":"<!-- This site is optimized with the Yoast SEO plugin v27.4 - https:\/\/yoast.com\/product\/yoast-seo-wordpress\/ -->\n<title>Las tarifas m\u00e1s baratas en Texas para los consumidores de electricidad prepagos inteligentes - Pronto Power<\/title>\n<meta name=\"description\" content=\"[:en]Yes. Pronto Power gives you the cheapest kWh rates in Texas. No huge up-front deposit. No hidden fees. No annoying credit or ID check. No confusing contract. Just great service. And the cheapest rates. Call 844.621.2852 to join free now. [:es][:]\" \/>\n<meta name=\"robots\" content=\"index, follow, max-snippet:-1, max-image-preview:large, max-video-preview:-1\" \/>\n<link rel=\"canonical\" href=\"https:\/\/powermepronto.com\/the-cheapest-rates-in-texas-for-smart-prepaid-electric-consumers\/\" \/>\n<meta property=\"og:locale\" content=\"es_ES\" \/>\n<meta property=\"og:type\" content=\"article\" \/>\n<meta property=\"og:title\" content=\"[:en]The Cheapest Rates in Texas for Smart Prepaid Electric Consumers[:es]Las tarifas m\u00e1s baratas en Texas para los consumidores de electricidad prepagos inteligentes[:] - Pronto Power\" \/>\n<meta property=\"og:description\" content=\"[:en]Yes. Pronto Power gives you the cheapest kWh rates in Texas. No huge up-front deposit. No hidden fees. No annoying credit or ID check. No confusing contract. Just great service. And the cheapest rates. Call 844.621.2852 to join free now. [:es][:]\" \/>\n<meta property=\"og:url\" content=\"https:\/\/powermepronto.com\/the-cheapest-rates-in-texas-for-smart-prepaid-electric-consumers\/\" \/>\n<meta property=\"og:site_name\" content=\"Pronto Power\" \/>\n<meta property=\"article:modified_time\" content=\"2022-12-21T11:44:41+00:00\" \/>\n<meta property=\"og:image\" content=\"http:\/\/www.powermepronto.com\/wp-content\/uploads\/2018\/08\/bigstock-149576789-300x200.jpg\" \/>\n<meta name=\"twitter:card\" content=\"summary_large_image\" \/>\n<meta name=\"twitter:label1\" content=\"Tiempo de lectura\" \/>\n\t<meta name=\"twitter:data1\" content=\"5 minutos\" \/>\n<script type=\"application\/ld+json\" class=\"yoast-schema-graph\">{\"@context\":\"https:\\\/\\\/schema.org\",\"@graph\":[{\"@type\":\"WebPage\",\"@id\":\"https:\\\/\\\/powermepronto.com\\\/the-cheapest-rates-in-texas-for-smart-prepaid-electric-consumers\\\/\",\"url\":\"https:\\\/\\\/powermepronto.com\\\/the-cheapest-rates-in-texas-for-smart-prepaid-electric-consumers\\\/\",\"name\":\"[:en]The Cheapest Rates in Texas for Smart Prepaid Electric Consumers[:es]Las tarifas m\u00e1s baratas en Texas para los consumidores de electricidad prepagos inteligentes[:] - Pronto Power\",\"isPartOf\":{\"@id\":\"https:\\\/\\\/powermepronto.com\\\/en\\\/#website\"},\"primaryImageOfPage\":{\"@id\":\"https:\\\/\\\/powermepronto.com\\\/the-cheapest-rates-in-texas-for-smart-prepaid-electric-consumers\\\/#primaryimage\"},\"image\":{\"@id\":\"https:\\\/\\\/powermepronto.com\\\/the-cheapest-rates-in-texas-for-smart-prepaid-electric-consumers\\\/#primaryimage\"},\"thumbnailUrl\":\"http:\\\/\\\/www.powermepronto.com\\\/wp-content\\\/uploads\\\/2018\\\/08\\\/bigstock-149576789-300x200.jpg\",\"datePublished\":\"2018-11-08T14:53:12+00:00\",\"dateModified\":\"2022-12-21T11:44:41+00:00\",\"description\":\"[:en]Yes. Pronto Power gives you the cheapest kWh rates in Texas. No huge up-front deposit. No hidden fees. No annoying credit or ID check. No confusing contract. Just great service. And the cheapest rates. Call 844.621.2852 to join free now. [:es][:]\",\"breadcrumb\":{\"@id\":\"https:\\\/\\\/powermepronto.com\\\/the-cheapest-rates-in-texas-for-smart-prepaid-electric-consumers\\\/#breadcrumb\"},\"inLanguage\":\"es\",\"potentialAction\":[{\"@type\":\"ReadAction\",\"target\":[\"https:\\\/\\\/powermepronto.com\\\/the-cheapest-rates-in-texas-for-smart-prepaid-electric-consumers\\\/\"]}]},{\"@type\":\"ImageObject\",\"inLanguage\":\"es\",\"@id\":\"https:\\\/\\\/powermepronto.com\\\/the-cheapest-rates-in-texas-for-smart-prepaid-electric-consumers\\\/#primaryimage\",\"url\":\"http:\\\/\\\/www.powermepronto.com\\\/wp-content\\\/uploads\\\/2018\\\/08\\\/bigstock-149576789-300x200.jpg\",\"contentUrl\":\"http:\\\/\\\/www.powermepronto.com\\\/wp-content\\\/uploads\\\/2018\\\/08\\\/bigstock-149576789-300x200.jpg\"},{\"@type\":\"BreadcrumbList\",\"@id\":\"https:\\\/\\\/powermepronto.com\\\/the-cheapest-rates-in-texas-for-smart-prepaid-electric-consumers\\\/#breadcrumb\",\"itemListElement\":[{\"@type\":\"ListItem\",\"position\":1,\"name\":\"Home\",\"item\":\"https:\\\/\\\/powermepronto.com\\\/en\\\/\"},{\"@type\":\"ListItem\",\"position\":2,\"name\":\"The Cheapest Rates in Texas for Smart Prepaid Electric Consumers\"}]},{\"@type\":\"WebSite\",\"@id\":\"https:\\\/\\\/powermepronto.com\\\/en\\\/#website\",\"url\":\"https:\\\/\\\/powermepronto.com\\\/en\\\/\",\"name\":\"Pronto Power\",\"description\":\"\",\"potentialAction\":[{\"@type\":\"SearchAction\",\"target\":{\"@type\":\"EntryPoint\",\"urlTemplate\":\"https:\\\/\\\/powermepronto.com\\\/en\\\/?s={search_term_string}\"},\"query-input\":{\"@type\":\"PropertyValueSpecification\",\"valueRequired\":true,\"valueName\":\"search_term_string\"}}],\"inLanguage\":\"es\"}]}<\/script>\n<!-- \/ Yoast SEO plugin. -->","yoast_head_json":{"title":"[:en]The Cheapest Rates in Texas for Smart Prepaid Electric Consumers[:es]Las tarifas m\u00e1s baratas en Texas para los consumidores de electricidad prepagos inteligentes[:] - Pronto Power","description":"[:en]Yes. Pronto Power gives you the cheapest kWh rates in Texas. No huge up-front deposit. No hidden fees. No annoying credit or ID check. No confusing contract. Just great service. And the cheapest rates. Call 844.621.2852 to join free now. [:es][:]","robots":{"index":"index","follow":"follow","max-snippet":"max-snippet:-1","max-image-preview":"max-image-preview:large","max-video-preview":"max-video-preview:-1"},"canonical":"https:\/\/powermepronto.com\/the-cheapest-rates-in-texas-for-smart-prepaid-electric-consumers\/","og_locale":"es_ES","og_type":"article","og_title":"[:en]The Cheapest Rates in Texas for Smart Prepaid Electric Consumers[:es]Las tarifas m\u00e1s baratas en Texas para los consumidores de electricidad prepagos inteligentes[:] - Pronto Power","og_description":"[:en]Yes. Pronto Power gives you the cheapest kWh rates in Texas. No huge up-front deposit. No hidden fees. No annoying credit or ID check. No confusing contract. Just great service. And the cheapest rates. Call 844.621.2852 to join free now. [:es][:]","og_url":"https:\/\/powermepronto.com\/the-cheapest-rates-in-texas-for-smart-prepaid-electric-consumers\/","og_site_name":"Pronto Power","article_modified_time":"2022-12-21T11:44:41+00:00","og_image":[{"url":"http:\/\/www.powermepronto.com\/wp-content\/uploads\/2018\/08\/bigstock-149576789-300x200.jpg","type":"","width":"","height":""}],"twitter_card":"summary_large_image","twitter_misc":{"Tiempo de lectura":"5 minutos"},"schema":{"@context":"https:\/\/schema.org","@graph":[{"@type":"WebPage","@id":"https:\/\/powermepronto.com\/the-cheapest-rates-in-texas-for-smart-prepaid-electric-consumers\/","url":"https:\/\/powermepronto.com\/the-cheapest-rates-in-texas-for-smart-prepaid-electric-consumers\/","name":"[:en]The Cheapest Rates in Texas for Smart Prepaid Electric Consumers[:es]Las tarifas m\u00e1s baratas en Texas para los consumidores de electricidad prepagos inteligentes[:] - Pronto Power","isPartOf":{"@id":"https:\/\/powermepronto.com\/en\/#website"},"primaryImageOfPage":{"@id":"https:\/\/powermepronto.com\/the-cheapest-rates-in-texas-for-smart-prepaid-electric-consumers\/#primaryimage"},"image":{"@id":"https:\/\/powermepronto.com\/the-cheapest-rates-in-texas-for-smart-prepaid-electric-consumers\/#primaryimage"},"thumbnailUrl":"http:\/\/www.powermepronto.com\/wp-content\/uploads\/2018\/08\/bigstock-149576789-300x200.jpg","datePublished":"2018-11-08T14:53:12+00:00","dateModified":"2022-12-21T11:44:41+00:00","description":"[:en]Yes. Pronto Power gives you the cheapest kWh rates in Texas. No huge up-front deposit. No hidden fees. No annoying credit or ID check. No confusing contract. Just great service. And the cheapest rates. Call 844.621.2852 to join free now. [:es][:]","breadcrumb":{"@id":"https:\/\/powermepronto.com\/the-cheapest-rates-in-texas-for-smart-prepaid-electric-consumers\/#breadcrumb"},"inLanguage":"es","potentialAction":[{"@type":"ReadAction","target":["https:\/\/powermepronto.com\/the-cheapest-rates-in-texas-for-smart-prepaid-electric-consumers\/"]}]},{"@type":"ImageObject","inLanguage":"es","@id":"https:\/\/powermepronto.com\/the-cheapest-rates-in-texas-for-smart-prepaid-electric-consumers\/#primaryimage","url":"http:\/\/www.powermepronto.com\/wp-content\/uploads\/2018\/08\/bigstock-149576789-300x200.jpg","contentUrl":"http:\/\/www.powermepronto.com\/wp-content\/uploads\/2018\/08\/bigstock-149576789-300x200.jpg"},{"@type":"BreadcrumbList","@id":"https:\/\/powermepronto.com\/the-cheapest-rates-in-texas-for-smart-prepaid-electric-consumers\/#breadcrumb","itemListElement":[{"@type":"ListItem","position":1,"name":"Home","item":"https:\/\/powermepronto.com\/en\/"},{"@type":"ListItem","position":2,"name":"The Cheapest Rates in Texas for Smart Prepaid Electric Consumers"}]},{"@type":"WebSite","@id":"https:\/\/powermepronto.com\/en\/#website","url":"https:\/\/powermepronto.com\/en\/","name":"Pronto Power","description":"","potentialAction":[{"@type":"SearchAction","target":{"@type":"EntryPoint","urlTemplate":"https:\/\/powermepronto.com\/en\/?s={search_term_string}"},"query-input":{"@type":"PropertyValueSpecification","valueRequired":true,"valueName":"search_term_string"}}],"inLanguage":"es"}]}},"_links":{"self":[{"href":"https:\/\/powermepronto.com\/es\/wp-json\/wp\/v2\/pages\/1080","targetHints":{"allow":["GET"]}}],"collection":[{"href":"https:\/\/powermepronto.com\/es\/wp-json\/wp\/v2\/pages"}],"about":[{"href":"https:\/\/powermepronto.com\/es\/wp-json\/wp\/v2\/types\/page"}],"author":[{"embeddable":true,"href":"https:\/\/powermepronto.com\/es\/wp-json\/wp\/v2\/users\/1"}],"replies":[{"embeddable":true,"href":"https:\/\/powermepronto.com\/es\/wp-json\/wp\/v2\/comments?post=1080"}],"version-history":[{"count":4,"href":"https:\/\/powermepronto.com\/es\/wp-json\/wp\/v2\/pages\/1080\/revisions"}],"predecessor-version":[{"id":3582,"href":"https:\/\/powermepronto.com\/es\/wp-json\/wp\/v2\/pages\/1080\/revisions\/3582"}],"wp:attachment":[{"href":"https:\/\/powermepronto.com\/es\/wp-json\/wp\/v2\/media?parent=1080"}],"curies":[{"name":"wp","href":"https:\/\/api.w.org\/{rel}","templated":true}]}}