{"id":1047,"date":"2018-10-13T13:07:00","date_gmt":"2018-10-13T13:07:00","guid":{"rendered":"http:\/\/www.powermepronto.com\/?page_id=1047"},"modified":"2022-12-21T04:47:23","modified_gmt":"2022-12-21T10:47:23","slug":"get-the-cheapest-electricity-in-houston-no-contract-no-hidden-fees","status":"publish","type":"page","link":"https:\/\/powermepronto.com\/es\/get-the-cheapest-electricity-in-houston-no-contract-no-hidden-fees\/","title":{"rendered":"Obtener la electricidad m\u00e1s barata en Houston. Sin contrato. Sin cuotas escondidas."},"content":{"rendered":"<p>Piense en los servicios m\u00e1s agravantes que paga.<\/p>\n<p>Su compa\u00f1\u00eda de cable o sat\u00e9lite.<\/p>\n<p>Su banco.<\/p>\n<p>Su doctor.<\/p>\n<p>Su proveedor de electricidad.<\/p>\n<p>\u00bfQu\u00e9 hacen todos?<\/p>\n<p>Firme esto y firme eso.<\/p>\n<p>Cargos por esto y cargos por eso.<\/p>\n<p>\u00abOh, lo siento&#8230;\u00bb dice el servicio al cliente.<\/p>\n<p>Jah! si como no &#8230;<\/p>\n<p>Nunca se terminan los juegos dise\u00f1ados para deslizar m\u00e1s de tu dinero duramente ganado. Sabes que estos servicios podr\u00edan interesarte menos porque incluso hacer lo simple se convierte en un verdadero dolor en el que sabes qu\u00e9.<\/p>\n<p>Y luego escuchas las palabras: \u00abEs tu responsabilidad&#8230;\u201d<\/p>\n<p>Las compa\u00f1\u00edas grandes y malintencionadas que no se preocupan por usted son parte de una econom\u00eda capitalista.<\/p>\n<p>Pero al mismo tiempo, lo bueno del capitalismo es que tiene el poder de despedir a su empresa actual y elegir otra.<\/p>\n<p>Entonces, \u00bfc\u00f3mo encuentra una compa\u00f1\u00eda que realmente se preocupa por brindarle un buen servicio m\u00e1s que por obtener ese material verde en su billetera?<\/p>\n<h2>Pronto Power te da la electricidad m\u00e1s barata de Houston. Sin cuotas escondidas. Sin contrato. Y no hay dep\u00f3sito caro.<\/h2>\n<p>\u00bfC\u00f3mo puedes estar seguro de que en realidad te estamos diciendo la verdad?<\/p>\n<p>Es porque no firmas un contrato. Y no hay tarifas de conexi\u00f3n o desconexi\u00f3n.<\/p>\n<p>En otras palabras, puede unirse o irse en cualquier momento y por cualquier motivo sin temor a quedar atrapado.<\/p>\n<p>La electricidad m\u00e1s barata en Houston est\u00e1 disponible para usted siempre que lo desee.<\/p>\n<p>Hazlo mensualmente, semanalmente, o incluso a diario si quieres.<\/p>\n<p>Simplemente mantenga el saldo positivo de su cuenta con solo un centavo a la 1 pm cada d\u00eda, y su electricidad permanecer\u00e1 encendida.<\/p>\n<p>Recibe recordatorios diarios por correo electr\u00f3nico o mensajes de texto, o ambos (a su elecci\u00f3n) a las 7 am para que sepa el saldo de su cuenta.<\/p>\n<p>Y si tiene dificultades financieras extremas y no puede pagar su electricidad, h\u00e1ganoslo saber. Nos complace elaborar un plan de pago diferido para que pueda cumplir con su electricidad.<\/p>\n<p>\u00a1Suena bien!<\/p>\n<p>Simplemente llame a Pronto Power al 844.621.2852 para inscribirse gratis dentro de una hora (si su hogar tiene un medidor inteligente).<\/p>","protected":false},"excerpt":{"rendered":"<p>Piense en los servicios m\u00e1s agravantes que paga. Su compa\u00f1\u00eda de cable o sat\u00e9lite. Su banco. Su doctor. Su proveedor de electricidad. \u00bfQu\u00e9 hacen todos? Firme esto y firme eso. Cargos por esto y cargos por eso. \u00abOh, lo siento&#8230;\u00bb dice el servicio al cliente. Jah! si como no &#8230; Nunca se terminan los juegos &hellip; <a href=\"https:\/\/powermepronto.com\/es\/get-the-cheapest-electricity-in-houston-no-contract-no-hidden-fees\/\" class=\"more-link\">Continue reading <span class=\"screen-reader-text\">Obtener la electricidad m\u00e1s barata en Houston. Sin contrato. Sin cuotas escondidas.<\/span><\/a><\/p>\n","protected":false},"author":1,"featured_media":0,"parent":0,"menu_order":0,"comment_status":"closed","ping_status":"closed","template":"","meta":{"_acf_changed":false,"_glsr_average":0,"_glsr_ranking":0,"_glsr_reviews":0,"footnotes":"","_links_to":"","_links_to_target":""},"class_list":["post-1047","page","type-page","status-publish","hentry"],"acf":[],"yoast_head":"<!-- This site is optimized with the Yoast SEO plugin v27.5 - https:\/\/yoast.com\/product\/yoast-seo-wordpress\/ -->\n<title>Obtener la electricidad m\u00e1s barata en Houston. Sin contrato. Sin cuotas escondidas. - Pronto Power<\/title>\n<meta name=\"description\" content=\"[:en]No games. No baloney. Just the cheapest electricity in Houston from Pronto Power. No contract. No hidden fees. No credit check. No ID check. No expensive deposit. Just call Pronto Power at 844.621.2852 to join free today.[:es]No juegos. No hay tonter\u00edas. S\u00f3lo la electricidad m\u00e1s barata en Houston de Pronto Power. Sin contrato. Sin cuotas escondidas. No hay verificaci\u00f3n de cr\u00e9dito. Sin verificaci\u00f3n de identificaci\u00f3n. No hay dep\u00f3sito caro. Simplemente llame a Pronto Power al 844.621.2852 para unirse gratis hoy.[:]\" \/>\n<meta name=\"robots\" content=\"index, follow, max-snippet:-1, max-image-preview:large, max-video-preview:-1\" \/>\n<link rel=\"canonical\" href=\"https:\/\/powermepronto.com\/get-the-cheapest-electricity-in-houston-no-contract-no-hidden-fees\/\" \/>\n<meta property=\"og:locale\" content=\"es_ES\" \/>\n<meta property=\"og:type\" content=\"article\" \/>\n<meta property=\"og:title\" content=\"[:en]Get the Cheap(est) Electricity in Houston. No Contract. No Hidden Fees.[:es]Obtener la electricidad m\u00e1s barata en Houston. Sin contrato. Sin cuotas escondidas.[:] - Pronto Power\" \/>\n<meta property=\"og:description\" content=\"[:en]No games. No baloney. Just the cheapest electricity in Houston from Pronto Power. No contract. No hidden fees. No credit check. No ID check. No expensive deposit. Just call Pronto Power at 844.621.2852 to join free today.[:es]No juegos. No hay tonter\u00edas. S\u00f3lo la electricidad m\u00e1s barata en Houston de Pronto Power. Sin contrato. Sin cuotas escondidas. No hay verificaci\u00f3n de cr\u00e9dito. Sin verificaci\u00f3n de identificaci\u00f3n. No hay dep\u00f3sito caro. Simplemente llame a Pronto Power al 844.621.2852 para unirse gratis hoy.[:]\" \/>\n<meta property=\"og:url\" content=\"https:\/\/powermepronto.com\/get-the-cheapest-electricity-in-houston-no-contract-no-hidden-fees\/\" \/>\n<meta property=\"og:site_name\" content=\"Pronto Power\" \/>\n<meta property=\"article:modified_time\" content=\"2022-12-21T10:47:23+00:00\" \/>\n<meta name=\"twitter:card\" content=\"summary_large_image\" \/>\n<meta name=\"twitter:label1\" content=\"Tiempo de lectura\" \/>\n\t<meta name=\"twitter:data1\" content=\"4 minutos\" \/>\n<script type=\"application\/ld+json\" class=\"yoast-schema-graph\">{\"@context\":\"https:\\\/\\\/schema.org\",\"@graph\":[{\"@type\":\"WebPage\",\"@id\":\"https:\\\/\\\/powermepronto.com\\\/get-the-cheapest-electricity-in-houston-no-contract-no-hidden-fees\\\/\",\"url\":\"https:\\\/\\\/powermepronto.com\\\/get-the-cheapest-electricity-in-houston-no-contract-no-hidden-fees\\\/\",\"name\":\"[:en]Get the Cheap(est) Electricity in Houston. No Contract. No Hidden Fees.[:es]Obtener la electricidad m\u00e1s barata en Houston. Sin contrato. Sin cuotas escondidas.[:] - Pronto Power\",\"isPartOf\":{\"@id\":\"https:\\\/\\\/powermepronto.com\\\/en\\\/#website\"},\"datePublished\":\"2018-10-13T13:07:00+00:00\",\"dateModified\":\"2022-12-21T10:47:23+00:00\",\"description\":\"[:en]No games. No baloney. Just the cheapest electricity in Houston from Pronto Power. No contract. No hidden fees. No credit check. No ID check. No expensive deposit. Just call Pronto Power at 844.621.2852 to join free today.[:es]No juegos. No hay tonter\u00edas. S\u00f3lo la electricidad m\u00e1s barata en Houston de Pronto Power. Sin contrato. Sin cuotas escondidas. No hay verificaci\u00f3n de cr\u00e9dito. Sin verificaci\u00f3n de identificaci\u00f3n. No hay dep\u00f3sito caro. Simplemente llame a Pronto Power al 844.621.2852 para unirse gratis hoy.[:]\",\"breadcrumb\":{\"@id\":\"https:\\\/\\\/powermepronto.com\\\/get-the-cheapest-electricity-in-houston-no-contract-no-hidden-fees\\\/#breadcrumb\"},\"inLanguage\":\"es\",\"potentialAction\":[{\"@type\":\"ReadAction\",\"target\":[\"https:\\\/\\\/powermepronto.com\\\/get-the-cheapest-electricity-in-houston-no-contract-no-hidden-fees\\\/\"]}]},{\"@type\":\"BreadcrumbList\",\"@id\":\"https:\\\/\\\/powermepronto.com\\\/get-the-cheapest-electricity-in-houston-no-contract-no-hidden-fees\\\/#breadcrumb\",\"itemListElement\":[{\"@type\":\"ListItem\",\"position\":1,\"name\":\"Home\",\"item\":\"https:\\\/\\\/powermepronto.com\\\/en\\\/\"},{\"@type\":\"ListItem\",\"position\":2,\"name\":\"Get the Cheap(est) Electricity in Houston. No Contract. No Hidden Fees.\"}]},{\"@type\":\"WebSite\",\"@id\":\"https:\\\/\\\/powermepronto.com\\\/en\\\/#website\",\"url\":\"https:\\\/\\\/powermepronto.com\\\/en\\\/\",\"name\":\"Pronto Power\",\"description\":\"\",\"potentialAction\":[{\"@type\":\"SearchAction\",\"target\":{\"@type\":\"EntryPoint\",\"urlTemplate\":\"https:\\\/\\\/powermepronto.com\\\/en\\\/?s={search_term_string}\"},\"query-input\":{\"@type\":\"PropertyValueSpecification\",\"valueRequired\":true,\"valueName\":\"search_term_string\"}}],\"inLanguage\":\"es\"}]}<\/script>\n<!-- \/ Yoast SEO plugin. -->","yoast_head_json":{"title":"[:en]Get the Cheap(est) Electricity in Houston. No Contract. No Hidden Fees.[:es]Obtener la electricidad m\u00e1s barata en Houston. Sin contrato. Sin cuotas escondidas.[:] - Pronto Power","description":"[:en]No games. No baloney. Just the cheapest electricity in Houston from Pronto Power. No contract. No hidden fees. No credit check. No ID check. No expensive deposit. Just call Pronto Power at 844.621.2852 to join free today.[:es]No juegos. No hay tonter\u00edas. S\u00f3lo la electricidad m\u00e1s barata en Houston de Pronto Power. Sin contrato. Sin cuotas escondidas. No hay verificaci\u00f3n de cr\u00e9dito. Sin verificaci\u00f3n de identificaci\u00f3n. No hay dep\u00f3sito caro. Simplemente llame a Pronto Power al 844.621.2852 para unirse gratis hoy.[:]","robots":{"index":"index","follow":"follow","max-snippet":"max-snippet:-1","max-image-preview":"max-image-preview:large","max-video-preview":"max-video-preview:-1"},"canonical":"https:\/\/powermepronto.com\/get-the-cheapest-electricity-in-houston-no-contract-no-hidden-fees\/","og_locale":"es_ES","og_type":"article","og_title":"[:en]Get the Cheap(est) Electricity in Houston. No Contract. No Hidden Fees.[:es]Obtener la electricidad m\u00e1s barata en Houston. Sin contrato. Sin cuotas escondidas.[:] - Pronto Power","og_description":"[:en]No games. No baloney. Just the cheapest electricity in Houston from Pronto Power. No contract. No hidden fees. No credit check. No ID check. No expensive deposit. Just call Pronto Power at 844.621.2852 to join free today.[:es]No juegos. No hay tonter\u00edas. S\u00f3lo la electricidad m\u00e1s barata en Houston de Pronto Power. Sin contrato. Sin cuotas escondidas. No hay verificaci\u00f3n de cr\u00e9dito. Sin verificaci\u00f3n de identificaci\u00f3n. No hay dep\u00f3sito caro. Simplemente llame a Pronto Power al 844.621.2852 para unirse gratis hoy.[:]","og_url":"https:\/\/powermepronto.com\/get-the-cheapest-electricity-in-houston-no-contract-no-hidden-fees\/","og_site_name":"Pronto Power","article_modified_time":"2022-12-21T10:47:23+00:00","twitter_card":"summary_large_image","twitter_misc":{"Tiempo de lectura":"4 minutos"},"schema":{"@context":"https:\/\/schema.org","@graph":[{"@type":"WebPage","@id":"https:\/\/powermepronto.com\/get-the-cheapest-electricity-in-houston-no-contract-no-hidden-fees\/","url":"https:\/\/powermepronto.com\/get-the-cheapest-electricity-in-houston-no-contract-no-hidden-fees\/","name":"[:en]Get the Cheap(est) Electricity in Houston. No Contract. No Hidden Fees.[:es]Obtener la electricidad m\u00e1s barata en Houston. Sin contrato. Sin cuotas escondidas.[:] - Pronto Power","isPartOf":{"@id":"https:\/\/powermepronto.com\/en\/#website"},"datePublished":"2018-10-13T13:07:00+00:00","dateModified":"2022-12-21T10:47:23+00:00","description":"[:en]No games. No baloney. Just the cheapest electricity in Houston from Pronto Power. No contract. No hidden fees. No credit check. No ID check. No expensive deposit. Just call Pronto Power at 844.621.2852 to join free today.[:es]No juegos. No hay tonter\u00edas. S\u00f3lo la electricidad m\u00e1s barata en Houston de Pronto Power. Sin contrato. Sin cuotas escondidas. No hay verificaci\u00f3n de cr\u00e9dito. Sin verificaci\u00f3n de identificaci\u00f3n. No hay dep\u00f3sito caro. Simplemente llame a Pronto Power al 844.621.2852 para unirse gratis hoy.[:]","breadcrumb":{"@id":"https:\/\/powermepronto.com\/get-the-cheapest-electricity-in-houston-no-contract-no-hidden-fees\/#breadcrumb"},"inLanguage":"es","potentialAction":[{"@type":"ReadAction","target":["https:\/\/powermepronto.com\/get-the-cheapest-electricity-in-houston-no-contract-no-hidden-fees\/"]}]},{"@type":"BreadcrumbList","@id":"https:\/\/powermepronto.com\/get-the-cheapest-electricity-in-houston-no-contract-no-hidden-fees\/#breadcrumb","itemListElement":[{"@type":"ListItem","position":1,"name":"Home","item":"https:\/\/powermepronto.com\/en\/"},{"@type":"ListItem","position":2,"name":"Get the Cheap(est) Electricity in Houston. No Contract. No Hidden Fees."}]},{"@type":"WebSite","@id":"https:\/\/powermepronto.com\/en\/#website","url":"https:\/\/powermepronto.com\/en\/","name":"Pronto Power","description":"","potentialAction":[{"@type":"SearchAction","target":{"@type":"EntryPoint","urlTemplate":"https:\/\/powermepronto.com\/en\/?s={search_term_string}"},"query-input":{"@type":"PropertyValueSpecification","valueRequired":true,"valueName":"search_term_string"}}],"inLanguage":"es"}]}},"_links":{"self":[{"href":"https:\/\/powermepronto.com\/es\/wp-json\/wp\/v2\/pages\/1047","targetHints":{"allow":["GET"]}}],"collection":[{"href":"https:\/\/powermepronto.com\/es\/wp-json\/wp\/v2\/pages"}],"about":[{"href":"https:\/\/powermepronto.com\/es\/wp-json\/wp\/v2\/types\/page"}],"author":[{"embeddable":true,"href":"https:\/\/powermepronto.com\/es\/wp-json\/wp\/v2\/users\/1"}],"replies":[{"embeddable":true,"href":"https:\/\/powermepronto.com\/es\/wp-json\/wp\/v2\/comments?post=1047"}],"version-history":[{"count":3,"href":"https:\/\/powermepronto.com\/es\/wp-json\/wp\/v2\/pages\/1047\/revisions"}],"predecessor-version":[{"id":3522,"href":"https:\/\/powermepronto.com\/es\/wp-json\/wp\/v2\/pages\/1047\/revisions\/3522"}],"wp:attachment":[{"href":"https:\/\/powermepronto.com\/es\/wp-json\/wp\/v2\/media?parent=1047"}],"curies":[{"name":"wp","href":"https:\/\/api.w.org\/{rel}","templated":true}]}}