{"id":1043,"date":"2018-10-13T12:53:47","date_gmt":"2018-10-13T12:53:47","guid":{"rendered":"http:\/\/www.powermepronto.com\/?page_id=1043"},"modified":"2022-12-21T05:30:03","modified_gmt":"2022-12-21T11:30:03","slug":"the-cheapest-electricity-in-texas-no-contract-no-fees-no-joke","status":"publish","type":"page","link":"https:\/\/powermepronto.com\/es\/the-cheapest-electricity-in-texas-no-contract-no-fees-no-joke\/","title":{"rendered":"La electricidad m\u00e1s barata en Texas. Sin contrato. Sin cargos. No es broma."},"content":{"rendered":"<p>\u00bfSuena esta promesa demasiado buena para ser verdad?<\/p>\n<p>\u00a1Vamos! De Verdad?<\/p>\n<p>La electricidad m\u00e1s barata en Texas&#8230; sin contrato y sin cargos ocultos.<\/p>\n<p>Quien hace eso?<\/p>\n<p>Bueno, estamos siendo 100% honestos. Es un trato leg\u00edtimo. Y no hay trucos ni trampas.<\/p>\n<p>Es un servicio comercial y el\u00e9ctrico como deber\u00eda ser: un acuerdo honesto de ganar-ganar entre dos.<\/p>\n<p>S\u00ed. Usted obtiene las tarifas m\u00e1s baratas por kWh.<\/p>\n<p>Debe asegurarse de compararlos con precisi\u00f3n con otras compa\u00f1\u00edas, quienes cotizar\u00e1n tarifas m\u00e1s bajas.<\/p>\n<p>Sus ofertas anunciadas suenan mucho mejor que las nuestras. Pero cuando incluye todas las tarifas ocultas y un dep\u00f3sito costoso, su tarifa de kWh en realidad es absurdamente alta.<\/p>\n<p>De hecho, en algunos casos, usted paga entre 22 y 23 centavos por kWh. \u00a1Compare eso con un promedio nacional de 12 centavos por kWh!<\/p>\n<p>Con Pronto Power, pagas la tarifa anunciada. Y eso es. No hay tarifas de conexi\u00f3n. Sin dep\u00f3sito inicial caro. No hay \u00abcargos estimados\u00bb.<\/p>\n<p>S\u00f3lo paga tu tarifa. No hay nada m\u00e1s que eso.<\/p>\n<h2>Y eso no es todo<\/h2>\n<p>Usted pensar\u00eda que pagar las tarifas el\u00e9ctricas m\u00e1s bajas de kWh en Texas ser\u00eda suficiente.<\/p>\n<p>Pero vamos a endulzar el trato a\u00fan m\u00e1s.<\/p>\n<p>Tampoco firmas un contrato. Y usted no paga ninguna tarifa de conexi\u00f3n o desconexi\u00f3n. Y no tiene que pagar un dep\u00f3sito inicial costoso. Adem\u00e1s, puede conectarse en una hora, suponiendo que su hogar tenga un medidor inteligente.<\/p>\n<p>Eso significa que usted no tiene absolutamente ning\u00fan riesgo. La electricidad m\u00e1s barata en Texas est\u00e1 simplemente disponible para usted.<\/p>\n<p>Y si no te gusta por alguna raz\u00f3n, simplemente te vas, sin hacer preguntas.<\/p>\n<p>&#8230; pero te encantar\u00e1n las tarifas m\u00e1s baratas en Texas y la capacidad de pagar seg\u00fan lo que vayas<\/p>\n<p>Esta es la raz\u00f3n por la que no querr\u00e1s irte:<\/p>\n<p>Usted obtiene las tarifas m\u00e1s baratas. Obtiene un servicio al cliente incre\u00edble que lo ayuda a mantener su electricidad incluso durante los tiempos financieros m\u00e1s dif\u00edciles. No pagas tarifas ocultas. Y no necesita cheques de cr\u00e9dito o de identificaci\u00f3n molestos.<\/p>\n<p>Simplemente le pedimos que pague por adelantado por su electricidad.<\/p>\n<p>Pero no te preocupes porque puedes hacerlo, sin embargo, funciona para ti.<\/p>\n<p>Luego simplemente paga mensualmente, semanalmente o diariamente, sin embargo, funciona para usted.<\/p>\n<p>Un correo electr\u00f3nico o mensaje de texto diario (o ambos, su elecci\u00f3n) le llega cada ma\u00f1ana a las 7 am con el saldo de su cuenta. Simplemente tenga un solo centavo en su cuenta para la 1 PM y su electricidad permanecer\u00e1 encendida.<\/p>\n<p>Y si eso es demasiado para usted, h\u00e1ganoslo saber para que podamos ayudarlo a obtener un plan de pago diferido para que su electricidad permanezca encendida.<\/p>\n<p>Estupendo. Llama a Pronto Power al 844.621.2852 para unirte hoy.<\/p>","protected":false},"excerpt":{"rendered":"<p>\u00bfSuena esta promesa demasiado buena para ser verdad? \u00a1Vamos! De Verdad? La electricidad m\u00e1s barata en Texas&#8230; sin contrato y sin cargos ocultos. Quien hace eso? Bueno, estamos siendo 100% honestos. Es un trato leg\u00edtimo. Y no hay trucos ni trampas. Es un servicio comercial y el\u00e9ctrico como deber\u00eda ser: un acuerdo honesto de ganar-ganar &hellip; <a href=\"https:\/\/powermepronto.com\/es\/the-cheapest-electricity-in-texas-no-contract-no-fees-no-joke\/\" class=\"more-link\">Continue reading <span class=\"screen-reader-text\">La electricidad m\u00e1s barata en Texas. Sin contrato. Sin cargos. No es broma.<\/span><\/a><\/p>\n","protected":false},"author":1,"featured_media":0,"parent":0,"menu_order":0,"comment_status":"closed","ping_status":"closed","template":"","meta":{"_acf_changed":false,"_glsr_average":0,"_glsr_ranking":0,"_glsr_reviews":0,"footnotes":"","_links_to":"","_links_to_target":""},"class_list":["post-1043","page","type-page","status-publish","hentry"],"acf":[],"yoast_head":"<!-- This site is optimized with the Yoast SEO plugin v27.4 - https:\/\/yoast.com\/product\/yoast-seo-wordpress\/ -->\n<title>La electricidad m\u00e1s barata en Texas. Sin contrato. Sin cargos. No es broma. - Pronto Power<\/title>\n<meta name=\"description\" content=\"[:en]Electricity like it should be! Get the cheapest rates in Texas. No contract. No fees. No credit check. No ID check. No expensive deposit. Just call Pronto Power at 844.621.2852 to join free within the hour if your home has a smart meter.[:es]Electricidad como debe ser! Obtenga las tarifas m\u00e1s baratas en Texas. Sin contrato. Sin cargos. No hay verificaci\u00f3n de cr\u00e9dito. Sin verificaci\u00f3n de identificaci\u00f3n. No hay dep\u00f3sito caro. Simplemente llame a Pronto Power al 844.621.2852 para inscribirse gratis dentro de una hora si su hogar tiene un medidor inteligente.[]\" \/>\n<meta name=\"robots\" content=\"index, follow, max-snippet:-1, max-image-preview:large, max-video-preview:-1\" \/>\n<link rel=\"canonical\" href=\"https:\/\/powermepronto.com\/the-cheapest-electricity-in-texas-no-contract-no-fees-no-joke\/\" \/>\n<meta property=\"og:locale\" content=\"es_ES\" \/>\n<meta property=\"og:type\" content=\"article\" \/>\n<meta property=\"og:title\" content=\"[:en]The Cheapest Electricity In Texas. No Contract. No Fees. No Joke.[:es]La electricidad m\u00e1s barata en Texas. Sin contrato. Sin cargos. No es broma.[:] - Pronto Power\" \/>\n<meta property=\"og:description\" content=\"[:en]Electricity like it should be! Get the cheapest rates in Texas. No contract. No fees. No credit check. No ID check. No expensive deposit. Just call Pronto Power at 844.621.2852 to join free within the hour if your home has a smart meter.[:es]Electricidad como debe ser! Obtenga las tarifas m\u00e1s baratas en Texas. Sin contrato. Sin cargos. No hay verificaci\u00f3n de cr\u00e9dito. Sin verificaci\u00f3n de identificaci\u00f3n. No hay dep\u00f3sito caro. Simplemente llame a Pronto Power al 844.621.2852 para inscribirse gratis dentro de una hora si su hogar tiene un medidor inteligente.[]\" \/>\n<meta property=\"og:url\" content=\"https:\/\/powermepronto.com\/the-cheapest-electricity-in-texas-no-contract-no-fees-no-joke\/\" \/>\n<meta property=\"og:site_name\" content=\"Pronto Power\" \/>\n<meta property=\"article:modified_time\" content=\"2022-12-21T11:30:03+00:00\" \/>\n<meta name=\"twitter:card\" content=\"summary_large_image\" \/>\n<meta name=\"twitter:label1\" content=\"Tiempo de lectura\" \/>\n\t<meta name=\"twitter:data1\" content=\"5 minutos\" \/>\n<script type=\"application\/ld+json\" class=\"yoast-schema-graph\">{\"@context\":\"https:\\\/\\\/schema.org\",\"@graph\":[{\"@type\":\"WebPage\",\"@id\":\"https:\\\/\\\/powermepronto.com\\\/the-cheapest-electricity-in-texas-no-contract-no-fees-no-joke\\\/\",\"url\":\"https:\\\/\\\/powermepronto.com\\\/the-cheapest-electricity-in-texas-no-contract-no-fees-no-joke\\\/\",\"name\":\"[:en]The Cheapest Electricity In Texas. No Contract. No Fees. No Joke.[:es]La electricidad m\u00e1s barata en Texas. Sin contrato. Sin cargos. No es broma.[:] - Pronto Power\",\"isPartOf\":{\"@id\":\"https:\\\/\\\/powermepronto.com\\\/en\\\/#website\"},\"datePublished\":\"2018-10-13T12:53:47+00:00\",\"dateModified\":\"2022-12-21T11:30:03+00:00\",\"description\":\"[:en]Electricity like it should be! Get the cheapest rates in Texas. No contract. No fees. No credit check. No ID check. No expensive deposit. Just call Pronto Power at 844.621.2852 to join free within the hour if your home has a smart meter.[:es]Electricidad como debe ser! Obtenga las tarifas m\u00e1s baratas en Texas. Sin contrato. Sin cargos. No hay verificaci\u00f3n de cr\u00e9dito. Sin verificaci\u00f3n de identificaci\u00f3n. No hay dep\u00f3sito caro. Simplemente llame a Pronto Power al 844.621.2852 para inscribirse gratis dentro de una hora si su hogar tiene un medidor inteligente.[]\",\"breadcrumb\":{\"@id\":\"https:\\\/\\\/powermepronto.com\\\/the-cheapest-electricity-in-texas-no-contract-no-fees-no-joke\\\/#breadcrumb\"},\"inLanguage\":\"es\",\"potentialAction\":[{\"@type\":\"ReadAction\",\"target\":[\"https:\\\/\\\/powermepronto.com\\\/the-cheapest-electricity-in-texas-no-contract-no-fees-no-joke\\\/\"]}]},{\"@type\":\"BreadcrumbList\",\"@id\":\"https:\\\/\\\/powermepronto.com\\\/the-cheapest-electricity-in-texas-no-contract-no-fees-no-joke\\\/#breadcrumb\",\"itemListElement\":[{\"@type\":\"ListItem\",\"position\":1,\"name\":\"Home\",\"item\":\"https:\\\/\\\/powermepronto.com\\\/en\\\/\"},{\"@type\":\"ListItem\",\"position\":2,\"name\":\"The Cheapest Electricity In Texas. No Contract. No Fees. No Joke.\"}]},{\"@type\":\"WebSite\",\"@id\":\"https:\\\/\\\/powermepronto.com\\\/en\\\/#website\",\"url\":\"https:\\\/\\\/powermepronto.com\\\/en\\\/\",\"name\":\"Pronto Power\",\"description\":\"\",\"potentialAction\":[{\"@type\":\"SearchAction\",\"target\":{\"@type\":\"EntryPoint\",\"urlTemplate\":\"https:\\\/\\\/powermepronto.com\\\/en\\\/?s={search_term_string}\"},\"query-input\":{\"@type\":\"PropertyValueSpecification\",\"valueRequired\":true,\"valueName\":\"search_term_string\"}}],\"inLanguage\":\"es\"}]}<\/script>\n<!-- \/ Yoast SEO plugin. -->","yoast_head_json":{"title":"[:en]The Cheapest Electricity In Texas. No Contract. No Fees. No Joke.[:es]La electricidad m\u00e1s barata en Texas. Sin contrato. Sin cargos. No es broma.[:] - Pronto Power","description":"[:en]Electricity like it should be! Get the cheapest rates in Texas. No contract. No fees. No credit check. No ID check. No expensive deposit. Just call Pronto Power at 844.621.2852 to join free within the hour if your home has a smart meter.[:es]Electricidad como debe ser! Obtenga las tarifas m\u00e1s baratas en Texas. Sin contrato. Sin cargos. No hay verificaci\u00f3n de cr\u00e9dito. Sin verificaci\u00f3n de identificaci\u00f3n. No hay dep\u00f3sito caro. Simplemente llame a Pronto Power al 844.621.2852 para inscribirse gratis dentro de una hora si su hogar tiene un medidor inteligente.[]","robots":{"index":"index","follow":"follow","max-snippet":"max-snippet:-1","max-image-preview":"max-image-preview:large","max-video-preview":"max-video-preview:-1"},"canonical":"https:\/\/powermepronto.com\/the-cheapest-electricity-in-texas-no-contract-no-fees-no-joke\/","og_locale":"es_ES","og_type":"article","og_title":"[:en]The Cheapest Electricity In Texas. No Contract. No Fees. No Joke.[:es]La electricidad m\u00e1s barata en Texas. Sin contrato. Sin cargos. No es broma.[:] - Pronto Power","og_description":"[:en]Electricity like it should be! Get the cheapest rates in Texas. No contract. No fees. No credit check. No ID check. No expensive deposit. Just call Pronto Power at 844.621.2852 to join free within the hour if your home has a smart meter.[:es]Electricidad como debe ser! Obtenga las tarifas m\u00e1s baratas en Texas. Sin contrato. Sin cargos. No hay verificaci\u00f3n de cr\u00e9dito. Sin verificaci\u00f3n de identificaci\u00f3n. No hay dep\u00f3sito caro. Simplemente llame a Pronto Power al 844.621.2852 para inscribirse gratis dentro de una hora si su hogar tiene un medidor inteligente.[]","og_url":"https:\/\/powermepronto.com\/the-cheapest-electricity-in-texas-no-contract-no-fees-no-joke\/","og_site_name":"Pronto Power","article_modified_time":"2022-12-21T11:30:03+00:00","twitter_card":"summary_large_image","twitter_misc":{"Tiempo de lectura":"5 minutos"},"schema":{"@context":"https:\/\/schema.org","@graph":[{"@type":"WebPage","@id":"https:\/\/powermepronto.com\/the-cheapest-electricity-in-texas-no-contract-no-fees-no-joke\/","url":"https:\/\/powermepronto.com\/the-cheapest-electricity-in-texas-no-contract-no-fees-no-joke\/","name":"[:en]The Cheapest Electricity In Texas. No Contract. No Fees. No Joke.[:es]La electricidad m\u00e1s barata en Texas. Sin contrato. Sin cargos. No es broma.[:] - Pronto Power","isPartOf":{"@id":"https:\/\/powermepronto.com\/en\/#website"},"datePublished":"2018-10-13T12:53:47+00:00","dateModified":"2022-12-21T11:30:03+00:00","description":"[:en]Electricity like it should be! Get the cheapest rates in Texas. No contract. No fees. No credit check. No ID check. No expensive deposit. Just call Pronto Power at 844.621.2852 to join free within the hour if your home has a smart meter.[:es]Electricidad como debe ser! Obtenga las tarifas m\u00e1s baratas en Texas. Sin contrato. Sin cargos. No hay verificaci\u00f3n de cr\u00e9dito. Sin verificaci\u00f3n de identificaci\u00f3n. No hay dep\u00f3sito caro. Simplemente llame a Pronto Power al 844.621.2852 para inscribirse gratis dentro de una hora si su hogar tiene un medidor inteligente.[]","breadcrumb":{"@id":"https:\/\/powermepronto.com\/the-cheapest-electricity-in-texas-no-contract-no-fees-no-joke\/#breadcrumb"},"inLanguage":"es","potentialAction":[{"@type":"ReadAction","target":["https:\/\/powermepronto.com\/the-cheapest-electricity-in-texas-no-contract-no-fees-no-joke\/"]}]},{"@type":"BreadcrumbList","@id":"https:\/\/powermepronto.com\/the-cheapest-electricity-in-texas-no-contract-no-fees-no-joke\/#breadcrumb","itemListElement":[{"@type":"ListItem","position":1,"name":"Home","item":"https:\/\/powermepronto.com\/en\/"},{"@type":"ListItem","position":2,"name":"The Cheapest Electricity In Texas. No Contract. No Fees. No Joke."}]},{"@type":"WebSite","@id":"https:\/\/powermepronto.com\/en\/#website","url":"https:\/\/powermepronto.com\/en\/","name":"Pronto Power","description":"","potentialAction":[{"@type":"SearchAction","target":{"@type":"EntryPoint","urlTemplate":"https:\/\/powermepronto.com\/en\/?s={search_term_string}"},"query-input":{"@type":"PropertyValueSpecification","valueRequired":true,"valueName":"search_term_string"}}],"inLanguage":"es"}]}},"_links":{"self":[{"href":"https:\/\/powermepronto.com\/es\/wp-json\/wp\/v2\/pages\/1043","targetHints":{"allow":["GET"]}}],"collection":[{"href":"https:\/\/powermepronto.com\/es\/wp-json\/wp\/v2\/pages"}],"about":[{"href":"https:\/\/powermepronto.com\/es\/wp-json\/wp\/v2\/types\/page"}],"author":[{"embeddable":true,"href":"https:\/\/powermepronto.com\/es\/wp-json\/wp\/v2\/users\/1"}],"replies":[{"embeddable":true,"href":"https:\/\/powermepronto.com\/es\/wp-json\/wp\/v2\/comments?post=1043"}],"version-history":[{"count":2,"href":"https:\/\/powermepronto.com\/es\/wp-json\/wp\/v2\/pages\/1043\/revisions"}],"predecessor-version":[{"id":3560,"href":"https:\/\/powermepronto.com\/es\/wp-json\/wp\/v2\/pages\/1043\/revisions\/3560"}],"wp:attachment":[{"href":"https:\/\/powermepronto.com\/es\/wp-json\/wp\/v2\/media?parent=1043"}],"curies":[{"name":"wp","href":"https:\/\/api.w.org\/{rel}","templated":true}]}}