{"id":967,"date":"2018-09-12T09:42:14","date_gmt":"2018-09-12T09:42:14","guid":{"rendered":"http:\/\/www.powermepronto.com\/?page_id=967"},"modified":"2022-12-21T05:54:12","modified_gmt":"2022-12-21T11:54:12","slug":"want-the-cheapest-electricity-in-houston","status":"publish","type":"page","link":"https:\/\/powermepronto.com\/en\/want-the-cheapest-electricity-in-houston\/","title":{"rendered":"Want the Cheapest Electricity in Houston?"},"content":{"rendered":"<p><img loading=\"lazy\" decoding=\"async\" src=\"\/wp-content\/uploads\/2018\/08\/bigstock-162843596-300x225.jpg\" alt=\"\" width=\"300\" height=\"225\" class=\"alignright size-medium wp-image-863\" srcset=\"https:\/\/powermepronto.com\/wp-content\/uploads\/2018\/08\/bigstock-162843596-300x225.jpg 300w, https:\/\/powermepronto.com\/wp-content\/uploads\/2018\/08\/bigstock-162843596-768x576.jpg 768w, https:\/\/powermepronto.com\/wp-content\/uploads\/2018\/08\/bigstock-162843596.jpg 1000w\" sizes=\"auto, (max-width: 300px) 100vw, 300px\" \/>Pronto Power gets you the cheapest electricity in Houston.<\/p>\n<p>&#8230;Wait a minute!<\/p>\n<p>You\u2019ve seen rates advertised much lower through other companies. They might even say you pay just 2, 3, 4, or 5 cents per kWh.<\/p>\n<p>You\u2019ll feel excited and ready to jump at their offer.<\/p>\n<p>But stop right there!<\/p>\n<p>You have to understand their full offer first.<\/p>\n<p>While they tell you that\u2019s what you pay, it\u2019s a bald-faced lie.<\/p>\n<p>Because, when you examine their full offer, you\u2019ll find they load it with hidden fees and all sorts of traps designed to get more of your money.<\/p>\n<p>Connection and disconnection fees, deposits, fees for paying over the phone, estimated charges, and so on.<\/p>\n<p>Some companies even slap you with a ridiculous $200 &#8211; $250 fee when you use more than 1,000 kWh per month.<\/p>\n<p>So if you\u2019re paying just a few pennies per kWh to start, that bumps your true cost to 20 &#8211; 25 cents per kWh.<\/p>\n<p>That, when the national average rate hovers around 12 cents per kWh!<\/p>\n<p>See how you\u2019re getting hosed while these companies laugh it up all the way to the bank?<\/p>\n<p>Study their full offer and compare it to our rates to see the truth.<\/p>\n<h2>Pronto Power Offers You The Cheapest Electricity in Houston. No Hidden Fees. No Gimmicks. No hassles.<\/h2>\n<p>Look, we\u2019re not trying to trash our competitor\u2019s reputations just to make ourselves look good so you buy.<\/p>\n<p>It\u2019s important to understand the facts and realize what\u2019s happening out in the market.<\/p>\n<p>Go ahead and research these other companies for yourself to see.<\/p>\n<p>We\u2019re unlike any other electric company in Houston.<\/p>\n<p>That\u2019s because you get the cheapest rates up-front. And, there\u2019s no hidden fees on the backend. In fact, there\u2019s no fees anywhere else of any kind.<\/p>\n<p>You simply pay the rate you see. That\u2019s it.<\/p>\n<p>Plus, there\u2019s:<\/p>\n<ul>\n<li>No contract<\/li>\n<li>No deposit<\/li>\n<li>No ID check<\/li>\n<li>No connection\/disconnection fees<\/li>\n<li>No fee for paying over the phone<\/li>\n<\/ul>\n<p>&#8230;Sounds too good to be true, doesn\u2019t it?<\/p>\n<p>Well, it\u2019s not.<\/p>\n<p>Then, you simply prepay however it works best for you (monthly, weekly, or daily if needed).<\/p>\n<p>Remember, you don\u2019t sign a contract. So if you feel uncomfortable with your service in any way, you simply leave.<\/p>\n<p>You can even leave for a reason that\u2019s not our fault! Don\u2019t like the weather outside today? Go ahead and take it out on us.<\/p>\n<h2>Put Pronto Power to the Test Within the Hour<\/h2>\n<p>So after hearing that tempting offer, all that\u2019s left is to experience it.<\/p>\n<p>Get the cheapest rates. With no hidden fees. And no hassles of any kind with Pronto Power.<\/p>\n<p>Just call <span class=\"affiliatecode\">844.621.2852<\/span> to join within the hour (if your home has a smart meter).<\/p>","protected":false},"excerpt":{"rendered":"<p>Pronto Power gets you the cheapest electricity in Houston. &#8230;Wait a minute! You\u2019ve seen rates advertised much lower through other companies. They might even say you pay just 2, 3, 4, or 5 cents per kWh. You\u2019ll feel excited and ready to jump at their offer. But stop right there! You have to understand their &hellip; <a href=\"https:\/\/powermepronto.com\/en\/want-the-cheapest-electricity-in-houston\/\" class=\"more-link\">Continue reading <span class=\"screen-reader-text\">Want the Cheapest Electricity in Houston?<\/span><\/a><\/p>\n","protected":false},"author":1,"featured_media":0,"parent":0,"menu_order":0,"comment_status":"closed","ping_status":"closed","template":"","meta":{"_acf_changed":false,"_glsr_average":0,"_glsr_ranking":0,"_glsr_reviews":0,"footnotes":"","_links_to":"","_links_to_target":""},"class_list":["post-967","page","type-page","status-publish","hentry"],"acf":[],"yoast_head":"<!-- This site is optimized with the Yoast SEO plugin v27.4 - https:\/\/yoast.com\/product\/yoast-seo-wordpress\/ -->\n<title>Want the Cheapest Electricity in Houston?<\/title>\n<meta name=\"description\" content=\"[:en]Get the cheapest electricity in Houston with Pronto Power. No hidden fees mean what you see is what you pay. And no contract means you have no risk. Cancel anytime. No questions asked. Connect for free within the hour if you have a smart meter. 844.621.2852.[:es]Obtenga la electricidad m\u00e1s barata en Houston con Pronto Power. Sin cargos ocultos significa que lo que ve es lo que paga. Y ning\u00fan contrato significa que no tienes ning\u00fan riesgo. Cancele en cualquier momento No se hicieron preguntas. Con\u00e9ctese gratis dentro de una hora si tiene un medidor inteligente. 844.621.2852.[:]\" \/>\n<meta name=\"robots\" content=\"index, follow, max-snippet:-1, max-image-preview:large, max-video-preview:-1\" \/>\n<link rel=\"canonical\" href=\"https:\/\/powermepronto.com\/want-the-cheapest-electricity-in-houston\/\" \/>\n<meta property=\"og:locale\" content=\"en_US\" \/>\n<meta property=\"og:type\" content=\"article\" \/>\n<meta property=\"og:title\" content=\"[:en]Want the Cheapest Electricity in Houston?[:es]\u00bfQuieres la electricidad m\u00e1s barata en Houston?[:]\" \/>\n<meta property=\"og:description\" content=\"[:en]Get the cheapest electricity in Houston with Pronto Power. No hidden fees mean what you see is what you pay. And no contract means you have no risk. Cancel anytime. No questions asked. Connect for free within the hour if you have a smart meter. 844.621.2852.[:es]Obtenga la electricidad m\u00e1s barata en Houston con Pronto Power. Sin cargos ocultos significa que lo que ve es lo que paga. Y ning\u00fan contrato significa que no tienes ning\u00fan riesgo. Cancele en cualquier momento No se hicieron preguntas. Con\u00e9ctese gratis dentro de una hora si tiene un medidor inteligente. 844.621.2852.[:]\" \/>\n<meta property=\"og:url\" content=\"https:\/\/powermepronto.com\/want-the-cheapest-electricity-in-houston\/\" \/>\n<meta property=\"og:site_name\" content=\"Pronto Power\" \/>\n<meta property=\"article:modified_time\" content=\"2022-12-21T11:54:12+00:00\" \/>\n<meta name=\"twitter:card\" content=\"summary_large_image\" \/>\n<meta name=\"twitter:label1\" content=\"Est. reading time\" \/>\n\t<meta name=\"twitter:data1\" content=\"5 minutes\" \/>\n<script type=\"application\/ld+json\" class=\"yoast-schema-graph\">{\"@context\":\"https:\\\/\\\/schema.org\",\"@graph\":[{\"@type\":\"WebPage\",\"@id\":\"https:\\\/\\\/powermepronto.com\\\/want-the-cheapest-electricity-in-houston\\\/\",\"url\":\"https:\\\/\\\/powermepronto.com\\\/want-the-cheapest-electricity-in-houston\\\/\",\"name\":\"[:en]Want the Cheapest Electricity in Houston?[:es]\u00bfQuieres la electricidad m\u00e1s barata en Houston?[:]\",\"isPartOf\":{\"@id\":\"https:\\\/\\\/powermepronto.com\\\/en\\\/#website\"},\"datePublished\":\"2018-09-12T09:42:14+00:00\",\"dateModified\":\"2022-12-21T11:54:12+00:00\",\"description\":\"[:en]Get the cheapest electricity in Houston with Pronto Power. No hidden fees mean what you see is what you pay. And no contract means you have no risk. Cancel anytime. No questions asked. Connect for free within the hour if you have a smart meter. 844.621.2852.[:es]Obtenga la electricidad m\u00e1s barata en Houston con Pronto Power. Sin cargos ocultos significa que lo que ve es lo que paga. Y ning\u00fan contrato significa que no tienes ning\u00fan riesgo. Cancele en cualquier momento No se hicieron preguntas. Con\u00e9ctese gratis dentro de una hora si tiene un medidor inteligente. 844.621.2852.[:]\",\"breadcrumb\":{\"@id\":\"https:\\\/\\\/powermepronto.com\\\/want-the-cheapest-electricity-in-houston\\\/#breadcrumb\"},\"inLanguage\":\"en-US\",\"potentialAction\":[{\"@type\":\"ReadAction\",\"target\":[\"https:\\\/\\\/powermepronto.com\\\/want-the-cheapest-electricity-in-houston\\\/\"]}]},{\"@type\":\"BreadcrumbList\",\"@id\":\"https:\\\/\\\/powermepronto.com\\\/want-the-cheapest-electricity-in-houston\\\/#breadcrumb\",\"itemListElement\":[{\"@type\":\"ListItem\",\"position\":1,\"name\":\"Home\",\"item\":\"https:\\\/\\\/powermepronto.com\\\/en\\\/\"},{\"@type\":\"ListItem\",\"position\":2,\"name\":\"Want the Cheapest Electricity in Houston?\"}]},{\"@type\":\"WebSite\",\"@id\":\"https:\\\/\\\/powermepronto.com\\\/en\\\/#website\",\"url\":\"https:\\\/\\\/powermepronto.com\\\/en\\\/\",\"name\":\"Pronto Power\",\"description\":\"\",\"potentialAction\":[{\"@type\":\"SearchAction\",\"target\":{\"@type\":\"EntryPoint\",\"urlTemplate\":\"https:\\\/\\\/powermepronto.com\\\/en\\\/?s={search_term_string}\"},\"query-input\":{\"@type\":\"PropertyValueSpecification\",\"valueRequired\":true,\"valueName\":\"search_term_string\"}}],\"inLanguage\":\"en-US\"}]}<\/script>\n<!-- \/ Yoast SEO plugin. -->","yoast_head_json":{"title":"[:en]Want the Cheapest Electricity in Houston?[:es]\u00bfQuieres la electricidad m\u00e1s barata en Houston?[:]","description":"[:en]Get the cheapest electricity in Houston with Pronto Power. No hidden fees mean what you see is what you pay. And no contract means you have no risk. Cancel anytime. No questions asked. Connect for free within the hour if you have a smart meter. 844.621.2852.[:es]Obtenga la electricidad m\u00e1s barata en Houston con Pronto Power. Sin cargos ocultos significa que lo que ve es lo que paga. Y ning\u00fan contrato significa que no tienes ning\u00fan riesgo. Cancele en cualquier momento No se hicieron preguntas. Con\u00e9ctese gratis dentro de una hora si tiene un medidor inteligente. 844.621.2852.[:]","robots":{"index":"index","follow":"follow","max-snippet":"max-snippet:-1","max-image-preview":"max-image-preview:large","max-video-preview":"max-video-preview:-1"},"canonical":"https:\/\/powermepronto.com\/want-the-cheapest-electricity-in-houston\/","og_locale":"en_US","og_type":"article","og_title":"[:en]Want the Cheapest Electricity in Houston?[:es]\u00bfQuieres la electricidad m\u00e1s barata en Houston?[:]","og_description":"[:en]Get the cheapest electricity in Houston with Pronto Power. No hidden fees mean what you see is what you pay. And no contract means you have no risk. Cancel anytime. No questions asked. Connect for free within the hour if you have a smart meter. 844.621.2852.[:es]Obtenga la electricidad m\u00e1s barata en Houston con Pronto Power. Sin cargos ocultos significa que lo que ve es lo que paga. Y ning\u00fan contrato significa que no tienes ning\u00fan riesgo. Cancele en cualquier momento No se hicieron preguntas. Con\u00e9ctese gratis dentro de una hora si tiene un medidor inteligente. 844.621.2852.[:]","og_url":"https:\/\/powermepronto.com\/want-the-cheapest-electricity-in-houston\/","og_site_name":"Pronto Power","article_modified_time":"2022-12-21T11:54:12+00:00","twitter_card":"summary_large_image","twitter_misc":{"Est. reading time":"5 minutes"},"schema":{"@context":"https:\/\/schema.org","@graph":[{"@type":"WebPage","@id":"https:\/\/powermepronto.com\/want-the-cheapest-electricity-in-houston\/","url":"https:\/\/powermepronto.com\/want-the-cheapest-electricity-in-houston\/","name":"[:en]Want the Cheapest Electricity in Houston?[:es]\u00bfQuieres la electricidad m\u00e1s barata en Houston?[:]","isPartOf":{"@id":"https:\/\/powermepronto.com\/en\/#website"},"datePublished":"2018-09-12T09:42:14+00:00","dateModified":"2022-12-21T11:54:12+00:00","description":"[:en]Get the cheapest electricity in Houston with Pronto Power. No hidden fees mean what you see is what you pay. And no contract means you have no risk. Cancel anytime. No questions asked. Connect for free within the hour if you have a smart meter. 844.621.2852.[:es]Obtenga la electricidad m\u00e1s barata en Houston con Pronto Power. Sin cargos ocultos significa que lo que ve es lo que paga. Y ning\u00fan contrato significa que no tienes ning\u00fan riesgo. Cancele en cualquier momento No se hicieron preguntas. Con\u00e9ctese gratis dentro de una hora si tiene un medidor inteligente. 844.621.2852.[:]","breadcrumb":{"@id":"https:\/\/powermepronto.com\/want-the-cheapest-electricity-in-houston\/#breadcrumb"},"inLanguage":"en-US","potentialAction":[{"@type":"ReadAction","target":["https:\/\/powermepronto.com\/want-the-cheapest-electricity-in-houston\/"]}]},{"@type":"BreadcrumbList","@id":"https:\/\/powermepronto.com\/want-the-cheapest-electricity-in-houston\/#breadcrumb","itemListElement":[{"@type":"ListItem","position":1,"name":"Home","item":"https:\/\/powermepronto.com\/en\/"},{"@type":"ListItem","position":2,"name":"Want the Cheapest Electricity in Houston?"}]},{"@type":"WebSite","@id":"https:\/\/powermepronto.com\/en\/#website","url":"https:\/\/powermepronto.com\/en\/","name":"Pronto Power","description":"","potentialAction":[{"@type":"SearchAction","target":{"@type":"EntryPoint","urlTemplate":"https:\/\/powermepronto.com\/en\/?s={search_term_string}"},"query-input":{"@type":"PropertyValueSpecification","valueRequired":true,"valueName":"search_term_string"}}],"inLanguage":"en-US"}]}},"_links":{"self":[{"href":"https:\/\/powermepronto.com\/en\/wp-json\/wp\/v2\/pages\/967","targetHints":{"allow":["GET"]}}],"collection":[{"href":"https:\/\/powermepronto.com\/en\/wp-json\/wp\/v2\/pages"}],"about":[{"href":"https:\/\/powermepronto.com\/en\/wp-json\/wp\/v2\/types\/page"}],"author":[{"embeddable":true,"href":"https:\/\/powermepronto.com\/en\/wp-json\/wp\/v2\/users\/1"}],"replies":[{"embeddable":true,"href":"https:\/\/powermepronto.com\/en\/wp-json\/wp\/v2\/comments?post=967"}],"version-history":[{"count":2,"href":"https:\/\/powermepronto.com\/en\/wp-json\/wp\/v2\/pages\/967\/revisions"}],"predecessor-version":[{"id":3588,"href":"https:\/\/powermepronto.com\/en\/wp-json\/wp\/v2\/pages\/967\/revisions\/3588"}],"wp:attachment":[{"href":"https:\/\/powermepronto.com\/en\/wp-json\/wp\/v2\/media?parent=967"}],"curies":[{"name":"wp","href":"https:\/\/api.w.org\/{rel}","templated":true}]}}