{"id":648,"date":"2018-07-31T19:22:17","date_gmt":"2018-07-31T19:22:17","guid":{"rendered":"\/?page_id=648"},"modified":"2022-12-21T05:45:15","modified_gmt":"2022-12-21T11:45:15","slug":"the-lowest-electricity-quotes-in-texas-period","status":"publish","type":"page","link":"https:\/\/powermepronto.com\/en\/the-lowest-electricity-quotes-in-texas-period\/","title":{"rendered":"The Lowest Electricity Quotes in Texas. Period."},"content":{"rendered":"<p>The good thing about capitalism is all the choices you get.<\/p>\n<p>The bad thing about capitalism is all the choices you get.<\/p>\n<p>It works both ways, doesn\u2019t it?<\/p>\n<p>Energy deregulation was supposed to drive down electric prices for Texas consumers. But, evidence shows they may actually have risen.<\/p>\n<p>However, while the average price may be higher since deregulation in 2001, the truth is that not every company charges you high.<\/p>\n<p>But then again, you have to be careful when evaluating electricity rates because all sorts of confusing and hidden fees get tossed in. Not every company does that. But many do.<\/p>\n<p>So what looks like a good sticker price can actually turn out to be your worst nightmare. Instead of paying 13 cents per kWh, you might end up at 22 &#8211; 25. That\u2019s double the national market rate!<\/p>\n<h2>Pronto Power Offers You The Lowest Electricity Quotes in Texas. No Tricks. No Gimmicks. No Hassles.<\/h2>\n<p>Why do we do this? Why don\u2019t we do what all the other companies do and make the rules of a contract confusing so you don\u2019t actually understand what you get until you pay?<\/p>\n<p>&#8230;Because we understand that earning your business is a long-term relationship.<\/p>\n<p>Other companies don\u2019t mind if you hop to someone else because they\u2019ve gotten their money from you. They\u2019re short-sighted.<\/p>\n<p>However, we know we can keep you as a customer for years by giving you exactly what you expect (and want).<\/p>\n<p>So with that mind, here\u2019s what you get:<\/p>\n<ul>\n<li>The lowest electricity quotes in Texas (make sure you compare the additional fees competitors charge)<\/li>\n<li>Absolutely no additional hidden fees, or fees of any kind. Pay exactly the price you\u2019re quoted.<\/li>\n<li>No credit check.<\/li>\n<li>No ID necessary.<\/li>\n<li>No contract.<\/li>\n<li>No risk. Cancel and leave whenever you want.<\/li>\n<\/ul>\n<p>&#8230;But there\u2019s gotta be a catch, right?<\/p>\n<p>Well, not really. All we ask is that you prepay for your electricity. However, you can prepay as you\u2019d like: monthly, weekly, or even daily if you want.<\/p>\n<p>You get a text or email notification at 7 AM each day that tells you how much you have in your account. As long as you keep your account balance positive with just one single penny, your electricity stays on.<\/p>\n<p>There\u2019s no connection fees for starting, and no disconnection fees if you choose to leave.<\/p>\n<p>That\u2019s it. Plain, honest, simple, and straightforward. Business like it should be. And it\u2019s just another day here at Pronto Power.<\/p>\n<p>Call <span class=\"affiliatecode\">844.621.2852<\/span> to get connected (and access the lowest electricity quotes) within the hour!<\/p>","protected":false},"excerpt":{"rendered":"<p>The good thing about capitalism is all the choices you get. The bad thing about capitalism is all the choices you get. It works both ways, doesn\u2019t it? Energy deregulation was supposed to drive down electric prices for Texas consumers. But, evidence shows they may actually have risen. However, while the average price may be &hellip; <a href=\"https:\/\/powermepronto.com\/en\/the-lowest-electricity-quotes-in-texas-period\/\" class=\"more-link\">Continue reading <span class=\"screen-reader-text\">The Lowest Electricity Quotes in Texas. Period.<\/span><\/a><\/p>\n","protected":false},"author":1,"featured_media":0,"parent":0,"menu_order":0,"comment_status":"closed","ping_status":"closed","template":"","meta":{"_acf_changed":false,"_glsr_average":0,"_glsr_ranking":0,"_glsr_reviews":0,"footnotes":"","_links_to":"","_links_to_target":""},"class_list":["post-648","page","type-page","status-publish","hentry"],"acf":[],"yoast_head":"<!-- This site is optimized with the Yoast SEO plugin v27.4 - https:\/\/yoast.com\/product\/yoast-seo-wordpress\/ -->\n<title>The Lowest Electricity Quotes in Texas. Period.  - Pronto Power<\/title>\n<meta name=\"description\" content=\"{:en}Find the lowest electricity quotes in all of Texas at Pronto Power. No hidden fees. No hassles. And no contract. No risk. Cancel anytime. No disconnection fee. It truly works as advertised. - without any contract or credit check. Call 844.621.2852 to sign up free today! {:es}Encuentra las cotizaciones de electricidad m\u00e1s bajas en todo Texas con Pronto Power. Sin cuotas escondidas. Sin molestias. Y sin contrato Sin riesgo. Cancele en cualquier momento Sin tarifa de desconexi\u00f3n. Realmente funciona como se anuncia. - sin ning\u00fan contrato o verificaci\u00f3n de cr\u00e9dito. \u00a1Llama al 844.621.2852 para registrarte gratis hoy!{:}\" \/>\n<meta name=\"robots\" content=\"index, follow, max-snippet:-1, max-image-preview:large, max-video-preview:-1\" \/>\n<link rel=\"canonical\" href=\"https:\/\/powermepronto.com\/the-lowest-electricity-quotes-in-texas-period\/\" \/>\n<meta property=\"og:locale\" content=\"en_US\" \/>\n<meta property=\"og:type\" content=\"article\" \/>\n<meta property=\"og:title\" content=\"[:en]The Lowest Electricity Quotes in Texas. Period. [:es]Las cotizaciones de electricidad m\u00e1s bajas en Texas[:] - Pronto Power\" \/>\n<meta property=\"og:description\" content=\"{:en}Find the lowest electricity quotes in all of Texas at Pronto Power. No hidden fees. No hassles. And no contract. No risk. Cancel anytime. No disconnection fee. It truly works as advertised. - without any contract or credit check. Call 844.621.2852 to sign up free today! {:es}Encuentra las cotizaciones de electricidad m\u00e1s bajas en todo Texas con Pronto Power. Sin cuotas escondidas. Sin molestias. Y sin contrato Sin riesgo. Cancele en cualquier momento Sin tarifa de desconexi\u00f3n. Realmente funciona como se anuncia. - sin ning\u00fan contrato o verificaci\u00f3n de cr\u00e9dito. \u00a1Llama al 844.621.2852 para registrarte gratis hoy!{:}\" \/>\n<meta property=\"og:url\" content=\"https:\/\/powermepronto.com\/the-lowest-electricity-quotes-in-texas-period\/\" \/>\n<meta property=\"og:site_name\" content=\"Pronto Power\" \/>\n<meta property=\"article:modified_time\" content=\"2022-12-21T11:45:15+00:00\" \/>\n<meta name=\"twitter:card\" content=\"summary_large_image\" \/>\n<meta name=\"twitter:label1\" content=\"Est. reading time\" \/>\n\t<meta name=\"twitter:data1\" content=\"4 minutes\" \/>\n<script type=\"application\/ld+json\" class=\"yoast-schema-graph\">{\"@context\":\"https:\\\/\\\/schema.org\",\"@graph\":[{\"@type\":\"WebPage\",\"@id\":\"https:\\\/\\\/powermepronto.com\\\/the-lowest-electricity-quotes-in-texas-period\\\/\",\"url\":\"https:\\\/\\\/powermepronto.com\\\/the-lowest-electricity-quotes-in-texas-period\\\/\",\"name\":\"[:en]The Lowest Electricity Quotes in Texas. Period. [:es]Las cotizaciones de electricidad m\u00e1s bajas en Texas[:] - Pronto Power\",\"isPartOf\":{\"@id\":\"https:\\\/\\\/powermepronto.com\\\/en\\\/#website\"},\"datePublished\":\"2018-07-31T19:22:17+00:00\",\"dateModified\":\"2022-12-21T11:45:15+00:00\",\"description\":\"{:en}Find the lowest electricity quotes in all of Texas at Pronto Power. No hidden fees. No hassles. And no contract. No risk. Cancel anytime. No disconnection fee. It truly works as advertised. - without any contract or credit check. Call 844.621.2852 to sign up free today! {:es}Encuentra las cotizaciones de electricidad m\u00e1s bajas en todo Texas con Pronto Power. Sin cuotas escondidas. Sin molestias. Y sin contrato Sin riesgo. Cancele en cualquier momento Sin tarifa de desconexi\u00f3n. Realmente funciona como se anuncia. - sin ning\u00fan contrato o verificaci\u00f3n de cr\u00e9dito. \u00a1Llama al 844.621.2852 para registrarte gratis hoy!{:}\",\"breadcrumb\":{\"@id\":\"https:\\\/\\\/powermepronto.com\\\/the-lowest-electricity-quotes-in-texas-period\\\/#breadcrumb\"},\"inLanguage\":\"en-US\",\"potentialAction\":[{\"@type\":\"ReadAction\",\"target\":[\"https:\\\/\\\/powermepronto.com\\\/the-lowest-electricity-quotes-in-texas-period\\\/\"]}]},{\"@type\":\"BreadcrumbList\",\"@id\":\"https:\\\/\\\/powermepronto.com\\\/the-lowest-electricity-quotes-in-texas-period\\\/#breadcrumb\",\"itemListElement\":[{\"@type\":\"ListItem\",\"position\":1,\"name\":\"Home\",\"item\":\"https:\\\/\\\/powermepronto.com\\\/en\\\/\"},{\"@type\":\"ListItem\",\"position\":2,\"name\":\"The Lowest Electricity Quotes in Texas. Period.\"}]},{\"@type\":\"WebSite\",\"@id\":\"https:\\\/\\\/powermepronto.com\\\/en\\\/#website\",\"url\":\"https:\\\/\\\/powermepronto.com\\\/en\\\/\",\"name\":\"Pronto Power\",\"description\":\"\",\"potentialAction\":[{\"@type\":\"SearchAction\",\"target\":{\"@type\":\"EntryPoint\",\"urlTemplate\":\"https:\\\/\\\/powermepronto.com\\\/en\\\/?s={search_term_string}\"},\"query-input\":{\"@type\":\"PropertyValueSpecification\",\"valueRequired\":true,\"valueName\":\"search_term_string\"}}],\"inLanguage\":\"en-US\"}]}<\/script>\n<!-- \/ Yoast SEO plugin. -->","yoast_head_json":{"title":"[:en]The Lowest Electricity Quotes in Texas. Period. [:es]Las cotizaciones de electricidad m\u00e1s bajas en Texas[:] - Pronto Power","description":"{:en}Find the lowest electricity quotes in all of Texas at Pronto Power. No hidden fees. No hassles. And no contract. No risk. Cancel anytime. No disconnection fee. It truly works as advertised. - without any contract or credit check. Call 844.621.2852 to sign up free today! {:es}Encuentra las cotizaciones de electricidad m\u00e1s bajas en todo Texas con Pronto Power. Sin cuotas escondidas. Sin molestias. Y sin contrato Sin riesgo. Cancele en cualquier momento Sin tarifa de desconexi\u00f3n. Realmente funciona como se anuncia. - sin ning\u00fan contrato o verificaci\u00f3n de cr\u00e9dito. \u00a1Llama al 844.621.2852 para registrarte gratis hoy!{:}","robots":{"index":"index","follow":"follow","max-snippet":"max-snippet:-1","max-image-preview":"max-image-preview:large","max-video-preview":"max-video-preview:-1"},"canonical":"https:\/\/powermepronto.com\/the-lowest-electricity-quotes-in-texas-period\/","og_locale":"en_US","og_type":"article","og_title":"[:en]The Lowest Electricity Quotes in Texas. Period. [:es]Las cotizaciones de electricidad m\u00e1s bajas en Texas[:] - Pronto Power","og_description":"{:en}Find the lowest electricity quotes in all of Texas at Pronto Power. No hidden fees. No hassles. And no contract. No risk. Cancel anytime. No disconnection fee. It truly works as advertised. - without any contract or credit check. Call 844.621.2852 to sign up free today! {:es}Encuentra las cotizaciones de electricidad m\u00e1s bajas en todo Texas con Pronto Power. Sin cuotas escondidas. Sin molestias. Y sin contrato Sin riesgo. Cancele en cualquier momento Sin tarifa de desconexi\u00f3n. Realmente funciona como se anuncia. - sin ning\u00fan contrato o verificaci\u00f3n de cr\u00e9dito. \u00a1Llama al 844.621.2852 para registrarte gratis hoy!{:}","og_url":"https:\/\/powermepronto.com\/the-lowest-electricity-quotes-in-texas-period\/","og_site_name":"Pronto Power","article_modified_time":"2022-12-21T11:45:15+00:00","twitter_card":"summary_large_image","twitter_misc":{"Est. reading time":"4 minutes"},"schema":{"@context":"https:\/\/schema.org","@graph":[{"@type":"WebPage","@id":"https:\/\/powermepronto.com\/the-lowest-electricity-quotes-in-texas-period\/","url":"https:\/\/powermepronto.com\/the-lowest-electricity-quotes-in-texas-period\/","name":"[:en]The Lowest Electricity Quotes in Texas. Period. [:es]Las cotizaciones de electricidad m\u00e1s bajas en Texas[:] - Pronto Power","isPartOf":{"@id":"https:\/\/powermepronto.com\/en\/#website"},"datePublished":"2018-07-31T19:22:17+00:00","dateModified":"2022-12-21T11:45:15+00:00","description":"{:en}Find the lowest electricity quotes in all of Texas at Pronto Power. No hidden fees. No hassles. And no contract. No risk. Cancel anytime. No disconnection fee. It truly works as advertised. - without any contract or credit check. Call 844.621.2852 to sign up free today! {:es}Encuentra las cotizaciones de electricidad m\u00e1s bajas en todo Texas con Pronto Power. Sin cuotas escondidas. Sin molestias. Y sin contrato Sin riesgo. Cancele en cualquier momento Sin tarifa de desconexi\u00f3n. Realmente funciona como se anuncia. - sin ning\u00fan contrato o verificaci\u00f3n de cr\u00e9dito. \u00a1Llama al 844.621.2852 para registrarte gratis hoy!{:}","breadcrumb":{"@id":"https:\/\/powermepronto.com\/the-lowest-electricity-quotes-in-texas-period\/#breadcrumb"},"inLanguage":"en-US","potentialAction":[{"@type":"ReadAction","target":["https:\/\/powermepronto.com\/the-lowest-electricity-quotes-in-texas-period\/"]}]},{"@type":"BreadcrumbList","@id":"https:\/\/powermepronto.com\/the-lowest-electricity-quotes-in-texas-period\/#breadcrumb","itemListElement":[{"@type":"ListItem","position":1,"name":"Home","item":"https:\/\/powermepronto.com\/en\/"},{"@type":"ListItem","position":2,"name":"The Lowest Electricity Quotes in Texas. Period."}]},{"@type":"WebSite","@id":"https:\/\/powermepronto.com\/en\/#website","url":"https:\/\/powermepronto.com\/en\/","name":"Pronto Power","description":"","potentialAction":[{"@type":"SearchAction","target":{"@type":"EntryPoint","urlTemplate":"https:\/\/powermepronto.com\/en\/?s={search_term_string}"},"query-input":{"@type":"PropertyValueSpecification","valueRequired":true,"valueName":"search_term_string"}}],"inLanguage":"en-US"}]}},"_links":{"self":[{"href":"https:\/\/powermepronto.com\/en\/wp-json\/wp\/v2\/pages\/648","targetHints":{"allow":["GET"]}}],"collection":[{"href":"https:\/\/powermepronto.com\/en\/wp-json\/wp\/v2\/pages"}],"about":[{"href":"https:\/\/powermepronto.com\/en\/wp-json\/wp\/v2\/types\/page"}],"author":[{"embeddable":true,"href":"https:\/\/powermepronto.com\/en\/wp-json\/wp\/v2\/users\/1"}],"replies":[{"embeddable":true,"href":"https:\/\/powermepronto.com\/en\/wp-json\/wp\/v2\/comments?post=648"}],"version-history":[{"count":5,"href":"https:\/\/powermepronto.com\/en\/wp-json\/wp\/v2\/pages\/648\/revisions"}],"predecessor-version":[{"id":3583,"href":"https:\/\/powermepronto.com\/en\/wp-json\/wp\/v2\/pages\/648\/revisions\/3583"}],"wp:attachment":[{"href":"https:\/\/powermepronto.com\/en\/wp-json\/wp\/v2\/media?parent=648"}],"curies":[{"name":"wp","href":"https:\/\/api.w.org\/{rel}","templated":true}]}}