{"id":4312,"date":"2025-06-10T09:04:03","date_gmt":"2025-06-10T14:04:03","guid":{"rendered":"https:\/\/powermepronto.com\/?page_id=4312"},"modified":"2025-06-10T09:04:03","modified_gmt":"2025-06-10T14:04:03","slug":"switch-to-budget-friendly-austin-prepaid-power","status":"publish","type":"page","link":"https:\/\/powermepronto.com\/en\/switch-to-budget-friendly-austin-prepaid-power\/","title":{"rendered":"Switch to Budget-Friendly Austin Prepaid Power"},"content":{"rendered":"<p>Paying your bills each month can be stressful, and, to make matters worse, the amounts you owe tend to fluctuate. It can be difficult to estimate your living costs from one month to the next. If only you could budget your bills a little more reliably. Enter Pronto Power, Austin\u2019s prepaid power leader. With our prepaid plan, you can pay every day, once a week, when your paycheck hits the bank, or whenever is convenient for you. No more alarmingly large surprise bills at the end of the month.<\/p>\n<p>After a few months of service, you\u2019ll have a better idea of how much electricity you consume and can figure out how much it costs per day, week or pay period. This makes it easier to account for your electricity bill in your budget.<\/p>\n<h2>What is prepaid service?<\/h2>\n<p>Unlike traditional service, prepaid service is exactly that \u2013 you pay in advance for the electricity you use. Service begins when you load a small amount of money into your account. This money is not a deposit or a service fee, it\u2019s your money that pays your bill. As long as you have at least one penny in your account, your electricity remains on.<\/p>\n<p>As you compare different prepaid services across Texas, be aware of the fine print. Many companies offer competitive rates, but they\u2019re tied to long-term contracts and the rates often escalate after a few months. With Pronto Power, there are no contracts or fine print. The rates advertised are the rates you receive. As you compare rates, you will also notice that Pronto Power has lower rates than any other electricity provider. In fact, Pronto Power\u2019s rates are the lowest in Texas!<\/p>\n<h2>The power of the smart meter<\/h2>\n<p>The interactive app you use to add funds to your account and check your balance allows you to track your smart meter in real time. You can see exactly how much electricity you\u2019re using simply by opening the app from anywhere. You\u2019re in charge of how much electricity you consume and you can make immediate changes to save money. It has been proven that consumers who have direct control of their power usage tend to use less electricity and save more money.<\/p>\n<p>Give Pronto Power a call today at 844 621-2852 to begin keeping your budget on track with Austin\u2019s best prepaid power provider, Pronto Power.<\/p>\n<p><\/p>","protected":false},"excerpt":{"rendered":"<p>Paying your bills each month can be stressful, and, to make matters worse, the amounts you owe tend to fluctuate. It can be difficult to estimate your living costs from one month to the next. If only you could budget your bills a little more reliably. Enter Pronto Power, Austin\u2019s prepaid power leader. With our &hellip; <a href=\"https:\/\/powermepronto.com\/en\/switch-to-budget-friendly-austin-prepaid-power\/\" class=\"more-link\">Continue reading <span class=\"screen-reader-text\">Switch to Budget-Friendly Austin Prepaid Power<\/span><\/a><\/p>\n","protected":false},"author":1,"featured_media":0,"parent":0,"menu_order":0,"comment_status":"closed","ping_status":"closed","template":"","meta":{"_acf_changed":false,"_glsr_average":0,"_glsr_ranking":0,"_glsr_reviews":0,"footnotes":"","_links_to":"","_links_to_target":""},"class_list":["post-4312","page","type-page","status-publish","hentry"],"acf":[],"yoast_head":"<!-- This site is optimized with the Yoast SEO plugin v27.4 - https:\/\/yoast.com\/product\/yoast-seo-wordpress\/ -->\n<title>Switch to Budget-Friendly Austin Prepaid Power  - Pronto Power<\/title>\n<meta name=\"robots\" content=\"index, follow, max-snippet:-1, max-image-preview:large, max-video-preview:-1\" \/>\n<link rel=\"canonical\" href=\"https:\/\/powermepronto.com\/switch-to-budget-friendly-austin-prepaid-power\/\" \/>\n<meta property=\"og:locale\" content=\"en_US\" \/>\n<meta property=\"og:type\" content=\"article\" \/>\n<meta property=\"og:title\" content=\"[:en] Switch to Budget-Friendly Austin Prepaid Power [:es] C\u00e1mbiate a la energ\u00eda prepagada de Austin econ\u00f3mica[:] - Pronto Power\" \/>\n<meta property=\"og:description\" content=\"Paying your bills each month can be stressful, and, to make matters worse, the amounts you owe tend to fluctuate. It can be difficult to estimate your living costs from one month to the next. If only you could budget your bills a little more reliably. Enter Pronto Power, Austin\u2019s prepaid power leader. With our &hellip; Continue reading Switch to Budget-Friendly Austin Prepaid Power\" \/>\n<meta property=\"og:url\" content=\"https:\/\/powermepronto.com\/switch-to-budget-friendly-austin-prepaid-power\/\" \/>\n<meta property=\"og:site_name\" content=\"Pronto Power\" \/>\n<meta name=\"twitter:card\" content=\"summary_large_image\" \/>\n<meta name=\"twitter:label1\" content=\"Est. reading time\" \/>\n\t<meta name=\"twitter:data1\" content=\"4 minutes\" \/>\n<script type=\"application\/ld+json\" class=\"yoast-schema-graph\">{\"@context\":\"https:\\\/\\\/schema.org\",\"@graph\":[{\"@type\":\"WebPage\",\"@id\":\"https:\\\/\\\/powermepronto.com\\\/switch-to-budget-friendly-austin-prepaid-power\\\/\",\"url\":\"https:\\\/\\\/powermepronto.com\\\/switch-to-budget-friendly-austin-prepaid-power\\\/\",\"name\":\"[:en] Switch to Budget-Friendly Austin Prepaid Power [:es] C\u00e1mbiate a la energ\u00eda prepagada de Austin econ\u00f3mica[:] - Pronto Power\",\"isPartOf\":{\"@id\":\"https:\\\/\\\/powermepronto.com\\\/en\\\/#website\"},\"datePublished\":\"2025-06-10T14:04:03+00:00\",\"breadcrumb\":{\"@id\":\"https:\\\/\\\/powermepronto.com\\\/switch-to-budget-friendly-austin-prepaid-power\\\/#breadcrumb\"},\"inLanguage\":\"en-US\",\"potentialAction\":[{\"@type\":\"ReadAction\",\"target\":[\"https:\\\/\\\/powermepronto.com\\\/switch-to-budget-friendly-austin-prepaid-power\\\/\"]}]},{\"@type\":\"BreadcrumbList\",\"@id\":\"https:\\\/\\\/powermepronto.com\\\/switch-to-budget-friendly-austin-prepaid-power\\\/#breadcrumb\",\"itemListElement\":[{\"@type\":\"ListItem\",\"position\":1,\"name\":\"Home\",\"item\":\"https:\\\/\\\/powermepronto.com\\\/en\\\/\"},{\"@type\":\"ListItem\",\"position\":2,\"name\":\"Switch to Budget-Friendly Austin Prepaid Power\"}]},{\"@type\":\"WebSite\",\"@id\":\"https:\\\/\\\/powermepronto.com\\\/en\\\/#website\",\"url\":\"https:\\\/\\\/powermepronto.com\\\/en\\\/\",\"name\":\"Pronto Power\",\"description\":\"\",\"potentialAction\":[{\"@type\":\"SearchAction\",\"target\":{\"@type\":\"EntryPoint\",\"urlTemplate\":\"https:\\\/\\\/powermepronto.com\\\/en\\\/?s={search_term_string}\"},\"query-input\":{\"@type\":\"PropertyValueSpecification\",\"valueRequired\":true,\"valueName\":\"search_term_string\"}}],\"inLanguage\":\"en-US\"}]}<\/script>\n<!-- \/ Yoast SEO plugin. -->","yoast_head_json":{"title":"[:en] Switch to Budget-Friendly Austin Prepaid Power [:es] C\u00e1mbiate a la energ\u00eda prepagada de Austin econ\u00f3mica[:] - Pronto Power","robots":{"index":"index","follow":"follow","max-snippet":"max-snippet:-1","max-image-preview":"max-image-preview:large","max-video-preview":"max-video-preview:-1"},"canonical":"https:\/\/powermepronto.com\/switch-to-budget-friendly-austin-prepaid-power\/","og_locale":"en_US","og_type":"article","og_title":"[:en] Switch to Budget-Friendly Austin Prepaid Power [:es] C\u00e1mbiate a la energ\u00eda prepagada de Austin econ\u00f3mica[:] - Pronto Power","og_description":"Paying your bills each month can be stressful, and, to make matters worse, the amounts you owe tend to fluctuate. It can be difficult to estimate your living costs from one month to the next. If only you could budget your bills a little more reliably. Enter Pronto Power, Austin\u2019s prepaid power leader. With our &hellip; Continue reading Switch to Budget-Friendly Austin Prepaid Power","og_url":"https:\/\/powermepronto.com\/switch-to-budget-friendly-austin-prepaid-power\/","og_site_name":"Pronto Power","twitter_card":"summary_large_image","twitter_misc":{"Est. reading time":"4 minutes"},"schema":{"@context":"https:\/\/schema.org","@graph":[{"@type":"WebPage","@id":"https:\/\/powermepronto.com\/switch-to-budget-friendly-austin-prepaid-power\/","url":"https:\/\/powermepronto.com\/switch-to-budget-friendly-austin-prepaid-power\/","name":"[:en] Switch to Budget-Friendly Austin Prepaid Power [:es] C\u00e1mbiate a la energ\u00eda prepagada de Austin econ\u00f3mica[:] - Pronto Power","isPartOf":{"@id":"https:\/\/powermepronto.com\/en\/#website"},"datePublished":"2025-06-10T14:04:03+00:00","breadcrumb":{"@id":"https:\/\/powermepronto.com\/switch-to-budget-friendly-austin-prepaid-power\/#breadcrumb"},"inLanguage":"en-US","potentialAction":[{"@type":"ReadAction","target":["https:\/\/powermepronto.com\/switch-to-budget-friendly-austin-prepaid-power\/"]}]},{"@type":"BreadcrumbList","@id":"https:\/\/powermepronto.com\/switch-to-budget-friendly-austin-prepaid-power\/#breadcrumb","itemListElement":[{"@type":"ListItem","position":1,"name":"Home","item":"https:\/\/powermepronto.com\/en\/"},{"@type":"ListItem","position":2,"name":"Switch to Budget-Friendly Austin Prepaid Power"}]},{"@type":"WebSite","@id":"https:\/\/powermepronto.com\/en\/#website","url":"https:\/\/powermepronto.com\/en\/","name":"Pronto Power","description":"","potentialAction":[{"@type":"SearchAction","target":{"@type":"EntryPoint","urlTemplate":"https:\/\/powermepronto.com\/en\/?s={search_term_string}"},"query-input":{"@type":"PropertyValueSpecification","valueRequired":true,"valueName":"search_term_string"}}],"inLanguage":"en-US"}]}},"_links":{"self":[{"href":"https:\/\/powermepronto.com\/en\/wp-json\/wp\/v2\/pages\/4312","targetHints":{"allow":["GET"]}}],"collection":[{"href":"https:\/\/powermepronto.com\/en\/wp-json\/wp\/v2\/pages"}],"about":[{"href":"https:\/\/powermepronto.com\/en\/wp-json\/wp\/v2\/types\/page"}],"author":[{"embeddable":true,"href":"https:\/\/powermepronto.com\/en\/wp-json\/wp\/v2\/users\/1"}],"replies":[{"embeddable":true,"href":"https:\/\/powermepronto.com\/en\/wp-json\/wp\/v2\/comments?post=4312"}],"version-history":[{"count":1,"href":"https:\/\/powermepronto.com\/en\/wp-json\/wp\/v2\/pages\/4312\/revisions"}],"predecessor-version":[{"id":4313,"href":"https:\/\/powermepronto.com\/en\/wp-json\/wp\/v2\/pages\/4312\/revisions\/4313"}],"wp:attachment":[{"href":"https:\/\/powermepronto.com\/en\/wp-json\/wp\/v2\/media?parent=4312"}],"curies":[{"name":"wp","href":"https:\/\/api.w.org\/{rel}","templated":true}]}}