{"id":4257,"date":"2025-03-18T10:38:51","date_gmt":"2025-03-18T15:38:51","guid":{"rendered":"https:\/\/powermepronto.com\/?page_id=4257"},"modified":"2025-03-18T10:45:40","modified_gmt":"2025-03-18T15:45:40","slug":"get-lake-worth-no-credit-check-power-within-the-hour","status":"publish","type":"page","link":"https:\/\/powermepronto.com\/en\/get-lake-worth-no-credit-check-power-within-the-hour\/","title":{"rendered":"Get Lake Worth No Credit Check Power within the Hour"},"content":{"rendered":"<p>Pronto Power has more than excellent service; they have fast, excellent service. With a motto like \u201cPower Within the Hour\u201d, you know your service will be delivered faster than driving through rush hour traffic. Contact your Lake Worth no credit check power company, Pronto Power, today to learn whether you qualify for Power Within the Hour.<\/p>\n<h2>Lightning fast service<\/h2>\n<p>With 98% of customer homes in Texas wired to a smart meter, Pronto Power is confident they can connect your service quickly. By the time you finish speaking with our customer service team to set up service, you may already have power!<\/p>\n<h2>No credit check<\/h2>\n<p>Most utility companies insist on running a credit check before you begin service to see if you require a deposit. If your credit score is below a certain level, you might see a sizable out of pocket expense. With Pronto Power\u2019s prepaid plan, you won\u2019t have to give us a social security number to run a credit check because we don\u2019t run credit checks on our prepaid customers. And that means no deposit to begin service.<\/p>\n<p>How can we do that? With prepaid service, you pay for service before it is used rather than at the end of the billing cycle. Because you never owe money, you never have to pay a deposit to prove you are a good customer.<\/p>\n<p>Along with no deposit, Pronto Power also does not charge its customers a start-up fee, a month in advance, or any other hidden fees. It really is that simple.<\/p>\n<p>Your out of pocket expenses to begin service consist of a small amount of money you place in your account. This is not a deposit. This is your money you use to pay for service. You will also learn how to use an interactive app to allow you to add funds to your account, check your usage in real time, and talk to Pronto Power&#8217;s customer service team. This app will connect to your bank account to allow you to quickly add funds at your convenience. Every morning you will receive a text or email &#8211; or both &#8211; explaining how much remains in your account. You make the decision to add funds today or to wait a while.<\/p>\n<p>Some months are tougher than others and we realize that. If you find you are unable to add funds to your account when it is low, contact Pronto Power\u2019s customer service before 1:00 and your bill can be defrayed until your next paycheck at no charge to you.<\/p>\n<p>When you are ready to begin saving money with Lake Worth\u2019s no credit check power provider, Pronto Power, give us a call at <a href=\"tel:888 621-2852\">888 621-2852<\/a>. We look forward to hearing from you!<\/p>\n<p><\/p>","protected":false},"excerpt":{"rendered":"<p>Pronto Power has more than excellent service; they have fast, excellent service. With a motto like \u201cPower Within the Hour\u201d, you know your service will be delivered faster than driving through rush hour traffic. Contact your Lake Worth no credit check power company, Pronto Power, today to learn whether you qualify for Power Within the &hellip; <a href=\"https:\/\/powermepronto.com\/en\/get-lake-worth-no-credit-check-power-within-the-hour\/\" class=\"more-link\">Continue reading <span class=\"screen-reader-text\">Get Lake Worth No Credit Check Power within the Hour<\/span><\/a><\/p>\n","protected":false},"author":1,"featured_media":0,"parent":0,"menu_order":0,"comment_status":"closed","ping_status":"closed","template":"","meta":{"_acf_changed":false,"_glsr_average":0,"_glsr_ranking":0,"_glsr_reviews":0,"footnotes":"","_links_to":"","_links_to_target":""},"class_list":["post-4257","page","type-page","status-publish","hentry"],"acf":[],"yoast_head":"<!-- This site is optimized with the Yoast SEO plugin v27.4 - https:\/\/yoast.com\/product\/yoast-seo-wordpress\/ -->\n<title>Get Lake Worth No Credit Check Power within the Hour - Pronto Power<\/title>\n<meta name=\"robots\" content=\"index, follow, max-snippet:-1, max-image-preview:large, max-video-preview:-1\" \/>\n<link rel=\"canonical\" href=\"https:\/\/powermepronto.com\/get-lake-worth-no-credit-check-power-within-the-hour\/\" \/>\n<meta property=\"og:locale\" content=\"en_US\" \/>\n<meta property=\"og:type\" content=\"article\" \/>\n<meta property=\"og:title\" content=\"[:en]Get Lake Worth No Credit Check Power within the Hour[:es]Obtenga energ\u00eda de Lake Worth sin verificaci\u00f3n de cr\u00e9dito en una hora[:] - Pronto Power\" \/>\n<meta property=\"og:description\" content=\"Pronto Power has more than excellent service; they have fast, excellent service. With a motto like \u201cPower Within the Hour\u201d, you know your service will be delivered faster than driving through rush hour traffic. Contact your Lake Worth no credit check power company, Pronto Power, today to learn whether you qualify for Power Within the &hellip; Continue reading Get Lake Worth No Credit Check Power within the Hour\" \/>\n<meta property=\"og:url\" content=\"https:\/\/powermepronto.com\/get-lake-worth-no-credit-check-power-within-the-hour\/\" \/>\n<meta property=\"og:site_name\" content=\"Pronto Power\" \/>\n<meta property=\"article:modified_time\" content=\"2025-03-18T15:45:40+00:00\" \/>\n<meta name=\"twitter:card\" content=\"summary_large_image\" \/>\n<meta name=\"twitter:label1\" content=\"Est. reading time\" \/>\n\t<meta name=\"twitter:data1\" content=\"5 minutes\" \/>\n<script type=\"application\/ld+json\" class=\"yoast-schema-graph\">{\"@context\":\"https:\\\/\\\/schema.org\",\"@graph\":[{\"@type\":\"WebPage\",\"@id\":\"https:\\\/\\\/powermepronto.com\\\/get-lake-worth-no-credit-check-power-within-the-hour\\\/\",\"url\":\"https:\\\/\\\/powermepronto.com\\\/get-lake-worth-no-credit-check-power-within-the-hour\\\/\",\"name\":\"[:en]Get Lake Worth No Credit Check Power within the Hour[:es]Obtenga energ\u00eda de Lake Worth sin verificaci\u00f3n de cr\u00e9dito en una hora[:] - Pronto Power\",\"isPartOf\":{\"@id\":\"https:\\\/\\\/powermepronto.com\\\/en\\\/#website\"},\"datePublished\":\"2025-03-18T15:38:51+00:00\",\"dateModified\":\"2025-03-18T15:45:40+00:00\",\"breadcrumb\":{\"@id\":\"https:\\\/\\\/powermepronto.com\\\/get-lake-worth-no-credit-check-power-within-the-hour\\\/#breadcrumb\"},\"inLanguage\":\"en-US\",\"potentialAction\":[{\"@type\":\"ReadAction\",\"target\":[\"https:\\\/\\\/powermepronto.com\\\/get-lake-worth-no-credit-check-power-within-the-hour\\\/\"]}]},{\"@type\":\"BreadcrumbList\",\"@id\":\"https:\\\/\\\/powermepronto.com\\\/get-lake-worth-no-credit-check-power-within-the-hour\\\/#breadcrumb\",\"itemListElement\":[{\"@type\":\"ListItem\",\"position\":1,\"name\":\"Home\",\"item\":\"https:\\\/\\\/powermepronto.com\\\/en\\\/\"},{\"@type\":\"ListItem\",\"position\":2,\"name\":\"Get Lake Worth No Credit Check Power within the Hour\"}]},{\"@type\":\"WebSite\",\"@id\":\"https:\\\/\\\/powermepronto.com\\\/en\\\/#website\",\"url\":\"https:\\\/\\\/powermepronto.com\\\/en\\\/\",\"name\":\"Pronto Power\",\"description\":\"\",\"potentialAction\":[{\"@type\":\"SearchAction\",\"target\":{\"@type\":\"EntryPoint\",\"urlTemplate\":\"https:\\\/\\\/powermepronto.com\\\/en\\\/?s={search_term_string}\"},\"query-input\":{\"@type\":\"PropertyValueSpecification\",\"valueRequired\":true,\"valueName\":\"search_term_string\"}}],\"inLanguage\":\"en-US\"}]}<\/script>\n<!-- \/ Yoast SEO plugin. -->","yoast_head_json":{"title":"[:en]Get Lake Worth No Credit Check Power within the Hour[:es]Obtenga energ\u00eda de Lake Worth sin verificaci\u00f3n de cr\u00e9dito en una hora[:] - Pronto Power","robots":{"index":"index","follow":"follow","max-snippet":"max-snippet:-1","max-image-preview":"max-image-preview:large","max-video-preview":"max-video-preview:-1"},"canonical":"https:\/\/powermepronto.com\/get-lake-worth-no-credit-check-power-within-the-hour\/","og_locale":"en_US","og_type":"article","og_title":"[:en]Get Lake Worth No Credit Check Power within the Hour[:es]Obtenga energ\u00eda de Lake Worth sin verificaci\u00f3n de cr\u00e9dito en una hora[:] - Pronto Power","og_description":"Pronto Power has more than excellent service; they have fast, excellent service. With a motto like \u201cPower Within the Hour\u201d, you know your service will be delivered faster than driving through rush hour traffic. Contact your Lake Worth no credit check power company, Pronto Power, today to learn whether you qualify for Power Within the &hellip; Continue reading Get Lake Worth No Credit Check Power within the Hour","og_url":"https:\/\/powermepronto.com\/get-lake-worth-no-credit-check-power-within-the-hour\/","og_site_name":"Pronto Power","article_modified_time":"2025-03-18T15:45:40+00:00","twitter_card":"summary_large_image","twitter_misc":{"Est. reading time":"5 minutes"},"schema":{"@context":"https:\/\/schema.org","@graph":[{"@type":"WebPage","@id":"https:\/\/powermepronto.com\/get-lake-worth-no-credit-check-power-within-the-hour\/","url":"https:\/\/powermepronto.com\/get-lake-worth-no-credit-check-power-within-the-hour\/","name":"[:en]Get Lake Worth No Credit Check Power within the Hour[:es]Obtenga energ\u00eda de Lake Worth sin verificaci\u00f3n de cr\u00e9dito en una hora[:] - Pronto Power","isPartOf":{"@id":"https:\/\/powermepronto.com\/en\/#website"},"datePublished":"2025-03-18T15:38:51+00:00","dateModified":"2025-03-18T15:45:40+00:00","breadcrumb":{"@id":"https:\/\/powermepronto.com\/get-lake-worth-no-credit-check-power-within-the-hour\/#breadcrumb"},"inLanguage":"en-US","potentialAction":[{"@type":"ReadAction","target":["https:\/\/powermepronto.com\/get-lake-worth-no-credit-check-power-within-the-hour\/"]}]},{"@type":"BreadcrumbList","@id":"https:\/\/powermepronto.com\/get-lake-worth-no-credit-check-power-within-the-hour\/#breadcrumb","itemListElement":[{"@type":"ListItem","position":1,"name":"Home","item":"https:\/\/powermepronto.com\/en\/"},{"@type":"ListItem","position":2,"name":"Get Lake Worth No Credit Check Power within the Hour"}]},{"@type":"WebSite","@id":"https:\/\/powermepronto.com\/en\/#website","url":"https:\/\/powermepronto.com\/en\/","name":"Pronto Power","description":"","potentialAction":[{"@type":"SearchAction","target":{"@type":"EntryPoint","urlTemplate":"https:\/\/powermepronto.com\/en\/?s={search_term_string}"},"query-input":{"@type":"PropertyValueSpecification","valueRequired":true,"valueName":"search_term_string"}}],"inLanguage":"en-US"}]}},"_links":{"self":[{"href":"https:\/\/powermepronto.com\/en\/wp-json\/wp\/v2\/pages\/4257","targetHints":{"allow":["GET"]}}],"collection":[{"href":"https:\/\/powermepronto.com\/en\/wp-json\/wp\/v2\/pages"}],"about":[{"href":"https:\/\/powermepronto.com\/en\/wp-json\/wp\/v2\/types\/page"}],"author":[{"embeddable":true,"href":"https:\/\/powermepronto.com\/en\/wp-json\/wp\/v2\/users\/1"}],"replies":[{"embeddable":true,"href":"https:\/\/powermepronto.com\/en\/wp-json\/wp\/v2\/comments?post=4257"}],"version-history":[{"count":1,"href":"https:\/\/powermepronto.com\/en\/wp-json\/wp\/v2\/pages\/4257\/revisions"}],"predecessor-version":[{"id":4260,"href":"https:\/\/powermepronto.com\/en\/wp-json\/wp\/v2\/pages\/4257\/revisions\/4260"}],"wp:attachment":[{"href":"https:\/\/powermepronto.com\/en\/wp-json\/wp\/v2\/media?parent=4257"}],"curies":[{"name":"wp","href":"https:\/\/api.w.org\/{rel}","templated":true}]}}