{"id":4003,"date":"2024-02-06T13:07:15","date_gmt":"2024-02-06T19:07:15","guid":{"rendered":"https:\/\/powermepronto.com\/?page_id=4003"},"modified":"2024-02-06T13:07:15","modified_gmt":"2024-02-06T19:07:15","slug":"no-credit-check-get-fort-worth-prepaid-power-in-a-flash","status":"publish","type":"page","link":"https:\/\/powermepronto.com\/en\/get-the-cheapest-prepaid-electricity-in-fort-worth\/no-credit-check-get-fort-worth-prepaid-power-in-a-flash\/","title":{"rendered":"No Credit Check: Get Fort Worth Prepaid Power in a Flash"},"content":{"rendered":"<p><span style=\"font-weight: 400;\"><\/span><\/p>\n<p><span style=\"font-weight: 400;\">You have a choice of many electrical service providers in Fort Worth, but very few of them offer service without a credit check. That is one of the many perks you receive as a Pronto Power customer. Your Fort Worth prepaid power provider, Pronto Power, never asks for a social security number to begin service or run a credit check since you pay for your service as you use it.<\/span><\/p>\n<h2><b>No hidden fees<\/b><\/h2>\n<p><span style=\"font-weight: 400;\">Beginning service with most utility providers means you are forced to pay a deposit, a month in advance, connection fees, service fees, equipment fees, et cetera. At Pronto Power, we do not ask for any of those fees, and your bill amount is never a shock since you have access to your account with a free app you can check any time you want. The app also allows you to check your balance, your electricity usage, pay your bill, and text with a customer service representative.\u00a0<\/span><\/p>\n<h2><b>Daily check-ins<\/b><\/h2>\n<p><span style=\"font-weight: 400;\">Every morning at 7:00 you receive a text, email, or both letting you know how much you owe. If your account is low, you can pay via the app or by calling our toll free number &#8211; 844-621-2852. As long as your account contains at least one cent, your electricity remains on.\u00a0<\/span><\/p>\n<p><span style=\"font-weight: 400;\">We also understand life happens, and sometimes your finances do not allow you to pay when your account is low. Call one of our customer service representatives before 1:00 when your account is running out of funds. and we will be happy to defer your bill until your next paycheck at no additional fee.\u00a0<\/span><\/p>\n<h2><b>Learn to control your electrical usage<\/b><\/h2>\n<p><span style=\"font-weight: 400;\">We teach our customers how to read their smart meters from this app on their phones \u2013 look at the app to see how quickly your smart meter is running. When the heater kicks on, watch the meter click over more quickly. Turn the heater to a lower temperature and the numbers move more slowly. Studies prove that customers who are aware of how they consume electricity tend to use less, and that leads to a lower electric bill.\u00a0<\/span><\/p>\n<p><span style=\"font-weight: 400;\">The texting aspect of your app is a great way to contact customer service if you have a question. Let us know how we can better serve you whether it is to answer a question or pay a bill.\u00a0<\/span><\/p>\n<h2><b>How fast can I begin service?<\/b><\/h2>\n<p><span style=\"font-weight: 400;\">Call the best electricity provider in Fort Worth, Pronto Power, today at 844-621-2852. As long as your home is equipped with a smart meter (98% of all homes in Texas are) we can have your service transferred from another provider in under an hour.\u00a0<\/span><\/p>\n<p><span style=\"font-weight: 400;\">We ask for a small amount upfront for you to add to your account. This is not a deposit or a service connection fee. This is money for you to pay for your electric usage. Add more money every time it falls below a certain amount, or every morning, or once a week\u2026you pay on your schedule. We will be glad to answer any questions you have and look forward to having you as our next Pronto Power customer.<\/span><\/p>\n<p>&nbsp;<\/p>\n<p><span style=\"font-weight: 400;\"><\/p>","protected":false},"excerpt":{"rendered":"<p>You have a choice of many electrical service providers in Fort Worth, but very few of them offer service without a credit check. That is one of the many perks you receive as a Pronto Power customer. Your Fort Worth prepaid power provider, Pronto Power, never asks for a social security number to begin service &hellip; <a href=\"https:\/\/powermepronto.com\/en\/get-the-cheapest-prepaid-electricity-in-fort-worth\/no-credit-check-get-fort-worth-prepaid-power-in-a-flash\/\" class=\"more-link\">Continue reading <span class=\"screen-reader-text\">No Credit Check: Get Fort Worth Prepaid Power in a Flash<\/span><\/a><\/p>\n","protected":false},"author":1,"featured_media":0,"parent":3712,"menu_order":0,"comment_status":"closed","ping_status":"closed","template":"","meta":{"_acf_changed":false,"_glsr_average":0,"_glsr_ranking":0,"_glsr_reviews":0,"footnotes":"","_links_to":"","_links_to_target":""},"class_list":["post-4003","page","type-page","status-publish","hentry"],"acf":[],"yoast_head":"<!-- This site is optimized with the Yoast SEO plugin v27.4 - https:\/\/yoast.com\/product\/yoast-seo-wordpress\/ -->\n<title>No Credit Check: Get Fort Worth Prepaid Power in a Flash - Pronto Power<\/title>\n<meta name=\"description\" content=\"Call the best electricity provider in Fort Worth, Pronto Power, today at 844-621-2852.\" \/>\n<meta name=\"robots\" content=\"index, follow, max-snippet:-1, max-image-preview:large, max-video-preview:-1\" \/>\n<link rel=\"canonical\" href=\"https:\/\/powermepronto.com\/get-the-cheapest-prepaid-electricity-in-fort-worth\/no-credit-check-get-fort-worth-prepaid-power-in-a-flash\/\" \/>\n<meta property=\"og:locale\" content=\"en_US\" \/>\n<meta property=\"og:type\" content=\"article\" \/>\n<meta property=\"og:title\" content=\"[:en]No Credit Check: Get Fort Worth Prepaid Power in a Flash[:es]Sin Verificaci\u00f3n de Cr\u00e9dito: Obtenga Energ\u00eda Prepagada de Fort Worth en un Instante[:] - Pronto Power\" \/>\n<meta property=\"og:description\" content=\"Call the best electricity provider in Fort Worth, Pronto Power, today at 844-621-2852.\" \/>\n<meta property=\"og:url\" content=\"https:\/\/powermepronto.com\/get-the-cheapest-prepaid-electricity-in-fort-worth\/no-credit-check-get-fort-worth-prepaid-power-in-a-flash\/\" \/>\n<meta property=\"og:site_name\" content=\"Pronto Power\" \/>\n<meta name=\"twitter:card\" content=\"summary_large_image\" \/>\n<meta name=\"twitter:label1\" content=\"Est. reading time\" \/>\n\t<meta name=\"twitter:data1\" content=\"5 minutes\" \/>\n<script type=\"application\/ld+json\" class=\"yoast-schema-graph\">{\"@context\":\"https:\\\/\\\/schema.org\",\"@graph\":[{\"@type\":\"WebPage\",\"@id\":\"https:\\\/\\\/powermepronto.com\\\/get-the-cheapest-prepaid-electricity-in-fort-worth\\\/no-credit-check-get-fort-worth-prepaid-power-in-a-flash\\\/\",\"url\":\"https:\\\/\\\/powermepronto.com\\\/get-the-cheapest-prepaid-electricity-in-fort-worth\\\/no-credit-check-get-fort-worth-prepaid-power-in-a-flash\\\/\",\"name\":\"[:en]No Credit Check: Get Fort Worth Prepaid Power in a Flash[:es]Sin Verificaci\u00f3n de Cr\u00e9dito: Obtenga Energ\u00eda Prepagada de Fort Worth en un Instante[:] - Pronto Power\",\"isPartOf\":{\"@id\":\"https:\\\/\\\/powermepronto.com\\\/en\\\/#website\"},\"datePublished\":\"2024-02-06T19:07:15+00:00\",\"description\":\"Call the best electricity provider in Fort Worth, Pronto Power, today at 844-621-2852.\",\"breadcrumb\":{\"@id\":\"https:\\\/\\\/powermepronto.com\\\/get-the-cheapest-prepaid-electricity-in-fort-worth\\\/no-credit-check-get-fort-worth-prepaid-power-in-a-flash\\\/#breadcrumb\"},\"inLanguage\":\"en-US\",\"potentialAction\":[{\"@type\":\"ReadAction\",\"target\":[\"https:\\\/\\\/powermepronto.com\\\/get-the-cheapest-prepaid-electricity-in-fort-worth\\\/no-credit-check-get-fort-worth-prepaid-power-in-a-flash\\\/\"]}]},{\"@type\":\"BreadcrumbList\",\"@id\":\"https:\\\/\\\/powermepronto.com\\\/get-the-cheapest-prepaid-electricity-in-fort-worth\\\/no-credit-check-get-fort-worth-prepaid-power-in-a-flash\\\/#breadcrumb\",\"itemListElement\":[{\"@type\":\"ListItem\",\"position\":1,\"name\":\"Home\",\"item\":\"https:\\\/\\\/powermepronto.com\\\/en\\\/\"},{\"@type\":\"ListItem\",\"position\":2,\"name\":\"Get the Cheapest Prepaid Electricity in Fort Worth\",\"item\":\"https:\\\/\\\/powermepronto.com\\\/get-the-cheapest-prepaid-electricity-in-fort-worth\\\/\"},{\"@type\":\"ListItem\",\"position\":3,\"name\":\"No Credit Check: Get Fort Worth Prepaid Power in a Flash\"}]},{\"@type\":\"WebSite\",\"@id\":\"https:\\\/\\\/powermepronto.com\\\/en\\\/#website\",\"url\":\"https:\\\/\\\/powermepronto.com\\\/en\\\/\",\"name\":\"Pronto Power\",\"description\":\"\",\"potentialAction\":[{\"@type\":\"SearchAction\",\"target\":{\"@type\":\"EntryPoint\",\"urlTemplate\":\"https:\\\/\\\/powermepronto.com\\\/en\\\/?s={search_term_string}\"},\"query-input\":{\"@type\":\"PropertyValueSpecification\",\"valueRequired\":true,\"valueName\":\"search_term_string\"}}],\"inLanguage\":\"en-US\"}]}<\/script>\n<!-- \/ Yoast SEO plugin. -->","yoast_head_json":{"title":"[:en]No Credit Check: Get Fort Worth Prepaid Power in a Flash[:es]Sin Verificaci\u00f3n de Cr\u00e9dito: Obtenga Energ\u00eda Prepagada de Fort Worth en un Instante[:] - Pronto Power","description":"Call the best electricity provider in Fort Worth, Pronto Power, today at 844-621-2852.","robots":{"index":"index","follow":"follow","max-snippet":"max-snippet:-1","max-image-preview":"max-image-preview:large","max-video-preview":"max-video-preview:-1"},"canonical":"https:\/\/powermepronto.com\/get-the-cheapest-prepaid-electricity-in-fort-worth\/no-credit-check-get-fort-worth-prepaid-power-in-a-flash\/","og_locale":"en_US","og_type":"article","og_title":"[:en]No Credit Check: Get Fort Worth Prepaid Power in a Flash[:es]Sin Verificaci\u00f3n de Cr\u00e9dito: Obtenga Energ\u00eda Prepagada de Fort Worth en un Instante[:] - Pronto Power","og_description":"Call the best electricity provider in Fort Worth, Pronto Power, today at 844-621-2852.","og_url":"https:\/\/powermepronto.com\/get-the-cheapest-prepaid-electricity-in-fort-worth\/no-credit-check-get-fort-worth-prepaid-power-in-a-flash\/","og_site_name":"Pronto Power","twitter_card":"summary_large_image","twitter_misc":{"Est. reading time":"5 minutes"},"schema":{"@context":"https:\/\/schema.org","@graph":[{"@type":"WebPage","@id":"https:\/\/powermepronto.com\/get-the-cheapest-prepaid-electricity-in-fort-worth\/no-credit-check-get-fort-worth-prepaid-power-in-a-flash\/","url":"https:\/\/powermepronto.com\/get-the-cheapest-prepaid-electricity-in-fort-worth\/no-credit-check-get-fort-worth-prepaid-power-in-a-flash\/","name":"[:en]No Credit Check: Get Fort Worth Prepaid Power in a Flash[:es]Sin Verificaci\u00f3n de Cr\u00e9dito: Obtenga Energ\u00eda Prepagada de Fort Worth en un Instante[:] - Pronto Power","isPartOf":{"@id":"https:\/\/powermepronto.com\/en\/#website"},"datePublished":"2024-02-06T19:07:15+00:00","description":"Call the best electricity provider in Fort Worth, Pronto Power, today at 844-621-2852.","breadcrumb":{"@id":"https:\/\/powermepronto.com\/get-the-cheapest-prepaid-electricity-in-fort-worth\/no-credit-check-get-fort-worth-prepaid-power-in-a-flash\/#breadcrumb"},"inLanguage":"en-US","potentialAction":[{"@type":"ReadAction","target":["https:\/\/powermepronto.com\/get-the-cheapest-prepaid-electricity-in-fort-worth\/no-credit-check-get-fort-worth-prepaid-power-in-a-flash\/"]}]},{"@type":"BreadcrumbList","@id":"https:\/\/powermepronto.com\/get-the-cheapest-prepaid-electricity-in-fort-worth\/no-credit-check-get-fort-worth-prepaid-power-in-a-flash\/#breadcrumb","itemListElement":[{"@type":"ListItem","position":1,"name":"Home","item":"https:\/\/powermepronto.com\/en\/"},{"@type":"ListItem","position":2,"name":"Get the Cheapest Prepaid Electricity in Fort Worth","item":"https:\/\/powermepronto.com\/get-the-cheapest-prepaid-electricity-in-fort-worth\/"},{"@type":"ListItem","position":3,"name":"No Credit Check: Get Fort Worth Prepaid Power in a Flash"}]},{"@type":"WebSite","@id":"https:\/\/powermepronto.com\/en\/#website","url":"https:\/\/powermepronto.com\/en\/","name":"Pronto Power","description":"","potentialAction":[{"@type":"SearchAction","target":{"@type":"EntryPoint","urlTemplate":"https:\/\/powermepronto.com\/en\/?s={search_term_string}"},"query-input":{"@type":"PropertyValueSpecification","valueRequired":true,"valueName":"search_term_string"}}],"inLanguage":"en-US"}]}},"_links":{"self":[{"href":"https:\/\/powermepronto.com\/en\/wp-json\/wp\/v2\/pages\/4003","targetHints":{"allow":["GET"]}}],"collection":[{"href":"https:\/\/powermepronto.com\/en\/wp-json\/wp\/v2\/pages"}],"about":[{"href":"https:\/\/powermepronto.com\/en\/wp-json\/wp\/v2\/types\/page"}],"author":[{"embeddable":true,"href":"https:\/\/powermepronto.com\/en\/wp-json\/wp\/v2\/users\/1"}],"replies":[{"embeddable":true,"href":"https:\/\/powermepronto.com\/en\/wp-json\/wp\/v2\/comments?post=4003"}],"version-history":[{"count":1,"href":"https:\/\/powermepronto.com\/en\/wp-json\/wp\/v2\/pages\/4003\/revisions"}],"predecessor-version":[{"id":4004,"href":"https:\/\/powermepronto.com\/en\/wp-json\/wp\/v2\/pages\/4003\/revisions\/4004"}],"up":[{"embeddable":true,"href":"https:\/\/powermepronto.com\/en\/wp-json\/wp\/v2\/pages\/3712"}],"wp:attachment":[{"href":"https:\/\/powermepronto.com\/en\/wp-json\/wp\/v2\/media?parent=4003"}],"curies":[{"name":"wp","href":"https:\/\/api.w.org\/{rel}","templated":true}]}}