{"id":3955,"date":"2023-12-11T13:48:14","date_gmt":"2023-12-11T19:48:14","guid":{"rendered":"https:\/\/powermepronto.com\/?page_id=3955"},"modified":"2023-12-11T13:48:14","modified_gmt":"2023-12-11T19:48:14","slug":"enjoy-arlington-prepaid-power-without-the-credit-check","status":"publish","type":"page","link":"https:\/\/powermepronto.com\/en\/enjoy-arlington-prepaid-power-without-the-credit-check\/","title":{"rendered":"Enjoy Arlington Prepaid Power Without the Credit Check"},"content":{"rendered":"<p><span style=\"font-weight: 400;\"><\/span><\/p>\n<p>&nbsp;<\/p>\n<p><span style=\"font-weight: 400;\">You have heard of prepaid power, but you really don\u2019t know what \u201cprepaid power\u201d means. For most consumers, paying the electric bill is difficult. Every month the bills arrive and you dread opening the envelope, sure the bill will be much higher than what you want to pay. But with Arlington prepaid power leader Pronto Power, worrying about what you will pay is a thing of the past.\u00a0<\/span><\/p>\n<p>&nbsp;<\/p>\n<h2><b>What is prepaid power?<\/b><\/h2>\n<p><span style=\"font-weight: 400;\">With prepaid power, you pay what you can afford on a schedule you are comfortable paying. You can pay a little every day, once a week, or once a month. As long as your account shows at least one cent in it, your electricity will continue to flow. This is how it works: when you sign up for Pronto Power\u2019s Arlington prepaid power plan, you pay a small amount in advance. This amount is not a deposit. It is the money you use to pay for your electricity.\u00a0<\/span><\/p>\n<p>&nbsp;<\/p>\n<p><span style=\"font-weight: 400;\">As you use power, the amount of money in your account decreases. Every morning you receive a text or email letting you know how much money remains on your account. You decide whether it is time to add more funds or not. This pay-as-you-go program means your bill is current at the end of the billing cycle \u2013 no surprises!\u00a0<\/span><\/p>\n<p>&nbsp;<\/p>\n<h2><b>How do I sign up for Pronto Power\u2019s prepaid plan?<\/b><\/h2>\n<p><span style=\"font-weight: 400;\">Signing up for Arlington\u2019s prepaid power company, Pronto Power, is super easy. In fact, as long as you have a smart meter, you can usually be connected within an hour with a company offering Arlington\u2019s lowest prepaid electric rates along with excellent customer service.\u00a0<\/span><\/p>\n<p><span style=\"font-weight: 400;\">Pronto Power really does have it all, and we give you the care you deserve. We base our reputation on it because we never have our customers sign a contract for any amount of time. You are free to leave any time you please, but we strive to keep our customers happy.\u00a0\u00a0<\/span><\/p>\n<p>&nbsp;<\/p>\n<h2><b>Be in charge of your energy usage<\/b><\/h2>\n<p><span style=\"font-weight: 400;\">Another advantage Pronto Power gives you is the ability to look at your meter in real time from an app on your phone. You can see how much power you are using when the air conditioner is running vs. using a fan and decide which you would rather use.\u00a0\u00a0<\/span><\/p>\n<p>&nbsp;<\/p>\n<p><span style=\"font-weight: 400;\">Some months are much hotter or colder than others, and your energy use changes over time. If you experience any trouble paying your bill, contact us as soon as possible. We will create a flexible payment plan specific to your needs. Say goodbye to contracts and deposits and hello to extraordinary customer service and Arlington\u2019s prepaid power company, Pronto Power. You\u2019ll be glad you switched.<\/span><\/p>\n<p>&nbsp;<\/p>\n<p><span style=\"font-weight: 400;\">","protected":false},"excerpt":{"rendered":"<p>&nbsp; You have heard of prepaid power, but you really don\u2019t know what \u201cprepaid power\u201d means. For most consumers, paying the electric bill is difficult. Every month the bills arrive and you dread opening the envelope, sure the bill will be much higher than what you want to pay. But with Arlington prepaid power leader &hellip; <a href=\"https:\/\/powermepronto.com\/en\/enjoy-arlington-prepaid-power-without-the-credit-check\/\" class=\"more-link\">Continue reading <span class=\"screen-reader-text\">Enjoy Arlington Prepaid Power Without the Credit Check<\/span><\/a><\/p>\n","protected":false},"author":1,"featured_media":0,"parent":0,"menu_order":0,"comment_status":"closed","ping_status":"closed","template":"","meta":{"_acf_changed":false,"_glsr_average":0,"_glsr_ranking":0,"_glsr_reviews":0,"footnotes":"","_links_to":"","_links_to_target":""},"class_list":["post-3955","page","type-page","status-publish","hentry"],"acf":[],"yoast_head":"<!-- This site is optimized with the Yoast SEO plugin v27.5 - https:\/\/yoast.com\/product\/yoast-seo-wordpress\/ -->\n<title>Enjoy Arlington Prepaid Power Without the Credit Check - Pronto Power<\/title>\n<meta name=\"description\" content=\"Say goodbye to contracts and deposits and hello to extraordinary customer service and Arlington\u2019s prepaid power company, Pronto Power.\" \/>\n<meta name=\"robots\" content=\"index, follow, max-snippet:-1, max-image-preview:large, max-video-preview:-1\" \/>\n<link rel=\"canonical\" href=\"https:\/\/powermepronto.com\/enjoy-arlington-prepaid-power-without-the-credit-check\/\" \/>\n<meta property=\"og:locale\" content=\"en_US\" \/>\n<meta property=\"og:type\" content=\"article\" \/>\n<meta property=\"og:title\" content=\"[:en]Enjoy Arlington Prepaid Power Without the Credit Check[:es]Disfrute De La Energ\u00eda Prepaga De Arlington Sin Verificaci\u00f3n de Cr\u00e9dito[:] - Pronto Power\" \/>\n<meta property=\"og:description\" content=\"Say goodbye to contracts and deposits and hello to extraordinary customer service and Arlington\u2019s prepaid power company, Pronto Power.\" \/>\n<meta property=\"og:url\" content=\"https:\/\/powermepronto.com\/enjoy-arlington-prepaid-power-without-the-credit-check\/\" \/>\n<meta property=\"og:site_name\" content=\"Pronto Power\" \/>\n<meta name=\"twitter:card\" content=\"summary_large_image\" \/>\n<meta name=\"twitter:label1\" content=\"Est. reading time\" \/>\n\t<meta name=\"twitter:data1\" content=\"4 minutes\" \/>\n<script type=\"application\/ld+json\" class=\"yoast-schema-graph\">{\"@context\":\"https:\\\/\\\/schema.org\",\"@graph\":[{\"@type\":\"WebPage\",\"@id\":\"https:\\\/\\\/powermepronto.com\\\/enjoy-arlington-prepaid-power-without-the-credit-check\\\/\",\"url\":\"https:\\\/\\\/powermepronto.com\\\/enjoy-arlington-prepaid-power-without-the-credit-check\\\/\",\"name\":\"[:en]Enjoy Arlington Prepaid Power Without the Credit Check[:es]Disfrute De La Energ\u00eda Prepaga De Arlington Sin Verificaci\u00f3n de Cr\u00e9dito[:] - Pronto Power\",\"isPartOf\":{\"@id\":\"https:\\\/\\\/powermepronto.com\\\/en\\\/#website\"},\"datePublished\":\"2023-12-11T19:48:14+00:00\",\"description\":\"Say goodbye to contracts and deposits and hello to extraordinary customer service and Arlington\u2019s prepaid power company, Pronto Power.\",\"breadcrumb\":{\"@id\":\"https:\\\/\\\/powermepronto.com\\\/enjoy-arlington-prepaid-power-without-the-credit-check\\\/#breadcrumb\"},\"inLanguage\":\"en-US\",\"potentialAction\":[{\"@type\":\"ReadAction\",\"target\":[\"https:\\\/\\\/powermepronto.com\\\/enjoy-arlington-prepaid-power-without-the-credit-check\\\/\"]}]},{\"@type\":\"BreadcrumbList\",\"@id\":\"https:\\\/\\\/powermepronto.com\\\/enjoy-arlington-prepaid-power-without-the-credit-check\\\/#breadcrumb\",\"itemListElement\":[{\"@type\":\"ListItem\",\"position\":1,\"name\":\"Home\",\"item\":\"https:\\\/\\\/powermepronto.com\\\/en\\\/\"},{\"@type\":\"ListItem\",\"position\":2,\"name\":\"Enjoy Arlington Prepaid Power Without the Credit Check\"}]},{\"@type\":\"WebSite\",\"@id\":\"https:\\\/\\\/powermepronto.com\\\/en\\\/#website\",\"url\":\"https:\\\/\\\/powermepronto.com\\\/en\\\/\",\"name\":\"Pronto Power\",\"description\":\"\",\"potentialAction\":[{\"@type\":\"SearchAction\",\"target\":{\"@type\":\"EntryPoint\",\"urlTemplate\":\"https:\\\/\\\/powermepronto.com\\\/en\\\/?s={search_term_string}\"},\"query-input\":{\"@type\":\"PropertyValueSpecification\",\"valueRequired\":true,\"valueName\":\"search_term_string\"}}],\"inLanguage\":\"en-US\"}]}<\/script>\n<!-- \/ Yoast SEO plugin. -->","yoast_head_json":{"title":"[:en]Enjoy Arlington Prepaid Power Without the Credit Check[:es]Disfrute De La Energ\u00eda Prepaga De Arlington Sin Verificaci\u00f3n de Cr\u00e9dito[:] - Pronto Power","description":"Say goodbye to contracts and deposits and hello to extraordinary customer service and Arlington\u2019s prepaid power company, Pronto Power.","robots":{"index":"index","follow":"follow","max-snippet":"max-snippet:-1","max-image-preview":"max-image-preview:large","max-video-preview":"max-video-preview:-1"},"canonical":"https:\/\/powermepronto.com\/enjoy-arlington-prepaid-power-without-the-credit-check\/","og_locale":"en_US","og_type":"article","og_title":"[:en]Enjoy Arlington Prepaid Power Without the Credit Check[:es]Disfrute De La Energ\u00eda Prepaga De Arlington Sin Verificaci\u00f3n de Cr\u00e9dito[:] - Pronto Power","og_description":"Say goodbye to contracts and deposits and hello to extraordinary customer service and Arlington\u2019s prepaid power company, Pronto Power.","og_url":"https:\/\/powermepronto.com\/enjoy-arlington-prepaid-power-without-the-credit-check\/","og_site_name":"Pronto Power","twitter_card":"summary_large_image","twitter_misc":{"Est. reading time":"4 minutes"},"schema":{"@context":"https:\/\/schema.org","@graph":[{"@type":"WebPage","@id":"https:\/\/powermepronto.com\/enjoy-arlington-prepaid-power-without-the-credit-check\/","url":"https:\/\/powermepronto.com\/enjoy-arlington-prepaid-power-without-the-credit-check\/","name":"[:en]Enjoy Arlington Prepaid Power Without the Credit Check[:es]Disfrute De La Energ\u00eda Prepaga De Arlington Sin Verificaci\u00f3n de Cr\u00e9dito[:] - Pronto Power","isPartOf":{"@id":"https:\/\/powermepronto.com\/en\/#website"},"datePublished":"2023-12-11T19:48:14+00:00","description":"Say goodbye to contracts and deposits and hello to extraordinary customer service and Arlington\u2019s prepaid power company, Pronto Power.","breadcrumb":{"@id":"https:\/\/powermepronto.com\/enjoy-arlington-prepaid-power-without-the-credit-check\/#breadcrumb"},"inLanguage":"en-US","potentialAction":[{"@type":"ReadAction","target":["https:\/\/powermepronto.com\/enjoy-arlington-prepaid-power-without-the-credit-check\/"]}]},{"@type":"BreadcrumbList","@id":"https:\/\/powermepronto.com\/enjoy-arlington-prepaid-power-without-the-credit-check\/#breadcrumb","itemListElement":[{"@type":"ListItem","position":1,"name":"Home","item":"https:\/\/powermepronto.com\/en\/"},{"@type":"ListItem","position":2,"name":"Enjoy Arlington Prepaid Power Without the Credit Check"}]},{"@type":"WebSite","@id":"https:\/\/powermepronto.com\/en\/#website","url":"https:\/\/powermepronto.com\/en\/","name":"Pronto Power","description":"","potentialAction":[{"@type":"SearchAction","target":{"@type":"EntryPoint","urlTemplate":"https:\/\/powermepronto.com\/en\/?s={search_term_string}"},"query-input":{"@type":"PropertyValueSpecification","valueRequired":true,"valueName":"search_term_string"}}],"inLanguage":"en-US"}]}},"_links":{"self":[{"href":"https:\/\/powermepronto.com\/en\/wp-json\/wp\/v2\/pages\/3955","targetHints":{"allow":["GET"]}}],"collection":[{"href":"https:\/\/powermepronto.com\/en\/wp-json\/wp\/v2\/pages"}],"about":[{"href":"https:\/\/powermepronto.com\/en\/wp-json\/wp\/v2\/types\/page"}],"author":[{"embeddable":true,"href":"https:\/\/powermepronto.com\/en\/wp-json\/wp\/v2\/users\/1"}],"replies":[{"embeddable":true,"href":"https:\/\/powermepronto.com\/en\/wp-json\/wp\/v2\/comments?post=3955"}],"version-history":[{"count":1,"href":"https:\/\/powermepronto.com\/en\/wp-json\/wp\/v2\/pages\/3955\/revisions"}],"predecessor-version":[{"id":3956,"href":"https:\/\/powermepronto.com\/en\/wp-json\/wp\/v2\/pages\/3955\/revisions\/3956"}],"wp:attachment":[{"href":"https:\/\/powermepronto.com\/en\/wp-json\/wp\/v2\/media?parent=3955"}],"curies":[{"name":"wp","href":"https:\/\/api.w.org\/{rel}","templated":true}]}}