{"id":3849,"date":"2023-08-10T08:12:26","date_gmt":"2023-08-10T13:12:26","guid":{"rendered":"https:\/\/powermepronto.com\/?page_id=3849"},"modified":"2023-08-10T08:12:26","modified_gmt":"2023-08-10T13:12:26","slug":"cheaper-than-all-other-royse-city-prepaid-electric-companies","status":"publish","type":"page","link":"https:\/\/powermepronto.com\/en\/cheaper-than-all-other-royse-city-prepaid-electric-companies\/","title":{"rendered":"Cheaper Than All Other Royse City Prepaid Electric Companies"},"content":{"rendered":"<p><span style=\"font-weight: 400;\"><\/span><\/p>\n<p>&nbsp;<\/p>\n<p><span style=\"font-weight: 400;\">Are you tired of overpaying for electricity in Royse City, Texas? Pronto Power is the answer \u2013 we offer residents of Royse City cheap rates on prepaid power with no deposit, no credit check and no contract. We also have great customer service, and our reps can help you online, over the phone or via text message.<\/span><\/p>\n<p>&nbsp;<\/p>\n<h2><b>Why Switch Companies?<\/b><\/h2>\n<p><span style=\"font-weight: 400;\">Are you looking for an electricity plan that is reliable and cost-effective? With Pronto Power, you can get competitive rates, no deposit, no credit check, and no contract. Plus, our customer service agents will help you navigate your electricity plan so that you get the best cost-savings possible.<\/span><\/p>\n<p>&nbsp;<\/p>\n<h2><b>No Deposit or Credit Check<\/b><\/h2>\n<p><span style=\"font-weight: 400;\">No more worrying about paying large deposits or getting your credit checked. At Pronto Power, you don&#8217;t need a credit check or a deposit to sign up. Get the power you need without the inconvenience of expensive deposits or a credit check. Pronto Power also doesn&#8217;t require any long-term contracts. We\u2019re confident that you\u2019ll want to stay with us, so we don\u2019t hold you to a contract.\u00a0<\/span><\/p>\n<p>&nbsp;<\/p>\n<h2><b>Great Customer Service<\/b><\/h2>\n<p><span style=\"font-weight: 400;\">At Pronto Power, we believe in providing our customers with the best service possible. Our friendly customer service agents are available to answer any questions you may have about your electricity plan. You can contact us online, over the phone or via text message, and our reps will help you get set up quickly and efficiently.<\/span><\/p>\n<p>&nbsp;<\/p>\n<h2><b>Competitive Rates<\/b><\/h2>\n<p><span style=\"font-weight: 400;\">With Pronto Power, you can get some of the lowest electric rates available in Royse City. Our competitive rates help to ensure that you&#8217;re getting the most cost savings possible.<\/span><\/p>\n<p>&nbsp;<\/p>\n<p><span style=\"font-weight: 400;\">Don&#8217;t wait \u2013 sign up with Pronto Power today to get the cheap prepaid power rates that you deserve. No credit check or deposit is required, and you can enjoy flexible payment options. Plus, our customer service agents will help you get the most out of your electricity plan. If you have any questions about how Pronto Power can help you get the cost savings you&#8217;re looking for on your electricity bill, don&#8217;t hesitate to contact us. We&#8217;re always here to help.\u00a0<\/span><\/p>\n<p>&nbsp;<\/p>\n<p><span style=\"font-weight: 400;\">","protected":false},"excerpt":{"rendered":"<p>&nbsp; Are you tired of overpaying for electricity in Royse City, Texas? Pronto Power is the answer \u2013 we offer residents of Royse City cheap rates on prepaid power with no deposit, no credit check and no contract. We also have great customer service, and our reps can help you online, over the phone or &hellip; <a href=\"https:\/\/powermepronto.com\/en\/cheaper-than-all-other-royse-city-prepaid-electric-companies\/\" class=\"more-link\">Continue reading <span class=\"screen-reader-text\">Cheaper Than All Other Royse City Prepaid Electric Companies<\/span><\/a><\/p>\n","protected":false},"author":1,"featured_media":0,"parent":0,"menu_order":0,"comment_status":"closed","ping_status":"closed","template":"","meta":{"_acf_changed":false,"_glsr_average":0,"_glsr_ranking":0,"_glsr_reviews":0,"footnotes":"","_links_to":"","_links_to_target":""},"class_list":["post-3849","page","type-page","status-publish","hentry"],"acf":[],"yoast_head":"<!-- This site is optimized with the Yoast SEO plugin v27.5 - https:\/\/yoast.com\/product\/yoast-seo-wordpress\/ -->\n<title>Cheaper Than All Other Royse City Prepaid Electric Companies - Pronto Power<\/title>\n<meta name=\"robots\" content=\"index, follow, max-snippet:-1, max-image-preview:large, max-video-preview:-1\" \/>\n<link rel=\"canonical\" href=\"https:\/\/powermepronto.com\/cheaper-than-all-other-royse-city-prepaid-electric-companies\/\" \/>\n<meta property=\"og:locale\" content=\"en_US\" \/>\n<meta property=\"og:type\" content=\"article\" \/>\n<meta property=\"og:title\" content=\"[:en]Cheaper Than All Other Royse City Prepaid Electric Companies[:es]M\u00e1s Barato Que Todas las Dem\u00e1s Compa\u00f1\u00edas El\u00e9ctricas Prepagas de Royse City[:] - Pronto Power\" \/>\n<meta property=\"og:description\" content=\"&nbsp; Are you tired of overpaying for electricity in Royse City, Texas? Pronto Power is the answer \u2013 we offer residents of Royse City cheap rates on prepaid power with no deposit, no credit check and no contract. We also have great customer service, and our reps can help you online, over the phone or &hellip; Continue reading Cheaper Than All Other Royse City Prepaid Electric Companies\" \/>\n<meta property=\"og:url\" content=\"https:\/\/powermepronto.com\/cheaper-than-all-other-royse-city-prepaid-electric-companies\/\" \/>\n<meta property=\"og:site_name\" content=\"Pronto Power\" \/>\n<meta name=\"twitter:card\" content=\"summary_large_image\" \/>\n<meta name=\"twitter:label1\" content=\"Est. reading time\" \/>\n\t<meta name=\"twitter:data1\" content=\"4 minutes\" \/>\n<script type=\"application\/ld+json\" class=\"yoast-schema-graph\">{\"@context\":\"https:\\\/\\\/schema.org\",\"@graph\":[{\"@type\":\"WebPage\",\"@id\":\"https:\\\/\\\/powermepronto.com\\\/cheaper-than-all-other-royse-city-prepaid-electric-companies\\\/\",\"url\":\"https:\\\/\\\/powermepronto.com\\\/cheaper-than-all-other-royse-city-prepaid-electric-companies\\\/\",\"name\":\"[:en]Cheaper Than All Other Royse City Prepaid Electric Companies[:es]M\u00e1s Barato Que Todas las Dem\u00e1s Compa\u00f1\u00edas El\u00e9ctricas Prepagas de Royse City[:] - Pronto Power\",\"isPartOf\":{\"@id\":\"https:\\\/\\\/powermepronto.com\\\/en\\\/#website\"},\"datePublished\":\"2023-08-10T13:12:26+00:00\",\"breadcrumb\":{\"@id\":\"https:\\\/\\\/powermepronto.com\\\/cheaper-than-all-other-royse-city-prepaid-electric-companies\\\/#breadcrumb\"},\"inLanguage\":\"en-US\",\"potentialAction\":[{\"@type\":\"ReadAction\",\"target\":[\"https:\\\/\\\/powermepronto.com\\\/cheaper-than-all-other-royse-city-prepaid-electric-companies\\\/\"]}]},{\"@type\":\"BreadcrumbList\",\"@id\":\"https:\\\/\\\/powermepronto.com\\\/cheaper-than-all-other-royse-city-prepaid-electric-companies\\\/#breadcrumb\",\"itemListElement\":[{\"@type\":\"ListItem\",\"position\":1,\"name\":\"Home\",\"item\":\"https:\\\/\\\/powermepronto.com\\\/en\\\/\"},{\"@type\":\"ListItem\",\"position\":2,\"name\":\"Cheaper Than All Other Royse City Prepaid Electric Companies\"}]},{\"@type\":\"WebSite\",\"@id\":\"https:\\\/\\\/powermepronto.com\\\/en\\\/#website\",\"url\":\"https:\\\/\\\/powermepronto.com\\\/en\\\/\",\"name\":\"Pronto Power\",\"description\":\"\",\"potentialAction\":[{\"@type\":\"SearchAction\",\"target\":{\"@type\":\"EntryPoint\",\"urlTemplate\":\"https:\\\/\\\/powermepronto.com\\\/en\\\/?s={search_term_string}\"},\"query-input\":{\"@type\":\"PropertyValueSpecification\",\"valueRequired\":true,\"valueName\":\"search_term_string\"}}],\"inLanguage\":\"en-US\"}]}<\/script>\n<!-- \/ Yoast SEO plugin. -->","yoast_head_json":{"title":"[:en]Cheaper Than All Other Royse City Prepaid Electric Companies[:es]M\u00e1s Barato Que Todas las Dem\u00e1s Compa\u00f1\u00edas El\u00e9ctricas Prepagas de Royse City[:] - Pronto Power","robots":{"index":"index","follow":"follow","max-snippet":"max-snippet:-1","max-image-preview":"max-image-preview:large","max-video-preview":"max-video-preview:-1"},"canonical":"https:\/\/powermepronto.com\/cheaper-than-all-other-royse-city-prepaid-electric-companies\/","og_locale":"en_US","og_type":"article","og_title":"[:en]Cheaper Than All Other Royse City Prepaid Electric Companies[:es]M\u00e1s Barato Que Todas las Dem\u00e1s Compa\u00f1\u00edas El\u00e9ctricas Prepagas de Royse City[:] - Pronto Power","og_description":"&nbsp; Are you tired of overpaying for electricity in Royse City, Texas? Pronto Power is the answer \u2013 we offer residents of Royse City cheap rates on prepaid power with no deposit, no credit check and no contract. We also have great customer service, and our reps can help you online, over the phone or &hellip; Continue reading Cheaper Than All Other Royse City Prepaid Electric Companies","og_url":"https:\/\/powermepronto.com\/cheaper-than-all-other-royse-city-prepaid-electric-companies\/","og_site_name":"Pronto Power","twitter_card":"summary_large_image","twitter_misc":{"Est. reading time":"4 minutes"},"schema":{"@context":"https:\/\/schema.org","@graph":[{"@type":"WebPage","@id":"https:\/\/powermepronto.com\/cheaper-than-all-other-royse-city-prepaid-electric-companies\/","url":"https:\/\/powermepronto.com\/cheaper-than-all-other-royse-city-prepaid-electric-companies\/","name":"[:en]Cheaper Than All Other Royse City Prepaid Electric Companies[:es]M\u00e1s Barato Que Todas las Dem\u00e1s Compa\u00f1\u00edas El\u00e9ctricas Prepagas de Royse City[:] - Pronto Power","isPartOf":{"@id":"https:\/\/powermepronto.com\/en\/#website"},"datePublished":"2023-08-10T13:12:26+00:00","breadcrumb":{"@id":"https:\/\/powermepronto.com\/cheaper-than-all-other-royse-city-prepaid-electric-companies\/#breadcrumb"},"inLanguage":"en-US","potentialAction":[{"@type":"ReadAction","target":["https:\/\/powermepronto.com\/cheaper-than-all-other-royse-city-prepaid-electric-companies\/"]}]},{"@type":"BreadcrumbList","@id":"https:\/\/powermepronto.com\/cheaper-than-all-other-royse-city-prepaid-electric-companies\/#breadcrumb","itemListElement":[{"@type":"ListItem","position":1,"name":"Home","item":"https:\/\/powermepronto.com\/en\/"},{"@type":"ListItem","position":2,"name":"Cheaper Than All Other Royse City Prepaid Electric Companies"}]},{"@type":"WebSite","@id":"https:\/\/powermepronto.com\/en\/#website","url":"https:\/\/powermepronto.com\/en\/","name":"Pronto Power","description":"","potentialAction":[{"@type":"SearchAction","target":{"@type":"EntryPoint","urlTemplate":"https:\/\/powermepronto.com\/en\/?s={search_term_string}"},"query-input":{"@type":"PropertyValueSpecification","valueRequired":true,"valueName":"search_term_string"}}],"inLanguage":"en-US"}]}},"_links":{"self":[{"href":"https:\/\/powermepronto.com\/en\/wp-json\/wp\/v2\/pages\/3849","targetHints":{"allow":["GET"]}}],"collection":[{"href":"https:\/\/powermepronto.com\/en\/wp-json\/wp\/v2\/pages"}],"about":[{"href":"https:\/\/powermepronto.com\/en\/wp-json\/wp\/v2\/types\/page"}],"author":[{"embeddable":true,"href":"https:\/\/powermepronto.com\/en\/wp-json\/wp\/v2\/users\/1"}],"replies":[{"embeddable":true,"href":"https:\/\/powermepronto.com\/en\/wp-json\/wp\/v2\/comments?post=3849"}],"version-history":[{"count":1,"href":"https:\/\/powermepronto.com\/en\/wp-json\/wp\/v2\/pages\/3849\/revisions"}],"predecessor-version":[{"id":3850,"href":"https:\/\/powermepronto.com\/en\/wp-json\/wp\/v2\/pages\/3849\/revisions\/3850"}],"wp:attachment":[{"href":"https:\/\/powermepronto.com\/en\/wp-json\/wp\/v2\/media?parent=3849"}],"curies":[{"name":"wp","href":"https:\/\/api.w.org\/{rel}","templated":true}]}}