{"id":3847,"date":"2023-08-10T08:09:56","date_gmt":"2023-08-10T13:09:56","guid":{"rendered":"https:\/\/powermepronto.com\/?page_id=3847"},"modified":"2023-08-10T08:09:56","modified_gmt":"2023-08-10T13:09:56","slug":"get-no-deposit-electricity-with-a-prosper-prepaid-power-company","status":"publish","type":"page","link":"https:\/\/powermepronto.com\/en\/get-no-deposit-electricity-with-a-prosper-prepaid-power-company\/","title":{"rendered":"Get No Deposit Electricity with a Prosper Prepaid Power Company"},"content":{"rendered":"<p><span style=\"font-weight: 400;\"><\/span><\/p>\n<p>&nbsp;<\/p>\n<p><span style=\"font-weight: 400;\">Pronto Power is your go-to source for no deposit electricity in Prosper. We strive to offer the lowest rates and the most flexible payment options on prepaid electricity in the area. With Pronto Power, you can rest assured that you&#8217;re getting the best deal on prepaid electricity. Best of all, we guarantee fast, friendly customer service anytime you need help.<\/span><\/p>\n<p>&nbsp;<\/p>\n<h2><b>No Deposit, No Credit Check<\/b><\/h2>\n<p><span style=\"font-weight: 400;\">At Pronto Power, we make it easy to get the electricity you need without having to jump through hoops. With no deposit, no credit check and no contract, you can get your power fast without ever having to worry about the rising cost of electricity.<\/span><\/p>\n<p>&nbsp;<\/p>\n<h2><b>Great Customer Service<\/b><\/h2>\n<p><span style=\"font-weight: 400;\">At Pronto Power, customer service is our top priority. With us, you&#8217;ll get friendly, personalized customer care every time you reach out for help. Whether you need assistance online, over the phone, or via text message, our friendly and knowledgeable reps are here to help.<\/span><\/p>\n<p>&nbsp;<\/p>\n<h2><b>Unmatched Flexibility<\/b><\/h2>\n<p><span style=\"font-weight: 400;\">Your electricity needs change, so why should your payment plan stay the same? With Pronto Power, you can switch providers anytime you want, without ever being stuck in a long-term contract.<\/span><\/p>\n<p>&nbsp;<\/p>\n<h2><b>Save Time &amp; Money<\/b><\/h2>\n<p><span style=\"font-weight: 400;\">At Pronto Power, you&#8217;ll get the electricity you need faster and at a lower rate than ever before. With our no deposit, no credit check and no contract electricity plan, you can save time and money while still getting the electricity you need.<\/span><\/p>\n<p>&nbsp;<\/p>\n<h2><b>Take the Hassle Out of Electricity<\/b><\/h2>\n<p><span style=\"font-weight: 400;\">At Pronto Power, you can rest assured that you&#8217;re getting the best no deposit, no credit check and no contract electricity plan in Prosper, Texas. With our excellent customer service and unbeatable rates, we make it easy for you to get the electricity you need with no hassle.<\/span><\/p>\n<p>&nbsp;<\/p>\n<p><span style=\"font-weight: 400;\">At Pronto Power, we&#8217;re dedicated to helping our customers save time and money while still getting the quality electricity they need. Our services make it easier than ever to get the electricity you need without having to worry about rising costs or long-term commitments. Get started with Pronto Power today and start saving with no deposit electricity.<\/span><\/p>\n<p>&nbsp;<\/p>\n<p><span style=\"font-weight: 400;\">","protected":false},"excerpt":{"rendered":"<p>&nbsp; Pronto Power is your go-to source for no deposit electricity in Prosper. We strive to offer the lowest rates and the most flexible payment options on prepaid electricity in the area. With Pronto Power, you can rest assured that you&#8217;re getting the best deal on prepaid electricity. Best of all, we guarantee fast, friendly &hellip; <a href=\"https:\/\/powermepronto.com\/en\/get-no-deposit-electricity-with-a-prosper-prepaid-power-company\/\" class=\"more-link\">Continue reading <span class=\"screen-reader-text\">Get No Deposit Electricity with a Prosper Prepaid Power Company<\/span><\/a><\/p>\n","protected":false},"author":1,"featured_media":0,"parent":0,"menu_order":0,"comment_status":"closed","ping_status":"closed","template":"","meta":{"_acf_changed":false,"_glsr_average":0,"_glsr_ranking":0,"_glsr_reviews":0,"footnotes":"","_links_to":"","_links_to_target":""},"class_list":["post-3847","page","type-page","status-publish","hentry"],"acf":[],"yoast_head":"<!-- This site is optimized with the Yoast SEO plugin v27.4 - https:\/\/yoast.com\/product\/yoast-seo-wordpress\/ -->\n<title>Get No Deposit Electricity with a Prosper Prepaid Power Company - Pronto Power<\/title>\n<meta name=\"robots\" content=\"index, follow, max-snippet:-1, max-image-preview:large, max-video-preview:-1\" \/>\n<link rel=\"canonical\" href=\"https:\/\/powermepronto.com\/get-no-deposit-electricity-with-a-prosper-prepaid-power-company\/\" \/>\n<meta property=\"og:locale\" content=\"en_US\" \/>\n<meta property=\"og:type\" content=\"article\" \/>\n<meta property=\"og:title\" content=\"[:en]Get No Deposit Electricity with a Prosper Prepaid Power Company[:es]Obtenga Electricidad Sin Dep\u00f3sito Con Una Compa\u00f1\u00eda De Energ\u00eda Prepaga de Prosper[:] - Pronto Power\" \/>\n<meta property=\"og:description\" content=\"&nbsp; Pronto Power is your go-to source for no deposit electricity in Prosper. We strive to offer the lowest rates and the most flexible payment options on prepaid electricity in the area. With Pronto Power, you can rest assured that you&#8217;re getting the best deal on prepaid electricity. Best of all, we guarantee fast, friendly &hellip; Continue reading Get No Deposit Electricity with a Prosper Prepaid Power Company\" \/>\n<meta property=\"og:url\" content=\"https:\/\/powermepronto.com\/get-no-deposit-electricity-with-a-prosper-prepaid-power-company\/\" \/>\n<meta property=\"og:site_name\" content=\"Pronto Power\" \/>\n<meta name=\"twitter:card\" content=\"summary_large_image\" \/>\n<meta name=\"twitter:label1\" content=\"Est. reading time\" \/>\n\t<meta name=\"twitter:data1\" content=\"4 minutes\" \/>\n<script type=\"application\/ld+json\" class=\"yoast-schema-graph\">{\"@context\":\"https:\\\/\\\/schema.org\",\"@graph\":[{\"@type\":\"WebPage\",\"@id\":\"https:\\\/\\\/powermepronto.com\\\/get-no-deposit-electricity-with-a-prosper-prepaid-power-company\\\/\",\"url\":\"https:\\\/\\\/powermepronto.com\\\/get-no-deposit-electricity-with-a-prosper-prepaid-power-company\\\/\",\"name\":\"[:en]Get No Deposit Electricity with a Prosper Prepaid Power Company[:es]Obtenga Electricidad Sin Dep\u00f3sito Con Una Compa\u00f1\u00eda De Energ\u00eda Prepaga de Prosper[:] - Pronto Power\",\"isPartOf\":{\"@id\":\"https:\\\/\\\/powermepronto.com\\\/en\\\/#website\"},\"datePublished\":\"2023-08-10T13:09:56+00:00\",\"breadcrumb\":{\"@id\":\"https:\\\/\\\/powermepronto.com\\\/get-no-deposit-electricity-with-a-prosper-prepaid-power-company\\\/#breadcrumb\"},\"inLanguage\":\"en-US\",\"potentialAction\":[{\"@type\":\"ReadAction\",\"target\":[\"https:\\\/\\\/powermepronto.com\\\/get-no-deposit-electricity-with-a-prosper-prepaid-power-company\\\/\"]}]},{\"@type\":\"BreadcrumbList\",\"@id\":\"https:\\\/\\\/powermepronto.com\\\/get-no-deposit-electricity-with-a-prosper-prepaid-power-company\\\/#breadcrumb\",\"itemListElement\":[{\"@type\":\"ListItem\",\"position\":1,\"name\":\"Home\",\"item\":\"https:\\\/\\\/powermepronto.com\\\/en\\\/\"},{\"@type\":\"ListItem\",\"position\":2,\"name\":\"Get No Deposit Electricity with a Prosper Prepaid Power Company\"}]},{\"@type\":\"WebSite\",\"@id\":\"https:\\\/\\\/powermepronto.com\\\/en\\\/#website\",\"url\":\"https:\\\/\\\/powermepronto.com\\\/en\\\/\",\"name\":\"Pronto Power\",\"description\":\"\",\"potentialAction\":[{\"@type\":\"SearchAction\",\"target\":{\"@type\":\"EntryPoint\",\"urlTemplate\":\"https:\\\/\\\/powermepronto.com\\\/en\\\/?s={search_term_string}\"},\"query-input\":{\"@type\":\"PropertyValueSpecification\",\"valueRequired\":true,\"valueName\":\"search_term_string\"}}],\"inLanguage\":\"en-US\"}]}<\/script>\n<!-- \/ Yoast SEO plugin. -->","yoast_head_json":{"title":"[:en]Get No Deposit Electricity with a Prosper Prepaid Power Company[:es]Obtenga Electricidad Sin Dep\u00f3sito Con Una Compa\u00f1\u00eda De Energ\u00eda Prepaga de Prosper[:] - Pronto Power","robots":{"index":"index","follow":"follow","max-snippet":"max-snippet:-1","max-image-preview":"max-image-preview:large","max-video-preview":"max-video-preview:-1"},"canonical":"https:\/\/powermepronto.com\/get-no-deposit-electricity-with-a-prosper-prepaid-power-company\/","og_locale":"en_US","og_type":"article","og_title":"[:en]Get No Deposit Electricity with a Prosper Prepaid Power Company[:es]Obtenga Electricidad Sin Dep\u00f3sito Con Una Compa\u00f1\u00eda De Energ\u00eda Prepaga de Prosper[:] - Pronto Power","og_description":"&nbsp; Pronto Power is your go-to source for no deposit electricity in Prosper. We strive to offer the lowest rates and the most flexible payment options on prepaid electricity in the area. With Pronto Power, you can rest assured that you&#8217;re getting the best deal on prepaid electricity. Best of all, we guarantee fast, friendly &hellip; Continue reading Get No Deposit Electricity with a Prosper Prepaid Power Company","og_url":"https:\/\/powermepronto.com\/get-no-deposit-electricity-with-a-prosper-prepaid-power-company\/","og_site_name":"Pronto Power","twitter_card":"summary_large_image","twitter_misc":{"Est. reading time":"4 minutes"},"schema":{"@context":"https:\/\/schema.org","@graph":[{"@type":"WebPage","@id":"https:\/\/powermepronto.com\/get-no-deposit-electricity-with-a-prosper-prepaid-power-company\/","url":"https:\/\/powermepronto.com\/get-no-deposit-electricity-with-a-prosper-prepaid-power-company\/","name":"[:en]Get No Deposit Electricity with a Prosper Prepaid Power Company[:es]Obtenga Electricidad Sin Dep\u00f3sito Con Una Compa\u00f1\u00eda De Energ\u00eda Prepaga de Prosper[:] - Pronto Power","isPartOf":{"@id":"https:\/\/powermepronto.com\/en\/#website"},"datePublished":"2023-08-10T13:09:56+00:00","breadcrumb":{"@id":"https:\/\/powermepronto.com\/get-no-deposit-electricity-with-a-prosper-prepaid-power-company\/#breadcrumb"},"inLanguage":"en-US","potentialAction":[{"@type":"ReadAction","target":["https:\/\/powermepronto.com\/get-no-deposit-electricity-with-a-prosper-prepaid-power-company\/"]}]},{"@type":"BreadcrumbList","@id":"https:\/\/powermepronto.com\/get-no-deposit-electricity-with-a-prosper-prepaid-power-company\/#breadcrumb","itemListElement":[{"@type":"ListItem","position":1,"name":"Home","item":"https:\/\/powermepronto.com\/en\/"},{"@type":"ListItem","position":2,"name":"Get No Deposit Electricity with a Prosper Prepaid Power Company"}]},{"@type":"WebSite","@id":"https:\/\/powermepronto.com\/en\/#website","url":"https:\/\/powermepronto.com\/en\/","name":"Pronto Power","description":"","potentialAction":[{"@type":"SearchAction","target":{"@type":"EntryPoint","urlTemplate":"https:\/\/powermepronto.com\/en\/?s={search_term_string}"},"query-input":{"@type":"PropertyValueSpecification","valueRequired":true,"valueName":"search_term_string"}}],"inLanguage":"en-US"}]}},"_links":{"self":[{"href":"https:\/\/powermepronto.com\/en\/wp-json\/wp\/v2\/pages\/3847","targetHints":{"allow":["GET"]}}],"collection":[{"href":"https:\/\/powermepronto.com\/en\/wp-json\/wp\/v2\/pages"}],"about":[{"href":"https:\/\/powermepronto.com\/en\/wp-json\/wp\/v2\/types\/page"}],"author":[{"embeddable":true,"href":"https:\/\/powermepronto.com\/en\/wp-json\/wp\/v2\/users\/1"}],"replies":[{"embeddable":true,"href":"https:\/\/powermepronto.com\/en\/wp-json\/wp\/v2\/comments?post=3847"}],"version-history":[{"count":1,"href":"https:\/\/powermepronto.com\/en\/wp-json\/wp\/v2\/pages\/3847\/revisions"}],"predecessor-version":[{"id":3848,"href":"https:\/\/powermepronto.com\/en\/wp-json\/wp\/v2\/pages\/3847\/revisions\/3848"}],"wp:attachment":[{"href":"https:\/\/powermepronto.com\/en\/wp-json\/wp\/v2\/media?parent=3847"}],"curies":[{"name":"wp","href":"https:\/\/api.w.org\/{rel}","templated":true}]}}