{"id":3843,"date":"2023-08-10T08:03:53","date_gmt":"2023-08-10T13:03:53","guid":{"rendered":"https:\/\/powermepronto.com\/?page_id=3843"},"modified":"2023-08-10T08:03:53","modified_gmt":"2023-08-10T13:03:53","slug":"switch-to-the-princeton-prepaid-power-company-with-the-cheapest-rates","status":"publish","type":"page","link":"https:\/\/powermepronto.com\/en\/switch-to-the-princeton-prepaid-power-company-with-the-cheapest-rates\/","title":{"rendered":"Switch to the Princeton Prepaid Power Company with the Cheapest Rates"},"content":{"rendered":"<p class=\"p1\"><\/p>\n<p>Are you looking to switch up your power provider but have been put off by the prices or the contracts involved? Consider a switch to Pronto Power, the Princeton prepaid power company with some of the cheapest rates in Texas.<\/p>\n<h2>Introducing Pronto Power<\/h2>\n<p>Pronto Power is a prepaid power company that offers electricity in Texas without the hassle of a contract, a deposit, a credit check or a lengthy sign-up process. Our customers benefit from great customer service, prompt responses to any queries and unbeatable prices.<\/p>\n<h2>No Deposit &amp; No Contract<\/h2>\n<p>We understand that large deposits and binding contracts can be a huge obstacle when you don\u2019t have the time or money to safely commit. That\u2019s why we offer our customers a no deposit, no contract approach to power.<\/p>\n<h2>No Credit Check<\/h2>\n<p>At Pronto Power, we know that your credit doesn\u2019t tell the full story. That\u2019s why nipping out for a credit check is off the table \u2014 we don\u2019t need it anyway. With us, the sign-up process is no longer a bind \u2014 just a few minutes of your time, a simple process and you\u2019re done.<\/p>\n<h2>Best Prices in Texas<\/h2>\n<p>Pronto Power isn\u2019t just here to make your life easier by offering an easier sign-up process than the competition. Our rates are also unbeatable. That\u2019s right; you get to enjoy the cheapest rates in Texas without the costly bills. See our website for more details of our competitive rate guarantee.<\/p>\n<h2>Great Customer Service<\/h2>\n<p>We know it\u2019s more than just about the prices \u2014 that\u2019s why we offer great customer service to our growing customer base. Whether it\u2019s over the phone, online, or via text messaging, our team is always available to answer your questions.<\/p>\n<p>Ready to sign up? At Pronto Power, our sign-up process is super easy; we won\u2019t waste your time with any tedious paperwork or contracts. All you need is to call or fill out an online application and we\u2019ll take care of the rest. Get connected today and start benefiting from the lowest rates and great customer service!<\/p>\n<p>&nbsp;<\/p>\n<p class=\"p1\"><\/p>","protected":false},"excerpt":{"rendered":"<p>Are you looking to switch up your power provider but have been put off by the prices or the contracts involved? Consider a switch to Pronto Power, the Princeton prepaid power company with some of the cheapest rates in Texas. Introducing Pronto Power Pronto Power is a prepaid power company that offers electricity in Texas &hellip; <a href=\"https:\/\/powermepronto.com\/en\/switch-to-the-princeton-prepaid-power-company-with-the-cheapest-rates\/\" class=\"more-link\">Continue reading <span class=\"screen-reader-text\">Switch to the Princeton Prepaid Power Company with the Cheapest Rates<\/span><\/a><\/p>\n","protected":false},"author":1,"featured_media":0,"parent":0,"menu_order":0,"comment_status":"closed","ping_status":"closed","template":"","meta":{"_acf_changed":false,"_glsr_average":0,"_glsr_ranking":0,"_glsr_reviews":0,"footnotes":"","_links_to":"","_links_to_target":""},"class_list":["post-3843","page","type-page","status-publish","hentry"],"acf":[],"yoast_head":"<!-- This site is optimized with the Yoast SEO plugin v27.4 - https:\/\/yoast.com\/product\/yoast-seo-wordpress\/ -->\n<title>Switch to the Princeton Prepaid Power Company with the Cheapest Rates - Pronto Power<\/title>\n<meta name=\"robots\" content=\"index, follow, max-snippet:-1, max-image-preview:large, max-video-preview:-1\" \/>\n<link rel=\"canonical\" href=\"https:\/\/powermepronto.com\/switch-to-the-princeton-prepaid-power-company-with-the-cheapest-rates\/\" \/>\n<meta property=\"og:locale\" content=\"en_US\" \/>\n<meta property=\"og:type\" content=\"article\" \/>\n<meta property=\"og:title\" content=\"[:en]Switch to the Princeton Prepaid Power Company with the Cheapest Rates[:es]C\u00e1mbiese a Princeton Prepaid Power Company Con Las Tarifas M\u00e1s Econ\u00f3micas[:] - Pronto Power\" \/>\n<meta property=\"og:description\" content=\"Are you looking to switch up your power provider but have been put off by the prices or the contracts involved? Consider a switch to Pronto Power, the Princeton prepaid power company with some of the cheapest rates in Texas. Introducing Pronto Power Pronto Power is a prepaid power company that offers electricity in Texas &hellip; Continue reading Switch to the Princeton Prepaid Power Company with the Cheapest Rates\" \/>\n<meta property=\"og:url\" content=\"https:\/\/powermepronto.com\/switch-to-the-princeton-prepaid-power-company-with-the-cheapest-rates\/\" \/>\n<meta property=\"og:site_name\" content=\"Pronto Power\" \/>\n<meta name=\"twitter:card\" content=\"summary_large_image\" \/>\n<meta name=\"twitter:label1\" content=\"Est. reading time\" \/>\n\t<meta name=\"twitter:data1\" content=\"4 minutes\" \/>\n<script type=\"application\/ld+json\" class=\"yoast-schema-graph\">{\"@context\":\"https:\\\/\\\/schema.org\",\"@graph\":[{\"@type\":\"WebPage\",\"@id\":\"https:\\\/\\\/powermepronto.com\\\/switch-to-the-princeton-prepaid-power-company-with-the-cheapest-rates\\\/\",\"url\":\"https:\\\/\\\/powermepronto.com\\\/switch-to-the-princeton-prepaid-power-company-with-the-cheapest-rates\\\/\",\"name\":\"[:en]Switch to the Princeton Prepaid Power Company with the Cheapest Rates[:es]C\u00e1mbiese a Princeton Prepaid Power Company Con Las Tarifas M\u00e1s Econ\u00f3micas[:] - Pronto Power\",\"isPartOf\":{\"@id\":\"https:\\\/\\\/powermepronto.com\\\/en\\\/#website\"},\"datePublished\":\"2023-08-10T13:03:53+00:00\",\"breadcrumb\":{\"@id\":\"https:\\\/\\\/powermepronto.com\\\/switch-to-the-princeton-prepaid-power-company-with-the-cheapest-rates\\\/#breadcrumb\"},\"inLanguage\":\"en-US\",\"potentialAction\":[{\"@type\":\"ReadAction\",\"target\":[\"https:\\\/\\\/powermepronto.com\\\/switch-to-the-princeton-prepaid-power-company-with-the-cheapest-rates\\\/\"]}]},{\"@type\":\"BreadcrumbList\",\"@id\":\"https:\\\/\\\/powermepronto.com\\\/switch-to-the-princeton-prepaid-power-company-with-the-cheapest-rates\\\/#breadcrumb\",\"itemListElement\":[{\"@type\":\"ListItem\",\"position\":1,\"name\":\"Home\",\"item\":\"https:\\\/\\\/powermepronto.com\\\/en\\\/\"},{\"@type\":\"ListItem\",\"position\":2,\"name\":\"Switch to the Princeton Prepaid Power Company with the Cheapest Rates\"}]},{\"@type\":\"WebSite\",\"@id\":\"https:\\\/\\\/powermepronto.com\\\/en\\\/#website\",\"url\":\"https:\\\/\\\/powermepronto.com\\\/en\\\/\",\"name\":\"Pronto Power\",\"description\":\"\",\"potentialAction\":[{\"@type\":\"SearchAction\",\"target\":{\"@type\":\"EntryPoint\",\"urlTemplate\":\"https:\\\/\\\/powermepronto.com\\\/en\\\/?s={search_term_string}\"},\"query-input\":{\"@type\":\"PropertyValueSpecification\",\"valueRequired\":true,\"valueName\":\"search_term_string\"}}],\"inLanguage\":\"en-US\"}]}<\/script>\n<!-- \/ Yoast SEO plugin. -->","yoast_head_json":{"title":"[:en]Switch to the Princeton Prepaid Power Company with the Cheapest Rates[:es]C\u00e1mbiese a Princeton Prepaid Power Company Con Las Tarifas M\u00e1s Econ\u00f3micas[:] - Pronto Power","robots":{"index":"index","follow":"follow","max-snippet":"max-snippet:-1","max-image-preview":"max-image-preview:large","max-video-preview":"max-video-preview:-1"},"canonical":"https:\/\/powermepronto.com\/switch-to-the-princeton-prepaid-power-company-with-the-cheapest-rates\/","og_locale":"en_US","og_type":"article","og_title":"[:en]Switch to the Princeton Prepaid Power Company with the Cheapest Rates[:es]C\u00e1mbiese a Princeton Prepaid Power Company Con Las Tarifas M\u00e1s Econ\u00f3micas[:] - Pronto Power","og_description":"Are you looking to switch up your power provider but have been put off by the prices or the contracts involved? Consider a switch to Pronto Power, the Princeton prepaid power company with some of the cheapest rates in Texas. Introducing Pronto Power Pronto Power is a prepaid power company that offers electricity in Texas &hellip; Continue reading Switch to the Princeton Prepaid Power Company with the Cheapest Rates","og_url":"https:\/\/powermepronto.com\/switch-to-the-princeton-prepaid-power-company-with-the-cheapest-rates\/","og_site_name":"Pronto Power","twitter_card":"summary_large_image","twitter_misc":{"Est. reading time":"4 minutes"},"schema":{"@context":"https:\/\/schema.org","@graph":[{"@type":"WebPage","@id":"https:\/\/powermepronto.com\/switch-to-the-princeton-prepaid-power-company-with-the-cheapest-rates\/","url":"https:\/\/powermepronto.com\/switch-to-the-princeton-prepaid-power-company-with-the-cheapest-rates\/","name":"[:en]Switch to the Princeton Prepaid Power Company with the Cheapest Rates[:es]C\u00e1mbiese a Princeton Prepaid Power Company Con Las Tarifas M\u00e1s Econ\u00f3micas[:] - Pronto Power","isPartOf":{"@id":"https:\/\/powermepronto.com\/en\/#website"},"datePublished":"2023-08-10T13:03:53+00:00","breadcrumb":{"@id":"https:\/\/powermepronto.com\/switch-to-the-princeton-prepaid-power-company-with-the-cheapest-rates\/#breadcrumb"},"inLanguage":"en-US","potentialAction":[{"@type":"ReadAction","target":["https:\/\/powermepronto.com\/switch-to-the-princeton-prepaid-power-company-with-the-cheapest-rates\/"]}]},{"@type":"BreadcrumbList","@id":"https:\/\/powermepronto.com\/switch-to-the-princeton-prepaid-power-company-with-the-cheapest-rates\/#breadcrumb","itemListElement":[{"@type":"ListItem","position":1,"name":"Home","item":"https:\/\/powermepronto.com\/en\/"},{"@type":"ListItem","position":2,"name":"Switch to the Princeton Prepaid Power Company with the Cheapest Rates"}]},{"@type":"WebSite","@id":"https:\/\/powermepronto.com\/en\/#website","url":"https:\/\/powermepronto.com\/en\/","name":"Pronto Power","description":"","potentialAction":[{"@type":"SearchAction","target":{"@type":"EntryPoint","urlTemplate":"https:\/\/powermepronto.com\/en\/?s={search_term_string}"},"query-input":{"@type":"PropertyValueSpecification","valueRequired":true,"valueName":"search_term_string"}}],"inLanguage":"en-US"}]}},"_links":{"self":[{"href":"https:\/\/powermepronto.com\/en\/wp-json\/wp\/v2\/pages\/3843","targetHints":{"allow":["GET"]}}],"collection":[{"href":"https:\/\/powermepronto.com\/en\/wp-json\/wp\/v2\/pages"}],"about":[{"href":"https:\/\/powermepronto.com\/en\/wp-json\/wp\/v2\/types\/page"}],"author":[{"embeddable":true,"href":"https:\/\/powermepronto.com\/en\/wp-json\/wp\/v2\/users\/1"}],"replies":[{"embeddable":true,"href":"https:\/\/powermepronto.com\/en\/wp-json\/wp\/v2\/comments?post=3843"}],"version-history":[{"count":1,"href":"https:\/\/powermepronto.com\/en\/wp-json\/wp\/v2\/pages\/3843\/revisions"}],"predecessor-version":[{"id":3844,"href":"https:\/\/powermepronto.com\/en\/wp-json\/wp\/v2\/pages\/3843\/revisions\/3844"}],"wp:attachment":[{"href":"https:\/\/powermepronto.com\/en\/wp-json\/wp\/v2\/media?parent=3843"}],"curies":[{"name":"wp","href":"https:\/\/api.w.org\/{rel}","templated":true}]}}