{"id":3793,"date":"2023-06-30T09:46:03","date_gmt":"2023-06-30T14:46:03","guid":{"rendered":"https:\/\/powermepronto.com\/?page_id=3793"},"modified":"2023-06-30T09:46:03","modified_gmt":"2023-06-30T14:46:03","slug":"cheapest-garland-prepaid-electricity-provider-with-no-credit-checks","status":"publish","type":"page","link":"https:\/\/powermepronto.com\/en\/cheapest-garland-prepaid-electricity-provider-with-no-credit-checks\/","title":{"rendered":"Cheapest Garland Prepaid Electricity Provider with No Credit Checks"},"content":{"rendered":"<p class=\"p1\"><\/p>\n<p><span style=\"font-weight: 400;\">Pronto Power is the cheapest Garland prepaid electricity provider and the perfect choice for those in need of an electric company who are unable to qualify for traditional services because of their credit score limitations.\u00a0<\/span><\/p>\n<h2><b>No Credit Check<\/b><\/h2>\n<p><span style=\"font-weight: 400;\">Pronto Power\u2019s mission is to provide electricity to all customers, regardless of their credit ratings. They do this by offering an affordable, pay-as-you-go, no-credit check plan that allows you to get electricity in a matter of minutes after signing up for their service.<\/span><\/p>\n<h2><b>Payment Plans<\/b><\/h2>\n<p><span style=\"font-weight: 400;\">As a Garland prepaid electricity company, Pronto Power offers a variety of payment plans to meet the needs of different customers. Each plan allows you to choose a payment cycle and payment date, as well as how much you would like to pay every cycle.\u00a0<\/span><\/p>\n<p><span style=\"font-weight: 400;\">You can choose to pay your estimated energy usage with one, easy-to-understand payment, or you can choose to have payments withdrawn each month on a set date. Pronto Power also doesn\u2019t require a security deposit, making it even more affordable and convenient.<\/span><\/p>\n<h2><b>Low Rates<\/b><\/h2>\n<p><span style=\"font-weight: 400;\">With Pronto Power, you get reliable service that you have come to expect from the #1 Garland prepaid electricity company but at a much lower rate. Pronto Power makes sure to give you energy and quality service that you can trust and expect every time. Plus, Pronto Power also offers a convenient online customer service platform that is available 24\/7 to cater to any customer inquiries or concerns.<\/span><\/p>\n<p><span style=\"font-weight: 400;\">When you sign up for Pronto Power, you can rest easy knowing that you are getting the best electricity for your needs. With no credit check, a pay-as-you-go plan, and no security deposit, Pronto Power is the best and most economical choice for your electricity needs in Garland, Texas.<\/span><\/p>\n<p class=\"p1\"><\/p>","protected":false},"excerpt":{"rendered":"<p>Pronto Power is the cheapest Garland prepaid electricity provider and the perfect choice for those in need of an electric company who are unable to qualify for traditional services because of their credit score limitations.\u00a0 No Credit Check Pronto Power\u2019s mission is to provide electricity to all customers, regardless of their credit ratings. They do &hellip; <a href=\"https:\/\/powermepronto.com\/en\/cheapest-garland-prepaid-electricity-provider-with-no-credit-checks\/\" class=\"more-link\">Continue reading <span class=\"screen-reader-text\">Cheapest Garland Prepaid Electricity Provider with No Credit Checks<\/span><\/a><\/p>\n","protected":false},"author":1,"featured_media":0,"parent":0,"menu_order":0,"comment_status":"closed","ping_status":"closed","template":"","meta":{"_acf_changed":false,"_glsr_average":0,"_glsr_ranking":0,"_glsr_reviews":0,"footnotes":"","_links_to":"","_links_to_target":""},"class_list":["post-3793","page","type-page","status-publish","hentry"],"acf":[],"yoast_head":"<!-- This site is optimized with the Yoast SEO plugin v27.3 - https:\/\/yoast.com\/product\/yoast-seo-wordpress\/ -->\n<title>Cheapest Garland Prepaid Electricity Provider with No Credit Checks - Pronto Power<\/title>\n<meta name=\"description\" content=\"Pronto Power is the best and most economical choice for your electricity needs in Garland, Texas.\" \/>\n<meta name=\"robots\" content=\"index, follow, max-snippet:-1, max-image-preview:large, max-video-preview:-1\" \/>\n<link rel=\"canonical\" href=\"https:\/\/powermepronto.com\/cheapest-garland-prepaid-electricity-provider-with-no-credit-checks\/\" \/>\n<meta property=\"og:locale\" content=\"en_US\" \/>\n<meta property=\"og:type\" content=\"article\" \/>\n<meta property=\"og:title\" content=\"[:en]Cheapest Garland Prepaid Electricity Provider with No Credit Checks[:es]El Proveedor de Electricidad Prepago en Garland M\u00e1s Barato sin Verificaci\u00f3n de Cr\u00e9dito[:] - Pronto Power\" \/>\n<meta property=\"og:description\" content=\"Pronto Power is the best and most economical choice for your electricity needs in Garland, Texas.\" \/>\n<meta property=\"og:url\" content=\"https:\/\/powermepronto.com\/cheapest-garland-prepaid-electricity-provider-with-no-credit-checks\/\" \/>\n<meta property=\"og:site_name\" content=\"Pronto Power\" \/>\n<meta name=\"twitter:card\" content=\"summary_large_image\" \/>\n<meta name=\"twitter:label1\" content=\"Est. reading time\" \/>\n\t<meta name=\"twitter:data1\" content=\"3 minutes\" \/>\n<script type=\"application\/ld+json\" class=\"yoast-schema-graph\">{\"@context\":\"https:\\\/\\\/schema.org\",\"@graph\":[{\"@type\":\"WebPage\",\"@id\":\"https:\\\/\\\/powermepronto.com\\\/cheapest-garland-prepaid-electricity-provider-with-no-credit-checks\\\/\",\"url\":\"https:\\\/\\\/powermepronto.com\\\/cheapest-garland-prepaid-electricity-provider-with-no-credit-checks\\\/\",\"name\":\"[:en]Cheapest Garland Prepaid Electricity Provider with No Credit Checks[:es]El Proveedor de Electricidad Prepago en Garland M\u00e1s Barato sin Verificaci\u00f3n de Cr\u00e9dito[:] - Pronto Power\",\"isPartOf\":{\"@id\":\"https:\\\/\\\/powermepronto.com\\\/en\\\/#website\"},\"datePublished\":\"2023-06-30T14:46:03+00:00\",\"description\":\"Pronto Power is the best and most economical choice for your electricity needs in Garland, Texas.\",\"breadcrumb\":{\"@id\":\"https:\\\/\\\/powermepronto.com\\\/cheapest-garland-prepaid-electricity-provider-with-no-credit-checks\\\/#breadcrumb\"},\"inLanguage\":\"en-US\",\"potentialAction\":[{\"@type\":\"ReadAction\",\"target\":[\"https:\\\/\\\/powermepronto.com\\\/cheapest-garland-prepaid-electricity-provider-with-no-credit-checks\\\/\"]}]},{\"@type\":\"BreadcrumbList\",\"@id\":\"https:\\\/\\\/powermepronto.com\\\/cheapest-garland-prepaid-electricity-provider-with-no-credit-checks\\\/#breadcrumb\",\"itemListElement\":[{\"@type\":\"ListItem\",\"position\":1,\"name\":\"Home\",\"item\":\"https:\\\/\\\/powermepronto.com\\\/en\\\/\"},{\"@type\":\"ListItem\",\"position\":2,\"name\":\"Cheapest Garland Prepaid Electricity Provider with No Credit Checks\"}]},{\"@type\":\"WebSite\",\"@id\":\"https:\\\/\\\/powermepronto.com\\\/en\\\/#website\",\"url\":\"https:\\\/\\\/powermepronto.com\\\/en\\\/\",\"name\":\"Pronto Power\",\"description\":\"\",\"potentialAction\":[{\"@type\":\"SearchAction\",\"target\":{\"@type\":\"EntryPoint\",\"urlTemplate\":\"https:\\\/\\\/powermepronto.com\\\/en\\\/?s={search_term_string}\"},\"query-input\":{\"@type\":\"PropertyValueSpecification\",\"valueRequired\":true,\"valueName\":\"search_term_string\"}}],\"inLanguage\":\"en-US\"}]}<\/script>\n<!-- \/ Yoast SEO plugin. -->","yoast_head_json":{"title":"[:en]Cheapest Garland Prepaid Electricity Provider with No Credit Checks[:es]El Proveedor de Electricidad Prepago en Garland M\u00e1s Barato sin Verificaci\u00f3n de Cr\u00e9dito[:] - Pronto Power","description":"Pronto Power is the best and most economical choice for your electricity needs in Garland, Texas.","robots":{"index":"index","follow":"follow","max-snippet":"max-snippet:-1","max-image-preview":"max-image-preview:large","max-video-preview":"max-video-preview:-1"},"canonical":"https:\/\/powermepronto.com\/cheapest-garland-prepaid-electricity-provider-with-no-credit-checks\/","og_locale":"en_US","og_type":"article","og_title":"[:en]Cheapest Garland Prepaid Electricity Provider with No Credit Checks[:es]El Proveedor de Electricidad Prepago en Garland M\u00e1s Barato sin Verificaci\u00f3n de Cr\u00e9dito[:] - Pronto Power","og_description":"Pronto Power is the best and most economical choice for your electricity needs in Garland, Texas.","og_url":"https:\/\/powermepronto.com\/cheapest-garland-prepaid-electricity-provider-with-no-credit-checks\/","og_site_name":"Pronto Power","twitter_card":"summary_large_image","twitter_misc":{"Est. reading time":"3 minutes"},"schema":{"@context":"https:\/\/schema.org","@graph":[{"@type":"WebPage","@id":"https:\/\/powermepronto.com\/cheapest-garland-prepaid-electricity-provider-with-no-credit-checks\/","url":"https:\/\/powermepronto.com\/cheapest-garland-prepaid-electricity-provider-with-no-credit-checks\/","name":"[:en]Cheapest Garland Prepaid Electricity Provider with No Credit Checks[:es]El Proveedor de Electricidad Prepago en Garland M\u00e1s Barato sin Verificaci\u00f3n de Cr\u00e9dito[:] - Pronto Power","isPartOf":{"@id":"https:\/\/powermepronto.com\/en\/#website"},"datePublished":"2023-06-30T14:46:03+00:00","description":"Pronto Power is the best and most economical choice for your electricity needs in Garland, Texas.","breadcrumb":{"@id":"https:\/\/powermepronto.com\/cheapest-garland-prepaid-electricity-provider-with-no-credit-checks\/#breadcrumb"},"inLanguage":"en-US","potentialAction":[{"@type":"ReadAction","target":["https:\/\/powermepronto.com\/cheapest-garland-prepaid-electricity-provider-with-no-credit-checks\/"]}]},{"@type":"BreadcrumbList","@id":"https:\/\/powermepronto.com\/cheapest-garland-prepaid-electricity-provider-with-no-credit-checks\/#breadcrumb","itemListElement":[{"@type":"ListItem","position":1,"name":"Home","item":"https:\/\/powermepronto.com\/en\/"},{"@type":"ListItem","position":2,"name":"Cheapest Garland Prepaid Electricity Provider with No Credit Checks"}]},{"@type":"WebSite","@id":"https:\/\/powermepronto.com\/en\/#website","url":"https:\/\/powermepronto.com\/en\/","name":"Pronto Power","description":"","potentialAction":[{"@type":"SearchAction","target":{"@type":"EntryPoint","urlTemplate":"https:\/\/powermepronto.com\/en\/?s={search_term_string}"},"query-input":{"@type":"PropertyValueSpecification","valueRequired":true,"valueName":"search_term_string"}}],"inLanguage":"en-US"}]}},"_links":{"self":[{"href":"https:\/\/powermepronto.com\/en\/wp-json\/wp\/v2\/pages\/3793","targetHints":{"allow":["GET"]}}],"collection":[{"href":"https:\/\/powermepronto.com\/en\/wp-json\/wp\/v2\/pages"}],"about":[{"href":"https:\/\/powermepronto.com\/en\/wp-json\/wp\/v2\/types\/page"}],"author":[{"embeddable":true,"href":"https:\/\/powermepronto.com\/en\/wp-json\/wp\/v2\/users\/1"}],"replies":[{"embeddable":true,"href":"https:\/\/powermepronto.com\/en\/wp-json\/wp\/v2\/comments?post=3793"}],"version-history":[{"count":1,"href":"https:\/\/powermepronto.com\/en\/wp-json\/wp\/v2\/pages\/3793\/revisions"}],"predecessor-version":[{"id":3794,"href":"https:\/\/powermepronto.com\/en\/wp-json\/wp\/v2\/pages\/3793\/revisions\/3794"}],"wp:attachment":[{"href":"https:\/\/powermepronto.com\/en\/wp-json\/wp\/v2\/media?parent=3793"}],"curies":[{"name":"wp","href":"https:\/\/api.w.org\/{rel}","templated":true}]}}