{"id":3746,"date":"2023-04-21T07:49:59","date_gmt":"2023-04-21T12:49:59","guid":{"rendered":"https:\/\/powermepronto.com\/?page_id=3746"},"modified":"2023-04-21T07:49:59","modified_gmt":"2023-04-21T12:49:59","slug":"cheapest-prepaid-power-in-austin-with-no-deposit","status":"publish","type":"page","link":"https:\/\/powermepronto.com\/en\/cheapest-prepaid-power-in-austin-with-no-deposit\/","title":{"rendered":"Cheapest Prepaid Power in Austin with No Deposit"},"content":{"rendered":"<p><\/p>\n<p><span style=\"font-weight: 400;\">Pronto Power is an Austin prepaid power company that provides electricity to customers in the Austin area without requiring a deposit. This makes it a popular choice for residents who are looking for an affordable and flexible energy solution. With Pronto Power, customers only pay for the electricity they use, and there are no hidden fees or surprise charges.<\/span><\/p>\n<h2><b>Lowest Electricity Rates in Austin<\/b><\/h2>\n<p><span style=\"font-weight: 400;\">One of the main advantages of Pronto Power is that it offers some of the lowest rates in the Austin area. This is due to its unique business model, which allows it to purchase electricity at wholesale prices and pass the savings on to its customers. As a result, Pronto Power&#8217;s rates are often significantly lower than those of traditional energy providers, which can help customers save money on their monthly bills.<\/span><\/p>\n<h2><b>No Credit Check and No Deposit<\/b><\/h2>\n<p><span style=\"font-weight: 400;\">Another benefit of using Pronto Power is that it does not require customers to undergo a credit check or pay a deposit. This is a big advantage for customers who may have poor credit or who are unable to afford the upfront costs associated with other energy providers. With Pronto Power, customers simply pay for the electricity they use as they go, making it a flexible and affordable option for many.<\/span><\/p>\n<h2><b>Transparency and Convenience<\/b><\/h2>\n<p><span style=\"font-weight: 400;\">In addition to its low rates and no-deposit policy, Pronto Power also offers a number of other benefits to its customers. For example, it provides free daily usage alerts to help customers monitor their energy consumption and avoid unexpected bills. It also offers a range of payment options, including online and phone payments, to make it as convenient as possible for customers to manage their accounts.<\/span><\/p>\n<p>&nbsp;<\/p>\n<p><span style=\"font-weight: 400;\">Pronto Power is a highly competitive and affordable Austin prepaid power company that offers a range of benefits to customers in Texas. With its low rates, no-deposit policy, and flexible payment options, it is a great choice for anyone looking for a cost-effective and convenient energy solution.<\/span><\/p>\n<p><\/p>","protected":false},"excerpt":{"rendered":"<p>Pronto Power is an Austin prepaid power company that provides electricity to customers in the Austin area without requiring a deposit. This makes it a popular choice for residents who are looking for an affordable and flexible energy solution. With Pronto Power, customers only pay for the electricity they use, and there are no hidden &hellip; <a href=\"https:\/\/powermepronto.com\/en\/cheapest-prepaid-power-in-austin-with-no-deposit\/\" class=\"more-link\">Continue reading <span class=\"screen-reader-text\">Cheapest Prepaid Power in Austin with No Deposit<\/span><\/a><\/p>\n","protected":false},"author":1,"featured_media":0,"parent":0,"menu_order":0,"comment_status":"closed","ping_status":"closed","template":"","meta":{"_acf_changed":false,"_glsr_average":0,"_glsr_ranking":0,"_glsr_reviews":0,"footnotes":"","_links_to":"","_links_to_target":""},"class_list":["post-3746","page","type-page","status-publish","hentry"],"acf":[],"yoast_head":"<!-- This site is optimized with the Yoast SEO plugin v27.4 - https:\/\/yoast.com\/product\/yoast-seo-wordpress\/ -->\n<title>Cheapest Prepaid Power in Austin with No Deposit - Pronto Power<\/title>\n<meta name=\"description\" content=\"[:en]Pronto Power is an Austin prepaid power company that provides electricity to customers in the Austin area without requiring a deposit. [:es]Pronto Power es una compa\u00f1\u00eda de energ\u00eda prepaga de Austin que proporciona electricidad a los clientes en el \u00e1rea de Austin sin necesidad de un dep\u00f3sito.[:]\" \/>\n<meta name=\"robots\" content=\"index, follow, max-snippet:-1, max-image-preview:large, max-video-preview:-1\" \/>\n<link rel=\"canonical\" href=\"https:\/\/powermepronto.com\/cheapest-prepaid-power-in-austin-with-no-deposit\/\" \/>\n<meta property=\"og:locale\" content=\"en_US\" \/>\n<meta property=\"og:type\" content=\"article\" \/>\n<meta property=\"og:title\" content=\"[:en]Cheapest Prepaid Power in Austin with No Deposit[:es]La energ\u00eda prepaga m\u00e1s barata en Austin sin dep\u00f3sito[:] - Pronto Power\" \/>\n<meta property=\"og:description\" content=\"[:en]Pronto Power is an Austin prepaid power company that provides electricity to customers in the Austin area without requiring a deposit. [:es]Pronto Power es una compa\u00f1\u00eda de energ\u00eda prepaga de Austin que proporciona electricidad a los clientes en el \u00e1rea de Austin sin necesidad de un dep\u00f3sito.[:]\" \/>\n<meta property=\"og:url\" content=\"https:\/\/powermepronto.com\/cheapest-prepaid-power-in-austin-with-no-deposit\/\" \/>\n<meta property=\"og:site_name\" content=\"Pronto Power\" \/>\n<meta name=\"twitter:card\" content=\"summary_large_image\" \/>\n<meta name=\"twitter:label1\" content=\"Est. reading time\" \/>\n\t<meta name=\"twitter:data1\" content=\"3 minutes\" \/>\n<script type=\"application\/ld+json\" class=\"yoast-schema-graph\">{\"@context\":\"https:\\\/\\\/schema.org\",\"@graph\":[{\"@type\":\"WebPage\",\"@id\":\"https:\\\/\\\/powermepronto.com\\\/cheapest-prepaid-power-in-austin-with-no-deposit\\\/\",\"url\":\"https:\\\/\\\/powermepronto.com\\\/cheapest-prepaid-power-in-austin-with-no-deposit\\\/\",\"name\":\"[:en]Cheapest Prepaid Power in Austin with No Deposit[:es]La energ\u00eda prepaga m\u00e1s barata en Austin sin dep\u00f3sito[:] - Pronto Power\",\"isPartOf\":{\"@id\":\"https:\\\/\\\/powermepronto.com\\\/en\\\/#website\"},\"datePublished\":\"2023-04-21T12:49:59+00:00\",\"description\":\"[:en]Pronto Power is an Austin prepaid power company that provides electricity to customers in the Austin area without requiring a deposit. [:es]Pronto Power es una compa\u00f1\u00eda de energ\u00eda prepaga de Austin que proporciona electricidad a los clientes en el \u00e1rea de Austin sin necesidad de un dep\u00f3sito.[:]\",\"breadcrumb\":{\"@id\":\"https:\\\/\\\/powermepronto.com\\\/cheapest-prepaid-power-in-austin-with-no-deposit\\\/#breadcrumb\"},\"inLanguage\":\"en-US\",\"potentialAction\":[{\"@type\":\"ReadAction\",\"target\":[\"https:\\\/\\\/powermepronto.com\\\/cheapest-prepaid-power-in-austin-with-no-deposit\\\/\"]}]},{\"@type\":\"BreadcrumbList\",\"@id\":\"https:\\\/\\\/powermepronto.com\\\/cheapest-prepaid-power-in-austin-with-no-deposit\\\/#breadcrumb\",\"itemListElement\":[{\"@type\":\"ListItem\",\"position\":1,\"name\":\"Home\",\"item\":\"https:\\\/\\\/powermepronto.com\\\/en\\\/\"},{\"@type\":\"ListItem\",\"position\":2,\"name\":\"Cheapest Prepaid Power in Austin with No Deposit\"}]},{\"@type\":\"WebSite\",\"@id\":\"https:\\\/\\\/powermepronto.com\\\/en\\\/#website\",\"url\":\"https:\\\/\\\/powermepronto.com\\\/en\\\/\",\"name\":\"Pronto Power\",\"description\":\"\",\"potentialAction\":[{\"@type\":\"SearchAction\",\"target\":{\"@type\":\"EntryPoint\",\"urlTemplate\":\"https:\\\/\\\/powermepronto.com\\\/en\\\/?s={search_term_string}\"},\"query-input\":{\"@type\":\"PropertyValueSpecification\",\"valueRequired\":true,\"valueName\":\"search_term_string\"}}],\"inLanguage\":\"en-US\"}]}<\/script>\n<!-- \/ Yoast SEO plugin. -->","yoast_head_json":{"title":"[:en]Cheapest Prepaid Power in Austin with No Deposit[:es]La energ\u00eda prepaga m\u00e1s barata en Austin sin dep\u00f3sito[:] - Pronto Power","description":"[:en]Pronto Power is an Austin prepaid power company that provides electricity to customers in the Austin area without requiring a deposit. [:es]Pronto Power es una compa\u00f1\u00eda de energ\u00eda prepaga de Austin que proporciona electricidad a los clientes en el \u00e1rea de Austin sin necesidad de un dep\u00f3sito.[:]","robots":{"index":"index","follow":"follow","max-snippet":"max-snippet:-1","max-image-preview":"max-image-preview:large","max-video-preview":"max-video-preview:-1"},"canonical":"https:\/\/powermepronto.com\/cheapest-prepaid-power-in-austin-with-no-deposit\/","og_locale":"en_US","og_type":"article","og_title":"[:en]Cheapest Prepaid Power in Austin with No Deposit[:es]La energ\u00eda prepaga m\u00e1s barata en Austin sin dep\u00f3sito[:] - Pronto Power","og_description":"[:en]Pronto Power is an Austin prepaid power company that provides electricity to customers in the Austin area without requiring a deposit. [:es]Pronto Power es una compa\u00f1\u00eda de energ\u00eda prepaga de Austin que proporciona electricidad a los clientes en el \u00e1rea de Austin sin necesidad de un dep\u00f3sito.[:]","og_url":"https:\/\/powermepronto.com\/cheapest-prepaid-power-in-austin-with-no-deposit\/","og_site_name":"Pronto Power","twitter_card":"summary_large_image","twitter_misc":{"Est. reading time":"3 minutes"},"schema":{"@context":"https:\/\/schema.org","@graph":[{"@type":"WebPage","@id":"https:\/\/powermepronto.com\/cheapest-prepaid-power-in-austin-with-no-deposit\/","url":"https:\/\/powermepronto.com\/cheapest-prepaid-power-in-austin-with-no-deposit\/","name":"[:en]Cheapest Prepaid Power in Austin with No Deposit[:es]La energ\u00eda prepaga m\u00e1s barata en Austin sin dep\u00f3sito[:] - Pronto Power","isPartOf":{"@id":"https:\/\/powermepronto.com\/en\/#website"},"datePublished":"2023-04-21T12:49:59+00:00","description":"[:en]Pronto Power is an Austin prepaid power company that provides electricity to customers in the Austin area without requiring a deposit. [:es]Pronto Power es una compa\u00f1\u00eda de energ\u00eda prepaga de Austin que proporciona electricidad a los clientes en el \u00e1rea de Austin sin necesidad de un dep\u00f3sito.[:]","breadcrumb":{"@id":"https:\/\/powermepronto.com\/cheapest-prepaid-power-in-austin-with-no-deposit\/#breadcrumb"},"inLanguage":"en-US","potentialAction":[{"@type":"ReadAction","target":["https:\/\/powermepronto.com\/cheapest-prepaid-power-in-austin-with-no-deposit\/"]}]},{"@type":"BreadcrumbList","@id":"https:\/\/powermepronto.com\/cheapest-prepaid-power-in-austin-with-no-deposit\/#breadcrumb","itemListElement":[{"@type":"ListItem","position":1,"name":"Home","item":"https:\/\/powermepronto.com\/en\/"},{"@type":"ListItem","position":2,"name":"Cheapest Prepaid Power in Austin with No Deposit"}]},{"@type":"WebSite","@id":"https:\/\/powermepronto.com\/en\/#website","url":"https:\/\/powermepronto.com\/en\/","name":"Pronto Power","description":"","potentialAction":[{"@type":"SearchAction","target":{"@type":"EntryPoint","urlTemplate":"https:\/\/powermepronto.com\/en\/?s={search_term_string}"},"query-input":{"@type":"PropertyValueSpecification","valueRequired":true,"valueName":"search_term_string"}}],"inLanguage":"en-US"}]}},"_links":{"self":[{"href":"https:\/\/powermepronto.com\/en\/wp-json\/wp\/v2\/pages\/3746","targetHints":{"allow":["GET"]}}],"collection":[{"href":"https:\/\/powermepronto.com\/en\/wp-json\/wp\/v2\/pages"}],"about":[{"href":"https:\/\/powermepronto.com\/en\/wp-json\/wp\/v2\/types\/page"}],"author":[{"embeddable":true,"href":"https:\/\/powermepronto.com\/en\/wp-json\/wp\/v2\/users\/1"}],"replies":[{"embeddable":true,"href":"https:\/\/powermepronto.com\/en\/wp-json\/wp\/v2\/comments?post=3746"}],"version-history":[{"count":1,"href":"https:\/\/powermepronto.com\/en\/wp-json\/wp\/v2\/pages\/3746\/revisions"}],"predecessor-version":[{"id":3747,"href":"https:\/\/powermepronto.com\/en\/wp-json\/wp\/v2\/pages\/3746\/revisions\/3747"}],"wp:attachment":[{"href":"https:\/\/powermepronto.com\/en\/wp-json\/wp\/v2\/media?parent=3746"}],"curies":[{"name":"wp","href":"https:\/\/api.w.org\/{rel}","templated":true}]}}