{"id":3744,"date":"2023-04-21T07:42:25","date_gmt":"2023-04-21T12:42:25","guid":{"rendered":"https:\/\/powermepronto.com\/?page_id=3744"},"modified":"2023-04-21T07:44:09","modified_gmt":"2023-04-21T12:44:09","slug":"get-the-cheapest-lancaster-prepaid-power-with-pronto","status":"publish","type":"page","link":"https:\/\/powermepronto.com\/en\/get-the-cheapest-lancaster-prepaid-power-with-pronto\/","title":{"rendered":"Get the Cheapest Lancaster Prepaid Power with Pronto"},"content":{"rendered":"<p><\/p>\n<p><span style=\"font-weight: 400;\">If you&#8217;re looking for Lancaster prepaid power, then Pronto Power is an excellent choice to consider. With Pronto Power, you can enjoy the convenience of prepaid electricity without the hassle of a credit check, deposit, or long-term contract.<\/span><\/p>\n<p><span style=\"font-weight: 400;\">Here&#8217;s how you can get the cheapest Lancaster prepaid power by using Pronto Power:<\/span><\/p>\n<h2><b>Sign up for Pronto Power<\/b><\/h2>\n<p><span style=\"font-weight: 400;\">The first step is to sign up for Pronto Power online or over the phone. You will need to provide your contact and billing information. Our customer service agents can help you select the plan that best fits your needs. Pronto Power offers several plans with different rates and fees, so be sure to choose the one that suits your usage patterns.<\/span><\/p>\n<h2><b>Pay your initial payment<\/b><\/h2>\n<p><span style=\"font-weight: 400;\">Once you have signed up, you will need to pay your initial payment to activate your account. This payment will serve as your first prepayment and will be used to cover your electricity usage. You can make your initial payment online, over the phone, or at a payment location.<\/span><\/p>\n<h2><b>Monitor your electricity usage<\/b><\/h2>\n<p><span style=\"font-weight: 400;\">With Pronto Power, you can monitor your electricity usage in real-time through the MyAccount portal or mobile app. This will help you keep track of your usage and avoid unnecessary expenses. You can also receive daily usage notifications via email or text message to help you stay within your budget.<\/span><\/p>\n<h2><b>Recharge your account regularly<\/b><\/h2>\n<p><span style=\"font-weight: 400;\">To keep your account active and your power on, you will need to recharge your account regularly. Pronto Power offers several convenient payment options, including online, over the phone, or at a payment location. You can also set up automatic payments to ensure that your account is always topped up.<\/span><\/p>\n<p><span style=\"font-weight: 400;\">By following these simple steps, you can enjoy the cheapest Lancaster prepaid power with Pronto Power. With no hidden fees, credit checks, or long-term contracts, Pronto Power offers a transparent and affordable way to power your home.<\/span><\/p>\n<p><\/p>","protected":false},"excerpt":{"rendered":"<p>If you&#8217;re looking for Lancaster prepaid power, then Pronto Power is an excellent choice to consider. With Pronto Power, you can enjoy the convenience of prepaid electricity without the hassle of a credit check, deposit, or long-term contract. Here&#8217;s how you can get the cheapest Lancaster prepaid power by using Pronto Power: Sign up for &hellip; <a href=\"https:\/\/powermepronto.com\/en\/get-the-cheapest-lancaster-prepaid-power-with-pronto\/\" class=\"more-link\">Continue reading <span class=\"screen-reader-text\">Get the Cheapest Lancaster Prepaid Power with Pronto<\/span><\/a><\/p>\n","protected":false},"author":1,"featured_media":0,"parent":0,"menu_order":0,"comment_status":"closed","ping_status":"closed","template":"","meta":{"_acf_changed":false,"_glsr_average":0,"_glsr_ranking":0,"_glsr_reviews":0,"footnotes":"","_links_to":"","_links_to_target":""},"class_list":["post-3744","page","type-page","status-publish","hentry"],"acf":[],"yoast_head":"<!-- This site is optimized with the Yoast SEO plugin v27.6 - https:\/\/yoast.com\/product\/yoast-seo-wordpress\/ -->\n<title>Get the Cheapest Lancaster Prepaid Power with Pronto - Pronto Power<\/title>\n<meta name=\"description\" content=\"[:en]With Pronto Power, you can enjoy the convenience of prepaid electricity without the hassle of a credit check, deposit, or long-term contract.[:es]As\u00ed es como puede obtener la energ\u00eda prepaga de Lancaster m\u00e1s barata usando Pronto Power:[:]\" \/>\n<meta name=\"robots\" content=\"index, follow, max-snippet:-1, max-image-preview:large, max-video-preview:-1\" \/>\n<link rel=\"canonical\" href=\"https:\/\/powermepronto.com\/get-the-cheapest-lancaster-prepaid-power-with-pronto\/\" \/>\n<meta property=\"og:locale\" content=\"en_US\" \/>\n<meta property=\"og:type\" content=\"article\" \/>\n<meta property=\"og:title\" content=\"[:en]Get the Cheapest Lancaster Prepaid Power with Pronto[:es]Obtenga la energ\u00eda prepaga de Lancaster m\u00e1s barata con Pronto[:] - Pronto Power\" \/>\n<meta property=\"og:description\" content=\"[:en]With Pronto Power, you can enjoy the convenience of prepaid electricity without the hassle of a credit check, deposit, or long-term contract.[:es]As\u00ed es como puede obtener la energ\u00eda prepaga de Lancaster m\u00e1s barata usando Pronto Power:[:]\" \/>\n<meta property=\"og:url\" content=\"https:\/\/powermepronto.com\/get-the-cheapest-lancaster-prepaid-power-with-pronto\/\" \/>\n<meta property=\"og:site_name\" content=\"Pronto Power\" \/>\n<meta property=\"article:modified_time\" content=\"2023-04-21T12:44:09+00:00\" \/>\n<meta name=\"twitter:card\" content=\"summary_large_image\" \/>\n<meta name=\"twitter:label1\" content=\"Est. reading time\" \/>\n\t<meta name=\"twitter:data1\" content=\"3 minutes\" \/>\n<script type=\"application\/ld+json\" class=\"yoast-schema-graph\">{\"@context\":\"https:\\\/\\\/schema.org\",\"@graph\":[{\"@type\":\"WebPage\",\"@id\":\"https:\\\/\\\/powermepronto.com\\\/get-the-cheapest-lancaster-prepaid-power-with-pronto\\\/\",\"url\":\"https:\\\/\\\/powermepronto.com\\\/get-the-cheapest-lancaster-prepaid-power-with-pronto\\\/\",\"name\":\"[:en]Get the Cheapest Lancaster Prepaid Power with Pronto[:es]Obtenga la energ\u00eda prepaga de Lancaster m\u00e1s barata con Pronto[:] - Pronto Power\",\"isPartOf\":{\"@id\":\"https:\\\/\\\/powermepronto.com\\\/en\\\/#website\"},\"datePublished\":\"2023-04-21T12:42:25+00:00\",\"dateModified\":\"2023-04-21T12:44:09+00:00\",\"description\":\"[:en]With Pronto Power, you can enjoy the convenience of prepaid electricity without the hassle of a credit check, deposit, or long-term contract.[:es]As\u00ed es como puede obtener la energ\u00eda prepaga de Lancaster m\u00e1s barata usando Pronto Power:[:]\",\"breadcrumb\":{\"@id\":\"https:\\\/\\\/powermepronto.com\\\/get-the-cheapest-lancaster-prepaid-power-with-pronto\\\/#breadcrumb\"},\"inLanguage\":\"en-US\",\"potentialAction\":[{\"@type\":\"ReadAction\",\"target\":[\"https:\\\/\\\/powermepronto.com\\\/get-the-cheapest-lancaster-prepaid-power-with-pronto\\\/\"]}]},{\"@type\":\"BreadcrumbList\",\"@id\":\"https:\\\/\\\/powermepronto.com\\\/get-the-cheapest-lancaster-prepaid-power-with-pronto\\\/#breadcrumb\",\"itemListElement\":[{\"@type\":\"ListItem\",\"position\":1,\"name\":\"Home\",\"item\":\"https:\\\/\\\/powermepronto.com\\\/en\\\/\"},{\"@type\":\"ListItem\",\"position\":2,\"name\":\"Get the Cheapest Lancaster Prepaid Power with Pronto\"}]},{\"@type\":\"WebSite\",\"@id\":\"https:\\\/\\\/powermepronto.com\\\/en\\\/#website\",\"url\":\"https:\\\/\\\/powermepronto.com\\\/en\\\/\",\"name\":\"Pronto Power\",\"description\":\"\",\"potentialAction\":[{\"@type\":\"SearchAction\",\"target\":{\"@type\":\"EntryPoint\",\"urlTemplate\":\"https:\\\/\\\/powermepronto.com\\\/en\\\/?s={search_term_string}\"},\"query-input\":{\"@type\":\"PropertyValueSpecification\",\"valueRequired\":true,\"valueName\":\"search_term_string\"}}],\"inLanguage\":\"en-US\"}]}<\/script>\n<!-- \/ Yoast SEO plugin. -->","yoast_head_json":{"title":"[:en]Get the Cheapest Lancaster Prepaid Power with Pronto[:es]Obtenga la energ\u00eda prepaga de Lancaster m\u00e1s barata con Pronto[:] - Pronto Power","description":"[:en]With Pronto Power, you can enjoy the convenience of prepaid electricity without the hassle of a credit check, deposit, or long-term contract.[:es]As\u00ed es como puede obtener la energ\u00eda prepaga de Lancaster m\u00e1s barata usando Pronto Power:[:]","robots":{"index":"index","follow":"follow","max-snippet":"max-snippet:-1","max-image-preview":"max-image-preview:large","max-video-preview":"max-video-preview:-1"},"canonical":"https:\/\/powermepronto.com\/get-the-cheapest-lancaster-prepaid-power-with-pronto\/","og_locale":"en_US","og_type":"article","og_title":"[:en]Get the Cheapest Lancaster Prepaid Power with Pronto[:es]Obtenga la energ\u00eda prepaga de Lancaster m\u00e1s barata con Pronto[:] - Pronto Power","og_description":"[:en]With Pronto Power, you can enjoy the convenience of prepaid electricity without the hassle of a credit check, deposit, or long-term contract.[:es]As\u00ed es como puede obtener la energ\u00eda prepaga de Lancaster m\u00e1s barata usando Pronto Power:[:]","og_url":"https:\/\/powermepronto.com\/get-the-cheapest-lancaster-prepaid-power-with-pronto\/","og_site_name":"Pronto Power","article_modified_time":"2023-04-21T12:44:09+00:00","twitter_card":"summary_large_image","twitter_misc":{"Est. reading time":"3 minutes"},"schema":{"@context":"https:\/\/schema.org","@graph":[{"@type":"WebPage","@id":"https:\/\/powermepronto.com\/get-the-cheapest-lancaster-prepaid-power-with-pronto\/","url":"https:\/\/powermepronto.com\/get-the-cheapest-lancaster-prepaid-power-with-pronto\/","name":"[:en]Get the Cheapest Lancaster Prepaid Power with Pronto[:es]Obtenga la energ\u00eda prepaga de Lancaster m\u00e1s barata con Pronto[:] - Pronto Power","isPartOf":{"@id":"https:\/\/powermepronto.com\/en\/#website"},"datePublished":"2023-04-21T12:42:25+00:00","dateModified":"2023-04-21T12:44:09+00:00","description":"[:en]With Pronto Power, you can enjoy the convenience of prepaid electricity without the hassle of a credit check, deposit, or long-term contract.[:es]As\u00ed es como puede obtener la energ\u00eda prepaga de Lancaster m\u00e1s barata usando Pronto Power:[:]","breadcrumb":{"@id":"https:\/\/powermepronto.com\/get-the-cheapest-lancaster-prepaid-power-with-pronto\/#breadcrumb"},"inLanguage":"en-US","potentialAction":[{"@type":"ReadAction","target":["https:\/\/powermepronto.com\/get-the-cheapest-lancaster-prepaid-power-with-pronto\/"]}]},{"@type":"BreadcrumbList","@id":"https:\/\/powermepronto.com\/get-the-cheapest-lancaster-prepaid-power-with-pronto\/#breadcrumb","itemListElement":[{"@type":"ListItem","position":1,"name":"Home","item":"https:\/\/powermepronto.com\/en\/"},{"@type":"ListItem","position":2,"name":"Get the Cheapest Lancaster Prepaid Power with Pronto"}]},{"@type":"WebSite","@id":"https:\/\/powermepronto.com\/en\/#website","url":"https:\/\/powermepronto.com\/en\/","name":"Pronto Power","description":"","potentialAction":[{"@type":"SearchAction","target":{"@type":"EntryPoint","urlTemplate":"https:\/\/powermepronto.com\/en\/?s={search_term_string}"},"query-input":{"@type":"PropertyValueSpecification","valueRequired":true,"valueName":"search_term_string"}}],"inLanguage":"en-US"}]}},"_links":{"self":[{"href":"https:\/\/powermepronto.com\/en\/wp-json\/wp\/v2\/pages\/3744","targetHints":{"allow":["GET"]}}],"collection":[{"href":"https:\/\/powermepronto.com\/en\/wp-json\/wp\/v2\/pages"}],"about":[{"href":"https:\/\/powermepronto.com\/en\/wp-json\/wp\/v2\/types\/page"}],"author":[{"embeddable":true,"href":"https:\/\/powermepronto.com\/en\/wp-json\/wp\/v2\/users\/1"}],"replies":[{"embeddable":true,"href":"https:\/\/powermepronto.com\/en\/wp-json\/wp\/v2\/comments?post=3744"}],"version-history":[{"count":1,"href":"https:\/\/powermepronto.com\/en\/wp-json\/wp\/v2\/pages\/3744\/revisions"}],"predecessor-version":[{"id":3745,"href":"https:\/\/powermepronto.com\/en\/wp-json\/wp\/v2\/pages\/3744\/revisions\/3745"}],"wp:attachment":[{"href":"https:\/\/powermepronto.com\/en\/wp-json\/wp\/v2\/media?parent=3744"}],"curies":[{"name":"wp","href":"https:\/\/api.w.org\/{rel}","templated":true}]}}