{"id":2897,"date":"2021-12-13T06:59:37","date_gmt":"2021-12-13T12:59:37","guid":{"rendered":"https:\/\/powermepronto.com\/?page_id=2897"},"modified":"2022-12-21T03:29:58","modified_gmt":"2022-12-21T09:29:58","slug":"even-cheap-electric-companies-in-saginaw-cant-match-pronto-power","status":"publish","type":"page","link":"https:\/\/powermepronto.com\/en\/even-cheap-electric-companies-in-saginaw-cant-match-pronto-power\/","title":{"rendered":"Even Cheap Electric Companies in Saginaw Can\u2019t Match Pronto Power"},"content":{"rendered":"<p>No other Texas REP can match this deal:<\/p>\n<ul>\n<li>No contract<\/li>\n<li>No credit check<\/li>\n<li>No ID check<\/li>\n<li>No connection fees<\/li>\n<li>No disconnection fees<\/li>\n<li>No hidden fees<\/li>\n<\/ul>\n<p>\u2026And customer service can\u2019t wait to help you out if you find yourself in trouble and unable to pay!<\/p>\n<h2>Sounds Too Good to Be True! How Do I Know This is Real?<\/h2>\n<p>Well, Pronto Power operates with incredible efficiency behind the scenes. And we also aim to keep customers as long as possible.<\/p>\n<p>Other REPs churn and burn customers. They reel you in with an amazing offer. But then they clean your pockets out when they have you. And when you finally leave, they simply replace you with their next victim.<\/p>\n<p>You can trust Pronto Power because you don\u2019t sign a contract and can cancel completely risk-free anytime and for any reason!<\/p>\n<h2>Well, But There Has to Be Some Sort of Catch, Right?<\/h2>\n<p>Wrong!<\/p>\n<p>Then you simply add more funds as you can: monthly, weekly, or even daily.<\/p>\n<p>As long as you have just one penny in your account by 1 PM each day, your electricity stays on.<\/p>\n<p>And if you ever have trouble paying, for any reason, please contact customer service.<\/p>\n<p>They\u2019re happy to help you create a payment plan that gets you through even the most difficult financial situations!<\/p>\n<h2>Plus, Save 20% More Versus Other Texas Electric Companies<\/h2>\n<p>Yes. The deal goes on. You can actually save 20% (and maybe more) off the already cheapest prepay electric rates in Saginaw.<\/p>\n<p>When you join Pronto Power, you get access to free electricity monitoring software.<\/p>\n<p>Simply login to see how you\u2019re using electricity right this second.<\/p>\n<p>Then, use what you learn to change your behavior over time\u2026and watch the savings roll in!<\/p>\n<p>Many customers save 20%&#8230;and some even more!<\/p>\n<h2>Join Free Within the Hour<\/h2>\n<p>Best of all, you get the cheapest prepaid rates in Texas\u2026with no contract and no hidden fees, and the opportunity to save 20% more within the hour if your home has a smart meter (and 99.9% do!).<\/p>\n<p>Just call Pronto Power at <span class=\"affiliatecode\">844.621.2852<\/span> now!<\/p>","protected":false},"excerpt":{"rendered":"<p>No other Texas REP can match this deal: No contract No credit check No ID check No connection fees No disconnection fees No hidden fees \u2026And customer service can\u2019t wait to help you out if you find yourself in trouble and unable to pay! Sounds Too Good to Be True! How Do I Know This &hellip; <a href=\"https:\/\/powermepronto.com\/en\/even-cheap-electric-companies-in-saginaw-cant-match-pronto-power\/\" class=\"more-link\">Continue reading <span class=\"screen-reader-text\">Even Cheap Electric Companies in Saginaw Can\u2019t Match Pronto Power<\/span><\/a><\/p>\n","protected":false},"author":1,"featured_media":0,"parent":0,"menu_order":0,"comment_status":"closed","ping_status":"closed","template":"","meta":{"_acf_changed":false,"_glsr_average":0,"_glsr_ranking":0,"_glsr_reviews":0,"footnotes":"","_links_to":"","_links_to_target":""},"class_list":["post-2897","page","type-page","status-publish","hentry"],"acf":[],"yoast_head":"<!-- This site is optimized with the Yoast SEO plugin v27.4 - https:\/\/yoast.com\/product\/yoast-seo-wordpress\/ -->\n<title>Even Cheap Electric Companies in Saginaw Can\u2019t Match Pronto Power - Pronto Power<\/title>\n<meta name=\"description\" content=\"[:en]Get the cheapest prepaid electric rates in Saginaw. Plus find out how to save 20% more. No deposit. No contract. No hidden fees. Join free today! 844.621.2852[:es]Obtenga las tarifas el\u00e9ctricas prepagas m\u00e1s econ\u00f3micas en Saginaw. Adem\u00e1s, descubra c\u00f3mo ahorrar un 20% m\u00e1s. No hay dep\u00f3sito. Sin contrato. Sin cuotas escondidas. \u00a1\u00danase gratis hoy! 844.621.2852[:]\" \/>\n<meta name=\"robots\" content=\"index, follow, max-snippet:-1, max-image-preview:large, max-video-preview:-1\" \/>\n<link rel=\"canonical\" href=\"https:\/\/powermepronto.com\/even-cheap-electric-companies-in-saginaw-cant-match-pronto-power\/\" \/>\n<meta property=\"og:locale\" content=\"en_US\" \/>\n<meta property=\"og:type\" content=\"article\" \/>\n<meta property=\"og:title\" content=\"[:en]Even Cheap Electric Companies in Saginaw Can\u2019t Match Pronto Power[:es]La compa\u00f1\u00eda el\u00e9ctrica sin dep\u00f3sito m\u00e1s barata de Saginaw sin contrato[:] - Pronto Power\" \/>\n<meta property=\"og:description\" content=\"[:en]Get the cheapest prepaid electric rates in Saginaw. Plus find out how to save 20% more. No deposit. No contract. No hidden fees. Join free today! 844.621.2852[:es]Obtenga las tarifas el\u00e9ctricas prepagas m\u00e1s econ\u00f3micas en Saginaw. Adem\u00e1s, descubra c\u00f3mo ahorrar un 20% m\u00e1s. No hay dep\u00f3sito. Sin contrato. Sin cuotas escondidas. \u00a1\u00danase gratis hoy! 844.621.2852[:]\" \/>\n<meta property=\"og:url\" content=\"https:\/\/powermepronto.com\/even-cheap-electric-companies-in-saginaw-cant-match-pronto-power\/\" \/>\n<meta property=\"og:site_name\" content=\"Pronto Power\" \/>\n<meta property=\"article:modified_time\" content=\"2022-12-21T09:29:58+00:00\" \/>\n<meta name=\"twitter:card\" content=\"summary_large_image\" \/>\n<meta name=\"twitter:label1\" content=\"Est. reading time\" \/>\n\t<meta name=\"twitter:data1\" content=\"4 minutes\" \/>\n<script type=\"application\/ld+json\" class=\"yoast-schema-graph\">{\"@context\":\"https:\\\/\\\/schema.org\",\"@graph\":[{\"@type\":\"WebPage\",\"@id\":\"https:\\\/\\\/powermepronto.com\\\/even-cheap-electric-companies-in-saginaw-cant-match-pronto-power\\\/\",\"url\":\"https:\\\/\\\/powermepronto.com\\\/even-cheap-electric-companies-in-saginaw-cant-match-pronto-power\\\/\",\"name\":\"[:en]Even Cheap Electric Companies in Saginaw Can\u2019t Match Pronto Power[:es]La compa\u00f1\u00eda el\u00e9ctrica sin dep\u00f3sito m\u00e1s barata de Saginaw sin contrato[:] - Pronto Power\",\"isPartOf\":{\"@id\":\"https:\\\/\\\/powermepronto.com\\\/en\\\/#website\"},\"datePublished\":\"2021-12-13T12:59:37+00:00\",\"dateModified\":\"2022-12-21T09:29:58+00:00\",\"description\":\"[:en]Get the cheapest prepaid electric rates in Saginaw. Plus find out how to save 20% more. No deposit. No contract. No hidden fees. Join free today! 844.621.2852[:es]Obtenga las tarifas el\u00e9ctricas prepagas m\u00e1s econ\u00f3micas en Saginaw. Adem\u00e1s, descubra c\u00f3mo ahorrar un 20% m\u00e1s. No hay dep\u00f3sito. Sin contrato. Sin cuotas escondidas. \u00a1\u00danase gratis hoy! 844.621.2852[:]\",\"breadcrumb\":{\"@id\":\"https:\\\/\\\/powermepronto.com\\\/even-cheap-electric-companies-in-saginaw-cant-match-pronto-power\\\/#breadcrumb\"},\"inLanguage\":\"en-US\",\"potentialAction\":[{\"@type\":\"ReadAction\",\"target\":[\"https:\\\/\\\/powermepronto.com\\\/even-cheap-electric-companies-in-saginaw-cant-match-pronto-power\\\/\"]}]},{\"@type\":\"BreadcrumbList\",\"@id\":\"https:\\\/\\\/powermepronto.com\\\/even-cheap-electric-companies-in-saginaw-cant-match-pronto-power\\\/#breadcrumb\",\"itemListElement\":[{\"@type\":\"ListItem\",\"position\":1,\"name\":\"Home\",\"item\":\"https:\\\/\\\/powermepronto.com\\\/en\\\/\"},{\"@type\":\"ListItem\",\"position\":2,\"name\":\"Even Cheap Electric Companies in Saginaw Can\u2019t Match Pronto Power\"}]},{\"@type\":\"WebSite\",\"@id\":\"https:\\\/\\\/powermepronto.com\\\/en\\\/#website\",\"url\":\"https:\\\/\\\/powermepronto.com\\\/en\\\/\",\"name\":\"Pronto Power\",\"description\":\"\",\"potentialAction\":[{\"@type\":\"SearchAction\",\"target\":{\"@type\":\"EntryPoint\",\"urlTemplate\":\"https:\\\/\\\/powermepronto.com\\\/en\\\/?s={search_term_string}\"},\"query-input\":{\"@type\":\"PropertyValueSpecification\",\"valueRequired\":true,\"valueName\":\"search_term_string\"}}],\"inLanguage\":\"en-US\"}]}<\/script>\n<!-- \/ Yoast SEO plugin. -->","yoast_head_json":{"title":"[:en]Even Cheap Electric Companies in Saginaw Can\u2019t Match Pronto Power[:es]La compa\u00f1\u00eda el\u00e9ctrica sin dep\u00f3sito m\u00e1s barata de Saginaw sin contrato[:] - Pronto Power","description":"[:en]Get the cheapest prepaid electric rates in Saginaw. Plus find out how to save 20% more. No deposit. No contract. No hidden fees. Join free today! 844.621.2852[:es]Obtenga las tarifas el\u00e9ctricas prepagas m\u00e1s econ\u00f3micas en Saginaw. Adem\u00e1s, descubra c\u00f3mo ahorrar un 20% m\u00e1s. No hay dep\u00f3sito. Sin contrato. Sin cuotas escondidas. \u00a1\u00danase gratis hoy! 844.621.2852[:]","robots":{"index":"index","follow":"follow","max-snippet":"max-snippet:-1","max-image-preview":"max-image-preview:large","max-video-preview":"max-video-preview:-1"},"canonical":"https:\/\/powermepronto.com\/even-cheap-electric-companies-in-saginaw-cant-match-pronto-power\/","og_locale":"en_US","og_type":"article","og_title":"[:en]Even Cheap Electric Companies in Saginaw Can\u2019t Match Pronto Power[:es]La compa\u00f1\u00eda el\u00e9ctrica sin dep\u00f3sito m\u00e1s barata de Saginaw sin contrato[:] - Pronto Power","og_description":"[:en]Get the cheapest prepaid electric rates in Saginaw. Plus find out how to save 20% more. No deposit. No contract. No hidden fees. Join free today! 844.621.2852[:es]Obtenga las tarifas el\u00e9ctricas prepagas m\u00e1s econ\u00f3micas en Saginaw. Adem\u00e1s, descubra c\u00f3mo ahorrar un 20% m\u00e1s. No hay dep\u00f3sito. Sin contrato. Sin cuotas escondidas. \u00a1\u00danase gratis hoy! 844.621.2852[:]","og_url":"https:\/\/powermepronto.com\/even-cheap-electric-companies-in-saginaw-cant-match-pronto-power\/","og_site_name":"Pronto Power","article_modified_time":"2022-12-21T09:29:58+00:00","twitter_card":"summary_large_image","twitter_misc":{"Est. reading time":"4 minutes"},"schema":{"@context":"https:\/\/schema.org","@graph":[{"@type":"WebPage","@id":"https:\/\/powermepronto.com\/even-cheap-electric-companies-in-saginaw-cant-match-pronto-power\/","url":"https:\/\/powermepronto.com\/even-cheap-electric-companies-in-saginaw-cant-match-pronto-power\/","name":"[:en]Even Cheap Electric Companies in Saginaw Can\u2019t Match Pronto Power[:es]La compa\u00f1\u00eda el\u00e9ctrica sin dep\u00f3sito m\u00e1s barata de Saginaw sin contrato[:] - Pronto Power","isPartOf":{"@id":"https:\/\/powermepronto.com\/en\/#website"},"datePublished":"2021-12-13T12:59:37+00:00","dateModified":"2022-12-21T09:29:58+00:00","description":"[:en]Get the cheapest prepaid electric rates in Saginaw. Plus find out how to save 20% more. No deposit. No contract. No hidden fees. Join free today! 844.621.2852[:es]Obtenga las tarifas el\u00e9ctricas prepagas m\u00e1s econ\u00f3micas en Saginaw. Adem\u00e1s, descubra c\u00f3mo ahorrar un 20% m\u00e1s. No hay dep\u00f3sito. Sin contrato. Sin cuotas escondidas. \u00a1\u00danase gratis hoy! 844.621.2852[:]","breadcrumb":{"@id":"https:\/\/powermepronto.com\/even-cheap-electric-companies-in-saginaw-cant-match-pronto-power\/#breadcrumb"},"inLanguage":"en-US","potentialAction":[{"@type":"ReadAction","target":["https:\/\/powermepronto.com\/even-cheap-electric-companies-in-saginaw-cant-match-pronto-power\/"]}]},{"@type":"BreadcrumbList","@id":"https:\/\/powermepronto.com\/even-cheap-electric-companies-in-saginaw-cant-match-pronto-power\/#breadcrumb","itemListElement":[{"@type":"ListItem","position":1,"name":"Home","item":"https:\/\/powermepronto.com\/en\/"},{"@type":"ListItem","position":2,"name":"Even Cheap Electric Companies in Saginaw Can\u2019t Match Pronto Power"}]},{"@type":"WebSite","@id":"https:\/\/powermepronto.com\/en\/#website","url":"https:\/\/powermepronto.com\/en\/","name":"Pronto Power","description":"","potentialAction":[{"@type":"SearchAction","target":{"@type":"EntryPoint","urlTemplate":"https:\/\/powermepronto.com\/en\/?s={search_term_string}"},"query-input":{"@type":"PropertyValueSpecification","valueRequired":true,"valueName":"search_term_string"}}],"inLanguage":"en-US"}]}},"_links":{"self":[{"href":"https:\/\/powermepronto.com\/en\/wp-json\/wp\/v2\/pages\/2897","targetHints":{"allow":["GET"]}}],"collection":[{"href":"https:\/\/powermepronto.com\/en\/wp-json\/wp\/v2\/pages"}],"about":[{"href":"https:\/\/powermepronto.com\/en\/wp-json\/wp\/v2\/types\/page"}],"author":[{"embeddable":true,"href":"https:\/\/powermepronto.com\/en\/wp-json\/wp\/v2\/users\/1"}],"replies":[{"embeddable":true,"href":"https:\/\/powermepronto.com\/en\/wp-json\/wp\/v2\/comments?post=2897"}],"version-history":[{"count":3,"href":"https:\/\/powermepronto.com\/en\/wp-json\/wp\/v2\/pages\/2897\/revisions"}],"predecessor-version":[{"id":3458,"href":"https:\/\/powermepronto.com\/en\/wp-json\/wp\/v2\/pages\/2897\/revisions\/3458"}],"wp:attachment":[{"href":"https:\/\/powermepronto.com\/en\/wp-json\/wp\/v2\/media?parent=2897"}],"curies":[{"name":"wp","href":"https:\/\/api.w.org\/{rel}","templated":true}]}}