{"id":2865,"date":"2021-11-24T10:54:42","date_gmt":"2021-11-24T16:54:42","guid":{"rendered":"https:\/\/powermepronto.com\/?page_id=2865"},"modified":"2022-12-21T03:31:53","modified_gmt":"2022-12-21T09:31:53","slug":"mcallens-cheapest-no-deposit-electricity-with-no-contract","status":"publish","type":"page","link":"https:\/\/powermepronto.com\/en\/mcallens-cheapest-no-deposit-electricity-with-no-contract\/","title":{"rendered":"McAllen\u2019s Cheapest No-Deposit Electricity with No Contract"},"content":{"rendered":"<p>Confused by all the options Texas REPs throw at you?<\/p>\n<p>Getting hit with hidden fees by your current REP?<\/p>\n<p>Well, you don\u2019t have to deal with any of that at Pronto Power.<\/p>\n<p>That\u2019s because you get the cheapest prepaid electric rates in all of Texas&#8230;with no hidden fees!<\/p>\n<p>And to prove it, you don\u2019t have to sign a contract.<\/p>\n<p>That means we have to follow through on this promise. Because if we don\u2019t, you can cancel anytime completely risk-free and choose another REP.<\/p>\n<p>But you won\u2019t want to because you truly do get the cheapest prepay electric in Texas, with no contract or hidden fees.<\/p>\n<h2>How Can Pronto Power Make Such a Great Offer?<\/h2>\n<p>Well, we operate with extreme efficiency in our day-to-day business activities.<\/p>\n<p>And, we aim to keep customers for years, rather than churning and burning customers (which costs more).<\/p>\n<p>So, we simply pass the savings on to you!<\/p>\n<h2>Sounds Too Good to Be True. What\u2019s the Catch?<\/h2>\n<p>There is none!<\/p>\n<p>Then you simply add funds to your account however works best for you&#8230;monthly, weekly, or even daily if you want.<\/p>\n<p>As long as you keep just a single penny in your account by 1 PM each day, your electricity stays on.<\/p>\n<p>And if you ever have trouble paying, for any reason, please call customer service. They\u2019re more than happy to help you create a payment plan that gets you through even the roughest financial circumstances!<\/p>\n<h2>Plus&#8230;Save 20% More Versus Other Texas Electric Companies<\/h2>\n<p>This one\u2019s totally within your control.<\/p>\n<p>When you join Pronto Power, you get access to a free electricity usage monitoring tool.<\/p>\n<p>Unplug an appliance and see how that changes the reading.<\/p>\n<p>Then, take the information you learn over time and use it to guide your behavior.<\/p>\n<p>Many of our customers use this to save 20% off the already cheapest prepay electric in Texas.<\/p>\n<p>And some energy savings fanatics save even more!<\/p>\n<p><strong>Join Free Within the Hour<\/strong><\/p>\n<p>With Pronto Power, there\u2019s:<\/p>\n<ul>\n<li>No credit check<\/li>\n<li>No ID check<\/li>\n<li>No connection fees<\/li>\n<li>No disconnection fees<\/li>\n<li>No deposit<\/li>\n<\/ul>\n<p>&#8230;And like we said before, there\u2019s no contract and no hidden fees.<\/p>\n<p>Call <span class=\"affiliatecode\">844.621.2852<\/span> to get it all within the hour if your home has a smart meter!<\/p>","protected":false},"excerpt":{"rendered":"<p>Confused by all the options Texas REPs throw at you? Getting hit with hidden fees by your current REP? Well, you don\u2019t have to deal with any of that at Pronto Power. That\u2019s because you get the cheapest prepaid electric rates in all of Texas&#8230;with no hidden fees! And to prove it, you don\u2019t have &hellip; <a href=\"https:\/\/powermepronto.com\/en\/mcallens-cheapest-no-deposit-electricity-with-no-contract\/\" class=\"more-link\">Continue reading <span class=\"screen-reader-text\">McAllen\u2019s Cheapest No-Deposit Electricity with No Contract<\/span><\/a><\/p>\n","protected":false},"author":1,"featured_media":0,"parent":0,"menu_order":0,"comment_status":"closed","ping_status":"closed","template":"","meta":{"_acf_changed":false,"_glsr_average":0,"_glsr_ranking":0,"_glsr_reviews":0,"footnotes":"","_links_to":"","_links_to_target":""},"class_list":["post-2865","page","type-page","status-publish","hentry"],"acf":[],"yoast_head":"<!-- This site is optimized with the Yoast SEO plugin v27.4 - https:\/\/yoast.com\/product\/yoast-seo-wordpress\/ -->\n<title>McAllen\u2019s Cheapest No-Deposit Electricity with No Contract - Pronto Power<\/title>\n<meta name=\"description\" content=\"[:en]Get the cheapest prepaid electric rates in McAllen. Plus find out how to save 20% more. No deposit. No contract. No hidden fees. Join free today! 844.621.2852[:es]Obtenga las tarifas el\u00e9ctricas prepagas m\u00e1s econ\u00f3micas en McAllen. Adem\u00e1s, descubra c\u00f3mo ahorrar un 20% m\u00e1s. No hay dep\u00f3sito. Sin contrato. Sin cuotas escondidas. \u00a1\u00danase gratis hoy! 844.621.2852[:]\" \/>\n<meta name=\"robots\" content=\"index, follow, max-snippet:-1, max-image-preview:large, max-video-preview:-1\" \/>\n<link rel=\"canonical\" href=\"https:\/\/powermepronto.com\/mcallens-cheapest-no-deposit-electricity-with-no-contract\/\" \/>\n<meta property=\"og:locale\" content=\"en_US\" \/>\n<meta property=\"og:type\" content=\"article\" \/>\n<meta property=\"og:title\" content=\"[:en]McAllen\u2019s Cheapest No-Deposit Electricity with No Contract[:es]La compa\u00f1\u00eda el\u00e9ctrica sin dep\u00f3sito m\u00e1s barata de McAllen sin contrato[:] - Pronto Power\" \/>\n<meta property=\"og:description\" content=\"[:en]Get the cheapest prepaid electric rates in McAllen. Plus find out how to save 20% more. No deposit. No contract. No hidden fees. Join free today! 844.621.2852[:es]Obtenga las tarifas el\u00e9ctricas prepagas m\u00e1s econ\u00f3micas en McAllen. Adem\u00e1s, descubra c\u00f3mo ahorrar un 20% m\u00e1s. No hay dep\u00f3sito. Sin contrato. Sin cuotas escondidas. \u00a1\u00danase gratis hoy! 844.621.2852[:]\" \/>\n<meta property=\"og:url\" content=\"https:\/\/powermepronto.com\/mcallens-cheapest-no-deposit-electricity-with-no-contract\/\" \/>\n<meta property=\"og:site_name\" content=\"Pronto Power\" \/>\n<meta property=\"article:modified_time\" content=\"2022-12-21T09:31:53+00:00\" \/>\n<meta name=\"twitter:card\" content=\"summary_large_image\" \/>\n<meta name=\"twitter:label1\" content=\"Est. reading time\" \/>\n\t<meta name=\"twitter:data1\" content=\"4 minutes\" \/>\n<script type=\"application\/ld+json\" class=\"yoast-schema-graph\">{\"@context\":\"https:\\\/\\\/schema.org\",\"@graph\":[{\"@type\":\"WebPage\",\"@id\":\"https:\\\/\\\/powermepronto.com\\\/mcallens-cheapest-no-deposit-electricity-with-no-contract\\\/\",\"url\":\"https:\\\/\\\/powermepronto.com\\\/mcallens-cheapest-no-deposit-electricity-with-no-contract\\\/\",\"name\":\"[:en]McAllen\u2019s Cheapest No-Deposit Electricity with No Contract[:es]La compa\u00f1\u00eda el\u00e9ctrica sin dep\u00f3sito m\u00e1s barata de McAllen sin contrato[:] - Pronto Power\",\"isPartOf\":{\"@id\":\"https:\\\/\\\/powermepronto.com\\\/en\\\/#website\"},\"datePublished\":\"2021-11-24T16:54:42+00:00\",\"dateModified\":\"2022-12-21T09:31:53+00:00\",\"description\":\"[:en]Get the cheapest prepaid electric rates in McAllen. Plus find out how to save 20% more. No deposit. No contract. No hidden fees. Join free today! 844.621.2852[:es]Obtenga las tarifas el\u00e9ctricas prepagas m\u00e1s econ\u00f3micas en McAllen. Adem\u00e1s, descubra c\u00f3mo ahorrar un 20% m\u00e1s. No hay dep\u00f3sito. Sin contrato. Sin cuotas escondidas. \u00a1\u00danase gratis hoy! 844.621.2852[:]\",\"breadcrumb\":{\"@id\":\"https:\\\/\\\/powermepronto.com\\\/mcallens-cheapest-no-deposit-electricity-with-no-contract\\\/#breadcrumb\"},\"inLanguage\":\"en-US\",\"potentialAction\":[{\"@type\":\"ReadAction\",\"target\":[\"https:\\\/\\\/powermepronto.com\\\/mcallens-cheapest-no-deposit-electricity-with-no-contract\\\/\"]}]},{\"@type\":\"BreadcrumbList\",\"@id\":\"https:\\\/\\\/powermepronto.com\\\/mcallens-cheapest-no-deposit-electricity-with-no-contract\\\/#breadcrumb\",\"itemListElement\":[{\"@type\":\"ListItem\",\"position\":1,\"name\":\"Home\",\"item\":\"https:\\\/\\\/powermepronto.com\\\/en\\\/\"},{\"@type\":\"ListItem\",\"position\":2,\"name\":\"McAllen\u2019s Cheapest No-Deposit Electricity with No Contract\"}]},{\"@type\":\"WebSite\",\"@id\":\"https:\\\/\\\/powermepronto.com\\\/en\\\/#website\",\"url\":\"https:\\\/\\\/powermepronto.com\\\/en\\\/\",\"name\":\"Pronto Power\",\"description\":\"\",\"potentialAction\":[{\"@type\":\"SearchAction\",\"target\":{\"@type\":\"EntryPoint\",\"urlTemplate\":\"https:\\\/\\\/powermepronto.com\\\/en\\\/?s={search_term_string}\"},\"query-input\":{\"@type\":\"PropertyValueSpecification\",\"valueRequired\":true,\"valueName\":\"search_term_string\"}}],\"inLanguage\":\"en-US\"}]}<\/script>\n<!-- \/ Yoast SEO plugin. -->","yoast_head_json":{"title":"[:en]McAllen\u2019s Cheapest No-Deposit Electricity with No Contract[:es]La compa\u00f1\u00eda el\u00e9ctrica sin dep\u00f3sito m\u00e1s barata de McAllen sin contrato[:] - Pronto Power","description":"[:en]Get the cheapest prepaid electric rates in McAllen. Plus find out how to save 20% more. No deposit. No contract. No hidden fees. Join free today! 844.621.2852[:es]Obtenga las tarifas el\u00e9ctricas prepagas m\u00e1s econ\u00f3micas en McAllen. Adem\u00e1s, descubra c\u00f3mo ahorrar un 20% m\u00e1s. No hay dep\u00f3sito. Sin contrato. Sin cuotas escondidas. \u00a1\u00danase gratis hoy! 844.621.2852[:]","robots":{"index":"index","follow":"follow","max-snippet":"max-snippet:-1","max-image-preview":"max-image-preview:large","max-video-preview":"max-video-preview:-1"},"canonical":"https:\/\/powermepronto.com\/mcallens-cheapest-no-deposit-electricity-with-no-contract\/","og_locale":"en_US","og_type":"article","og_title":"[:en]McAllen\u2019s Cheapest No-Deposit Electricity with No Contract[:es]La compa\u00f1\u00eda el\u00e9ctrica sin dep\u00f3sito m\u00e1s barata de McAllen sin contrato[:] - Pronto Power","og_description":"[:en]Get the cheapest prepaid electric rates in McAllen. Plus find out how to save 20% more. No deposit. No contract. No hidden fees. Join free today! 844.621.2852[:es]Obtenga las tarifas el\u00e9ctricas prepagas m\u00e1s econ\u00f3micas en McAllen. Adem\u00e1s, descubra c\u00f3mo ahorrar un 20% m\u00e1s. No hay dep\u00f3sito. Sin contrato. Sin cuotas escondidas. \u00a1\u00danase gratis hoy! 844.621.2852[:]","og_url":"https:\/\/powermepronto.com\/mcallens-cheapest-no-deposit-electricity-with-no-contract\/","og_site_name":"Pronto Power","article_modified_time":"2022-12-21T09:31:53+00:00","twitter_card":"summary_large_image","twitter_misc":{"Est. reading time":"4 minutes"},"schema":{"@context":"https:\/\/schema.org","@graph":[{"@type":"WebPage","@id":"https:\/\/powermepronto.com\/mcallens-cheapest-no-deposit-electricity-with-no-contract\/","url":"https:\/\/powermepronto.com\/mcallens-cheapest-no-deposit-electricity-with-no-contract\/","name":"[:en]McAllen\u2019s Cheapest No-Deposit Electricity with No Contract[:es]La compa\u00f1\u00eda el\u00e9ctrica sin dep\u00f3sito m\u00e1s barata de McAllen sin contrato[:] - Pronto Power","isPartOf":{"@id":"https:\/\/powermepronto.com\/en\/#website"},"datePublished":"2021-11-24T16:54:42+00:00","dateModified":"2022-12-21T09:31:53+00:00","description":"[:en]Get the cheapest prepaid electric rates in McAllen. Plus find out how to save 20% more. No deposit. No contract. No hidden fees. Join free today! 844.621.2852[:es]Obtenga las tarifas el\u00e9ctricas prepagas m\u00e1s econ\u00f3micas en McAllen. Adem\u00e1s, descubra c\u00f3mo ahorrar un 20% m\u00e1s. No hay dep\u00f3sito. Sin contrato. Sin cuotas escondidas. \u00a1\u00danase gratis hoy! 844.621.2852[:]","breadcrumb":{"@id":"https:\/\/powermepronto.com\/mcallens-cheapest-no-deposit-electricity-with-no-contract\/#breadcrumb"},"inLanguage":"en-US","potentialAction":[{"@type":"ReadAction","target":["https:\/\/powermepronto.com\/mcallens-cheapest-no-deposit-electricity-with-no-contract\/"]}]},{"@type":"BreadcrumbList","@id":"https:\/\/powermepronto.com\/mcallens-cheapest-no-deposit-electricity-with-no-contract\/#breadcrumb","itemListElement":[{"@type":"ListItem","position":1,"name":"Home","item":"https:\/\/powermepronto.com\/en\/"},{"@type":"ListItem","position":2,"name":"McAllen\u2019s Cheapest No-Deposit Electricity with No Contract"}]},{"@type":"WebSite","@id":"https:\/\/powermepronto.com\/en\/#website","url":"https:\/\/powermepronto.com\/en\/","name":"Pronto Power","description":"","potentialAction":[{"@type":"SearchAction","target":{"@type":"EntryPoint","urlTemplate":"https:\/\/powermepronto.com\/en\/?s={search_term_string}"},"query-input":{"@type":"PropertyValueSpecification","valueRequired":true,"valueName":"search_term_string"}}],"inLanguage":"en-US"}]}},"_links":{"self":[{"href":"https:\/\/powermepronto.com\/en\/wp-json\/wp\/v2\/pages\/2865","targetHints":{"allow":["GET"]}}],"collection":[{"href":"https:\/\/powermepronto.com\/en\/wp-json\/wp\/v2\/pages"}],"about":[{"href":"https:\/\/powermepronto.com\/en\/wp-json\/wp\/v2\/types\/page"}],"author":[{"embeddable":true,"href":"https:\/\/powermepronto.com\/en\/wp-json\/wp\/v2\/users\/1"}],"replies":[{"embeddable":true,"href":"https:\/\/powermepronto.com\/en\/wp-json\/wp\/v2\/comments?post=2865"}],"version-history":[{"count":3,"href":"https:\/\/powermepronto.com\/en\/wp-json\/wp\/v2\/pages\/2865\/revisions"}],"predecessor-version":[{"id":3460,"href":"https:\/\/powermepronto.com\/en\/wp-json\/wp\/v2\/pages\/2865\/revisions\/3460"}],"wp:attachment":[{"href":"https:\/\/powermepronto.com\/en\/wp-json\/wp\/v2\/media?parent=2865"}],"curies":[{"name":"wp","href":"https:\/\/api.w.org\/{rel}","templated":true}]}}