{"id":2863,"date":"2021-11-24T10:51:47","date_gmt":"2021-11-24T16:51:47","guid":{"rendered":"https:\/\/powermepronto.com\/?page_id=2863"},"modified":"2022-12-21T03:32:53","modified_gmt":"2022-12-21T09:32:53","slug":"even-cheap-electric-companies-in-mckinney-cant-match-pronto-power","status":"publish","type":"page","link":"https:\/\/powermepronto.com\/en\/even-cheap-electric-companies-in-mckinney-cant-match-pronto-power\/","title":{"rendered":"Even Cheap Electric Companies in McKinney Can\u2019t Match Pronto Power"},"content":{"rendered":"<p>Think you have a great deal with your REP?<\/p>\n<p>&#8230;Well, then try this offer on for size:<\/p>\n<ul>\n<li>Get the cheapest prepaid electric in all of Texas<\/li>\n<li>No hidden fees<\/li>\n<li>No contract<\/li>\n<li>No deposit<\/li>\n<li>No connection fees<\/li>\n<li>No disconnection fees<\/li>\n<li>No credit check<\/li>\n<li>No ID check<\/li>\n<\/ul>\n<p>There\u2019s no catch.<\/p>\n<p>And yeah, it\u2019s completely risk free and you can cancel anytime because you don\u2019t sign a contract or pay any connection or disconnection fees.<\/p>\n<h2>Sounds Too Good to Be True&#8230;How Can Pronto Power Offer This Deal?<\/h2>\n<p>Well, we operate with incredible efficiency in our day-to-day business activities.<\/p>\n<p>And we also aim to keep you on as a customer for years. Many REPs prefer to churn-and-burn customers, but that actually costs a lot more.<\/p>\n<p>Then you get the savings that result from those strategic business decisions!<\/p>\n<h2>Okay. But There\u2019s Gotta Be a Catch. What Do I Have to Do?<\/h2>\n<p>Not much.<\/p>\n<p>Being a Pronto Power customer is simple and easy.<\/p>\n<p>Then you simply add more funds however works best for you (monthly, weekly, or even daily if you want)<\/p>\n<p>As long as you keep just one single penny in your prepaid account by 1 PM each day, your electricity stays on!<\/p>\n<p>And if you ever have trouble paying for any reason, please call customer service. They\u2019re happy to help you make it through even the most difficult of financial circumstances!<\/p>\n<h2>Plus, Save 20% Off the Cheapest No-Deposit Power in Texas<\/h2>\n<p>This one rests totally within your control.<\/p>\n<p>When you join Pronto Power, you get access to online electricity monitoring software.<\/p>\n<p>It connects to your smart meter and shows exactly how you use electricity in real-time.<\/p>\n<p>Make a different decision, and then watch your usage fall.<\/p>\n<p>Many of our customers learn how to save 20%&#8230;and some energy savings fanatics save even more!<\/p>\n<h2>Join Pronto Power Free Within the Hour If Your Home Has a Smart Meter<\/h2>\n<p>You just can\u2019t score a better deal with other electric companies.<\/p>\n<p>The cheapest prepaid rates&#8230;with no deposit&#8230;no hidden fees&#8230;no contract&#8230;and the opportunity to save 20% more\u2026<\/p>\n<p>Get it all within the hour when you join Pronto Power by calling <span class=\"affiliatecode\">844.621.2852<\/span>!<\/p>","protected":false},"excerpt":{"rendered":"<p>Think you have a great deal with your REP? &#8230;Well, then try this offer on for size: Get the cheapest prepaid electric in all of Texas No hidden fees No contract No deposit No connection fees No disconnection fees No credit check No ID check There\u2019s no catch. And yeah, it\u2019s completely risk free and &hellip; <a href=\"https:\/\/powermepronto.com\/en\/even-cheap-electric-companies-in-mckinney-cant-match-pronto-power\/\" class=\"more-link\">Continue reading <span class=\"screen-reader-text\">Even Cheap Electric Companies in McKinney Can\u2019t Match Pronto Power<\/span><\/a><\/p>\n","protected":false},"author":1,"featured_media":0,"parent":0,"menu_order":0,"comment_status":"closed","ping_status":"closed","template":"","meta":{"_acf_changed":false,"_glsr_average":0,"_glsr_ranking":0,"_glsr_reviews":0,"footnotes":"","_links_to":"","_links_to_target":""},"class_list":["post-2863","page","type-page","status-publish","hentry"],"acf":[],"yoast_head":"<!-- This site is optimized with the Yoast SEO plugin v27.4 - https:\/\/yoast.com\/product\/yoast-seo-wordpress\/ -->\n<title>Even Cheap Electric Companies in McKinney Can\u2019t Match Pronto Power - Pronto Power<\/title>\n<meta name=\"description\" content=\"[:en]Get the cheapest prepaid electric rates in McKinney. Plus find out how to save 20% more. No deposit. No contract. No hidden fees. Join free today! 844.621.2852[:es]Obtenga las tarifas el\u00e9ctricas prepagas m\u00e1s econ\u00f3micas en McKinney. Adem\u00e1s, descubra c\u00f3mo ahorrar un 20% m\u00e1s. No hay dep\u00f3sito. Sin contrato. Sin cuotas escondidas. \u00a1\u00danase gratis hoy! 844.621.2852[:]\" \/>\n<meta name=\"robots\" content=\"index, follow, max-snippet:-1, max-image-preview:large, max-video-preview:-1\" \/>\n<link rel=\"canonical\" href=\"https:\/\/powermepronto.com\/even-cheap-electric-companies-in-mckinney-cant-match-pronto-power\/\" \/>\n<meta property=\"og:locale\" content=\"en_US\" \/>\n<meta property=\"og:type\" content=\"article\" \/>\n<meta property=\"og:title\" content=\"[:en]Even Cheap Electric Companies in McKinney Can\u2019t Match Pronto Power[:es]La compa\u00f1\u00eda el\u00e9ctrica sin dep\u00f3sito m\u00e1s barata de McKinney sin contrato[:] - Pronto Power\" \/>\n<meta property=\"og:description\" content=\"[:en]Get the cheapest prepaid electric rates in McKinney. Plus find out how to save 20% more. No deposit. No contract. No hidden fees. Join free today! 844.621.2852[:es]Obtenga las tarifas el\u00e9ctricas prepagas m\u00e1s econ\u00f3micas en McKinney. Adem\u00e1s, descubra c\u00f3mo ahorrar un 20% m\u00e1s. No hay dep\u00f3sito. Sin contrato. Sin cuotas escondidas. \u00a1\u00danase gratis hoy! 844.621.2852[:]\" \/>\n<meta property=\"og:url\" content=\"https:\/\/powermepronto.com\/even-cheap-electric-companies-in-mckinney-cant-match-pronto-power\/\" \/>\n<meta property=\"og:site_name\" content=\"Pronto Power\" \/>\n<meta property=\"article:modified_time\" content=\"2022-12-21T09:32:53+00:00\" \/>\n<meta name=\"twitter:card\" content=\"summary_large_image\" \/>\n<meta name=\"twitter:label1\" content=\"Est. reading time\" \/>\n\t<meta name=\"twitter:data1\" content=\"4 minutes\" \/>\n<script type=\"application\/ld+json\" class=\"yoast-schema-graph\">{\"@context\":\"https:\\\/\\\/schema.org\",\"@graph\":[{\"@type\":\"WebPage\",\"@id\":\"https:\\\/\\\/powermepronto.com\\\/even-cheap-electric-companies-in-mckinney-cant-match-pronto-power\\\/\",\"url\":\"https:\\\/\\\/powermepronto.com\\\/even-cheap-electric-companies-in-mckinney-cant-match-pronto-power\\\/\",\"name\":\"[:en]Even Cheap Electric Companies in McKinney Can\u2019t Match Pronto Power[:es]La compa\u00f1\u00eda el\u00e9ctrica sin dep\u00f3sito m\u00e1s barata de McKinney sin contrato[:] - Pronto Power\",\"isPartOf\":{\"@id\":\"https:\\\/\\\/powermepronto.com\\\/en\\\/#website\"},\"datePublished\":\"2021-11-24T16:51:47+00:00\",\"dateModified\":\"2022-12-21T09:32:53+00:00\",\"description\":\"[:en]Get the cheapest prepaid electric rates in McKinney. Plus find out how to save 20% more. No deposit. No contract. No hidden fees. Join free today! 844.621.2852[:es]Obtenga las tarifas el\u00e9ctricas prepagas m\u00e1s econ\u00f3micas en McKinney. Adem\u00e1s, descubra c\u00f3mo ahorrar un 20% m\u00e1s. No hay dep\u00f3sito. Sin contrato. Sin cuotas escondidas. \u00a1\u00danase gratis hoy! 844.621.2852[:]\",\"breadcrumb\":{\"@id\":\"https:\\\/\\\/powermepronto.com\\\/even-cheap-electric-companies-in-mckinney-cant-match-pronto-power\\\/#breadcrumb\"},\"inLanguage\":\"en-US\",\"potentialAction\":[{\"@type\":\"ReadAction\",\"target\":[\"https:\\\/\\\/powermepronto.com\\\/even-cheap-electric-companies-in-mckinney-cant-match-pronto-power\\\/\"]}]},{\"@type\":\"BreadcrumbList\",\"@id\":\"https:\\\/\\\/powermepronto.com\\\/even-cheap-electric-companies-in-mckinney-cant-match-pronto-power\\\/#breadcrumb\",\"itemListElement\":[{\"@type\":\"ListItem\",\"position\":1,\"name\":\"Home\",\"item\":\"https:\\\/\\\/powermepronto.com\\\/en\\\/\"},{\"@type\":\"ListItem\",\"position\":2,\"name\":\"Even Cheap Electric Companies in McKinney Can\u2019t Match Pronto Power\"}]},{\"@type\":\"WebSite\",\"@id\":\"https:\\\/\\\/powermepronto.com\\\/en\\\/#website\",\"url\":\"https:\\\/\\\/powermepronto.com\\\/en\\\/\",\"name\":\"Pronto Power\",\"description\":\"\",\"potentialAction\":[{\"@type\":\"SearchAction\",\"target\":{\"@type\":\"EntryPoint\",\"urlTemplate\":\"https:\\\/\\\/powermepronto.com\\\/en\\\/?s={search_term_string}\"},\"query-input\":{\"@type\":\"PropertyValueSpecification\",\"valueRequired\":true,\"valueName\":\"search_term_string\"}}],\"inLanguage\":\"en-US\"}]}<\/script>\n<!-- \/ Yoast SEO plugin. -->","yoast_head_json":{"title":"[:en]Even Cheap Electric Companies in McKinney Can\u2019t Match Pronto Power[:es]La compa\u00f1\u00eda el\u00e9ctrica sin dep\u00f3sito m\u00e1s barata de McKinney sin contrato[:] - Pronto Power","description":"[:en]Get the cheapest prepaid electric rates in McKinney. Plus find out how to save 20% more. No deposit. No contract. No hidden fees. Join free today! 844.621.2852[:es]Obtenga las tarifas el\u00e9ctricas prepagas m\u00e1s econ\u00f3micas en McKinney. Adem\u00e1s, descubra c\u00f3mo ahorrar un 20% m\u00e1s. No hay dep\u00f3sito. Sin contrato. Sin cuotas escondidas. \u00a1\u00danase gratis hoy! 844.621.2852[:]","robots":{"index":"index","follow":"follow","max-snippet":"max-snippet:-1","max-image-preview":"max-image-preview:large","max-video-preview":"max-video-preview:-1"},"canonical":"https:\/\/powermepronto.com\/even-cheap-electric-companies-in-mckinney-cant-match-pronto-power\/","og_locale":"en_US","og_type":"article","og_title":"[:en]Even Cheap Electric Companies in McKinney Can\u2019t Match Pronto Power[:es]La compa\u00f1\u00eda el\u00e9ctrica sin dep\u00f3sito m\u00e1s barata de McKinney sin contrato[:] - Pronto Power","og_description":"[:en]Get the cheapest prepaid electric rates in McKinney. Plus find out how to save 20% more. No deposit. No contract. No hidden fees. Join free today! 844.621.2852[:es]Obtenga las tarifas el\u00e9ctricas prepagas m\u00e1s econ\u00f3micas en McKinney. Adem\u00e1s, descubra c\u00f3mo ahorrar un 20% m\u00e1s. No hay dep\u00f3sito. Sin contrato. Sin cuotas escondidas. \u00a1\u00danase gratis hoy! 844.621.2852[:]","og_url":"https:\/\/powermepronto.com\/even-cheap-electric-companies-in-mckinney-cant-match-pronto-power\/","og_site_name":"Pronto Power","article_modified_time":"2022-12-21T09:32:53+00:00","twitter_card":"summary_large_image","twitter_misc":{"Est. reading time":"4 minutes"},"schema":{"@context":"https:\/\/schema.org","@graph":[{"@type":"WebPage","@id":"https:\/\/powermepronto.com\/even-cheap-electric-companies-in-mckinney-cant-match-pronto-power\/","url":"https:\/\/powermepronto.com\/even-cheap-electric-companies-in-mckinney-cant-match-pronto-power\/","name":"[:en]Even Cheap Electric Companies in McKinney Can\u2019t Match Pronto Power[:es]La compa\u00f1\u00eda el\u00e9ctrica sin dep\u00f3sito m\u00e1s barata de McKinney sin contrato[:] - Pronto Power","isPartOf":{"@id":"https:\/\/powermepronto.com\/en\/#website"},"datePublished":"2021-11-24T16:51:47+00:00","dateModified":"2022-12-21T09:32:53+00:00","description":"[:en]Get the cheapest prepaid electric rates in McKinney. Plus find out how to save 20% more. No deposit. No contract. No hidden fees. Join free today! 844.621.2852[:es]Obtenga las tarifas el\u00e9ctricas prepagas m\u00e1s econ\u00f3micas en McKinney. Adem\u00e1s, descubra c\u00f3mo ahorrar un 20% m\u00e1s. No hay dep\u00f3sito. Sin contrato. Sin cuotas escondidas. \u00a1\u00danase gratis hoy! 844.621.2852[:]","breadcrumb":{"@id":"https:\/\/powermepronto.com\/even-cheap-electric-companies-in-mckinney-cant-match-pronto-power\/#breadcrumb"},"inLanguage":"en-US","potentialAction":[{"@type":"ReadAction","target":["https:\/\/powermepronto.com\/even-cheap-electric-companies-in-mckinney-cant-match-pronto-power\/"]}]},{"@type":"BreadcrumbList","@id":"https:\/\/powermepronto.com\/even-cheap-electric-companies-in-mckinney-cant-match-pronto-power\/#breadcrumb","itemListElement":[{"@type":"ListItem","position":1,"name":"Home","item":"https:\/\/powermepronto.com\/en\/"},{"@type":"ListItem","position":2,"name":"Even Cheap Electric Companies in McKinney Can\u2019t Match Pronto Power"}]},{"@type":"WebSite","@id":"https:\/\/powermepronto.com\/en\/#website","url":"https:\/\/powermepronto.com\/en\/","name":"Pronto Power","description":"","potentialAction":[{"@type":"SearchAction","target":{"@type":"EntryPoint","urlTemplate":"https:\/\/powermepronto.com\/en\/?s={search_term_string}"},"query-input":{"@type":"PropertyValueSpecification","valueRequired":true,"valueName":"search_term_string"}}],"inLanguage":"en-US"}]}},"_links":{"self":[{"href":"https:\/\/powermepronto.com\/en\/wp-json\/wp\/v2\/pages\/2863","targetHints":{"allow":["GET"]}}],"collection":[{"href":"https:\/\/powermepronto.com\/en\/wp-json\/wp\/v2\/pages"}],"about":[{"href":"https:\/\/powermepronto.com\/en\/wp-json\/wp\/v2\/types\/page"}],"author":[{"embeddable":true,"href":"https:\/\/powermepronto.com\/en\/wp-json\/wp\/v2\/users\/1"}],"replies":[{"embeddable":true,"href":"https:\/\/powermepronto.com\/en\/wp-json\/wp\/v2\/comments?post=2863"}],"version-history":[{"count":4,"href":"https:\/\/powermepronto.com\/en\/wp-json\/wp\/v2\/pages\/2863\/revisions"}],"predecessor-version":[{"id":3461,"href":"https:\/\/powermepronto.com\/en\/wp-json\/wp\/v2\/pages\/2863\/revisions\/3461"}],"wp:attachment":[{"href":"https:\/\/powermepronto.com\/en\/wp-json\/wp\/v2\/media?parent=2863"}],"curies":[{"name":"wp","href":"https:\/\/api.w.org\/{rel}","templated":true}]}}