{"id":2830,"date":"2021-11-01T14:09:01","date_gmt":"2021-11-01T19:09:01","guid":{"rendered":"https:\/\/powermepronto.com\/?page_id=2830"},"modified":"2022-12-21T03:34:32","modified_gmt":"2022-12-21T09:34:32","slug":"cheaper-than-all-other-electric-companies-in-irving-with-no-contract","status":"publish","type":"page","link":"https:\/\/powermepronto.com\/en\/cheaper-than-all-other-electric-companies-in-irving-with-no-contract\/","title":{"rendered":"Cheaper Than All Other Electric Companies in Irving with No Contract!"},"content":{"rendered":"<p>Do you really pay the kWh rate advertised?<\/p>\n<p>Because many Texas electric companies tell you they have the lowest rates.<\/p>\n<p>But then they load your contract with connection fees, disconnection fees, an upfront deposit, late fees, fees just for paying, and outrageous fees for breaking intentionally low electricity usage thresholds.<\/p>\n<p>So you end up paying far more than the advertised kWh rate.<\/p>\n<p>But none of that happens at Pronto Power. And that\u2019s because you don\u2019t sign a contract or pay any hidden fees.<\/p>\n<p>Since you don\u2019t sign a contract, that means we have to follow through on our promise. Otherwise, you can leave without any hassles.<\/p>\n<p>With Pronto Power, there\u2019s:<\/p>\n<ul>\n<li>No credit check<\/li>\n<li>No ID check<\/li>\n<li>No hidden fees<\/li>\n<li>No deposit<\/li>\n<li>No connection fees<\/li>\n<li>No disconnection fees<\/li>\n<li>No contract<\/li>\n<\/ul>\n<p>&#8230;And get this, customer service actually can\u2019t wait to help you create a payment plan that helps you make it through the most difficult of financial circumstances!<\/p>\n<h2>Sounds Too Good To Be True! How Can Pronto Power Offer Such an Amazing Deal?<\/h2>\n<p>Simple. We\u2019re incredibly efficient in our own operations. That keeps your costs lower than any other prepay electric company in Irving.<\/p>\n<p>And it also means we don\u2019t need to rely on tricks and traps to charge you more fees.<\/p>\n<h2>How Does Pronto Power Work?<\/h2>\n<p>It couldn\u2019t be easier or more convenient.<\/p>\n<p>Then you simply add funds however works best for you: monthly, weekly, or even daily if you need to.<\/p>\n<p>As long as you have just a single penny in your account by 1 PM each day, your electricity stays on.<\/p>\n<p>And if you have any trouble paying, simply let us know. We\u2019re happy to help you make it through even the worst financial catastrophes.<\/p>\n<h2>Plus, Save 20% More Off the Already Cheapest Prepaid Electric in Irving<\/h2>\n<p>This part\u2019s totally within your control. When you join Pronto Power, you get access to a free electricity monitoring tool.<\/p>\n<p>Simply login to find out how you\u2019re using electricity right this second.<\/p>\n<p>Then, use what you learn about your behavior to make small changes in your electricity usage over time.<\/p>\n<p>Many of our customers use this to save 20%&#8230;and some fanatics save even more!<\/p>\n<h2>Join Pronto Power Free Within the Hour If You Have a Smart Meter<\/h2>\n<p>The cheapest electricity in Irving, with no deposit, no hidden fees, and no contract can be yours within the hour if your home has a smart meter.<\/p>\n<p>All you have to do is call <span class=\"affiliatecode\">844.621.2852<\/span>!<\/p>","protected":false},"excerpt":{"rendered":"<p>Do you really pay the kWh rate advertised? Because many Texas electric companies tell you they have the lowest rates. But then they load your contract with connection fees, disconnection fees, an upfront deposit, late fees, fees just for paying, and outrageous fees for breaking intentionally low electricity usage thresholds. So you end up paying &hellip; <a href=\"https:\/\/powermepronto.com\/en\/cheaper-than-all-other-electric-companies-in-irving-with-no-contract\/\" class=\"more-link\">Continue reading <span class=\"screen-reader-text\">Cheaper Than All Other Electric Companies in Irving with No Contract!<\/span><\/a><\/p>\n","protected":false},"author":1,"featured_media":0,"parent":0,"menu_order":0,"comment_status":"closed","ping_status":"closed","template":"","meta":{"_acf_changed":false,"_glsr_average":0,"_glsr_ranking":0,"_glsr_reviews":0,"footnotes":"","_links_to":"","_links_to_target":""},"class_list":["post-2830","page","type-page","status-publish","hentry"],"acf":[],"yoast_head":"<!-- This site is optimized with the Yoast SEO plugin v27.4 - https:\/\/yoast.com\/product\/yoast-seo-wordpress\/ -->\n<title>Cheaper Than All Other Electric Companies in Irving with No Contract! - Pronto Power<\/title>\n<meta name=\"description\" content=\"[:en]Get the cheapest prepaid electric rates in Irving. Plus find out how to save 20% more. No deposit. No contract. No hidden fees. Join free today! 844.621.2852[:es]Obtenga las tarifas el\u00e9ctricas prepagas m\u00e1s baratas en Irving. Adem\u00e1s, descubra c\u00f3mo ahorrar un 20% m\u00e1s. No hay dep\u00f3sito. Sin contrato. Sin cuotas escondidas. \u00a1\u00danase gratis hoy! 844.621.2852[:]\" \/>\n<meta name=\"robots\" content=\"index, follow, max-snippet:-1, max-image-preview:large, max-video-preview:-1\" \/>\n<link rel=\"canonical\" href=\"https:\/\/powermepronto.com\/cheaper-than-all-other-electric-companies-in-irving-with-no-contract\/\" \/>\n<meta property=\"og:locale\" content=\"en_US\" \/>\n<meta property=\"og:type\" content=\"article\" \/>\n<meta property=\"og:title\" content=\"[:en]Cheaper Than All Other Electric Companies in Irving with No Contract![:es]\u00a1M\u00e1s barato que todas las dem\u00e1s empresas el\u00e9ctricas en Irving sin contrato![:] - Pronto Power\" \/>\n<meta property=\"og:description\" content=\"[:en]Get the cheapest prepaid electric rates in Irving. Plus find out how to save 20% more. No deposit. No contract. No hidden fees. Join free today! 844.621.2852[:es]Obtenga las tarifas el\u00e9ctricas prepagas m\u00e1s baratas en Irving. Adem\u00e1s, descubra c\u00f3mo ahorrar un 20% m\u00e1s. No hay dep\u00f3sito. Sin contrato. Sin cuotas escondidas. \u00a1\u00danase gratis hoy! 844.621.2852[:]\" \/>\n<meta property=\"og:url\" content=\"https:\/\/powermepronto.com\/cheaper-than-all-other-electric-companies-in-irving-with-no-contract\/\" \/>\n<meta property=\"og:site_name\" content=\"Pronto Power\" \/>\n<meta property=\"article:modified_time\" content=\"2022-12-21T09:34:32+00:00\" \/>\n<meta name=\"twitter:card\" content=\"summary_large_image\" \/>\n<meta name=\"twitter:label1\" content=\"Est. reading time\" \/>\n\t<meta name=\"twitter:data1\" content=\"4 minutes\" \/>\n<script type=\"application\/ld+json\" class=\"yoast-schema-graph\">{\"@context\":\"https:\\\/\\\/schema.org\",\"@graph\":[{\"@type\":\"WebPage\",\"@id\":\"https:\\\/\\\/powermepronto.com\\\/cheaper-than-all-other-electric-companies-in-irving-with-no-contract\\\/\",\"url\":\"https:\\\/\\\/powermepronto.com\\\/cheaper-than-all-other-electric-companies-in-irving-with-no-contract\\\/\",\"name\":\"[:en]Cheaper Than All Other Electric Companies in Irving with No Contract![:es]\u00a1M\u00e1s barato que todas las dem\u00e1s empresas el\u00e9ctricas en Irving sin contrato![:] - Pronto Power\",\"isPartOf\":{\"@id\":\"https:\\\/\\\/powermepronto.com\\\/en\\\/#website\"},\"datePublished\":\"2021-11-01T19:09:01+00:00\",\"dateModified\":\"2022-12-21T09:34:32+00:00\",\"description\":\"[:en]Get the cheapest prepaid electric rates in Irving. Plus find out how to save 20% more. No deposit. No contract. No hidden fees. Join free today! 844.621.2852[:es]Obtenga las tarifas el\u00e9ctricas prepagas m\u00e1s baratas en Irving. Adem\u00e1s, descubra c\u00f3mo ahorrar un 20% m\u00e1s. No hay dep\u00f3sito. Sin contrato. Sin cuotas escondidas. \u00a1\u00danase gratis hoy! 844.621.2852[:]\",\"breadcrumb\":{\"@id\":\"https:\\\/\\\/powermepronto.com\\\/cheaper-than-all-other-electric-companies-in-irving-with-no-contract\\\/#breadcrumb\"},\"inLanguage\":\"en-US\",\"potentialAction\":[{\"@type\":\"ReadAction\",\"target\":[\"https:\\\/\\\/powermepronto.com\\\/cheaper-than-all-other-electric-companies-in-irving-with-no-contract\\\/\"]}]},{\"@type\":\"BreadcrumbList\",\"@id\":\"https:\\\/\\\/powermepronto.com\\\/cheaper-than-all-other-electric-companies-in-irving-with-no-contract\\\/#breadcrumb\",\"itemListElement\":[{\"@type\":\"ListItem\",\"position\":1,\"name\":\"Home\",\"item\":\"https:\\\/\\\/powermepronto.com\\\/en\\\/\"},{\"@type\":\"ListItem\",\"position\":2,\"name\":\"Cheaper Than All Other Electric Companies in Irving with No Contract!\"}]},{\"@type\":\"WebSite\",\"@id\":\"https:\\\/\\\/powermepronto.com\\\/en\\\/#website\",\"url\":\"https:\\\/\\\/powermepronto.com\\\/en\\\/\",\"name\":\"Pronto Power\",\"description\":\"\",\"potentialAction\":[{\"@type\":\"SearchAction\",\"target\":{\"@type\":\"EntryPoint\",\"urlTemplate\":\"https:\\\/\\\/powermepronto.com\\\/en\\\/?s={search_term_string}\"},\"query-input\":{\"@type\":\"PropertyValueSpecification\",\"valueRequired\":true,\"valueName\":\"search_term_string\"}}],\"inLanguage\":\"en-US\"}]}<\/script>\n<!-- \/ Yoast SEO plugin. -->","yoast_head_json":{"title":"[:en]Cheaper Than All Other Electric Companies in Irving with No Contract![:es]\u00a1M\u00e1s barato que todas las dem\u00e1s empresas el\u00e9ctricas en Irving sin contrato![:] - Pronto Power","description":"[:en]Get the cheapest prepaid electric rates in Irving. Plus find out how to save 20% more. No deposit. No contract. No hidden fees. Join free today! 844.621.2852[:es]Obtenga las tarifas el\u00e9ctricas prepagas m\u00e1s baratas en Irving. Adem\u00e1s, descubra c\u00f3mo ahorrar un 20% m\u00e1s. No hay dep\u00f3sito. Sin contrato. Sin cuotas escondidas. \u00a1\u00danase gratis hoy! 844.621.2852[:]","robots":{"index":"index","follow":"follow","max-snippet":"max-snippet:-1","max-image-preview":"max-image-preview:large","max-video-preview":"max-video-preview:-1"},"canonical":"https:\/\/powermepronto.com\/cheaper-than-all-other-electric-companies-in-irving-with-no-contract\/","og_locale":"en_US","og_type":"article","og_title":"[:en]Cheaper Than All Other Electric Companies in Irving with No Contract![:es]\u00a1M\u00e1s barato que todas las dem\u00e1s empresas el\u00e9ctricas en Irving sin contrato![:] - Pronto Power","og_description":"[:en]Get the cheapest prepaid electric rates in Irving. Plus find out how to save 20% more. No deposit. No contract. No hidden fees. Join free today! 844.621.2852[:es]Obtenga las tarifas el\u00e9ctricas prepagas m\u00e1s baratas en Irving. Adem\u00e1s, descubra c\u00f3mo ahorrar un 20% m\u00e1s. No hay dep\u00f3sito. Sin contrato. Sin cuotas escondidas. \u00a1\u00danase gratis hoy! 844.621.2852[:]","og_url":"https:\/\/powermepronto.com\/cheaper-than-all-other-electric-companies-in-irving-with-no-contract\/","og_site_name":"Pronto Power","article_modified_time":"2022-12-21T09:34:32+00:00","twitter_card":"summary_large_image","twitter_misc":{"Est. reading time":"4 minutes"},"schema":{"@context":"https:\/\/schema.org","@graph":[{"@type":"WebPage","@id":"https:\/\/powermepronto.com\/cheaper-than-all-other-electric-companies-in-irving-with-no-contract\/","url":"https:\/\/powermepronto.com\/cheaper-than-all-other-electric-companies-in-irving-with-no-contract\/","name":"[:en]Cheaper Than All Other Electric Companies in Irving with No Contract![:es]\u00a1M\u00e1s barato que todas las dem\u00e1s empresas el\u00e9ctricas en Irving sin contrato![:] - Pronto Power","isPartOf":{"@id":"https:\/\/powermepronto.com\/en\/#website"},"datePublished":"2021-11-01T19:09:01+00:00","dateModified":"2022-12-21T09:34:32+00:00","description":"[:en]Get the cheapest prepaid electric rates in Irving. Plus find out how to save 20% more. No deposit. No contract. No hidden fees. Join free today! 844.621.2852[:es]Obtenga las tarifas el\u00e9ctricas prepagas m\u00e1s baratas en Irving. Adem\u00e1s, descubra c\u00f3mo ahorrar un 20% m\u00e1s. No hay dep\u00f3sito. Sin contrato. Sin cuotas escondidas. \u00a1\u00danase gratis hoy! 844.621.2852[:]","breadcrumb":{"@id":"https:\/\/powermepronto.com\/cheaper-than-all-other-electric-companies-in-irving-with-no-contract\/#breadcrumb"},"inLanguage":"en-US","potentialAction":[{"@type":"ReadAction","target":["https:\/\/powermepronto.com\/cheaper-than-all-other-electric-companies-in-irving-with-no-contract\/"]}]},{"@type":"BreadcrumbList","@id":"https:\/\/powermepronto.com\/cheaper-than-all-other-electric-companies-in-irving-with-no-contract\/#breadcrumb","itemListElement":[{"@type":"ListItem","position":1,"name":"Home","item":"https:\/\/powermepronto.com\/en\/"},{"@type":"ListItem","position":2,"name":"Cheaper Than All Other Electric Companies in Irving with No Contract!"}]},{"@type":"WebSite","@id":"https:\/\/powermepronto.com\/en\/#website","url":"https:\/\/powermepronto.com\/en\/","name":"Pronto Power","description":"","potentialAction":[{"@type":"SearchAction","target":{"@type":"EntryPoint","urlTemplate":"https:\/\/powermepronto.com\/en\/?s={search_term_string}"},"query-input":{"@type":"PropertyValueSpecification","valueRequired":true,"valueName":"search_term_string"}}],"inLanguage":"en-US"}]}},"_links":{"self":[{"href":"https:\/\/powermepronto.com\/en\/wp-json\/wp\/v2\/pages\/2830","targetHints":{"allow":["GET"]}}],"collection":[{"href":"https:\/\/powermepronto.com\/en\/wp-json\/wp\/v2\/pages"}],"about":[{"href":"https:\/\/powermepronto.com\/en\/wp-json\/wp\/v2\/types\/page"}],"author":[{"embeddable":true,"href":"https:\/\/powermepronto.com\/en\/wp-json\/wp\/v2\/users\/1"}],"replies":[{"embeddable":true,"href":"https:\/\/powermepronto.com\/en\/wp-json\/wp\/v2\/comments?post=2830"}],"version-history":[{"count":4,"href":"https:\/\/powermepronto.com\/en\/wp-json\/wp\/v2\/pages\/2830\/revisions"}],"predecessor-version":[{"id":3463,"href":"https:\/\/powermepronto.com\/en\/wp-json\/wp\/v2\/pages\/2830\/revisions\/3463"}],"wp:attachment":[{"href":"https:\/\/powermepronto.com\/en\/wp-json\/wp\/v2\/media?parent=2830"}],"curies":[{"name":"wp","href":"https:\/\/api.w.org\/{rel}","templated":true}]}}