{"id":2828,"date":"2021-11-01T14:06:25","date_gmt":"2021-11-01T19:06:25","guid":{"rendered":"https:\/\/powermepronto.com\/?page_id=2828"},"modified":"2022-12-21T03:37:20","modified_gmt":"2022-12-21T09:37:20","slug":"get-kellers-cheapest-prepaid-no-deposit-power-in-less-than-an-hour","status":"publish","type":"page","link":"https:\/\/powermepronto.com\/en\/get-kellers-cheapest-prepaid-no-deposit-power-in-less-than-an-hour\/","title":{"rendered":"Get Keller\u2019s Cheapest Prepaid No-Deposit Power in Less Than an Hour"},"content":{"rendered":"<p>It\u2019s frustrating to deal with all your consumer services, isn\u2019t it?<\/p>\n<p>They know you have more than you can handle. So they load their contracts with hidden fees and other confusing terms they know you don\u2019t understand so they can squeeze just a little bit more money out of you.<\/p>\n<p>REPs are no exception.<\/p>\n<p>But Pronto Power is the exception!<\/p>\n<p>That\u2019s because with Pronto Power, there\u2019s:<\/p>\n<ul>\n<li>No hidden fees<\/li>\n<li>No credit check<\/li>\n<li>No ID check<\/li>\n<li>No deposit<\/li>\n<li>No connection fees<\/li>\n<li>No disconnection fees<\/li>\n<li>No hassles of any kind<\/li>\n<\/ul>\n<p>In other words, the cheapest prepay electric in Keller can be yours within the hour without any inconveniences at all.<\/p>\n<p>And it\u2019s worth a try because it\u2019s absolutely risk-free and you can cancel anytime and for any reason.<\/p>\n<h2>How Can Pronto Power Offer Such an Amazing Deal?<\/h2>\n<p>This sounds too good to be true at first, doesn\u2019t it?<\/p>\n<p>But it\u2019s not. And that\u2019s because we\u2019ve optimized our own internal operations for the maximum efficiency possible. It\u2019s our obsession.<\/p>\n<p>That allows us to extend this incredible offer to you.<\/p>\n<h2>Come On. There Has to Be a Catch. What Do You Need from Me?<\/h2>\n<p>There is no catch. We\u2019re happy to have reliable, long-term customers.<\/p>\n<p>Then you add funds to your prepaid account however you want (monthly, weekly, or even daily).<\/p>\n<p>Just have a single penny in your account by 1 PM each day to keep your electricity on.<\/p>\n<p>And if you ever have trouble paying, please let us know. We\u2019re happy to help you create a payment plan that gets you through even the worst financial circumstances.<\/p>\n<h2>Plus, Save 20% More Versus Other Texas Electric Companies<\/h2>\n<p>Not only do you pay the cheapest prepaid kWh rate in Texas.<\/p>\n<p>But you can save 20% off that. And possibly even more&#8230;<\/p>\n<p>When you join Ponto Power, you get access to a free online electricity monitoring tool.<\/p>\n<p>Then, you simply login and learn how you use electricity over time.<\/p>\n<p>Make small changes.<\/p>\n<p>And then watch the savings roll in.<\/p>\n<p>Some customers save 20%&#8230;and many even more!<\/p>\n<h2>Join Pronto Power Free Within the Hour If Your Home Has a Smart Meter<\/h2>\n<p>You can start racking in the savings within the hour if your home has a smart meter.<\/p>\n<p>Get the cheapest prepaid electric with no hassles, no hidden fees, and no contract when you call <span class=\"affiliatecode\">844.621.2852<\/span>.<\/p>","protected":false},"excerpt":{"rendered":"<p>It\u2019s frustrating to deal with all your consumer services, isn\u2019t it? They know you have more than you can handle. So they load their contracts with hidden fees and other confusing terms they know you don\u2019t understand so they can squeeze just a little bit more money out of you. REPs are no exception. But &hellip; <a href=\"https:\/\/powermepronto.com\/en\/get-kellers-cheapest-prepaid-no-deposit-power-in-less-than-an-hour\/\" class=\"more-link\">Continue reading <span class=\"screen-reader-text\">Get Keller\u2019s Cheapest Prepaid No-Deposit Power in Less Than an Hour<\/span><\/a><\/p>\n","protected":false},"author":1,"featured_media":0,"parent":0,"menu_order":0,"comment_status":"closed","ping_status":"closed","template":"","meta":{"_acf_changed":false,"_glsr_average":0,"_glsr_ranking":0,"_glsr_reviews":0,"footnotes":"","_links_to":"","_links_to_target":""},"class_list":["post-2828","page","type-page","status-publish","hentry"],"acf":[],"yoast_head":"<!-- This site is optimized with the Yoast SEO plugin v27.4 - https:\/\/yoast.com\/product\/yoast-seo-wordpress\/ -->\n<title>Get Keller\u2019s Cheapest Prepaid No-Deposit Power in Less Than an Hour - Pronto Power<\/title>\n<meta name=\"description\" content=\"[:en]Get the cheapest prepaid electric rates in Keller. Plus find out how to save 20% more. No deposit. No contract. No hidden fees. Join free today! 844.621.2852[:es]Obtenga las tarifas el\u00e9ctricas prepagas m\u00e1s econ\u00f3micas en Keller. Adem\u00e1s, descubra c\u00f3mo ahorrar un 20% m\u00e1s. No hay dep\u00f3sito. Sin contrato. Sin cuotas escondidas. \u00a1\u00danase gratis hoy! 844.621.2852[:]\" \/>\n<meta name=\"robots\" content=\"index, follow, max-snippet:-1, max-image-preview:large, max-video-preview:-1\" \/>\n<link rel=\"canonical\" href=\"https:\/\/powermepronto.com\/get-kellers-cheapest-prepaid-no-deposit-power-in-less-than-an-hour\/\" \/>\n<meta property=\"og:locale\" content=\"en_US\" \/>\n<meta property=\"og:type\" content=\"article\" \/>\n<meta property=\"og:title\" content=\"[:en]Get Keller\u2019s Cheapest Prepaid No-Deposit Power in Less Than an Hour[:es]Obtenga la potencia sin dep\u00f3sito prepaga m\u00e1s barata de Keller en menos de una hora[:] - Pronto Power\" \/>\n<meta property=\"og:description\" content=\"[:en]Get the cheapest prepaid electric rates in Keller. Plus find out how to save 20% more. No deposit. No contract. No hidden fees. Join free today! 844.621.2852[:es]Obtenga las tarifas el\u00e9ctricas prepagas m\u00e1s econ\u00f3micas en Keller. Adem\u00e1s, descubra c\u00f3mo ahorrar un 20% m\u00e1s. No hay dep\u00f3sito. Sin contrato. Sin cuotas escondidas. \u00a1\u00danase gratis hoy! 844.621.2852[:]\" \/>\n<meta property=\"og:url\" content=\"https:\/\/powermepronto.com\/get-kellers-cheapest-prepaid-no-deposit-power-in-less-than-an-hour\/\" \/>\n<meta property=\"og:site_name\" content=\"Pronto Power\" \/>\n<meta property=\"article:modified_time\" content=\"2022-12-21T09:37:20+00:00\" \/>\n<meta name=\"twitter:card\" content=\"summary_large_image\" \/>\n<meta name=\"twitter:label1\" content=\"Est. reading time\" \/>\n\t<meta name=\"twitter:data1\" content=\"4 minutes\" \/>\n<script type=\"application\/ld+json\" class=\"yoast-schema-graph\">{\"@context\":\"https:\\\/\\\/schema.org\",\"@graph\":[{\"@type\":\"WebPage\",\"@id\":\"https:\\\/\\\/powermepronto.com\\\/get-kellers-cheapest-prepaid-no-deposit-power-in-less-than-an-hour\\\/\",\"url\":\"https:\\\/\\\/powermepronto.com\\\/get-kellers-cheapest-prepaid-no-deposit-power-in-less-than-an-hour\\\/\",\"name\":\"[:en]Get Keller\u2019s Cheapest Prepaid No-Deposit Power in Less Than an Hour[:es]Obtenga la potencia sin dep\u00f3sito prepaga m\u00e1s barata de Keller en menos de una hora[:] - Pronto Power\",\"isPartOf\":{\"@id\":\"https:\\\/\\\/powermepronto.com\\\/en\\\/#website\"},\"datePublished\":\"2021-11-01T19:06:25+00:00\",\"dateModified\":\"2022-12-21T09:37:20+00:00\",\"description\":\"[:en]Get the cheapest prepaid electric rates in Keller. Plus find out how to save 20% more. No deposit. No contract. No hidden fees. Join free today! 844.621.2852[:es]Obtenga las tarifas el\u00e9ctricas prepagas m\u00e1s econ\u00f3micas en Keller. Adem\u00e1s, descubra c\u00f3mo ahorrar un 20% m\u00e1s. No hay dep\u00f3sito. Sin contrato. Sin cuotas escondidas. \u00a1\u00danase gratis hoy! 844.621.2852[:]\",\"breadcrumb\":{\"@id\":\"https:\\\/\\\/powermepronto.com\\\/get-kellers-cheapest-prepaid-no-deposit-power-in-less-than-an-hour\\\/#breadcrumb\"},\"inLanguage\":\"en-US\",\"potentialAction\":[{\"@type\":\"ReadAction\",\"target\":[\"https:\\\/\\\/powermepronto.com\\\/get-kellers-cheapest-prepaid-no-deposit-power-in-less-than-an-hour\\\/\"]}]},{\"@type\":\"BreadcrumbList\",\"@id\":\"https:\\\/\\\/powermepronto.com\\\/get-kellers-cheapest-prepaid-no-deposit-power-in-less-than-an-hour\\\/#breadcrumb\",\"itemListElement\":[{\"@type\":\"ListItem\",\"position\":1,\"name\":\"Home\",\"item\":\"https:\\\/\\\/powermepronto.com\\\/en\\\/\"},{\"@type\":\"ListItem\",\"position\":2,\"name\":\"Get Keller\u2019s Cheapest Prepaid No-Deposit Power in Less Than an Hour\"}]},{\"@type\":\"WebSite\",\"@id\":\"https:\\\/\\\/powermepronto.com\\\/en\\\/#website\",\"url\":\"https:\\\/\\\/powermepronto.com\\\/en\\\/\",\"name\":\"Pronto Power\",\"description\":\"\",\"potentialAction\":[{\"@type\":\"SearchAction\",\"target\":{\"@type\":\"EntryPoint\",\"urlTemplate\":\"https:\\\/\\\/powermepronto.com\\\/en\\\/?s={search_term_string}\"},\"query-input\":{\"@type\":\"PropertyValueSpecification\",\"valueRequired\":true,\"valueName\":\"search_term_string\"}}],\"inLanguage\":\"en-US\"}]}<\/script>\n<!-- \/ Yoast SEO plugin. -->","yoast_head_json":{"title":"[:en]Get Keller\u2019s Cheapest Prepaid No-Deposit Power in Less Than an Hour[:es]Obtenga la potencia sin dep\u00f3sito prepaga m\u00e1s barata de Keller en menos de una hora[:] - Pronto Power","description":"[:en]Get the cheapest prepaid electric rates in Keller. Plus find out how to save 20% more. No deposit. No contract. No hidden fees. Join free today! 844.621.2852[:es]Obtenga las tarifas el\u00e9ctricas prepagas m\u00e1s econ\u00f3micas en Keller. Adem\u00e1s, descubra c\u00f3mo ahorrar un 20% m\u00e1s. No hay dep\u00f3sito. Sin contrato. Sin cuotas escondidas. \u00a1\u00danase gratis hoy! 844.621.2852[:]","robots":{"index":"index","follow":"follow","max-snippet":"max-snippet:-1","max-image-preview":"max-image-preview:large","max-video-preview":"max-video-preview:-1"},"canonical":"https:\/\/powermepronto.com\/get-kellers-cheapest-prepaid-no-deposit-power-in-less-than-an-hour\/","og_locale":"en_US","og_type":"article","og_title":"[:en]Get Keller\u2019s Cheapest Prepaid No-Deposit Power in Less Than an Hour[:es]Obtenga la potencia sin dep\u00f3sito prepaga m\u00e1s barata de Keller en menos de una hora[:] - Pronto Power","og_description":"[:en]Get the cheapest prepaid electric rates in Keller. Plus find out how to save 20% more. No deposit. No contract. No hidden fees. Join free today! 844.621.2852[:es]Obtenga las tarifas el\u00e9ctricas prepagas m\u00e1s econ\u00f3micas en Keller. Adem\u00e1s, descubra c\u00f3mo ahorrar un 20% m\u00e1s. No hay dep\u00f3sito. Sin contrato. Sin cuotas escondidas. \u00a1\u00danase gratis hoy! 844.621.2852[:]","og_url":"https:\/\/powermepronto.com\/get-kellers-cheapest-prepaid-no-deposit-power-in-less-than-an-hour\/","og_site_name":"Pronto Power","article_modified_time":"2022-12-21T09:37:20+00:00","twitter_card":"summary_large_image","twitter_misc":{"Est. reading time":"4 minutes"},"schema":{"@context":"https:\/\/schema.org","@graph":[{"@type":"WebPage","@id":"https:\/\/powermepronto.com\/get-kellers-cheapest-prepaid-no-deposit-power-in-less-than-an-hour\/","url":"https:\/\/powermepronto.com\/get-kellers-cheapest-prepaid-no-deposit-power-in-less-than-an-hour\/","name":"[:en]Get Keller\u2019s Cheapest Prepaid No-Deposit Power in Less Than an Hour[:es]Obtenga la potencia sin dep\u00f3sito prepaga m\u00e1s barata de Keller en menos de una hora[:] - Pronto Power","isPartOf":{"@id":"https:\/\/powermepronto.com\/en\/#website"},"datePublished":"2021-11-01T19:06:25+00:00","dateModified":"2022-12-21T09:37:20+00:00","description":"[:en]Get the cheapest prepaid electric rates in Keller. Plus find out how to save 20% more. No deposit. No contract. No hidden fees. Join free today! 844.621.2852[:es]Obtenga las tarifas el\u00e9ctricas prepagas m\u00e1s econ\u00f3micas en Keller. Adem\u00e1s, descubra c\u00f3mo ahorrar un 20% m\u00e1s. No hay dep\u00f3sito. Sin contrato. Sin cuotas escondidas. \u00a1\u00danase gratis hoy! 844.621.2852[:]","breadcrumb":{"@id":"https:\/\/powermepronto.com\/get-kellers-cheapest-prepaid-no-deposit-power-in-less-than-an-hour\/#breadcrumb"},"inLanguage":"en-US","potentialAction":[{"@type":"ReadAction","target":["https:\/\/powermepronto.com\/get-kellers-cheapest-prepaid-no-deposit-power-in-less-than-an-hour\/"]}]},{"@type":"BreadcrumbList","@id":"https:\/\/powermepronto.com\/get-kellers-cheapest-prepaid-no-deposit-power-in-less-than-an-hour\/#breadcrumb","itemListElement":[{"@type":"ListItem","position":1,"name":"Home","item":"https:\/\/powermepronto.com\/en\/"},{"@type":"ListItem","position":2,"name":"Get Keller\u2019s Cheapest Prepaid No-Deposit Power in Less Than an Hour"}]},{"@type":"WebSite","@id":"https:\/\/powermepronto.com\/en\/#website","url":"https:\/\/powermepronto.com\/en\/","name":"Pronto Power","description":"","potentialAction":[{"@type":"SearchAction","target":{"@type":"EntryPoint","urlTemplate":"https:\/\/powermepronto.com\/en\/?s={search_term_string}"},"query-input":{"@type":"PropertyValueSpecification","valueRequired":true,"valueName":"search_term_string"}}],"inLanguage":"en-US"}]}},"_links":{"self":[{"href":"https:\/\/powermepronto.com\/en\/wp-json\/wp\/v2\/pages\/2828","targetHints":{"allow":["GET"]}}],"collection":[{"href":"https:\/\/powermepronto.com\/en\/wp-json\/wp\/v2\/pages"}],"about":[{"href":"https:\/\/powermepronto.com\/en\/wp-json\/wp\/v2\/types\/page"}],"author":[{"embeddable":true,"href":"https:\/\/powermepronto.com\/en\/wp-json\/wp\/v2\/users\/1"}],"replies":[{"embeddable":true,"href":"https:\/\/powermepronto.com\/en\/wp-json\/wp\/v2\/comments?post=2828"}],"version-history":[{"count":4,"href":"https:\/\/powermepronto.com\/en\/wp-json\/wp\/v2\/pages\/2828\/revisions"}],"predecessor-version":[{"id":3464,"href":"https:\/\/powermepronto.com\/en\/wp-json\/wp\/v2\/pages\/2828\/revisions\/3464"}],"wp:attachment":[{"href":"https:\/\/powermepronto.com\/en\/wp-json\/wp\/v2\/media?parent=2828"}],"curies":[{"name":"wp","href":"https:\/\/api.w.org\/{rel}","templated":true}]}}