{"id":2823,"date":"2021-11-01T14:00:15","date_gmt":"2021-11-01T19:00:15","guid":{"rendered":"https:\/\/powermepronto.com\/?page_id=2823"},"modified":"2022-12-21T04:41:19","modified_gmt":"2022-12-21T10:41:19","slug":"get-laredos-cheapest-prepaid-no-deposit-power-no-contract","status":"publish","type":"page","link":"https:\/\/powermepronto.com\/en\/get-laredos-cheapest-prepaid-no-deposit-power-no-contract\/","title":{"rendered":"Get Laredo\u2019s Cheapest Prepaid No-Deposit Power &#8211; No Contract!"},"content":{"rendered":"<p>Your life as an American in the 2020s is more complex than that of any previous human.<\/p>\n<p>You have to be a top-notch managerial mind just to coordinate and manage all your consumer services.<\/p>\n<p>Because they\u2019re always charging late fees, making you sign confusing contracts even skilled lawyers don\u2019t understand, and then sending you complex new offers to evaluate.<\/p>\n<p>&#8230;But you don\u2019t experience any of that with Pronto Power!<\/p>\n<p>In fact, you get the cheapest prepay electric in Laredo without any hidden fees. And you don\u2019t even sign a contract!<\/p>\n<p>That means you get the cheapest prepaid kWh rates risk-free because you can cancel for any reason and at any time.<\/p>\n<p>With Pronto Power, there\u2019s:<\/p>\n<ul>\n<li>No hidden fees<\/li>\n<li>No credit check<\/li>\n<li>No ID check<\/li>\n<li>No connection fees<\/li>\n<li>No disconnection fees<\/li>\n<li>No deposit<\/li>\n<li>No contract<\/li>\n<\/ul>\n<p>&#8230;And get this, customer service can\u2019t wait to do its job and help you through even the most dire financial circumstances!<\/p>\n<h2>Sounds Too Good to Be True! What\u2019s the Catch?<\/h2>\n<p>You\u2019re smart to ask questions. In this case, there is no catch.<\/p>\n<p>We\u2019ve designed our own business operations to be so absurdly efficient that it\u2019s no problem to extend you this offer.<\/p>\n<p>It\u2019s a natural win-win situation. You get the cheapest no-deposit power in Laredo.<\/p>\n<p>We get happy customers and stable revenue.<\/p>\n<h2>What\u2019s It Take to Join?<\/h2>\n<p>Like we said before, you don\u2019t sign a contract.<\/p>\n<p>Then you simply add funds whenever works best for you (monthly, weekly, or even daily if you want).<\/p>\n<p>As long as you have just 1 cent in your prepaid account by 1 PM each day, your electricity stays on.<\/p>\n<p>And if you have trouble paying, please contact customer service. They\u2019re happy to help you create a payment plan that works for you.<\/p>\n<h2>Plus, Save 20% Off the Already Cheapest Prepaid Electric in Laredo<\/h2>\n<p>Some Texas electric companies make savings easier than others.<\/p>\n<p>At Pronto Power, you simply login to a free software tool that monitors your electric usage.<\/p>\n<p>When you sign in, you can see exactly how you\u2019re using electricity right this moment.<\/p>\n<p>Just unplug an appliance to watch your usage go down.<\/p>\n<p>Then, over time, change your behavior based on what you learn.<\/p>\n<p>Many of our customers easily save 20%&#8230;and some even more!<\/p>\n<h2>Get Laredo\u2019s Cheapest Prepaid Electric in Under 60 Minutes<\/h2>\n<p>If your home has a smart meter, which nearly every home does, you can join free within the hour.<\/p>\n<p>Start saving serious dollars now without an annoying contract or frustrating hidden fees when you call <span class=\"affiliatecode\">844.621.2852<\/span>!<\/p>","protected":false},"excerpt":{"rendered":"<p>Your life as an American in the 2020s is more complex than that of any previous human. You have to be a top-notch managerial mind just to coordinate and manage all your consumer services. Because they\u2019re always charging late fees, making you sign confusing contracts even skilled lawyers don\u2019t understand, and then sending you complex &hellip; <a href=\"https:\/\/powermepronto.com\/en\/get-laredos-cheapest-prepaid-no-deposit-power-no-contract\/\" class=\"more-link\">Continue reading <span class=\"screen-reader-text\">Get Laredo\u2019s Cheapest Prepaid No-Deposit Power &#8211; No Contract!<\/span><\/a><\/p>\n","protected":false},"author":1,"featured_media":0,"parent":0,"menu_order":0,"comment_status":"closed","ping_status":"closed","template":"","meta":{"_acf_changed":false,"_glsr_average":0,"_glsr_ranking":0,"_glsr_reviews":0,"footnotes":"","_links_to":"","_links_to_target":""},"class_list":["post-2823","page","type-page","status-publish","hentry"],"acf":[],"yoast_head":"<!-- This site is optimized with the Yoast SEO plugin v27.4 - https:\/\/yoast.com\/product\/yoast-seo-wordpress\/ -->\n<title>Get Laredo\u2019s Cheapest Prepaid No-Deposit Power - No Contract! - Pronto Power<\/title>\n<meta name=\"description\" content=\"[:en]Get the cheapest prepaid electric rates in Laredo. Plus find out how to save 20% more. No deposit. No contract. No hidden fees. Join free today! 844.621.2852[:es]Obtenga las tarifas el\u00e9ctricas prepagas m\u00e1s econ\u00f3micas en Laredo. Adem\u00e1s, descubra c\u00f3mo ahorrar un 20% m\u00e1s. No hay dep\u00f3sito. Sin contrato. Sin cuotas escondidas. \u00a1\u00danase gratis hoy! 844.621.2852[:]\" \/>\n<meta name=\"robots\" content=\"index, follow, max-snippet:-1, max-image-preview:large, max-video-preview:-1\" \/>\n<link rel=\"canonical\" href=\"https:\/\/powermepronto.com\/get-laredos-cheapest-prepaid-no-deposit-power-no-contract\/\" \/>\n<meta property=\"og:locale\" content=\"en_US\" \/>\n<meta property=\"og:type\" content=\"article\" \/>\n<meta property=\"og:title\" content=\"[:en]Get Laredo\u2019s Cheapest Prepaid No-Deposit Power - No Contract![:es]Obtenga el poder sin dep\u00f3sito prepago m\u00e1s barato de Laredo, \u00a1sin contrato![:] - Pronto Power\" \/>\n<meta property=\"og:description\" content=\"[:en]Get the cheapest prepaid electric rates in Laredo. Plus find out how to save 20% more. No deposit. No contract. No hidden fees. Join free today! 844.621.2852[:es]Obtenga las tarifas el\u00e9ctricas prepagas m\u00e1s econ\u00f3micas en Laredo. Adem\u00e1s, descubra c\u00f3mo ahorrar un 20% m\u00e1s. No hay dep\u00f3sito. Sin contrato. Sin cuotas escondidas. \u00a1\u00danase gratis hoy! 844.621.2852[:]\" \/>\n<meta property=\"og:url\" content=\"https:\/\/powermepronto.com\/get-laredos-cheapest-prepaid-no-deposit-power-no-contract\/\" \/>\n<meta property=\"og:site_name\" content=\"Pronto Power\" \/>\n<meta property=\"article:modified_time\" content=\"2022-12-21T10:41:19+00:00\" \/>\n<meta name=\"twitter:card\" content=\"summary_large_image\" \/>\n<meta name=\"twitter:label1\" content=\"Est. reading time\" \/>\n\t<meta name=\"twitter:data1\" content=\"5 minutes\" \/>\n<script type=\"application\/ld+json\" class=\"yoast-schema-graph\">{\"@context\":\"https:\\\/\\\/schema.org\",\"@graph\":[{\"@type\":\"WebPage\",\"@id\":\"https:\\\/\\\/powermepronto.com\\\/get-laredos-cheapest-prepaid-no-deposit-power-no-contract\\\/\",\"url\":\"https:\\\/\\\/powermepronto.com\\\/get-laredos-cheapest-prepaid-no-deposit-power-no-contract\\\/\",\"name\":\"[:en]Get Laredo\u2019s Cheapest Prepaid No-Deposit Power - No Contract![:es]Obtenga el poder sin dep\u00f3sito prepago m\u00e1s barato de Laredo, \u00a1sin contrato![:] - Pronto Power\",\"isPartOf\":{\"@id\":\"https:\\\/\\\/powermepronto.com\\\/en\\\/#website\"},\"datePublished\":\"2021-11-01T19:00:15+00:00\",\"dateModified\":\"2022-12-21T10:41:19+00:00\",\"description\":\"[:en]Get the cheapest prepaid electric rates in Laredo. Plus find out how to save 20% more. No deposit. No contract. No hidden fees. Join free today! 844.621.2852[:es]Obtenga las tarifas el\u00e9ctricas prepagas m\u00e1s econ\u00f3micas en Laredo. Adem\u00e1s, descubra c\u00f3mo ahorrar un 20% m\u00e1s. No hay dep\u00f3sito. Sin contrato. Sin cuotas escondidas. \u00a1\u00danase gratis hoy! 844.621.2852[:]\",\"breadcrumb\":{\"@id\":\"https:\\\/\\\/powermepronto.com\\\/get-laredos-cheapest-prepaid-no-deposit-power-no-contract\\\/#breadcrumb\"},\"inLanguage\":\"en-US\",\"potentialAction\":[{\"@type\":\"ReadAction\",\"target\":[\"https:\\\/\\\/powermepronto.com\\\/get-laredos-cheapest-prepaid-no-deposit-power-no-contract\\\/\"]}]},{\"@type\":\"BreadcrumbList\",\"@id\":\"https:\\\/\\\/powermepronto.com\\\/get-laredos-cheapest-prepaid-no-deposit-power-no-contract\\\/#breadcrumb\",\"itemListElement\":[{\"@type\":\"ListItem\",\"position\":1,\"name\":\"Home\",\"item\":\"https:\\\/\\\/powermepronto.com\\\/en\\\/\"},{\"@type\":\"ListItem\",\"position\":2,\"name\":\"Get Laredo\u2019s Cheapest Prepaid No-Deposit Power &#8211; No Contract!\"}]},{\"@type\":\"WebSite\",\"@id\":\"https:\\\/\\\/powermepronto.com\\\/en\\\/#website\",\"url\":\"https:\\\/\\\/powermepronto.com\\\/en\\\/\",\"name\":\"Pronto Power\",\"description\":\"\",\"potentialAction\":[{\"@type\":\"SearchAction\",\"target\":{\"@type\":\"EntryPoint\",\"urlTemplate\":\"https:\\\/\\\/powermepronto.com\\\/en\\\/?s={search_term_string}\"},\"query-input\":{\"@type\":\"PropertyValueSpecification\",\"valueRequired\":true,\"valueName\":\"search_term_string\"}}],\"inLanguage\":\"en-US\"}]}<\/script>\n<!-- \/ Yoast SEO plugin. -->","yoast_head_json":{"title":"[:en]Get Laredo\u2019s Cheapest Prepaid No-Deposit Power - No Contract![:es]Obtenga el poder sin dep\u00f3sito prepago m\u00e1s barato de Laredo, \u00a1sin contrato![:] - Pronto Power","description":"[:en]Get the cheapest prepaid electric rates in Laredo. Plus find out how to save 20% more. No deposit. No contract. No hidden fees. Join free today! 844.621.2852[:es]Obtenga las tarifas el\u00e9ctricas prepagas m\u00e1s econ\u00f3micas en Laredo. Adem\u00e1s, descubra c\u00f3mo ahorrar un 20% m\u00e1s. No hay dep\u00f3sito. Sin contrato. Sin cuotas escondidas. \u00a1\u00danase gratis hoy! 844.621.2852[:]","robots":{"index":"index","follow":"follow","max-snippet":"max-snippet:-1","max-image-preview":"max-image-preview:large","max-video-preview":"max-video-preview:-1"},"canonical":"https:\/\/powermepronto.com\/get-laredos-cheapest-prepaid-no-deposit-power-no-contract\/","og_locale":"en_US","og_type":"article","og_title":"[:en]Get Laredo\u2019s Cheapest Prepaid No-Deposit Power - No Contract![:es]Obtenga el poder sin dep\u00f3sito prepago m\u00e1s barato de Laredo, \u00a1sin contrato![:] - Pronto Power","og_description":"[:en]Get the cheapest prepaid electric rates in Laredo. Plus find out how to save 20% more. No deposit. No contract. No hidden fees. Join free today! 844.621.2852[:es]Obtenga las tarifas el\u00e9ctricas prepagas m\u00e1s econ\u00f3micas en Laredo. Adem\u00e1s, descubra c\u00f3mo ahorrar un 20% m\u00e1s. No hay dep\u00f3sito. Sin contrato. Sin cuotas escondidas. \u00a1\u00danase gratis hoy! 844.621.2852[:]","og_url":"https:\/\/powermepronto.com\/get-laredos-cheapest-prepaid-no-deposit-power-no-contract\/","og_site_name":"Pronto Power","article_modified_time":"2022-12-21T10:41:19+00:00","twitter_card":"summary_large_image","twitter_misc":{"Est. reading time":"5 minutes"},"schema":{"@context":"https:\/\/schema.org","@graph":[{"@type":"WebPage","@id":"https:\/\/powermepronto.com\/get-laredos-cheapest-prepaid-no-deposit-power-no-contract\/","url":"https:\/\/powermepronto.com\/get-laredos-cheapest-prepaid-no-deposit-power-no-contract\/","name":"[:en]Get Laredo\u2019s Cheapest Prepaid No-Deposit Power - No Contract![:es]Obtenga el poder sin dep\u00f3sito prepago m\u00e1s barato de Laredo, \u00a1sin contrato![:] - Pronto Power","isPartOf":{"@id":"https:\/\/powermepronto.com\/en\/#website"},"datePublished":"2021-11-01T19:00:15+00:00","dateModified":"2022-12-21T10:41:19+00:00","description":"[:en]Get the cheapest prepaid electric rates in Laredo. Plus find out how to save 20% more. No deposit. No contract. No hidden fees. Join free today! 844.621.2852[:es]Obtenga las tarifas el\u00e9ctricas prepagas m\u00e1s econ\u00f3micas en Laredo. Adem\u00e1s, descubra c\u00f3mo ahorrar un 20% m\u00e1s. No hay dep\u00f3sito. Sin contrato. Sin cuotas escondidas. \u00a1\u00danase gratis hoy! 844.621.2852[:]","breadcrumb":{"@id":"https:\/\/powermepronto.com\/get-laredos-cheapest-prepaid-no-deposit-power-no-contract\/#breadcrumb"},"inLanguage":"en-US","potentialAction":[{"@type":"ReadAction","target":["https:\/\/powermepronto.com\/get-laredos-cheapest-prepaid-no-deposit-power-no-contract\/"]}]},{"@type":"BreadcrumbList","@id":"https:\/\/powermepronto.com\/get-laredos-cheapest-prepaid-no-deposit-power-no-contract\/#breadcrumb","itemListElement":[{"@type":"ListItem","position":1,"name":"Home","item":"https:\/\/powermepronto.com\/en\/"},{"@type":"ListItem","position":2,"name":"Get Laredo\u2019s Cheapest Prepaid No-Deposit Power &#8211; No Contract!"}]},{"@type":"WebSite","@id":"https:\/\/powermepronto.com\/en\/#website","url":"https:\/\/powermepronto.com\/en\/","name":"Pronto Power","description":"","potentialAction":[{"@type":"SearchAction","target":{"@type":"EntryPoint","urlTemplate":"https:\/\/powermepronto.com\/en\/?s={search_term_string}"},"query-input":{"@type":"PropertyValueSpecification","valueRequired":true,"valueName":"search_term_string"}}],"inLanguage":"en-US"}]}},"_links":{"self":[{"href":"https:\/\/powermepronto.com\/en\/wp-json\/wp\/v2\/pages\/2823","targetHints":{"allow":["GET"]}}],"collection":[{"href":"https:\/\/powermepronto.com\/en\/wp-json\/wp\/v2\/pages"}],"about":[{"href":"https:\/\/powermepronto.com\/en\/wp-json\/wp\/v2\/types\/page"}],"author":[{"embeddable":true,"href":"https:\/\/powermepronto.com\/en\/wp-json\/wp\/v2\/users\/1"}],"replies":[{"embeddable":true,"href":"https:\/\/powermepronto.com\/en\/wp-json\/wp\/v2\/comments?post=2823"}],"version-history":[{"count":4,"href":"https:\/\/powermepronto.com\/en\/wp-json\/wp\/v2\/pages\/2823\/revisions"}],"predecessor-version":[{"id":3513,"href":"https:\/\/powermepronto.com\/en\/wp-json\/wp\/v2\/pages\/2823\/revisions\/3513"}],"wp:attachment":[{"href":"https:\/\/powermepronto.com\/en\/wp-json\/wp\/v2\/media?parent=2823"}],"curies":[{"name":"wp","href":"https:\/\/api.w.org\/{rel}","templated":true}]}}