{"id":2785,"date":"2021-10-04T09:36:16","date_gmt":"2021-10-04T14:36:16","guid":{"rendered":"https:\/\/powermepronto.com\/?page_id=2785"},"modified":"2022-12-21T04:58:07","modified_gmt":"2022-12-21T10:58:07","slug":"haltom-citys-cheapest-prepay-electric-with-no-contract","status":"publish","type":"page","link":"https:\/\/powermepronto.com\/en\/haltom-citys-cheapest-prepay-electric-with-no-contract\/","title":{"rendered":"Haltom City\u2019s Cheapest Prepay Electric with No Contract!"},"content":{"rendered":"<p>Tired of the runaround you get from so many REPs promising cheap rates, but who actually load their contracts with hidden fees?<\/p>\n<p>Who\u2019re they serving anyway? They\u2019re supposed to serve you. But it really turns out they created a good deal for themselves.<\/p>\n<p>Well, with Pronto Power, you truly do get the cheapest no-deposit power in Haltom City. And to prove it, you don\u2019t sign a contract or pay any hidden fees.<\/p>\n<p>That means we have to follow through on our promise. Or, you can cancel and move on to another REP.<\/p>\n<p>But we\u2019ve created a deal so sweet that you won\u2019t want to try anyone else. In addition to the cheapest prepaid electric rates in Haltom City (along with no contract), there\u2019s also:<\/p>\n<ul>\n<li>No credit check<\/li>\n<li>No ID check<\/li>\n<li>No connection fees<\/li>\n<li>No disconnection fees<\/li>\n<\/ul>\n<p>And customer service can\u2019t wait to help you make it through even the greatest financial difficulty.<\/p>\n<p>Remember, we have to follow through on our promise to you. That\u2019s because you don\u2019t sign a contract and can cancel your service without any hassles at any time and for any reason.<\/p>\n<h2>How Can Pronto Power Offer Such an Amazing Deal?<\/h2>\n<p>We\u2019ve optimized our internal operations for the greatest cost efficiency possible and have done so to such a degree that no other Texas electric companies can match this offer.<\/p>\n<h2>How Does It Work?<\/h2>\n<p>Then you add funds however works best for you (monthly, weekly, or even daily if you want).<\/p>\n<p>You\u2019ll get an email or text reminder (or both, your choice) at 7 AM each day. As long as you have just a single penny in your prepaid account by 1 PM, your electricity stays on.<\/p>\n<p>And remember, customer service is happy to help you with a deferred payment plan if paying becomes difficult for you for any reason.<\/p>\n<h2>Plus Save 20% (And Maybe Even More) Off the Already Cheapest Prepaid Rates Haltom City Has to Offer<\/h2>\n<p>This one\u2019s totally in your control. When you join Pronto Power, you get free access to an online electricity monitoring app.<\/p>\n<p>Log in to see exactly how you\u2019re using electricity right this very second.<\/p>\n<p>Many of our customers use this to learn how they use electricity over time. Then they change their behavior.<\/p>\n<p>Many save 20%&#8230;and some even more!<\/p>\n<h2>Join Pronto Power Free within the Hour to Access the Cheapest Prepaid Rates<\/h2>\n<p>Look, you just can\u2019t find a better all-around deal with absolutely no risk.<\/p>\n<p>Get the cheapest prepaid rates you can find in Haltom City within the hour if your home has a smart meter (99% do).<\/p>\n<p>Call <span class=\"affiliatecode\">844.621.2852<\/span> to join Pronto Power free today.<\/p>","protected":false},"excerpt":{"rendered":"<p>Tired of the runaround you get from so many REPs promising cheap rates, but who actually load their contracts with hidden fees? Who\u2019re they serving anyway? They\u2019re supposed to serve you. But it really turns out they created a good deal for themselves. Well, with Pronto Power, you truly do get the cheapest no-deposit power &hellip; <a href=\"https:\/\/powermepronto.com\/en\/haltom-citys-cheapest-prepay-electric-with-no-contract\/\" class=\"more-link\">Continue reading <span class=\"screen-reader-text\">Haltom City\u2019s Cheapest Prepay Electric with No Contract!<\/span><\/a><\/p>\n","protected":false},"author":1,"featured_media":0,"parent":0,"menu_order":0,"comment_status":"closed","ping_status":"closed","template":"","meta":{"_acf_changed":false,"_glsr_average":0,"_glsr_ranking":0,"_glsr_reviews":0,"footnotes":"","_links_to":"","_links_to_target":""},"class_list":["post-2785","page","type-page","status-publish","hentry"],"acf":[],"yoast_head":"<!-- This site is optimized with the Yoast SEO plugin v27.6 - https:\/\/yoast.com\/product\/yoast-seo-wordpress\/ -->\n<title>Haltom City\u2019s Cheapest Prepay Electric with No Contract! - Pronto Power<\/title>\n<meta name=\"description\" content=\"[:en]Get the cheapest prepaid electric rates in Haltom City. Plus find out how to save 20% more. No deposit. No contract. No hidden fees. Join free today! 844.621.2852[:es]Obtenga las tarifas el\u00e9ctricas prepagas m\u00e1s baratas en Haltom City. Adem\u00e1s, descubra c\u00f3mo ahorrar un 20% m\u00e1s. No hay dep\u00f3sito. Sin contrato. Sin cuotas escondidas. \u00a1\u00danase gratis hoy! 844.621.2852[:]\" \/>\n<meta name=\"robots\" content=\"index, follow, max-snippet:-1, max-image-preview:large, max-video-preview:-1\" \/>\n<link rel=\"canonical\" href=\"https:\/\/powermepronto.com\/haltom-citys-cheapest-prepay-electric-with-no-contract\/\" \/>\n<meta property=\"og:locale\" content=\"en_US\" \/>\n<meta property=\"og:type\" content=\"article\" \/>\n<meta property=\"og:title\" content=\"[:en]Haltom City\u2019s Cheapest Prepay Electric with No Contract![:es]\u00a1La electricidad prepago m\u00e1s barata de Haltom City sin contrato![:] - Pronto Power\" \/>\n<meta property=\"og:description\" content=\"[:en]Get the cheapest prepaid electric rates in Haltom City. Plus find out how to save 20% more. No deposit. No contract. No hidden fees. Join free today! 844.621.2852[:es]Obtenga las tarifas el\u00e9ctricas prepagas m\u00e1s baratas en Haltom City. Adem\u00e1s, descubra c\u00f3mo ahorrar un 20% m\u00e1s. No hay dep\u00f3sito. Sin contrato. Sin cuotas escondidas. \u00a1\u00danase gratis hoy! 844.621.2852[:]\" \/>\n<meta property=\"og:url\" content=\"https:\/\/powermepronto.com\/haltom-citys-cheapest-prepay-electric-with-no-contract\/\" \/>\n<meta property=\"og:site_name\" content=\"Pronto Power\" \/>\n<meta property=\"article:modified_time\" content=\"2022-12-21T10:58:07+00:00\" \/>\n<meta name=\"twitter:card\" content=\"summary_large_image\" \/>\n<meta name=\"twitter:label1\" content=\"Est. reading time\" \/>\n\t<meta name=\"twitter:data1\" content=\"5 minutes\" \/>\n<script type=\"application\/ld+json\" class=\"yoast-schema-graph\">{\"@context\":\"https:\\\/\\\/schema.org\",\"@graph\":[{\"@type\":\"WebPage\",\"@id\":\"https:\\\/\\\/powermepronto.com\\\/haltom-citys-cheapest-prepay-electric-with-no-contract\\\/\",\"url\":\"https:\\\/\\\/powermepronto.com\\\/haltom-citys-cheapest-prepay-electric-with-no-contract\\\/\",\"name\":\"[:en]Haltom City\u2019s Cheapest Prepay Electric with No Contract![:es]\u00a1La electricidad prepago m\u00e1s barata de Haltom City sin contrato![:] - Pronto Power\",\"isPartOf\":{\"@id\":\"https:\\\/\\\/powermepronto.com\\\/en\\\/#website\"},\"datePublished\":\"2021-10-04T14:36:16+00:00\",\"dateModified\":\"2022-12-21T10:58:07+00:00\",\"description\":\"[:en]Get the cheapest prepaid electric rates in Haltom City. Plus find out how to save 20% more. No deposit. No contract. No hidden fees. Join free today! 844.621.2852[:es]Obtenga las tarifas el\u00e9ctricas prepagas m\u00e1s baratas en Haltom City. Adem\u00e1s, descubra c\u00f3mo ahorrar un 20% m\u00e1s. No hay dep\u00f3sito. Sin contrato. Sin cuotas escondidas. \u00a1\u00danase gratis hoy! 844.621.2852[:]\",\"breadcrumb\":{\"@id\":\"https:\\\/\\\/powermepronto.com\\\/haltom-citys-cheapest-prepay-electric-with-no-contract\\\/#breadcrumb\"},\"inLanguage\":\"en-US\",\"potentialAction\":[{\"@type\":\"ReadAction\",\"target\":[\"https:\\\/\\\/powermepronto.com\\\/haltom-citys-cheapest-prepay-electric-with-no-contract\\\/\"]}]},{\"@type\":\"BreadcrumbList\",\"@id\":\"https:\\\/\\\/powermepronto.com\\\/haltom-citys-cheapest-prepay-electric-with-no-contract\\\/#breadcrumb\",\"itemListElement\":[{\"@type\":\"ListItem\",\"position\":1,\"name\":\"Home\",\"item\":\"https:\\\/\\\/powermepronto.com\\\/en\\\/\"},{\"@type\":\"ListItem\",\"position\":2,\"name\":\"Haltom City\u2019s Cheapest Prepay Electric with No Contract!\"}]},{\"@type\":\"WebSite\",\"@id\":\"https:\\\/\\\/powermepronto.com\\\/en\\\/#website\",\"url\":\"https:\\\/\\\/powermepronto.com\\\/en\\\/\",\"name\":\"Pronto Power\",\"description\":\"\",\"potentialAction\":[{\"@type\":\"SearchAction\",\"target\":{\"@type\":\"EntryPoint\",\"urlTemplate\":\"https:\\\/\\\/powermepronto.com\\\/en\\\/?s={search_term_string}\"},\"query-input\":{\"@type\":\"PropertyValueSpecification\",\"valueRequired\":true,\"valueName\":\"search_term_string\"}}],\"inLanguage\":\"en-US\"}]}<\/script>\n<!-- \/ Yoast SEO plugin. -->","yoast_head_json":{"title":"[:en]Haltom City\u2019s Cheapest Prepay Electric with No Contract![:es]\u00a1La electricidad prepago m\u00e1s barata de Haltom City sin contrato![:] - Pronto Power","description":"[:en]Get the cheapest prepaid electric rates in Haltom City. Plus find out how to save 20% more. No deposit. No contract. No hidden fees. Join free today! 844.621.2852[:es]Obtenga las tarifas el\u00e9ctricas prepagas m\u00e1s baratas en Haltom City. Adem\u00e1s, descubra c\u00f3mo ahorrar un 20% m\u00e1s. No hay dep\u00f3sito. Sin contrato. Sin cuotas escondidas. \u00a1\u00danase gratis hoy! 844.621.2852[:]","robots":{"index":"index","follow":"follow","max-snippet":"max-snippet:-1","max-image-preview":"max-image-preview:large","max-video-preview":"max-video-preview:-1"},"canonical":"https:\/\/powermepronto.com\/haltom-citys-cheapest-prepay-electric-with-no-contract\/","og_locale":"en_US","og_type":"article","og_title":"[:en]Haltom City\u2019s Cheapest Prepay Electric with No Contract![:es]\u00a1La electricidad prepago m\u00e1s barata de Haltom City sin contrato![:] - Pronto Power","og_description":"[:en]Get the cheapest prepaid electric rates in Haltom City. Plus find out how to save 20% more. No deposit. No contract. No hidden fees. Join free today! 844.621.2852[:es]Obtenga las tarifas el\u00e9ctricas prepagas m\u00e1s baratas en Haltom City. Adem\u00e1s, descubra c\u00f3mo ahorrar un 20% m\u00e1s. No hay dep\u00f3sito. Sin contrato. Sin cuotas escondidas. \u00a1\u00danase gratis hoy! 844.621.2852[:]","og_url":"https:\/\/powermepronto.com\/haltom-citys-cheapest-prepay-electric-with-no-contract\/","og_site_name":"Pronto Power","article_modified_time":"2022-12-21T10:58:07+00:00","twitter_card":"summary_large_image","twitter_misc":{"Est. reading time":"5 minutes"},"schema":{"@context":"https:\/\/schema.org","@graph":[{"@type":"WebPage","@id":"https:\/\/powermepronto.com\/haltom-citys-cheapest-prepay-electric-with-no-contract\/","url":"https:\/\/powermepronto.com\/haltom-citys-cheapest-prepay-electric-with-no-contract\/","name":"[:en]Haltom City\u2019s Cheapest Prepay Electric with No Contract![:es]\u00a1La electricidad prepago m\u00e1s barata de Haltom City sin contrato![:] - Pronto Power","isPartOf":{"@id":"https:\/\/powermepronto.com\/en\/#website"},"datePublished":"2021-10-04T14:36:16+00:00","dateModified":"2022-12-21T10:58:07+00:00","description":"[:en]Get the cheapest prepaid electric rates in Haltom City. Plus find out how to save 20% more. No deposit. No contract. No hidden fees. Join free today! 844.621.2852[:es]Obtenga las tarifas el\u00e9ctricas prepagas m\u00e1s baratas en Haltom City. Adem\u00e1s, descubra c\u00f3mo ahorrar un 20% m\u00e1s. No hay dep\u00f3sito. Sin contrato. Sin cuotas escondidas. \u00a1\u00danase gratis hoy! 844.621.2852[:]","breadcrumb":{"@id":"https:\/\/powermepronto.com\/haltom-citys-cheapest-prepay-electric-with-no-contract\/#breadcrumb"},"inLanguage":"en-US","potentialAction":[{"@type":"ReadAction","target":["https:\/\/powermepronto.com\/haltom-citys-cheapest-prepay-electric-with-no-contract\/"]}]},{"@type":"BreadcrumbList","@id":"https:\/\/powermepronto.com\/haltom-citys-cheapest-prepay-electric-with-no-contract\/#breadcrumb","itemListElement":[{"@type":"ListItem","position":1,"name":"Home","item":"https:\/\/powermepronto.com\/en\/"},{"@type":"ListItem","position":2,"name":"Haltom City\u2019s Cheapest Prepay Electric with No Contract!"}]},{"@type":"WebSite","@id":"https:\/\/powermepronto.com\/en\/#website","url":"https:\/\/powermepronto.com\/en\/","name":"Pronto Power","description":"","potentialAction":[{"@type":"SearchAction","target":{"@type":"EntryPoint","urlTemplate":"https:\/\/powermepronto.com\/en\/?s={search_term_string}"},"query-input":{"@type":"PropertyValueSpecification","valueRequired":true,"valueName":"search_term_string"}}],"inLanguage":"en-US"}]}},"_links":{"self":[{"href":"https:\/\/powermepronto.com\/en\/wp-json\/wp\/v2\/pages\/2785","targetHints":{"allow":["GET"]}}],"collection":[{"href":"https:\/\/powermepronto.com\/en\/wp-json\/wp\/v2\/pages"}],"about":[{"href":"https:\/\/powermepronto.com\/en\/wp-json\/wp\/v2\/types\/page"}],"author":[{"embeddable":true,"href":"https:\/\/powermepronto.com\/en\/wp-json\/wp\/v2\/users\/1"}],"replies":[{"embeddable":true,"href":"https:\/\/powermepronto.com\/en\/wp-json\/wp\/v2\/comments?post=2785"}],"version-history":[{"count":4,"href":"https:\/\/powermepronto.com\/en\/wp-json\/wp\/v2\/pages\/2785\/revisions"}],"predecessor-version":[{"id":3532,"href":"https:\/\/powermepronto.com\/en\/wp-json\/wp\/v2\/pages\/2785\/revisions\/3532"}],"wp:attachment":[{"href":"https:\/\/powermepronto.com\/en\/wp-json\/wp\/v2\/media?parent=2785"}],"curies":[{"name":"wp","href":"https:\/\/api.w.org\/{rel}","templated":true}]}}