{"id":2779,"date":"2021-10-04T09:29:50","date_gmt":"2021-10-04T14:29:50","guid":{"rendered":"https:\/\/powermepronto.com\/?page_id=2779"},"modified":"2022-12-21T05:18:14","modified_gmt":"2022-12-21T11:18:14","slug":"hursts-cheapest-prepay-electric-no-deposit-no-hidden-fees-no-contract","status":"publish","type":"page","link":"https:\/\/powermepronto.com\/en\/hursts-cheapest-prepay-electric-no-deposit-no-hidden-fees-no-contract\/","title":{"rendered":"Hurst\u2019s Cheapest Prepay Electric: No Deposit, No Hidden Fees, No Contract!"},"content":{"rendered":"<p>You read the title right. And it\u2019s 100% true.<\/p>\n<p>Plus, with Pronto Power, there\u2019s:<\/p>\n<ul>\n<li>No credit check<\/li>\n<li>No ID check<\/li>\n<li>No connection fees<\/li>\n<li>No disconnection fees<\/li>\n<\/ul>\n<p>Plus, to top it off, customer service can\u2019t wait to do its job. If you have trouble paying for any reason, please just call. We\u2019re happy to help you create a payment plan that gets you through the most difficult financial times.<\/p>\n<p>And you know this is a real deal because you don\u2019t sign a contract or pay any fees to join or get service.<\/p>\n<p>You have absolutely zero risk.<\/p>\n<p>That means we have to follow through on our promise. Or, you can simply go somewhere else at any time and for any reason.<\/p>\n<h2>Sounds Too Good To Be True! How Can Pronto Power Offer Such an Amazing Deal?<\/h2>\n<p>Well, we\u2019ve optimized our own internal operations for the greatest cost savings possible.<\/p>\n<p>So much so that other Texas electric companies simply can\u2019t match this offer.<\/p>\n<h2>How Does Joining Work?<\/h2>\n<p>Well, it\u2019s really simple. You give us a call. We set you up for service.<\/p>\n<p>Then pay however works best for you: monthly, weekly, or even daily if you want.<\/p>\n<p>As long as you have just a single penny in your account by 1 PM each day, your electricity stays on.<\/p>\n<p>You\u2019ll get email or text reminders (or both, your choice) to remind you to pay at 7 AM each day.<\/p>\n<p>And if you have trouble paying for any reason, please just call customer service. We\u2019re happy to help you create a repayment plan.<\/p>\n<h2>How You Can Save 20% More Off the Already Cheapest Prepaid Rates in Hurst<\/h2>\n<p>This one\u2019s pretty simple and puts you in total control.<\/p>\n<p>When you join Pronto Power, you get access to a free electricity monitoring software.<\/p>\n<p>Simply login to see how you\u2019re using electricity right this very second.<\/p>\n<p>As you learn how you use electricity over time, you can identify how to make different usage decisions.<\/p>\n<p>All those decisions add up. Many customers save 20%&#8230;and some even more!<\/p>\n<h2>Get the Cheapest Prepaid, No-Deposit Power in Haslet Free Within the Hour<\/h2>\n<p>All your home needs is a smart meter (99% of homes have one).<\/p>\n<p>Then, to get the cheapest prepaid rates, you simply give us a call at <span class=\"affiliatecode\">844.621.2852<\/span>!<\/p>","protected":false},"excerpt":{"rendered":"<p>You read the title right. And it\u2019s 100% true. Plus, with Pronto Power, there\u2019s: No credit check No ID check No connection fees No disconnection fees Plus, to top it off, customer service can\u2019t wait to do its job. If you have trouble paying for any reason, please just call. We\u2019re happy to help you &hellip; <a href=\"https:\/\/powermepronto.com\/en\/hursts-cheapest-prepay-electric-no-deposit-no-hidden-fees-no-contract\/\" class=\"more-link\">Continue reading <span class=\"screen-reader-text\">Hurst\u2019s Cheapest Prepay Electric: No Deposit, No Hidden Fees, No Contract!<\/span><\/a><\/p>\n","protected":false},"author":1,"featured_media":0,"parent":0,"menu_order":0,"comment_status":"closed","ping_status":"closed","template":"","meta":{"_acf_changed":false,"_glsr_average":0,"_glsr_ranking":0,"_glsr_reviews":0,"footnotes":"","_links_to":"","_links_to_target":""},"class_list":["post-2779","page","type-page","status-publish","hentry"],"acf":[],"yoast_head":"<!-- This site is optimized with the Yoast SEO plugin v27.5 - https:\/\/yoast.com\/product\/yoast-seo-wordpress\/ -->\n<title>Hurst\u2019s Cheapest Prepay Electric: No Deposit, No Hidden Fees, No Contract! - Pronto Power<\/title>\n<meta name=\"description\" content=\"[:en]Get the cheapest prepaid electric rates in Hurst. Plus find out how to save 20% more. No deposit. No contract. No hidden fees. Join free today! 844.621.2852[:es]Obtenga las tarifas de prepago prepago m\u00e1s baratas en Hurst. Adem\u00e1s, descubra c\u00f3mo ahorrar un 20% m\u00e1s. No hay dep\u00f3sito. Sin contrato. Sin cuotas escondidas. \u00a1\u00danase gratis hoy! 844.621.2852[:]\" \/>\n<meta name=\"robots\" content=\"index, follow, max-snippet:-1, max-image-preview:large, max-video-preview:-1\" \/>\n<link rel=\"canonical\" href=\"https:\/\/powermepronto.com\/hursts-cheapest-prepay-electric-no-deposit-no-hidden-fees-no-contract\/\" \/>\n<meta property=\"og:locale\" content=\"en_US\" \/>\n<meta property=\"og:type\" content=\"article\" \/>\n<meta property=\"og:title\" content=\"[:en]Hurst\u2019s Cheapest Prepay Electric: No Deposit, No Hidden Fees, No Contract![:es]\u00a1El prepago sin dep\u00f3sito m\u00e1s econ\u00f3mico de Hurst sin contrato![:] - Pronto Power\" \/>\n<meta property=\"og:description\" content=\"[:en]Get the cheapest prepaid electric rates in Hurst. Plus find out how to save 20% more. No deposit. No contract. No hidden fees. Join free today! 844.621.2852[:es]Obtenga las tarifas de prepago prepago m\u00e1s baratas en Hurst. Adem\u00e1s, descubra c\u00f3mo ahorrar un 20% m\u00e1s. No hay dep\u00f3sito. Sin contrato. Sin cuotas escondidas. \u00a1\u00danase gratis hoy! 844.621.2852[:]\" \/>\n<meta property=\"og:url\" content=\"https:\/\/powermepronto.com\/hursts-cheapest-prepay-electric-no-deposit-no-hidden-fees-no-contract\/\" \/>\n<meta property=\"og:site_name\" content=\"Pronto Power\" \/>\n<meta property=\"article:modified_time\" content=\"2022-12-21T11:18:14+00:00\" \/>\n<meta name=\"twitter:card\" content=\"summary_large_image\" \/>\n<meta name=\"twitter:label1\" content=\"Est. reading time\" \/>\n\t<meta name=\"twitter:data1\" content=\"4 minutes\" \/>\n<script type=\"application\/ld+json\" class=\"yoast-schema-graph\">{\"@context\":\"https:\\\/\\\/schema.org\",\"@graph\":[{\"@type\":\"WebPage\",\"@id\":\"https:\\\/\\\/powermepronto.com\\\/hursts-cheapest-prepay-electric-no-deposit-no-hidden-fees-no-contract\\\/\",\"url\":\"https:\\\/\\\/powermepronto.com\\\/hursts-cheapest-prepay-electric-no-deposit-no-hidden-fees-no-contract\\\/\",\"name\":\"[:en]Hurst\u2019s Cheapest Prepay Electric: No Deposit, No Hidden Fees, No Contract![:es]\u00a1El prepago sin dep\u00f3sito m\u00e1s econ\u00f3mico de Hurst sin contrato![:] - Pronto Power\",\"isPartOf\":{\"@id\":\"https:\\\/\\\/powermepronto.com\\\/en\\\/#website\"},\"datePublished\":\"2021-10-04T14:29:50+00:00\",\"dateModified\":\"2022-12-21T11:18:14+00:00\",\"description\":\"[:en]Get the cheapest prepaid electric rates in Hurst. Plus find out how to save 20% more. No deposit. No contract. No hidden fees. Join free today! 844.621.2852[:es]Obtenga las tarifas de prepago prepago m\u00e1s baratas en Hurst. Adem\u00e1s, descubra c\u00f3mo ahorrar un 20% m\u00e1s. No hay dep\u00f3sito. Sin contrato. Sin cuotas escondidas. \u00a1\u00danase gratis hoy! 844.621.2852[:]\",\"breadcrumb\":{\"@id\":\"https:\\\/\\\/powermepronto.com\\\/hursts-cheapest-prepay-electric-no-deposit-no-hidden-fees-no-contract\\\/#breadcrumb\"},\"inLanguage\":\"en-US\",\"potentialAction\":[{\"@type\":\"ReadAction\",\"target\":[\"https:\\\/\\\/powermepronto.com\\\/hursts-cheapest-prepay-electric-no-deposit-no-hidden-fees-no-contract\\\/\"]}]},{\"@type\":\"BreadcrumbList\",\"@id\":\"https:\\\/\\\/powermepronto.com\\\/hursts-cheapest-prepay-electric-no-deposit-no-hidden-fees-no-contract\\\/#breadcrumb\",\"itemListElement\":[{\"@type\":\"ListItem\",\"position\":1,\"name\":\"Home\",\"item\":\"https:\\\/\\\/powermepronto.com\\\/en\\\/\"},{\"@type\":\"ListItem\",\"position\":2,\"name\":\"Hurst\u2019s Cheapest Prepay Electric: No Deposit, No Hidden Fees, No Contract!\"}]},{\"@type\":\"WebSite\",\"@id\":\"https:\\\/\\\/powermepronto.com\\\/en\\\/#website\",\"url\":\"https:\\\/\\\/powermepronto.com\\\/en\\\/\",\"name\":\"Pronto Power\",\"description\":\"\",\"potentialAction\":[{\"@type\":\"SearchAction\",\"target\":{\"@type\":\"EntryPoint\",\"urlTemplate\":\"https:\\\/\\\/powermepronto.com\\\/en\\\/?s={search_term_string}\"},\"query-input\":{\"@type\":\"PropertyValueSpecification\",\"valueRequired\":true,\"valueName\":\"search_term_string\"}}],\"inLanguage\":\"en-US\"}]}<\/script>\n<!-- \/ Yoast SEO plugin. -->","yoast_head_json":{"title":"[:en]Hurst\u2019s Cheapest Prepay Electric: No Deposit, No Hidden Fees, No Contract![:es]\u00a1El prepago sin dep\u00f3sito m\u00e1s econ\u00f3mico de Hurst sin contrato![:] - Pronto Power","description":"[:en]Get the cheapest prepaid electric rates in Hurst. Plus find out how to save 20% more. No deposit. No contract. No hidden fees. Join free today! 844.621.2852[:es]Obtenga las tarifas de prepago prepago m\u00e1s baratas en Hurst. Adem\u00e1s, descubra c\u00f3mo ahorrar un 20% m\u00e1s. No hay dep\u00f3sito. Sin contrato. Sin cuotas escondidas. \u00a1\u00danase gratis hoy! 844.621.2852[:]","robots":{"index":"index","follow":"follow","max-snippet":"max-snippet:-1","max-image-preview":"max-image-preview:large","max-video-preview":"max-video-preview:-1"},"canonical":"https:\/\/powermepronto.com\/hursts-cheapest-prepay-electric-no-deposit-no-hidden-fees-no-contract\/","og_locale":"en_US","og_type":"article","og_title":"[:en]Hurst\u2019s Cheapest Prepay Electric: No Deposit, No Hidden Fees, No Contract![:es]\u00a1El prepago sin dep\u00f3sito m\u00e1s econ\u00f3mico de Hurst sin contrato![:] - Pronto Power","og_description":"[:en]Get the cheapest prepaid electric rates in Hurst. Plus find out how to save 20% more. No deposit. No contract. No hidden fees. Join free today! 844.621.2852[:es]Obtenga las tarifas de prepago prepago m\u00e1s baratas en Hurst. Adem\u00e1s, descubra c\u00f3mo ahorrar un 20% m\u00e1s. No hay dep\u00f3sito. Sin contrato. Sin cuotas escondidas. \u00a1\u00danase gratis hoy! 844.621.2852[:]","og_url":"https:\/\/powermepronto.com\/hursts-cheapest-prepay-electric-no-deposit-no-hidden-fees-no-contract\/","og_site_name":"Pronto Power","article_modified_time":"2022-12-21T11:18:14+00:00","twitter_card":"summary_large_image","twitter_misc":{"Est. reading time":"4 minutes"},"schema":{"@context":"https:\/\/schema.org","@graph":[{"@type":"WebPage","@id":"https:\/\/powermepronto.com\/hursts-cheapest-prepay-electric-no-deposit-no-hidden-fees-no-contract\/","url":"https:\/\/powermepronto.com\/hursts-cheapest-prepay-electric-no-deposit-no-hidden-fees-no-contract\/","name":"[:en]Hurst\u2019s Cheapest Prepay Electric: No Deposit, No Hidden Fees, No Contract![:es]\u00a1El prepago sin dep\u00f3sito m\u00e1s econ\u00f3mico de Hurst sin contrato![:] - Pronto Power","isPartOf":{"@id":"https:\/\/powermepronto.com\/en\/#website"},"datePublished":"2021-10-04T14:29:50+00:00","dateModified":"2022-12-21T11:18:14+00:00","description":"[:en]Get the cheapest prepaid electric rates in Hurst. Plus find out how to save 20% more. No deposit. No contract. No hidden fees. Join free today! 844.621.2852[:es]Obtenga las tarifas de prepago prepago m\u00e1s baratas en Hurst. Adem\u00e1s, descubra c\u00f3mo ahorrar un 20% m\u00e1s. No hay dep\u00f3sito. Sin contrato. Sin cuotas escondidas. \u00a1\u00danase gratis hoy! 844.621.2852[:]","breadcrumb":{"@id":"https:\/\/powermepronto.com\/hursts-cheapest-prepay-electric-no-deposit-no-hidden-fees-no-contract\/#breadcrumb"},"inLanguage":"en-US","potentialAction":[{"@type":"ReadAction","target":["https:\/\/powermepronto.com\/hursts-cheapest-prepay-electric-no-deposit-no-hidden-fees-no-contract\/"]}]},{"@type":"BreadcrumbList","@id":"https:\/\/powermepronto.com\/hursts-cheapest-prepay-electric-no-deposit-no-hidden-fees-no-contract\/#breadcrumb","itemListElement":[{"@type":"ListItem","position":1,"name":"Home","item":"https:\/\/powermepronto.com\/en\/"},{"@type":"ListItem","position":2,"name":"Hurst\u2019s Cheapest Prepay Electric: No Deposit, No Hidden Fees, No Contract!"}]},{"@type":"WebSite","@id":"https:\/\/powermepronto.com\/en\/#website","url":"https:\/\/powermepronto.com\/en\/","name":"Pronto Power","description":"","potentialAction":[{"@type":"SearchAction","target":{"@type":"EntryPoint","urlTemplate":"https:\/\/powermepronto.com\/en\/?s={search_term_string}"},"query-input":{"@type":"PropertyValueSpecification","valueRequired":true,"valueName":"search_term_string"}}],"inLanguage":"en-US"}]}},"_links":{"self":[{"href":"https:\/\/powermepronto.com\/en\/wp-json\/wp\/v2\/pages\/2779","targetHints":{"allow":["GET"]}}],"collection":[{"href":"https:\/\/powermepronto.com\/en\/wp-json\/wp\/v2\/pages"}],"about":[{"href":"https:\/\/powermepronto.com\/en\/wp-json\/wp\/v2\/types\/page"}],"author":[{"embeddable":true,"href":"https:\/\/powermepronto.com\/en\/wp-json\/wp\/v2\/users\/1"}],"replies":[{"embeddable":true,"href":"https:\/\/powermepronto.com\/en\/wp-json\/wp\/v2\/comments?post=2779"}],"version-history":[{"count":4,"href":"https:\/\/powermepronto.com\/en\/wp-json\/wp\/v2\/pages\/2779\/revisions"}],"predecessor-version":[{"id":3543,"href":"https:\/\/powermepronto.com\/en\/wp-json\/wp\/v2\/pages\/2779\/revisions\/3543"}],"wp:attachment":[{"href":"https:\/\/powermepronto.com\/en\/wp-json\/wp\/v2\/media?parent=2779"}],"curies":[{"name":"wp","href":"https:\/\/api.w.org\/{rel}","templated":true}]}}