{"id":2751,"date":"2021-08-30T08:12:57","date_gmt":"2021-08-30T13:12:57","guid":{"rendered":"https:\/\/powermepronto.com\/?page_id=2751"},"modified":"2022-12-21T05:43:00","modified_gmt":"2022-12-21T11:43:00","slug":"the-cheapest-prepay-electric-in-fort-worth-with-no-contract","status":"publish","type":"page","link":"https:\/\/powermepronto.com\/en\/the-cheapest-prepay-electric-in-fort-worth-with-no-contract\/","title":{"rendered":"The Cheapest Prepay Electric in Fort Worth with No Contract!"},"content":{"rendered":"<p>Pay less. Save more with a simple electricity plan that doesn\u2019t jerk you around.<\/p>\n<p>You have enough complexity in life. Living in the modern world isn\u2019t easy.<\/p>\n<p>And you certainly don\u2019t need any more trouble from your REP.<\/p>\n<p>That\u2019s where Pronto Power comes in. To make things easy, you don\u2019t sign a contract. That means you can cancel any time completely risk-free.<\/p>\n<p>But that\u2019s not all. With Pronto Power, there\u2019s:<\/p>\n<ul>\n<li>The cheapest prepay electric rates in Fort Worth<\/li>\n<li>No credit check<\/li>\n<li>No ID check<\/li>\n<li>No hidden fees<\/li>\n<li>No deposit<\/li>\n<li>No connection fees<\/li>\n<li>No disconnection fees<\/li>\n<\/ul>\n<p>And customer service is happy to help you out if you find yourself in financial trouble.<\/p>\n<p>All this means we have to follow through on our promise. Because if we don\u2019t, you can go wherever you want.<\/p>\n<h2>How Can Pronto Power Offer Such an Amazing Deal?<\/h2>\n<p>We optimize our marketing, sales, and logistical operations for the lowest costs possible. And then those savings get passed on to you.<\/p>\n<p>It\u2019s such a meticulous process that other Texas electric companies simply can\u2019t match it.<\/p>\n<h2>How Does Payment Work?<\/h2>\n<p>It\u2019s actually quite flexible. <\/p>\n<p>As long as you have just a single cent in your prepaid account by 1 PM each day (you get a text or email notification at 7 AM), your electricity stays on.<\/p>\n<p>And if you have trouble paying, for any reason, just give us a call. We\u2019re happy to help you work out a payment plan to help you make it through the most difficult financial circumstances.<\/p>\n<h2>Plus, Save 20% (Or More) Off the Already Cheapest Prepaid Rates in Fort Worth<\/h2>\n<p>This one\u2019s totally up to you. When you join Pronto Power, you get access to an online electricity usage monitoring tool.<\/p>\n<p>It shows you how you\u2019re using electricity right this very second. Many of our customers use this to track their usage over time and then change their behavior.<\/p>\n<p>Many save 20%&#8230;and some even more!<\/p>\n<h2>Join Pronto Power Free Within the Hour for the Cheapest Prepaid Rates<\/h2>\n<p>You just can\u2019t find a better deal. Get:<\/p>\n<ul>\n<li>The cheapest prepaid rates<\/li>\n<li>No hidden fees<\/li>\n<li>No deposit<\/li>\n<li>No contract<\/li>\n<li>The chance to save 20%<\/li>\n<\/ul>\n<p>&#8230;All within the hour if your home has a smart meter.<\/p>\n<p>Call <span class=\"affiliatecode\">844.621.2852<\/span> now.<\/p>","protected":false},"excerpt":{"rendered":"<p>Pay less. Save more with a simple electricity plan that doesn\u2019t jerk you around. You have enough complexity in life. Living in the modern world isn\u2019t easy. And you certainly don\u2019t need any more trouble from your REP. That\u2019s where Pronto Power comes in. To make things easy, you don\u2019t sign a contract. That means &hellip; <a href=\"https:\/\/powermepronto.com\/en\/the-cheapest-prepay-electric-in-fort-worth-with-no-contract\/\" class=\"more-link\">Continue reading <span class=\"screen-reader-text\">The Cheapest Prepay Electric in Fort Worth with No Contract!<\/span><\/a><\/p>\n","protected":false},"author":1,"featured_media":0,"parent":0,"menu_order":0,"comment_status":"closed","ping_status":"closed","template":"","meta":{"_acf_changed":false,"_glsr_average":0,"_glsr_ranking":0,"_glsr_reviews":0,"footnotes":"","_links_to":"","_links_to_target":""},"class_list":["post-2751","page","type-page","status-publish","hentry"],"acf":[],"yoast_head":"<!-- This site is optimized with the Yoast SEO plugin v27.6 - https:\/\/yoast.com\/product\/yoast-seo-wordpress\/ -->\n<title>The Cheapest Prepay Electric in Fort Worth with No Contract! - Pronto Power<\/title>\n<meta name=\"description\" content=\"[:en]Get the cheapest prepaid electric rates in Fort Worth. Plus find out how to save 20% more. No deposit. No contract. No hidden fees. Join free today! 844.621.2852[:es]Obtenga las tarifas el\u00e9ctricas prepagas m\u00e1s econ\u00f3micas en Fort Worth. Adem\u00e1s, descubra c\u00f3mo ahorrar un 20% m\u00e1s. No hay dep\u00f3sito. Sin contrato. Sin cuotas escondidas. \u00a1\u00danase gratis hoy! 844.621.2852[:]\" \/>\n<meta name=\"robots\" content=\"index, follow, max-snippet:-1, max-image-preview:large, max-video-preview:-1\" \/>\n<link rel=\"canonical\" href=\"https:\/\/powermepronto.com\/the-cheapest-prepay-electric-in-fort-worth-with-no-contract\/\" \/>\n<meta property=\"og:locale\" content=\"en_US\" \/>\n<meta property=\"og:type\" content=\"article\" \/>\n<meta property=\"og:title\" content=\"[:en]The Cheapest Prepay Electric in Fort Worth with No Contract![:es]\u00a1La electricidad prepago m\u00e1s barata sin contrato en Fort Worth![:] - Pronto Power\" \/>\n<meta property=\"og:description\" content=\"[:en]Get the cheapest prepaid electric rates in Fort Worth. Plus find out how to save 20% more. No deposit. No contract. No hidden fees. Join free today! 844.621.2852[:es]Obtenga las tarifas el\u00e9ctricas prepagas m\u00e1s econ\u00f3micas en Fort Worth. Adem\u00e1s, descubra c\u00f3mo ahorrar un 20% m\u00e1s. No hay dep\u00f3sito. Sin contrato. Sin cuotas escondidas. \u00a1\u00danase gratis hoy! 844.621.2852[:]\" \/>\n<meta property=\"og:url\" content=\"https:\/\/powermepronto.com\/the-cheapest-prepay-electric-in-fort-worth-with-no-contract\/\" \/>\n<meta property=\"og:site_name\" content=\"Pronto Power\" \/>\n<meta property=\"article:modified_time\" content=\"2022-12-21T11:43:00+00:00\" \/>\n<meta name=\"twitter:card\" content=\"summary_large_image\" \/>\n<meta name=\"twitter:label1\" content=\"Est. reading time\" \/>\n\t<meta name=\"twitter:data1\" content=\"4 minutes\" \/>\n<script type=\"application\/ld+json\" class=\"yoast-schema-graph\">{\"@context\":\"https:\\\/\\\/schema.org\",\"@graph\":[{\"@type\":\"WebPage\",\"@id\":\"https:\\\/\\\/powermepronto.com\\\/the-cheapest-prepay-electric-in-fort-worth-with-no-contract\\\/\",\"url\":\"https:\\\/\\\/powermepronto.com\\\/the-cheapest-prepay-electric-in-fort-worth-with-no-contract\\\/\",\"name\":\"[:en]The Cheapest Prepay Electric in Fort Worth with No Contract![:es]\u00a1La electricidad prepago m\u00e1s barata sin contrato en Fort Worth![:] - Pronto Power\",\"isPartOf\":{\"@id\":\"https:\\\/\\\/powermepronto.com\\\/en\\\/#website\"},\"datePublished\":\"2021-08-30T13:12:57+00:00\",\"dateModified\":\"2022-12-21T11:43:00+00:00\",\"description\":\"[:en]Get the cheapest prepaid electric rates in Fort Worth. Plus find out how to save 20% more. No deposit. No contract. No hidden fees. Join free today! 844.621.2852[:es]Obtenga las tarifas el\u00e9ctricas prepagas m\u00e1s econ\u00f3micas en Fort Worth. Adem\u00e1s, descubra c\u00f3mo ahorrar un 20% m\u00e1s. No hay dep\u00f3sito. Sin contrato. Sin cuotas escondidas. \u00a1\u00danase gratis hoy! 844.621.2852[:]\",\"breadcrumb\":{\"@id\":\"https:\\\/\\\/powermepronto.com\\\/the-cheapest-prepay-electric-in-fort-worth-with-no-contract\\\/#breadcrumb\"},\"inLanguage\":\"en-US\",\"potentialAction\":[{\"@type\":\"ReadAction\",\"target\":[\"https:\\\/\\\/powermepronto.com\\\/the-cheapest-prepay-electric-in-fort-worth-with-no-contract\\\/\"]}]},{\"@type\":\"BreadcrumbList\",\"@id\":\"https:\\\/\\\/powermepronto.com\\\/the-cheapest-prepay-electric-in-fort-worth-with-no-contract\\\/#breadcrumb\",\"itemListElement\":[{\"@type\":\"ListItem\",\"position\":1,\"name\":\"Home\",\"item\":\"https:\\\/\\\/powermepronto.com\\\/en\\\/\"},{\"@type\":\"ListItem\",\"position\":2,\"name\":\"The Cheapest Prepay Electric in Fort Worth with No Contract!\"}]},{\"@type\":\"WebSite\",\"@id\":\"https:\\\/\\\/powermepronto.com\\\/en\\\/#website\",\"url\":\"https:\\\/\\\/powermepronto.com\\\/en\\\/\",\"name\":\"Pronto Power\",\"description\":\"\",\"potentialAction\":[{\"@type\":\"SearchAction\",\"target\":{\"@type\":\"EntryPoint\",\"urlTemplate\":\"https:\\\/\\\/powermepronto.com\\\/en\\\/?s={search_term_string}\"},\"query-input\":{\"@type\":\"PropertyValueSpecification\",\"valueRequired\":true,\"valueName\":\"search_term_string\"}}],\"inLanguage\":\"en-US\"}]}<\/script>\n<!-- \/ Yoast SEO plugin. -->","yoast_head_json":{"title":"[:en]The Cheapest Prepay Electric in Fort Worth with No Contract![:es]\u00a1La electricidad prepago m\u00e1s barata sin contrato en Fort Worth![:] - Pronto Power","description":"[:en]Get the cheapest prepaid electric rates in Fort Worth. Plus find out how to save 20% more. No deposit. No contract. No hidden fees. Join free today! 844.621.2852[:es]Obtenga las tarifas el\u00e9ctricas prepagas m\u00e1s econ\u00f3micas en Fort Worth. Adem\u00e1s, descubra c\u00f3mo ahorrar un 20% m\u00e1s. No hay dep\u00f3sito. Sin contrato. Sin cuotas escondidas. \u00a1\u00danase gratis hoy! 844.621.2852[:]","robots":{"index":"index","follow":"follow","max-snippet":"max-snippet:-1","max-image-preview":"max-image-preview:large","max-video-preview":"max-video-preview:-1"},"canonical":"https:\/\/powermepronto.com\/the-cheapest-prepay-electric-in-fort-worth-with-no-contract\/","og_locale":"en_US","og_type":"article","og_title":"[:en]The Cheapest Prepay Electric in Fort Worth with No Contract![:es]\u00a1La electricidad prepago m\u00e1s barata sin contrato en Fort Worth![:] - Pronto Power","og_description":"[:en]Get the cheapest prepaid electric rates in Fort Worth. Plus find out how to save 20% more. No deposit. No contract. No hidden fees. Join free today! 844.621.2852[:es]Obtenga las tarifas el\u00e9ctricas prepagas m\u00e1s econ\u00f3micas en Fort Worth. Adem\u00e1s, descubra c\u00f3mo ahorrar un 20% m\u00e1s. No hay dep\u00f3sito. Sin contrato. Sin cuotas escondidas. \u00a1\u00danase gratis hoy! 844.621.2852[:]","og_url":"https:\/\/powermepronto.com\/the-cheapest-prepay-electric-in-fort-worth-with-no-contract\/","og_site_name":"Pronto Power","article_modified_time":"2022-12-21T11:43:00+00:00","twitter_card":"summary_large_image","twitter_misc":{"Est. reading time":"4 minutes"},"schema":{"@context":"https:\/\/schema.org","@graph":[{"@type":"WebPage","@id":"https:\/\/powermepronto.com\/the-cheapest-prepay-electric-in-fort-worth-with-no-contract\/","url":"https:\/\/powermepronto.com\/the-cheapest-prepay-electric-in-fort-worth-with-no-contract\/","name":"[:en]The Cheapest Prepay Electric in Fort Worth with No Contract![:es]\u00a1La electricidad prepago m\u00e1s barata sin contrato en Fort Worth![:] - Pronto Power","isPartOf":{"@id":"https:\/\/powermepronto.com\/en\/#website"},"datePublished":"2021-08-30T13:12:57+00:00","dateModified":"2022-12-21T11:43:00+00:00","description":"[:en]Get the cheapest prepaid electric rates in Fort Worth. Plus find out how to save 20% more. No deposit. No contract. No hidden fees. Join free today! 844.621.2852[:es]Obtenga las tarifas el\u00e9ctricas prepagas m\u00e1s econ\u00f3micas en Fort Worth. Adem\u00e1s, descubra c\u00f3mo ahorrar un 20% m\u00e1s. No hay dep\u00f3sito. Sin contrato. Sin cuotas escondidas. \u00a1\u00danase gratis hoy! 844.621.2852[:]","breadcrumb":{"@id":"https:\/\/powermepronto.com\/the-cheapest-prepay-electric-in-fort-worth-with-no-contract\/#breadcrumb"},"inLanguage":"en-US","potentialAction":[{"@type":"ReadAction","target":["https:\/\/powermepronto.com\/the-cheapest-prepay-electric-in-fort-worth-with-no-contract\/"]}]},{"@type":"BreadcrumbList","@id":"https:\/\/powermepronto.com\/the-cheapest-prepay-electric-in-fort-worth-with-no-contract\/#breadcrumb","itemListElement":[{"@type":"ListItem","position":1,"name":"Home","item":"https:\/\/powermepronto.com\/en\/"},{"@type":"ListItem","position":2,"name":"The Cheapest Prepay Electric in Fort Worth with No Contract!"}]},{"@type":"WebSite","@id":"https:\/\/powermepronto.com\/en\/#website","url":"https:\/\/powermepronto.com\/en\/","name":"Pronto Power","description":"","potentialAction":[{"@type":"SearchAction","target":{"@type":"EntryPoint","urlTemplate":"https:\/\/powermepronto.com\/en\/?s={search_term_string}"},"query-input":{"@type":"PropertyValueSpecification","valueRequired":true,"valueName":"search_term_string"}}],"inLanguage":"en-US"}]}},"_links":{"self":[{"href":"https:\/\/powermepronto.com\/en\/wp-json\/wp\/v2\/pages\/2751","targetHints":{"allow":["GET"]}}],"collection":[{"href":"https:\/\/powermepronto.com\/en\/wp-json\/wp\/v2\/pages"}],"about":[{"href":"https:\/\/powermepronto.com\/en\/wp-json\/wp\/v2\/types\/page"}],"author":[{"embeddable":true,"href":"https:\/\/powermepronto.com\/en\/wp-json\/wp\/v2\/users\/1"}],"replies":[{"embeddable":true,"href":"https:\/\/powermepronto.com\/en\/wp-json\/wp\/v2\/comments?post=2751"}],"version-history":[{"count":4,"href":"https:\/\/powermepronto.com\/en\/wp-json\/wp\/v2\/pages\/2751\/revisions"}],"predecessor-version":[{"id":3580,"href":"https:\/\/powermepronto.com\/en\/wp-json\/wp\/v2\/pages\/2751\/revisions\/3580"}],"wp:attachment":[{"href":"https:\/\/powermepronto.com\/en\/wp-json\/wp\/v2\/media?parent=2751"}],"curies":[{"name":"wp","href":"https:\/\/api.w.org\/{rel}","templated":true}]}}