{"id":2744,"date":"2021-08-30T08:03:30","date_gmt":"2021-08-30T13:03:30","guid":{"rendered":"https:\/\/powermepronto.com\/?page_id=2744"},"modified":"2022-12-21T04:55:34","modified_gmt":"2022-12-21T10:55:34","slug":"grapevines-cheapest-no-deposit-power-no-contract","status":"publish","type":"page","link":"https:\/\/powermepronto.com\/en\/grapevines-cheapest-no-deposit-power-no-contract\/","title":{"rendered":"Grapevine\u2019s Cheapest No Deposit Power &#8211; No Contract!"},"content":{"rendered":"<p>Rejected by other REPs?<\/p>\n<p>&#8230;We\u2019re happy to have you!<\/p>\n<p>And we can confidently say that without even looking at your credit score or income. Because we don\u2019t care what those even are!<\/p>\n<p>That\u2019s right. With Pronto Power, there\u2019s:<\/p>\n<ul>\n<li>No credit check<\/li>\n<li>No ID check<\/li>\n<li>No connection fees<\/li>\n<li>No disconnection fees<\/li>\n<li>No deposit<\/li>\n<li>No contract<\/li>\n<li>No hidden fees<\/li>\n<\/ul>\n<p>In other words, the cheapest prepay electric rates in Texas are simply available to you anytime. And since you don\u2019t sign a contract, you have absolutely no risk.<\/p>\n<p>Plus, customer service is happy to help you make it through if you have trouble paying for any reason.<\/p>\n<p>So please call if you find yourself in a difficult situation!<\/p>\n<h2>How Can Pronto Power Offer Such an Amazing Deal to Grapevine Customers?<\/h2>\n<p>We\u2019re meticulous on the backend. We do everything possible to keep sales, marketing, and operational costs as low as possible.<\/p>\n<p>Then we pass the savings on to you!<\/p>\n<h2>How Does It Work? There\u2019s Gotta Be Some Catch, Right?<\/h2>\n<p>No. There isn\u2019t.<\/p>\n<p>Then you simply add funds however works best for you (monthly, weekly, or even daily). As long as you keep just a single penny in your account by 1 PM each day, your electricity stays on!<\/p>\n<p>And remember, customer service will help you out if that becomes challenging. So, please give us a call if you run into trouble!<\/p>\n<h2>Plus, Save 20% More Off The Already Cheapest No-Deposit Electricity<\/h2>\n<p>This one\u2019s simple. And it\u2019s totally within your control.<\/p>\n<p>When you join Pronto Power, you get access to a free online electricity monitoring tool. Simply login to see how you\u2019re using electricity right this very second.<\/p>\n<p>Then, change your behavior based on what you learn about your usage over time.<\/p>\n<p>Many customers save 20%&#8230;and some hardcore energy savers much more!<\/p>\n<h2>Grapevine Homeowners: Join Pronto Power Free Within the Hour<\/h2>\n<p>You just can\u2019t find a better deal anywhere else in Grapevine (or in all of Texas for that matter).<\/p>\n<p>Get the cheapest prepaid electric rates. With no contract. No hidden fees. And the chance to save 20% off those rates.<\/p>\n<p>All that can be yours within the hour if your home has a smart meter (and about 99% do)!<\/p>\n<p>Call <span class=\"affiliatecode\">844.621.2852<\/span> to join now.<\/p>","protected":false},"excerpt":{"rendered":"<p>Rejected by other REPs? &#8230;We\u2019re happy to have you! And we can confidently say that without even looking at your credit score or income. Because we don\u2019t care what those even are! That\u2019s right. With Pronto Power, there\u2019s: No credit check No ID check No connection fees No disconnection fees No deposit No contract No &hellip; <a href=\"https:\/\/powermepronto.com\/en\/grapevines-cheapest-no-deposit-power-no-contract\/\" class=\"more-link\">Continue reading <span class=\"screen-reader-text\">Grapevine\u2019s Cheapest No Deposit Power &#8211; No Contract!<\/span><\/a><\/p>\n","protected":false},"author":1,"featured_media":0,"parent":0,"menu_order":0,"comment_status":"closed","ping_status":"closed","template":"","meta":{"_acf_changed":false,"_glsr_average":0,"_glsr_ranking":0,"_glsr_reviews":0,"footnotes":"","_links_to":"","_links_to_target":""},"class_list":["post-2744","page","type-page","status-publish","hentry"],"acf":[],"yoast_head":"<!-- This site is optimized with the Yoast SEO plugin v27.5 - https:\/\/yoast.com\/product\/yoast-seo-wordpress\/ -->\n<title>Grapevine\u2019s Cheapest No Deposit Power - No Contract! - Pronto Power<\/title>\n<meta name=\"description\" content=\"[:en]Get the cheapest prepaid electric rates in Grapevine. Plus find out how to save 20% more. No deposit. No contract. No hidden fees. Join free today! 844.621.2852[:es]Obtenga las tarifas el\u00e9ctricas prepagas m\u00e1s econ\u00f3micas en Grapevine. Adem\u00e1s, descubra c\u00f3mo ahorrar un 20% m\u00e1s. No hay dep\u00f3sito. Sin contrato. Sin cuotas escondidas. \u00a1\u00danase gratis hoy! 844.621.2852[:]\" \/>\n<meta name=\"robots\" content=\"index, follow, max-snippet:-1, max-image-preview:large, max-video-preview:-1\" \/>\n<link rel=\"canonical\" href=\"https:\/\/powermepronto.com\/grapevines-cheapest-no-deposit-power-no-contract\/\" \/>\n<meta property=\"og:locale\" content=\"en_US\" \/>\n<meta property=\"og:type\" content=\"article\" \/>\n<meta property=\"og:title\" content=\"[:en]Grapevine\u2019s Cheapest No Deposit Power - No Contract![:es]La compa\u00f1\u00eda de energ\u00eda sin dep\u00f3sito m\u00e1s barata de Grapevine - \u00a1Sin contrato![:] - Pronto Power\" \/>\n<meta property=\"og:description\" content=\"[:en]Get the cheapest prepaid electric rates in Grapevine. Plus find out how to save 20% more. No deposit. No contract. No hidden fees. Join free today! 844.621.2852[:es]Obtenga las tarifas el\u00e9ctricas prepagas m\u00e1s econ\u00f3micas en Grapevine. Adem\u00e1s, descubra c\u00f3mo ahorrar un 20% m\u00e1s. No hay dep\u00f3sito. Sin contrato. Sin cuotas escondidas. \u00a1\u00danase gratis hoy! 844.621.2852[:]\" \/>\n<meta property=\"og:url\" content=\"https:\/\/powermepronto.com\/grapevines-cheapest-no-deposit-power-no-contract\/\" \/>\n<meta property=\"og:site_name\" content=\"Pronto Power\" \/>\n<meta property=\"article:modified_time\" content=\"2022-12-21T10:55:34+00:00\" \/>\n<meta name=\"twitter:card\" content=\"summary_large_image\" \/>\n<meta name=\"twitter:label1\" content=\"Est. reading time\" \/>\n\t<meta name=\"twitter:data1\" content=\"4 minutes\" \/>\n<script type=\"application\/ld+json\" class=\"yoast-schema-graph\">{\"@context\":\"https:\\\/\\\/schema.org\",\"@graph\":[{\"@type\":\"WebPage\",\"@id\":\"https:\\\/\\\/powermepronto.com\\\/grapevines-cheapest-no-deposit-power-no-contract\\\/\",\"url\":\"https:\\\/\\\/powermepronto.com\\\/grapevines-cheapest-no-deposit-power-no-contract\\\/\",\"name\":\"[:en]Grapevine\u2019s Cheapest No Deposit Power - No Contract![:es]La compa\u00f1\u00eda de energ\u00eda sin dep\u00f3sito m\u00e1s barata de Grapevine - \u00a1Sin contrato![:] - Pronto Power\",\"isPartOf\":{\"@id\":\"https:\\\/\\\/powermepronto.com\\\/en\\\/#website\"},\"datePublished\":\"2021-08-30T13:03:30+00:00\",\"dateModified\":\"2022-12-21T10:55:34+00:00\",\"description\":\"[:en]Get the cheapest prepaid electric rates in Grapevine. Plus find out how to save 20% more. No deposit. No contract. No hidden fees. Join free today! 844.621.2852[:es]Obtenga las tarifas el\u00e9ctricas prepagas m\u00e1s econ\u00f3micas en Grapevine. Adem\u00e1s, descubra c\u00f3mo ahorrar un 20% m\u00e1s. No hay dep\u00f3sito. Sin contrato. Sin cuotas escondidas. \u00a1\u00danase gratis hoy! 844.621.2852[:]\",\"breadcrumb\":{\"@id\":\"https:\\\/\\\/powermepronto.com\\\/grapevines-cheapest-no-deposit-power-no-contract\\\/#breadcrumb\"},\"inLanguage\":\"en-US\",\"potentialAction\":[{\"@type\":\"ReadAction\",\"target\":[\"https:\\\/\\\/powermepronto.com\\\/grapevines-cheapest-no-deposit-power-no-contract\\\/\"]}]},{\"@type\":\"BreadcrumbList\",\"@id\":\"https:\\\/\\\/powermepronto.com\\\/grapevines-cheapest-no-deposit-power-no-contract\\\/#breadcrumb\",\"itemListElement\":[{\"@type\":\"ListItem\",\"position\":1,\"name\":\"Home\",\"item\":\"https:\\\/\\\/powermepronto.com\\\/en\\\/\"},{\"@type\":\"ListItem\",\"position\":2,\"name\":\"Grapevine\u2019s Cheapest No Deposit Power &#8211; No Contract!\"}]},{\"@type\":\"WebSite\",\"@id\":\"https:\\\/\\\/powermepronto.com\\\/en\\\/#website\",\"url\":\"https:\\\/\\\/powermepronto.com\\\/en\\\/\",\"name\":\"Pronto Power\",\"description\":\"\",\"potentialAction\":[{\"@type\":\"SearchAction\",\"target\":{\"@type\":\"EntryPoint\",\"urlTemplate\":\"https:\\\/\\\/powermepronto.com\\\/en\\\/?s={search_term_string}\"},\"query-input\":{\"@type\":\"PropertyValueSpecification\",\"valueRequired\":true,\"valueName\":\"search_term_string\"}}],\"inLanguage\":\"en-US\"}]}<\/script>\n<!-- \/ Yoast SEO plugin. -->","yoast_head_json":{"title":"[:en]Grapevine\u2019s Cheapest No Deposit Power - No Contract![:es]La compa\u00f1\u00eda de energ\u00eda sin dep\u00f3sito m\u00e1s barata de Grapevine - \u00a1Sin contrato![:] - Pronto Power","description":"[:en]Get the cheapest prepaid electric rates in Grapevine. Plus find out how to save 20% more. No deposit. No contract. No hidden fees. Join free today! 844.621.2852[:es]Obtenga las tarifas el\u00e9ctricas prepagas m\u00e1s econ\u00f3micas en Grapevine. Adem\u00e1s, descubra c\u00f3mo ahorrar un 20% m\u00e1s. No hay dep\u00f3sito. Sin contrato. Sin cuotas escondidas. \u00a1\u00danase gratis hoy! 844.621.2852[:]","robots":{"index":"index","follow":"follow","max-snippet":"max-snippet:-1","max-image-preview":"max-image-preview:large","max-video-preview":"max-video-preview:-1"},"canonical":"https:\/\/powermepronto.com\/grapevines-cheapest-no-deposit-power-no-contract\/","og_locale":"en_US","og_type":"article","og_title":"[:en]Grapevine\u2019s Cheapest No Deposit Power - No Contract![:es]La compa\u00f1\u00eda de energ\u00eda sin dep\u00f3sito m\u00e1s barata de Grapevine - \u00a1Sin contrato![:] - Pronto Power","og_description":"[:en]Get the cheapest prepaid electric rates in Grapevine. Plus find out how to save 20% more. No deposit. No contract. No hidden fees. Join free today! 844.621.2852[:es]Obtenga las tarifas el\u00e9ctricas prepagas m\u00e1s econ\u00f3micas en Grapevine. Adem\u00e1s, descubra c\u00f3mo ahorrar un 20% m\u00e1s. No hay dep\u00f3sito. Sin contrato. Sin cuotas escondidas. \u00a1\u00danase gratis hoy! 844.621.2852[:]","og_url":"https:\/\/powermepronto.com\/grapevines-cheapest-no-deposit-power-no-contract\/","og_site_name":"Pronto Power","article_modified_time":"2022-12-21T10:55:34+00:00","twitter_card":"summary_large_image","twitter_misc":{"Est. reading time":"4 minutes"},"schema":{"@context":"https:\/\/schema.org","@graph":[{"@type":"WebPage","@id":"https:\/\/powermepronto.com\/grapevines-cheapest-no-deposit-power-no-contract\/","url":"https:\/\/powermepronto.com\/grapevines-cheapest-no-deposit-power-no-contract\/","name":"[:en]Grapevine\u2019s Cheapest No Deposit Power - No Contract![:es]La compa\u00f1\u00eda de energ\u00eda sin dep\u00f3sito m\u00e1s barata de Grapevine - \u00a1Sin contrato![:] - Pronto Power","isPartOf":{"@id":"https:\/\/powermepronto.com\/en\/#website"},"datePublished":"2021-08-30T13:03:30+00:00","dateModified":"2022-12-21T10:55:34+00:00","description":"[:en]Get the cheapest prepaid electric rates in Grapevine. Plus find out how to save 20% more. No deposit. No contract. No hidden fees. Join free today! 844.621.2852[:es]Obtenga las tarifas el\u00e9ctricas prepagas m\u00e1s econ\u00f3micas en Grapevine. Adem\u00e1s, descubra c\u00f3mo ahorrar un 20% m\u00e1s. No hay dep\u00f3sito. Sin contrato. Sin cuotas escondidas. \u00a1\u00danase gratis hoy! 844.621.2852[:]","breadcrumb":{"@id":"https:\/\/powermepronto.com\/grapevines-cheapest-no-deposit-power-no-contract\/#breadcrumb"},"inLanguage":"en-US","potentialAction":[{"@type":"ReadAction","target":["https:\/\/powermepronto.com\/grapevines-cheapest-no-deposit-power-no-contract\/"]}]},{"@type":"BreadcrumbList","@id":"https:\/\/powermepronto.com\/grapevines-cheapest-no-deposit-power-no-contract\/#breadcrumb","itemListElement":[{"@type":"ListItem","position":1,"name":"Home","item":"https:\/\/powermepronto.com\/en\/"},{"@type":"ListItem","position":2,"name":"Grapevine\u2019s Cheapest No Deposit Power &#8211; No Contract!"}]},{"@type":"WebSite","@id":"https:\/\/powermepronto.com\/en\/#website","url":"https:\/\/powermepronto.com\/en\/","name":"Pronto Power","description":"","potentialAction":[{"@type":"SearchAction","target":{"@type":"EntryPoint","urlTemplate":"https:\/\/powermepronto.com\/en\/?s={search_term_string}"},"query-input":{"@type":"PropertyValueSpecification","valueRequired":true,"valueName":"search_term_string"}}],"inLanguage":"en-US"}]}},"_links":{"self":[{"href":"https:\/\/powermepronto.com\/en\/wp-json\/wp\/v2\/pages\/2744","targetHints":{"allow":["GET"]}}],"collection":[{"href":"https:\/\/powermepronto.com\/en\/wp-json\/wp\/v2\/pages"}],"about":[{"href":"https:\/\/powermepronto.com\/en\/wp-json\/wp\/v2\/types\/page"}],"author":[{"embeddable":true,"href":"https:\/\/powermepronto.com\/en\/wp-json\/wp\/v2\/users\/1"}],"replies":[{"embeddable":true,"href":"https:\/\/powermepronto.com\/en\/wp-json\/wp\/v2\/comments?post=2744"}],"version-history":[{"count":4,"href":"https:\/\/powermepronto.com\/en\/wp-json\/wp\/v2\/pages\/2744\/revisions"}],"predecessor-version":[{"id":3529,"href":"https:\/\/powermepronto.com\/en\/wp-json\/wp\/v2\/pages\/2744\/revisions\/3529"}],"wp:attachment":[{"href":"https:\/\/powermepronto.com\/en\/wp-json\/wp\/v2\/media?parent=2744"}],"curies":[{"name":"wp","href":"https:\/\/api.w.org\/{rel}","templated":true}]}}