{"id":2733,"date":"2021-08-09T16:12:50","date_gmt":"2021-08-09T21:12:50","guid":{"rendered":"https:\/\/powermepronto.com\/?page_id=2733"},"modified":"2022-12-21T04:37:55","modified_gmt":"2022-12-21T10:37:55","slug":"euless-cheapest-no-deposit-power-company-with-no-contract","status":"publish","type":"page","link":"https:\/\/powermepronto.com\/en\/euless-cheapest-no-deposit-power-company-with-no-contract\/","title":{"rendered":"Euless\u2019 Cheapest No-Deposit Power Company with No Contract"},"content":{"rendered":"<p>Is your REP really doing what\u2019s in your best interest&#8230;or their best interest?<\/p>\n<p>Had a number of unexpected fees come up?<\/p>\n<p>Failing to see the savings you hoped for?<\/p>\n<p>Well&#8230;you get none of that when you choose Pronto Power. And you can trust us because you don\u2019t sign a contract or pay any hidden fees.<\/p>\n<p>That means you have absolutely no risk because you can cancel any time and for any reason.<\/p>\n<p>Plus, there\u2019s:<\/p>\n<ul>\n<li>No credit check<\/li>\n<li>No ID check<\/li>\n<li>No deposit<\/li>\n<li>No connection fees<\/li>\n<li>No disconnection fees<\/li>\n<\/ul>\n<p>And customer service can\u2019t wait to help you out when you call. Plus, they\u2019ll help you keep your electricity on if you have trouble paying for any reason.<\/p>\n<h2>Sounds Too Good to Be True! How Can Pronto Power Offer Such an Incredible Deal?<\/h2>\n<p>Simple: we have an insane focus on cost cutting and operational efficiency behind the scenes.<\/p>\n<p>And we look to keep you as a customer for years, which cuts marketing costs.<\/p>\n<p>Then all these savings get passed on to you!<\/p>\n<p>Every company says it. But few companies do this. And we have to follow through on it&#8230;or you can go somewhere else because you don\u2019t sign a contract!<\/p>\n<h2>Plus Save 20% Off the Already Cheapest No-Deposit Power<\/h2>\n<p>Yep. You can do it. You have total control over your ability to save 20% more.<\/p>\n<p>When you join Pronto Power, you get access to a free electricity monitoring service. Simply login to see how you\u2019re using electricity right this very second.<\/p>\n<p>Then, as you learn how you use electricity, change your behavior over time.<\/p>\n<p>Many customers save 20%&#8230;and some even more!<\/p>\n<h2>Join Free Within The Hour If Your Home Has a Smart Meter<\/h2>\n<p>Other Texas electric companies can\u2019t beat our prices. And they don\u2019t keep themselves accountable by allowing you to join without a contract.<\/p>\n<p>Great savings? The chance to save 20% more? No contract? No hidden fees?<\/p>\n<p>Get it all when you join Pronto Power free within the hour if your home has a smart meter.<\/p>\n<p>Call <span class=\"affiliatecode\">844.621.2852<\/span> now.<\/p>","protected":false},"excerpt":{"rendered":"<p>Is your REP really doing what\u2019s in your best interest&#8230;or their best interest? Had a number of unexpected fees come up? Failing to see the savings you hoped for? Well&#8230;you get none of that when you choose Pronto Power. And you can trust us because you don\u2019t sign a contract or pay any hidden fees. &hellip; <a href=\"https:\/\/powermepronto.com\/en\/euless-cheapest-no-deposit-power-company-with-no-contract\/\" class=\"more-link\">Continue reading <span class=\"screen-reader-text\">Euless\u2019 Cheapest No-Deposit Power Company with No Contract<\/span><\/a><\/p>\n","protected":false},"author":1,"featured_media":0,"parent":0,"menu_order":0,"comment_status":"closed","ping_status":"closed","template":"","meta":{"_acf_changed":false,"_glsr_average":0,"_glsr_ranking":0,"_glsr_reviews":0,"footnotes":"","_links_to":"","_links_to_target":""},"class_list":["post-2733","page","type-page","status-publish","hentry"],"acf":[],"yoast_head":"<!-- This site is optimized with the Yoast SEO plugin v27.5 - https:\/\/yoast.com\/product\/yoast-seo-wordpress\/ -->\n<title>Euless\u2019 Cheapest No-Deposit Power Company with No Contract - Pronto Power<\/title>\n<meta name=\"description\" content=\"[:en]Get the cheapest prepaid electric rates in Euless. Plus find out how to save 20% more. No deposit. No contract. No hidden fees. Join free today! 844.621.2852[:es]Obtenga las tarifas el\u00e9ctricas prepagas m\u00e1s econ\u00f3micas en Euless. Adem\u00e1s, descubra c\u00f3mo ahorrar un 20% m\u00e1s. No hay dep\u00f3sito. Sin contrato. Sin cuotas escondidas. \u00a1\u00danase gratis hoy! 844.621.2852[:]\" \/>\n<meta name=\"robots\" content=\"index, follow, max-snippet:-1, max-image-preview:large, max-video-preview:-1\" \/>\n<link rel=\"canonical\" href=\"https:\/\/powermepronto.com\/euless-cheapest-no-deposit-power-company-with-no-contract\/\" \/>\n<meta property=\"og:locale\" content=\"en_US\" \/>\n<meta property=\"og:type\" content=\"article\" \/>\n<meta property=\"og:title\" content=\"[:en]Euless\u2019 Cheapest No-Deposit Power Company with No Contract[:es]La compa\u00f1\u00eda el\u00e9ctrica sin dep\u00f3sito m\u00e1s barata de Euless sin contrato[:] - Pronto Power\" \/>\n<meta property=\"og:description\" content=\"[:en]Get the cheapest prepaid electric rates in Euless. Plus find out how to save 20% more. No deposit. No contract. No hidden fees. Join free today! 844.621.2852[:es]Obtenga las tarifas el\u00e9ctricas prepagas m\u00e1s econ\u00f3micas en Euless. Adem\u00e1s, descubra c\u00f3mo ahorrar un 20% m\u00e1s. No hay dep\u00f3sito. Sin contrato. Sin cuotas escondidas. \u00a1\u00danase gratis hoy! 844.621.2852[:]\" \/>\n<meta property=\"og:url\" content=\"https:\/\/powermepronto.com\/euless-cheapest-no-deposit-power-company-with-no-contract\/\" \/>\n<meta property=\"og:site_name\" content=\"Pronto Power\" \/>\n<meta property=\"article:modified_time\" content=\"2022-12-21T10:37:55+00:00\" \/>\n<meta name=\"twitter:card\" content=\"summary_large_image\" \/>\n<meta name=\"twitter:label1\" content=\"Est. reading time\" \/>\n\t<meta name=\"twitter:data1\" content=\"4 minutes\" \/>\n<script type=\"application\/ld+json\" class=\"yoast-schema-graph\">{\"@context\":\"https:\\\/\\\/schema.org\",\"@graph\":[{\"@type\":\"WebPage\",\"@id\":\"https:\\\/\\\/powermepronto.com\\\/euless-cheapest-no-deposit-power-company-with-no-contract\\\/\",\"url\":\"https:\\\/\\\/powermepronto.com\\\/euless-cheapest-no-deposit-power-company-with-no-contract\\\/\",\"name\":\"[:en]Euless\u2019 Cheapest No-Deposit Power Company with No Contract[:es]La compa\u00f1\u00eda el\u00e9ctrica sin dep\u00f3sito m\u00e1s barata de Euless sin contrato[:] - Pronto Power\",\"isPartOf\":{\"@id\":\"https:\\\/\\\/powermepronto.com\\\/en\\\/#website\"},\"datePublished\":\"2021-08-09T21:12:50+00:00\",\"dateModified\":\"2022-12-21T10:37:55+00:00\",\"description\":\"[:en]Get the cheapest prepaid electric rates in Euless. Plus find out how to save 20% more. No deposit. No contract. No hidden fees. Join free today! 844.621.2852[:es]Obtenga las tarifas el\u00e9ctricas prepagas m\u00e1s econ\u00f3micas en Euless. Adem\u00e1s, descubra c\u00f3mo ahorrar un 20% m\u00e1s. No hay dep\u00f3sito. Sin contrato. Sin cuotas escondidas. \u00a1\u00danase gratis hoy! 844.621.2852[:]\",\"breadcrumb\":{\"@id\":\"https:\\\/\\\/powermepronto.com\\\/euless-cheapest-no-deposit-power-company-with-no-contract\\\/#breadcrumb\"},\"inLanguage\":\"en-US\",\"potentialAction\":[{\"@type\":\"ReadAction\",\"target\":[\"https:\\\/\\\/powermepronto.com\\\/euless-cheapest-no-deposit-power-company-with-no-contract\\\/\"]}]},{\"@type\":\"BreadcrumbList\",\"@id\":\"https:\\\/\\\/powermepronto.com\\\/euless-cheapest-no-deposit-power-company-with-no-contract\\\/#breadcrumb\",\"itemListElement\":[{\"@type\":\"ListItem\",\"position\":1,\"name\":\"Home\",\"item\":\"https:\\\/\\\/powermepronto.com\\\/en\\\/\"},{\"@type\":\"ListItem\",\"position\":2,\"name\":\"Euless\u2019 Cheapest No-Deposit Power Company with No Contract\"}]},{\"@type\":\"WebSite\",\"@id\":\"https:\\\/\\\/powermepronto.com\\\/en\\\/#website\",\"url\":\"https:\\\/\\\/powermepronto.com\\\/en\\\/\",\"name\":\"Pronto Power\",\"description\":\"\",\"potentialAction\":[{\"@type\":\"SearchAction\",\"target\":{\"@type\":\"EntryPoint\",\"urlTemplate\":\"https:\\\/\\\/powermepronto.com\\\/en\\\/?s={search_term_string}\"},\"query-input\":{\"@type\":\"PropertyValueSpecification\",\"valueRequired\":true,\"valueName\":\"search_term_string\"}}],\"inLanguage\":\"en-US\"}]}<\/script>\n<!-- \/ Yoast SEO plugin. -->","yoast_head_json":{"title":"[:en]Euless\u2019 Cheapest No-Deposit Power Company with No Contract[:es]La compa\u00f1\u00eda el\u00e9ctrica sin dep\u00f3sito m\u00e1s barata de Euless sin contrato[:] - Pronto Power","description":"[:en]Get the cheapest prepaid electric rates in Euless. Plus find out how to save 20% more. No deposit. No contract. No hidden fees. Join free today! 844.621.2852[:es]Obtenga las tarifas el\u00e9ctricas prepagas m\u00e1s econ\u00f3micas en Euless. Adem\u00e1s, descubra c\u00f3mo ahorrar un 20% m\u00e1s. No hay dep\u00f3sito. Sin contrato. Sin cuotas escondidas. \u00a1\u00danase gratis hoy! 844.621.2852[:]","robots":{"index":"index","follow":"follow","max-snippet":"max-snippet:-1","max-image-preview":"max-image-preview:large","max-video-preview":"max-video-preview:-1"},"canonical":"https:\/\/powermepronto.com\/euless-cheapest-no-deposit-power-company-with-no-contract\/","og_locale":"en_US","og_type":"article","og_title":"[:en]Euless\u2019 Cheapest No-Deposit Power Company with No Contract[:es]La compa\u00f1\u00eda el\u00e9ctrica sin dep\u00f3sito m\u00e1s barata de Euless sin contrato[:] - Pronto Power","og_description":"[:en]Get the cheapest prepaid electric rates in Euless. Plus find out how to save 20% more. No deposit. No contract. No hidden fees. Join free today! 844.621.2852[:es]Obtenga las tarifas el\u00e9ctricas prepagas m\u00e1s econ\u00f3micas en Euless. Adem\u00e1s, descubra c\u00f3mo ahorrar un 20% m\u00e1s. No hay dep\u00f3sito. Sin contrato. Sin cuotas escondidas. \u00a1\u00danase gratis hoy! 844.621.2852[:]","og_url":"https:\/\/powermepronto.com\/euless-cheapest-no-deposit-power-company-with-no-contract\/","og_site_name":"Pronto Power","article_modified_time":"2022-12-21T10:37:55+00:00","twitter_card":"summary_large_image","twitter_misc":{"Est. reading time":"4 minutes"},"schema":{"@context":"https:\/\/schema.org","@graph":[{"@type":"WebPage","@id":"https:\/\/powermepronto.com\/euless-cheapest-no-deposit-power-company-with-no-contract\/","url":"https:\/\/powermepronto.com\/euless-cheapest-no-deposit-power-company-with-no-contract\/","name":"[:en]Euless\u2019 Cheapest No-Deposit Power Company with No Contract[:es]La compa\u00f1\u00eda el\u00e9ctrica sin dep\u00f3sito m\u00e1s barata de Euless sin contrato[:] - Pronto Power","isPartOf":{"@id":"https:\/\/powermepronto.com\/en\/#website"},"datePublished":"2021-08-09T21:12:50+00:00","dateModified":"2022-12-21T10:37:55+00:00","description":"[:en]Get the cheapest prepaid electric rates in Euless. Plus find out how to save 20% more. No deposit. No contract. No hidden fees. Join free today! 844.621.2852[:es]Obtenga las tarifas el\u00e9ctricas prepagas m\u00e1s econ\u00f3micas en Euless. Adem\u00e1s, descubra c\u00f3mo ahorrar un 20% m\u00e1s. No hay dep\u00f3sito. Sin contrato. Sin cuotas escondidas. \u00a1\u00danase gratis hoy! 844.621.2852[:]","breadcrumb":{"@id":"https:\/\/powermepronto.com\/euless-cheapest-no-deposit-power-company-with-no-contract\/#breadcrumb"},"inLanguage":"en-US","potentialAction":[{"@type":"ReadAction","target":["https:\/\/powermepronto.com\/euless-cheapest-no-deposit-power-company-with-no-contract\/"]}]},{"@type":"BreadcrumbList","@id":"https:\/\/powermepronto.com\/euless-cheapest-no-deposit-power-company-with-no-contract\/#breadcrumb","itemListElement":[{"@type":"ListItem","position":1,"name":"Home","item":"https:\/\/powermepronto.com\/en\/"},{"@type":"ListItem","position":2,"name":"Euless\u2019 Cheapest No-Deposit Power Company with No Contract"}]},{"@type":"WebSite","@id":"https:\/\/powermepronto.com\/en\/#website","url":"https:\/\/powermepronto.com\/en\/","name":"Pronto Power","description":"","potentialAction":[{"@type":"SearchAction","target":{"@type":"EntryPoint","urlTemplate":"https:\/\/powermepronto.com\/en\/?s={search_term_string}"},"query-input":{"@type":"PropertyValueSpecification","valueRequired":true,"valueName":"search_term_string"}}],"inLanguage":"en-US"}]}},"_links":{"self":[{"href":"https:\/\/powermepronto.com\/en\/wp-json\/wp\/v2\/pages\/2733","targetHints":{"allow":["GET"]}}],"collection":[{"href":"https:\/\/powermepronto.com\/en\/wp-json\/wp\/v2\/pages"}],"about":[{"href":"https:\/\/powermepronto.com\/en\/wp-json\/wp\/v2\/types\/page"}],"author":[{"embeddable":true,"href":"https:\/\/powermepronto.com\/en\/wp-json\/wp\/v2\/users\/1"}],"replies":[{"embeddable":true,"href":"https:\/\/powermepronto.com\/en\/wp-json\/wp\/v2\/comments?post=2733"}],"version-history":[{"count":3,"href":"https:\/\/powermepronto.com\/en\/wp-json\/wp\/v2\/pages\/2733\/revisions"}],"predecessor-version":[{"id":3507,"href":"https:\/\/powermepronto.com\/en\/wp-json\/wp\/v2\/pages\/2733\/revisions\/3507"}],"wp:attachment":[{"href":"https:\/\/powermepronto.com\/en\/wp-json\/wp\/v2\/media?parent=2733"}],"curies":[{"name":"wp","href":"https:\/\/api.w.org\/{rel}","templated":true}]}}